{"id":973,"date":"2017-02-27T18:02:49","date_gmt":"2017-02-27T17:02:49","guid":{"rendered":"http:\/\/ligue-golfgrandest.org\/?page_id=973"},"modified":"2026-02-27T09:26:28","modified_gmt":"2026-02-27T08:26:28","slug":"golf-troyes-ermitage","status":"publish","type":"page","link":"https:\/\/ligue-golfgrandest.org\/index.php\/clubs\/champagne-ardenne\/golf-troyes-ermitage\/","title":{"rendered":"Golf Troyes Ermitage"},"content":{"rendered":"\n<div class=\"wp-block-columns is-layout-flex wp-container-core-columns-is-layout-9d6595d7 wp-block-columns-is-layout-flex\">\n<div class=\"wp-block-column is-layout-flow wp-block-column-is-layout-flow\"><div class=\"wp-block-image\">\n<figure class=\"alignleft\"><img loading=\"lazy\" decoding=\"async\" width=\"250\" height=\"160\" src=\"http:\/\/ligue-golfgrandest.org\/wp-content\/uploads\/2017\/02\/10-TROYES-EMITAGE-LOGO.jpg\" alt=\"\" class=\"wp-image-978\"\/><\/figure><\/div><\/div>\n\n\n\n<div class=\"wp-block-column is-layout-flow wp-block-column-is-layout-flow\">\n<h3 class=\"wp-block-heading\" id=\"ass-sportive\">Ass. Sportive<\/h3>\n\n\n\n<p>All\u00e9e de Saint Andrews<br>Route de la Loge<br>10140 VENDEUVRE SUR BARSE<br>Pr\u00e9sident AS : Samuel CHAUVIER<\/p>\n\n\n\n<p><a href=\"mailto:jeanmichelroger10@gmail.com\">samuel.chauvier@bbox.fr<\/a><\/p>\n\n\n\n<p><a href=\"https:\/\/web.ffgolf.org\/ffgolf\/tee\/tee.php?gk=f2720ed431a03c43b371246d85d7cf36\">D\u00e9parts comp\u00e9titions<\/a><br><a href=\"https:\/\/pages.ffgolf.org\/resultats\/liste-competitions\/f2720ed431a03c43b371246d85d7cf36\" data-type=\"link\" data-id=\"https:\/\/pages.ffgolf.org\/resultats\/liste-competitions\/f2720ed431a03c43b371246d85d7cf36\">R\u00e9sultats comp\u00e9titions<\/a><\/p>\n<\/div>\n\n\n\n<div class=\"wp-block-column is-layout-flow wp-block-column-is-layout-flow\">\n<h3 class=\"wp-block-heading\" id=\"le-club\">Le Club<\/h3>\n\n\n\n<p>1 parcours 18 Trous<br>1 practice<\/p>\n\n\n\n<p><a href=\"mailto:ermitage10accueil@gmail.com\">ermitage10accueil@gmail.com<\/a><br><a href=\"https:\/\/www.asgolfdelermitage.fr\/le-golf\/association-sportive\/\" target=\"_blank\" rel=\"noreferrer noopener\">www.asgolfdelermitage.fr\/le-golf\/association-sportive\/<\/a><br>03 25 41 11 11<\/p>\n<\/div>\n<\/div>\n\n\n\n<figure class=\"wp-block-gallery has-nested-images columns-default is-cropped wp-block-gallery-1 is-layout-flex wp-block-gallery-is-layout-flex\">\n<figure class=\"wp-block-image size-full\"><a href=\"https:\/\/ligue-golfgrandest.org\/wp-content\/uploads\/2017\/02\/10-TROYES-ERMITAGE-3.jpg\"><img loading=\"lazy\" decoding=\"async\" width=\"800\" height=\"600\" data-id=\"980\" src=\"https:\/\/ligue-golfgrandest.org\/wp-content\/uploads\/2017\/02\/10-TROYES-ERMITAGE-3.jpg\" alt=\"\" class=\"wp-image-980\" srcset=\"https:\/\/ligue-golfgrandest.org\/wp-content\/uploads\/2017\/02\/10-TROYES-ERMITAGE-3.jpg 800w, https:\/\/ligue-golfgrandest.org\/wp-content\/uploads\/2017\/02\/10-TROYES-ERMITAGE-3-350x263.jpg 350w, https:\/\/ligue-golfgrandest.org\/wp-content\/uploads\/2017\/02\/10-TROYES-ERMITAGE-3-768x576.jpg 768w\" sizes=\"auto, (max-width: 800px) 100vw, 800px\" \/><\/a><\/figure>\n\n\n\n<figure class=\"wp-block-image size-full\"><a href=\"https:\/\/ligue-golfgrandest.org\/wp-content\/uploads\/2017\/02\/10-TROYES-EMITAGE-4.jpg\"><img loading=\"lazy\" decoding=\"async\" width=\"800\" height=\"600\" data-id=\"981\" src=\"https:\/\/ligue-golfgrandest.org\/wp-content\/uploads\/2017\/02\/10-TROYES-EMITAGE-4.jpg\" alt=\"\" class=\"wp-image-981\" srcset=\"https:\/\/ligue-golfgrandest.org\/wp-content\/uploads\/2017\/02\/10-TROYES-EMITAGE-4.jpg 800w, https:\/\/ligue-golfgrandest.org\/wp-content\/uploads\/2017\/02\/10-TROYES-EMITAGE-4-350x263.jpg 350w, https:\/\/ligue-golfgrandest.org\/wp-content\/uploads\/2017\/02\/10-TROYES-EMITAGE-4-768x576.jpg 768w\" sizes=\"auto, (max-width: 800px) 100vw, 800px\" \/><\/a><\/figure>\n\n\n\n<figure class=\"wp-block-image size-full\"><a href=\"https:\/\/ligue-golfgrandest.org\/wp-content\/uploads\/2017\/02\/10-TROYES-ERMITAGE-1.jpg\"><img loading=\"lazy\" decoding=\"async\" width=\"800\" height=\"600\" data-id=\"979\" src=\"https:\/\/ligue-golfgrandest.org\/wp-content\/uploads\/2017\/02\/10-TROYES-ERMITAGE-1.jpg\" alt=\"\" class=\"wp-image-979\" srcset=\"https:\/\/ligue-golfgrandest.org\/wp-content\/uploads\/2017\/02\/10-TROYES-ERMITAGE-1.jpg 800w, https:\/\/ligue-golfgrandest.org\/wp-content\/uploads\/2017\/02\/10-TROYES-ERMITAGE-1-350x263.jpg 350w, https:\/\/ligue-golfgrandest.org\/wp-content\/uploads\/2017\/02\/10-TROYES-ERMITAGE-1-768x576.jpg 768w\" sizes=\"auto, (max-width: 800px) 100vw, 800px\" \/><\/a><\/figure>\n<\/figure>\n\n\n\n<iframe src=\"https:\/\/www.google.com\/maps\/embed?pb=!1m18!1m12!1m3!1d140918.4608472811!2d4.277227895872866!3d48.25391348049225!2m3!1f0!2f0!3f0!3m2!1i1024!2i768!4f13.1!3m3!1m2!1s0x47ec3c3f61365ee1%3A0x5804fa16786ca3f9!2sGolf%20de%20l'Ermitage!5e0!3m2!1sfr!2sfr!4v1644243463927!5m2!1sfr!2sfr\" width=\"100%\" height=\"450\" style=\"border:0;\" allowfullscreen=\"\" loading=\"lazy\"><\/iframe>\n","protected":false},"excerpt":{"rendered":"<p>Ass. Sportive All\u00e9e de Saint AndrewsRoute de la Loge10140 VENDEUVRE SUR BARSEPr\u00e9sident AS : Samuel CHAUVIER samuel.chauvier@bbox.fr D\u00e9parts comp\u00e9titionsR\u00e9sultats comp\u00e9titions Le Club 1 parcours 18 Trous1 practice ermitage10accueil@gmail.comwww.asgolfdelermitage.fr\/le-golf\/association-sportive\/03 25 41 11 11<\/p>\n","protected":false},"author":3,"featured_media":0,"parent":139,"menu_order":10,"comment_status":"closed","ping_status":"closed","template":"page-templates\/page-full-width.php","meta":{"footnotes":""},"class_list":["post-973","page","type-page","status-publish","hentry"],"_links":{"self":[{"href":"https:\/\/ligue-golfgrandest.org\/index.php\/wp-json\/wp\/v2\/pages\/973","targetHints":{"allow":["GET"]}}],"collection":[{"href":"https:\/\/ligue-golfgrandest.org\/index.php\/wp-json\/wp\/v2\/pages"}],"about":[{"href":"https:\/\/ligue-golfgrandest.org\/index.php\/wp-json\/wp\/v2\/types\/page"}],"author":[{"embeddable":true,"href":"https:\/\/ligue-golfgrandest.org\/index.php\/wp-json\/wp\/v2\/users\/3"}],"replies":[{"embeddable":true,"href":"https:\/\/ligue-golfgrandest.org\/index.php\/wp-json\/wp\/v2\/comments?post=973"}],"version-history":[{"count":1,"href":"https:\/\/ligue-golfgrandest.org\/index.php\/wp-json\/wp\/v2\/pages\/973\/revisions"}],"predecessor-version":[{"id":61796,"href":"https:\/\/ligue-golfgrandest.org\/index.php\/wp-json\/wp\/v2\/pages\/973\/revisions\/61796"}],"up":[{"embeddable":true,"href":"https:\/\/ligue-golfgrandest.org\/index.php\/wp-json\/wp\/v2\/pages\/139"}],"wp:attachment":[{"href":"https:\/\/ligue-golfgrandest.org\/index.php\/wp-json\/wp\/v2\/media?parent=973"}],"curies":[{"name":"wp","href":"https:\/\/api.w.org\/{rel}","templated":true}]}}