{"id":951,"date":"2017-02-26T18:50:36","date_gmt":"2017-02-26T17:50:36","guid":{"rendered":"http:\/\/ligue-golfgrandest.org\/?page_id=951"},"modified":"2025-04-03T15:01:57","modified_gmt":"2025-04-03T13:01:57","slug":"golf-avrainville","status":"publish","type":"page","link":"https:\/\/ligue-golfgrandest.org\/index.php\/clubs\/lorraine\/golf-avrainville\/","title":{"rendered":"Golf Avrainville"},"content":{"rendered":"\n<div class=\"wp-block-columns is-layout-flex wp-container-core-columns-is-layout-9d6595d7 wp-block-columns-is-layout-flex\">\n<div class=\"wp-block-column is-layout-flow wp-block-column-is-layout-flow\"><div class=\"wp-block-image\">\n<figure class=\"alignleft\"><img loading=\"lazy\" decoding=\"async\" width=\"250\" height=\"160\" src=\"http:\/\/ligue-golfgrandest.org\/wp-content\/uploads\/2017\/02\/01-AVRAINVILLE-LOGO.jpg\" alt=\"\" class=\"wp-image-1124\"\/><\/figure><\/div><\/div>\n\n\n\n<div class=\"wp-block-column is-layout-flow wp-block-column-is-layout-flow\">\n<h3 class=\"wp-block-heading\">Asso. Sportive<\/h3>\n\n\n\n<p>Chemin du Vau<br>54385 AVRAINVILLE<br>Pr\u00e9sident AS : Michel ALLAIT<\/p>\n\n\n\n<p><a href=\"mailto:michel.allait@orange.fr\">michel.allait@orange.fr<\/a><\/p>\n\n\n\n<p><a href=\"https:\/\/www.golf-toul-avrainville.fr\/nouvelle-page\" data-type=\"link\" data-id=\"https:\/\/www.golf-toul-avrainville.fr\/nouvelle-page\">D\u00e9parts comp\u00e9titions<\/a><br><a href=\"https:\/\/pages.ffgolf.org\/resultats\/liste-competitions\/db07e727def50680c85a9b413bb2456a\" data-type=\"link\" data-id=\"https:\/\/pages.ffgolf.org\/resultats\/liste-competitions\/db07e727def50680c85a9b413bb2456a\">R\u00e9sultats comp\u00e9titions<\/a><\/p>\n<\/div>\n\n\n\n<div class=\"wp-block-column is-layout-flow wp-block-column-is-layout-flow\">\n<h3 class=\"wp-block-heading\">Le Club<\/h3>\n\n\n\n<p>1 parcours 11 trous homologu\u00e9 18 Trous<br>1 pitch &amp; putt 4 trous<br>1 practice<br><a href=\"mailto:golf.avrainville@wanadoo.fr\">golfavrainville@outlook.fr<\/a><br><a href=\"https:\/\/www.golf-toul-avrainville.fr\/\" data-type=\"link\" data-id=\"https:\/\/www.golf-toul-avrainville.fr\/\">www.golf-toul-avrainville.fr<\/a><br>03 83 62 99 52<br>Facebook : <a href=\"https:\/\/www.facebook.com\/pages\/Golf%20d'Avrainville\/191143518069217\/\">Golf d&rsquo;Avrainville<\/a><\/p>\n<\/div>\n<\/div>\n\n\n\n<figure class=\"wp-block-gallery has-nested-images columns-default is-cropped wp-block-gallery-1 is-layout-flex wp-block-gallery-is-layout-flex\">\n<figure class=\"wp-block-image size-full\"><a href=\"https:\/\/ligue-golfgrandest.org\/wp-content\/uploads\/2017\/02\/01-golf-avrainville-1.jpg\"><img loading=\"lazy\" decoding=\"async\" width=\"800\" height=\"600\" data-id=\"949\" src=\"https:\/\/ligue-golfgrandest.org\/wp-content\/uploads\/2017\/02\/01-golf-avrainville-1.jpg\" alt=\"\" class=\"wp-image-949\" srcset=\"https:\/\/ligue-golfgrandest.org\/wp-content\/uploads\/2017\/02\/01-golf-avrainville-1.jpg 800w, https:\/\/ligue-golfgrandest.org\/wp-content\/uploads\/2017\/02\/01-golf-avrainville-1-350x263.jpg 350w, https:\/\/ligue-golfgrandest.org\/wp-content\/uploads\/2017\/02\/01-golf-avrainville-1-768x576.jpg 768w\" sizes=\"auto, (max-width: 800px) 100vw, 800px\" \/><\/a><\/figure>\n\n\n\n<figure class=\"wp-block-image size-full\"><a href=\"https:\/\/ligue-golfgrandest.org\/wp-content\/uploads\/2017\/02\/01-golf-avrainville-2.jpg\"><img loading=\"lazy\" decoding=\"async\" width=\"800\" height=\"600\" data-id=\"947\" src=\"https:\/\/ligue-golfgrandest.org\/wp-content\/uploads\/2017\/02\/01-golf-avrainville-2.jpg\" alt=\"\" class=\"wp-image-947\" srcset=\"https:\/\/ligue-golfgrandest.org\/wp-content\/uploads\/2017\/02\/01-golf-avrainville-2.jpg 800w, https:\/\/ligue-golfgrandest.org\/wp-content\/uploads\/2017\/02\/01-golf-avrainville-2-350x263.jpg 350w, https:\/\/ligue-golfgrandest.org\/wp-content\/uploads\/2017\/02\/01-golf-avrainville-2-768x576.jpg 768w\" sizes=\"auto, (max-width: 800px) 100vw, 800px\" \/><\/a><\/figure>\n\n\n\n<figure class=\"wp-block-image size-full\"><a href=\"https:\/\/ligue-golfgrandest.org\/wp-content\/uploads\/2017\/02\/01-avrainville-3.jpg\"><img loading=\"lazy\" decoding=\"async\" width=\"803\" height=\"600\" data-id=\"946\" src=\"https:\/\/ligue-golfgrandest.org\/wp-content\/uploads\/2017\/02\/01-avrainville-3.jpg\" alt=\"\" class=\"wp-image-946\" srcset=\"https:\/\/ligue-golfgrandest.org\/wp-content\/uploads\/2017\/02\/01-avrainville-3.jpg 803w, https:\/\/ligue-golfgrandest.org\/wp-content\/uploads\/2017\/02\/01-avrainville-3-350x262.jpg 350w, https:\/\/ligue-golfgrandest.org\/wp-content\/uploads\/2017\/02\/01-avrainville-3-768x574.jpg 768w\" sizes=\"auto, (max-width: 803px) 100vw, 803px\" \/><\/a><\/figure>\n<\/figure>\n\n\n\n<iframe src=\"https:\/\/www.google.com\/maps\/embed?pb=!1m18!1m12!1m3!1d81182.52919105535!2d5.830623839428432!3d48.75868444772486!2m3!1f0!2f0!3f0!3m2!1i1024!2i768!4f13.1!3m3!1m2!1s0x4794b056f84c785d%3A0xc184a0f619033113!2sGolf%20d'Avrainville!5e0!3m2!1sfr!2sfr!4v1642681828243!5m2!1sfr!2sfr\" width=\"100%\" height=\"450\" style=\"border:0;\" allowfullscreen=\"\" loading=\"lazy\"><\/iframe>\n","protected":false},"excerpt":{"rendered":"<p>Asso. Sportive Chemin du Vau54385 AVRAINVILLEPr\u00e9sident AS : Michel ALLAIT michel.allait@orange.fr D\u00e9parts comp\u00e9titionsR\u00e9sultats comp\u00e9titions Le Club 1 parcours 11 trous homologu\u00e9 18 Trous1 pitch &amp; putt 4 trous1 practicegolfavrainville@outlook.frwww.golf-toul-avrainville.fr03 83 62 99 52Facebook : Golf d&rsquo;Avrainville<\/p>\n","protected":false},"author":3,"featured_media":0,"parent":137,"menu_order":1,"comment_status":"closed","ping_status":"closed","template":"page-templates\/page-full-width.php","meta":{"footnotes":""},"class_list":["post-951","page","type-page","status-publish","hentry"],"_links":{"self":[{"href":"https:\/\/ligue-golfgrandest.org\/index.php\/wp-json\/wp\/v2\/pages\/951","targetHints":{"allow":["GET"]}}],"collection":[{"href":"https:\/\/ligue-golfgrandest.org\/index.php\/wp-json\/wp\/v2\/pages"}],"about":[{"href":"https:\/\/ligue-golfgrandest.org\/index.php\/wp-json\/wp\/v2\/types\/page"}],"author":[{"embeddable":true,"href":"https:\/\/ligue-golfgrandest.org\/index.php\/wp-json\/wp\/v2\/users\/3"}],"replies":[{"embeddable":true,"href":"https:\/\/ligue-golfgrandest.org\/index.php\/wp-json\/wp\/v2\/comments?post=951"}],"version-history":[{"count":0,"href":"https:\/\/ligue-golfgrandest.org\/index.php\/wp-json\/wp\/v2\/pages\/951\/revisions"}],"up":[{"embeddable":true,"href":"https:\/\/ligue-golfgrandest.org\/index.php\/wp-json\/wp\/v2\/pages\/137"}],"wp:attachment":[{"href":"https:\/\/ligue-golfgrandest.org\/index.php\/wp-json\/wp\/v2\/media?parent=951"}],"curies":[{"name":"wp","href":"https:\/\/api.w.org\/{rel}","templated":true}]}}