{"id":95,"date":"2017-01-19T19:57:18","date_gmt":"2017-01-19T18:57:18","guid":{"rendered":"http:\/\/ligue-golfgrandest.org\/?page_id=95"},"modified":"2026-02-23T09:37:26","modified_gmt":"2026-02-23T08:37:26","slug":"messieurs-mid-am","status":"publish","type":"page","link":"https:\/\/ligue-golfgrandest.org\/index.php\/competitions\/messieurs-mid-am\/","title":{"rendered":"MESSIEURS MID-AMATEURS | COMPETITIONS DE LIGUE"},"content":{"rendered":"\n<p>Joueurs de 25 ans et plus la veille de l&rsquo;\u00e9preuve<\/p>\n\n\n\n<hr class=\"wp-block-separator has-alpha-channel-opacity\"\/>\n\n\n\n<div class=\"wp-block-columns is-layout-flex wp-container-core-columns-is-layout-9d6595d7 wp-block-columns-is-layout-flex\">\n<div class=\"wp-block-column is-layout-flow wp-block-column-is-layout-flow\" style=\"flex-basis:33.33%\">\n<figure class=\"wp-block-image size-full wp-duotone-unset-1\"><a href=\"https:\/\/ligue-golfgrandest.org\/wp-content\/uploads\/2026\/01\/CIRCUIT-DES-GRANDS-PRIX.jpg\"><img loading=\"lazy\" decoding=\"async\" width=\"1810\" height=\"2560\" src=\"https:\/\/ligue-golfgrandest.org\/wp-content\/uploads\/2026\/01\/CIRCUIT-DES-GRANDS-PRIX.jpg\" alt=\"\" class=\"wp-image-61279\" srcset=\"https:\/\/ligue-golfgrandest.org\/wp-content\/uploads\/2026\/01\/CIRCUIT-DES-GRANDS-PRIX.jpg 1810w, https:\/\/ligue-golfgrandest.org\/wp-content\/uploads\/2026\/01\/CIRCUIT-DES-GRANDS-PRIX-212x300.jpg 212w, https:\/\/ligue-golfgrandest.org\/wp-content\/uploads\/2026\/01\/CIRCUIT-DES-GRANDS-PRIX-848x1200.jpg 848w, https:\/\/ligue-golfgrandest.org\/wp-content\/uploads\/2026\/01\/CIRCUIT-DES-GRANDS-PRIX-768x1086.jpg 768w, https:\/\/ligue-golfgrandest.org\/wp-content\/uploads\/2026\/01\/CIRCUIT-DES-GRANDS-PRIX-1086x1536.jpg 1086w, https:\/\/ligue-golfgrandest.org\/wp-content\/uploads\/2026\/01\/CIRCUIT-DES-GRANDS-PRIX-1448x2048.jpg 1448w\" sizes=\"auto, (max-width: 1810px) 100vw, 1810px\" \/><\/a><\/figure>\n<\/div>\n\n\n\n<div class=\"wp-block-column is-layout-flow wp-block-column-is-layout-flow\" style=\"flex-basis:66.66%\">\n<h2 class=\"wp-block-heading\">CHAMPIONNAT DE LIGUE INDIVIDUEL MID-AMATEURS MESSIEURS <\/h2>\n\n\n\n<p><strong>Depuis 2024<\/strong> : les titres de champions de Ligue Messieurs et Dames, Mid-Amateurs Messieurs et Dames, Seniors Messieurs et Dames, sont attribu\u00e9s aux joueurs ayant rapport\u00e9 le plus de points sur les \u00e9preuves f\u00e9d\u00e9rales individuelles de leur cat\u00e9gorie sur la saison, \u00e0 savoir les Grands Prix, les Classic Mid-Amateurs et les Grands Prix Seniors de la Ligue.<\/p>\n\n\n\n<p>Le r\u00e8glement complet du circuit des Grands Prix et Championnat Individuel est consultable <strong>ICI<\/strong><\/p>\n\n\n\n<p><a href=\"https:\/\/ligue-golfgrandest.org\/wp-content\/uploads\/2026\/01\/CIRCUIT-DES-GRANDS-PRIX.pdf\">Affiche Circuit des GP 2026<\/a> |<\/p>\n<\/div>\n<\/div>\n\n\n\n<hr class=\"wp-block-separator has-alpha-channel-opacity\"\/>\n\n\n\n<hr class=\"wp-block-separator has-alpha-channel-opacity\"\/>\n\n\n\n<h2 class=\"wp-block-heading has-cyan-bluish-gray-color has-text-color has-link-color wp-elements-70bd58239840e5c87ca027e83e951cb1\">R\u00e9sultats 2025<\/h2>\n\n\n<p>CHAMPIONNAT DE LIGUE INDIVIDUEL MID-AMATEURS MESSIEURS | <a href=\"https:\/\/ligue-golfgrandest.org\/wp-content\/uploads\/2024\/07\/bareme-points-mid-am-M.png\">Bar\u00e8me des points Mid-Am Messieurs<\/a> | <a href=\"https:\/\/ligue-golfgrandest.org\/wp-content\/uploads\/2025\/10\/GP-2025-GRAND-EST_-CIRCUITS-POINTS_MID_AM_MESSIEURS.pdf\">Classement Mid-Am Messieurs FINAL<\/a><\/p>\n\n\n<hr class=\"wp-block-separator has-alpha-channel-opacity\"\/>\n\n\n\n<h2 class=\"wp-block-heading has-cyan-bluish-gray-color has-text-color has-link-color wp-elements-db5f94ab874e964708e78b5d6443c216\">R\u00e9sultats 2024<\/h2>\n\n\n<p>CHAMPIONNAT DE LIGUE INDIVIDUEL MID-AMATEURS MESSIEURS | <a href=\"https:\/\/ligue-golfgrandest.org\/wp-content\/uploads\/2024\/11\/MESSIEURS_MID-AM_2024-GRAND-EST_-CIRCUITS-POINTS-au10_11.pdf\">Classement Mid-Amateurs Messieurs FINAL<\/a> |<\/p>\n\n\n<p><\/p>\n\n\n\n<p><\/p>\n","protected":false},"excerpt":{"rendered":"<p>Joueurs de 25 ans et plus la veille de l&rsquo;\u00e9preuve CHAMPIONNAT DE LIGUE INDIVIDUEL MID-AMATEURS MESSIEURS Depuis 2024 : les titres de champions de Ligue Messieurs et Dames, Mid-Amateurs Messieurs et Dames, Seniors Messieurs et Dames, sont attribu\u00e9s aux joueurs ayant rapport\u00e9 le plus de points sur les \u00e9preuves f\u00e9d\u00e9rales individuelles de leur cat\u00e9gorie sur [&hellip;]<\/p>\n","protected":false},"author":3,"featured_media":0,"parent":77,"menu_order":14,"comment_status":"closed","ping_status":"closed","template":"page-templates\/page-full-width.php","meta":{"footnotes":""},"class_list":["post-95","page","type-page","status-publish","hentry"],"_links":{"self":[{"href":"https:\/\/ligue-golfgrandest.org\/index.php\/wp-json\/wp\/v2\/pages\/95","targetHints":{"allow":["GET"]}}],"collection":[{"href":"https:\/\/ligue-golfgrandest.org\/index.php\/wp-json\/wp\/v2\/pages"}],"about":[{"href":"https:\/\/ligue-golfgrandest.org\/index.php\/wp-json\/wp\/v2\/types\/page"}],"author":[{"embeddable":true,"href":"https:\/\/ligue-golfgrandest.org\/index.php\/wp-json\/wp\/v2\/users\/3"}],"replies":[{"embeddable":true,"href":"https:\/\/ligue-golfgrandest.org\/index.php\/wp-json\/wp\/v2\/comments?post=95"}],"version-history":[{"count":7,"href":"https:\/\/ligue-golfgrandest.org\/index.php\/wp-json\/wp\/v2\/pages\/95\/revisions"}],"predecessor-version":[{"id":61682,"href":"https:\/\/ligue-golfgrandest.org\/index.php\/wp-json\/wp\/v2\/pages\/95\/revisions\/61682"}],"up":[{"embeddable":true,"href":"https:\/\/ligue-golfgrandest.org\/index.php\/wp-json\/wp\/v2\/pages\/77"}],"wp:attachment":[{"href":"https:\/\/ligue-golfgrandest.org\/index.php\/wp-json\/wp\/v2\/media?parent=95"}],"curies":[{"name":"wp","href":"https:\/\/api.w.org\/{rel}","templated":true}]}}