{"id":917,"date":"2017-02-24T12:42:04","date_gmt":"2017-02-24T11:42:04","guid":{"rendered":"http:\/\/ligue-golfgrandest.org\/?page_id=917"},"modified":"2025-01-31T16:31:51","modified_gmt":"2025-01-31T15:31:51","slug":"golf-troyes-cordeliere","status":"publish","type":"page","link":"https:\/\/ligue-golfgrandest.org\/index.php\/clubs\/champagne-ardenne\/golf-troyes-cordeliere\/","title":{"rendered":"Golf Troyes Cordeli\u00e8re"},"content":{"rendered":"\n<div class=\"wp-block-columns is-layout-flex wp-container-core-columns-is-layout-9d6595d7 wp-block-columns-is-layout-flex\">\n<div class=\"wp-block-column is-layout-flow wp-block-column-is-layout-flow\"><div class=\"wp-block-image\">\n<figure class=\"alignleft\"><img loading=\"lazy\" decoding=\"async\" width=\"250\" height=\"160\" src=\"http:\/\/ligue-golfgrandest.org\/wp-content\/uploads\/2017\/02\/9-TROYES-CORDELIERE-LOGO.jpg\" alt=\"\" class=\"wp-image-921\"\/><\/figure><\/div><\/div>\n\n\n\n<div class=\"wp-block-column is-layout-flow wp-block-column-is-layout-flow\">\n<h3 class=\"wp-block-heading\" id=\"asso-sportive\">Asso. Sportive<\/h3>\n\n\n\n<p>Ch\u00e2teau de la Cordeli\u00e8re<br>10210 CHAOURCE<br>Pr\u00e9sident AS : Fr\u00e9d\u00e9ric BOURDY<\/p>\n\n\n\n<p><a href=\"mailto:claude.cordeliere@gmail.com\">fbbourdy@gmail.com<\/a><\/p>\n\n\n\n<p><a href=\"https:\/\/www.golfdetroyeslacordeliere.fr\/evenement\" data-type=\"link\" data-id=\"https:\/\/www.golfdetroyeslacordeliere.fr\/evenement\">D\u00e9parts comp\u00e9titions<\/a><br><a href=\"https:\/\/www.golfdetroyeslacordeliere.fr\/evenement\" data-type=\"link\" data-id=\"https:\/\/www.golfdetroyeslacordeliere.fr\/evenement\">R\u00e9sultats comp\u00e9titions<\/a><\/p>\n<\/div>\n\n\n\n<div class=\"wp-block-column is-layout-flow wp-block-column-is-layout-flow\">\n<h3 class=\"wp-block-heading\" id=\"le-club\">Le Club<\/h3>\n\n\n\n<p>1 parcours 18 Trous<br>1 practice<br>1 restaurant<br><a href=\"mailto:golfcordeliere@wanadoo.fr\">golfcordeliere@wanadoo.fr<\/a><br><a href=\"http:\/\/www.golfdetroyeslacordeliere.fr\" target=\"_blank\" rel=\"noreferrer noopener\">www.golfdetroyeslacordeliere.fr<\/a><br>Facebook : <a href=\"https:\/\/www.facebook.com\/golfdetroyeslacordeliere\/\">Golf de Troyes La Cordeli\u00e8re<\/a><br>03 25 40 18 76<\/p>\n<\/div>\n<\/div>\n\n\n\n<figure class=\"wp-block-gallery has-nested-images columns-default is-cropped wp-block-gallery-1 is-layout-flex wp-block-gallery-is-layout-flex\">\n<figure class=\"wp-block-image size-full\"><a href=\"https:\/\/ligue-golfgrandest.org\/wp-content\/uploads\/2017\/02\/09-TROYES-2-1.jpg\"><img loading=\"lazy\" decoding=\"async\" width=\"800\" height=\"600\" data-id=\"1903\" src=\"https:\/\/ligue-golfgrandest.org\/wp-content\/uploads\/2017\/02\/09-TROYES-2-1.jpg\" alt=\"\" class=\"wp-image-1903\" srcset=\"https:\/\/ligue-golfgrandest.org\/wp-content\/uploads\/2017\/02\/09-TROYES-2-1.jpg 800w, https:\/\/ligue-golfgrandest.org\/wp-content\/uploads\/2017\/02\/09-TROYES-2-1-350x263.jpg 350w, https:\/\/ligue-golfgrandest.org\/wp-content\/uploads\/2017\/02\/09-TROYES-2-1-768x576.jpg 768w\" sizes=\"auto, (max-width: 800px) 100vw, 800px\" \/><\/a><\/figure>\n\n\n\n<figure class=\"wp-block-image size-full\"><a href=\"https:\/\/ligue-golfgrandest.org\/wp-content\/uploads\/2020\/12\/troyes-la-cordeliere_1.jpg\"><img loading=\"lazy\" decoding=\"async\" width=\"350\" height=\"263\" data-id=\"30279\" src=\"https:\/\/ligue-golfgrandest.org\/wp-content\/uploads\/2020\/12\/troyes-la-cordeliere_1.jpg\" alt=\"\" class=\"wp-image-30279\"\/><\/a><\/figure>\n\n\n\n<figure class=\"wp-block-image size-full\"><a href=\"https:\/\/ligue-golfgrandest.org\/wp-content\/uploads\/2017\/02\/09-TROYES-1-1.jpeg\"><img loading=\"lazy\" decoding=\"async\" width=\"800\" height=\"600\" data-id=\"1902\" src=\"https:\/\/ligue-golfgrandest.org\/wp-content\/uploads\/2017\/02\/09-TROYES-1-1.jpeg\" alt=\"\" class=\"wp-image-1902\" srcset=\"https:\/\/ligue-golfgrandest.org\/wp-content\/uploads\/2017\/02\/09-TROYES-1-1.jpeg 800w, https:\/\/ligue-golfgrandest.org\/wp-content\/uploads\/2017\/02\/09-TROYES-1-1-350x263.jpeg 350w, https:\/\/ligue-golfgrandest.org\/wp-content\/uploads\/2017\/02\/09-TROYES-1-1-768x576.jpeg 768w\" sizes=\"auto, (max-width: 800px) 100vw, 800px\" \/><\/a><\/figure>\n<\/figure>\n\n\n\n<iframe src=\"https:\/\/www.google.com\/maps\/embed?pb=!1m18!1m12!1m3!1d141240.61256154245!2d4.102393368955711!3d48.13691600391239!2m3!1f0!2f0!3f0!3m2!1i1024!2i768!4f13.1!3m3!1m2!1s0x47ee81ebff2c661d%3A0x1a8e4cc51c486e0!2sGolf%20de%20Troyes!5e0!3m2!1sfr!2sfr!4v1644243257712!5m2!1sfr!2sfr\" width=\"100%\" height=\"450\" style=\"border:0;\" allowfullscreen=\"\" loading=\"lazy\"><\/iframe>\n","protected":false},"excerpt":{"rendered":"<p>Asso. Sportive Ch\u00e2teau de la Cordeli\u00e8re10210 CHAOURCEPr\u00e9sident AS : Fr\u00e9d\u00e9ric BOURDY fbbourdy@gmail.com D\u00e9parts comp\u00e9titionsR\u00e9sultats comp\u00e9titions Le Club 1 parcours 18 Trous1 practice1 restaurantgolfcordeliere@wanadoo.frwww.golfdetroyeslacordeliere.frFacebook : Golf de Troyes La Cordeli\u00e8re03 25 40 18 76<\/p>\n","protected":false},"author":3,"featured_media":0,"parent":139,"menu_order":9,"comment_status":"closed","ping_status":"closed","template":"page-templates\/page-full-width.php","meta":{"footnotes":""},"class_list":["post-917","page","type-page","status-publish","hentry"],"_links":{"self":[{"href":"https:\/\/ligue-golfgrandest.org\/index.php\/wp-json\/wp\/v2\/pages\/917","targetHints":{"allow":["GET"]}}],"collection":[{"href":"https:\/\/ligue-golfgrandest.org\/index.php\/wp-json\/wp\/v2\/pages"}],"about":[{"href":"https:\/\/ligue-golfgrandest.org\/index.php\/wp-json\/wp\/v2\/types\/page"}],"author":[{"embeddable":true,"href":"https:\/\/ligue-golfgrandest.org\/index.php\/wp-json\/wp\/v2\/users\/3"}],"replies":[{"embeddable":true,"href":"https:\/\/ligue-golfgrandest.org\/index.php\/wp-json\/wp\/v2\/comments?post=917"}],"version-history":[{"count":0,"href":"https:\/\/ligue-golfgrandest.org\/index.php\/wp-json\/wp\/v2\/pages\/917\/revisions"}],"up":[{"embeddable":true,"href":"https:\/\/ligue-golfgrandest.org\/index.php\/wp-json\/wp\/v2\/pages\/139"}],"wp:attachment":[{"href":"https:\/\/ligue-golfgrandest.org\/index.php\/wp-json\/wp\/v2\/media?parent=917"}],"curies":[{"name":"wp","href":"https:\/\/api.w.org\/{rel}","templated":true}]}}