{"id":91,"date":"2017-01-19T19:56:37","date_gmt":"2017-01-19T18:56:37","guid":{"rendered":"http:\/\/ligue-golfgrandest.org\/?page_id=91"},"modified":"2026-02-23T09:36:20","modified_gmt":"2026-02-23T08:36:20","slug":"dames-seniors","status":"publish","type":"page","link":"https:\/\/ligue-golfgrandest.org\/index.php\/competitions\/dames-seniors\/","title":{"rendered":"DAMES SENIORS | COMPETITIONS DE LIGUE"},"content":{"rendered":"\n<p>Joueuses de 50 ans et plus la veille de l&rsquo;\u00e9preuve<\/p>\n\n\n\n<hr class=\"wp-block-separator has-alpha-channel-opacity\"\/>\n\n\n\n<div class=\"wp-block-columns is-layout-flex wp-container-core-columns-is-layout-9d6595d7 wp-block-columns-is-layout-flex\">\n<div class=\"wp-block-column is-layout-flow wp-block-column-is-layout-flow\" style=\"flex-basis:33.33%\">\n<figure class=\"wp-block-image size-full wp-duotone-unset-1\"><a href=\"https:\/\/ligue-golfgrandest.org\/wp-content\/uploads\/2026\/01\/CIRCUIT-DES-GRANDS-PRIX.jpg\"><img loading=\"lazy\" decoding=\"async\" width=\"1810\" height=\"2560\" src=\"https:\/\/ligue-golfgrandest.org\/wp-content\/uploads\/2026\/01\/CIRCUIT-DES-GRANDS-PRIX.jpg\" alt=\"\" class=\"wp-image-61279\" srcset=\"https:\/\/ligue-golfgrandest.org\/wp-content\/uploads\/2026\/01\/CIRCUIT-DES-GRANDS-PRIX.jpg 1810w, https:\/\/ligue-golfgrandest.org\/wp-content\/uploads\/2026\/01\/CIRCUIT-DES-GRANDS-PRIX-212x300.jpg 212w, https:\/\/ligue-golfgrandest.org\/wp-content\/uploads\/2026\/01\/CIRCUIT-DES-GRANDS-PRIX-848x1200.jpg 848w, https:\/\/ligue-golfgrandest.org\/wp-content\/uploads\/2026\/01\/CIRCUIT-DES-GRANDS-PRIX-768x1086.jpg 768w, https:\/\/ligue-golfgrandest.org\/wp-content\/uploads\/2026\/01\/CIRCUIT-DES-GRANDS-PRIX-1086x1536.jpg 1086w, https:\/\/ligue-golfgrandest.org\/wp-content\/uploads\/2026\/01\/CIRCUIT-DES-GRANDS-PRIX-1448x2048.jpg 1448w\" sizes=\"auto, (max-width: 1810px) 100vw, 1810px\" \/><\/a><\/figure>\n<\/div>\n\n\n\n<div class=\"wp-block-column is-layout-flow wp-block-column-is-layout-flow\" style=\"flex-basis:66.66%\">\n<h2 class=\"wp-block-heading\">CHAMPIONNAT DE LIGUE INDIVIDUEL SENIORS DAMES <\/h2>\n\n\n\n<p><strong>Depuis 2024<\/strong> : les titres de champions de Ligue Messieurs et Dames, Mid-Amateurs Messieurs et Dames, Seniors Messieurs et Dames, sont attribu\u00e9s aux joueurs ayant rapport\u00e9 le plus de points sur les \u00e9preuves f\u00e9d\u00e9rales individuelles de leur cat\u00e9gorie sur la saison, \u00e0 savoir les Grands Prix, les Classic Mid-Amateurs et les Grands Prix Seniors de la Ligue.<\/p>\n\n\n\n<p>Le r\u00e8glement complet du circuit des Grands Prix et Championnat Individuel est consultable <strong>ICI<\/strong><\/p>\n\n\n\n<p><a href=\"https:\/\/ligue-golfgrandest.org\/wp-content\/uploads\/2026\/01\/CIRCUIT-DES-GRANDS-PRIX.pdf\">Affiche Circuit des GP 2026<\/a> |<\/p>\n<\/div>\n<\/div>\n\n\n\n<hr class=\"wp-block-separator has-alpha-channel-opacity\"\/>\n\n\n\n<div class=\"wp-block-columns is-layout-flex wp-container-core-columns-is-layout-9d6595d7 wp-block-columns-is-layout-flex\">\n<div class=\"wp-block-column is-layout-flow wp-block-column-is-layout-flow\" style=\"flex-basis:66.66%\">\n<h2 class=\"wp-block-heading\">CHAMPIONNAT DE LIGUE PAR EQUIPE SENIORS DAMES<\/h2>\n\n\n\n<p>1\u00e8re et 2\u00e8me Division | 29 et 30 ao\u00fbt 2026 | \u00c9pinal (88)<\/p>\n\n\n\n<p><mark style=\"background-color:rgba(0, 0, 0, 0)\" class=\"has-inline-color has-vivid-red-color\"><strong>Tableau officiel virtuel<\/strong> <strong>&lt;&lt; Padlet &gt;&gt;<\/strong><\/mark><\/p>\n\n\n\n<p class=\"has-medium-font-size\"><strong>PREMIERE DIVISION<\/strong> <\/p>\n\n\n\n<p class=\"has-black-color has-text-color\">Les \u00e9quipes de 1\u00e8re division |<\/p>\n\n\n\n<p><a href=\"https:\/\/ligue-golfgrandest.org\/wp-content\/uploads\/2026\/02\/Ch-de-Ligue-par-equipes-seniors-dames-1ere-div.pdf\">R\u00e8glement 1\u00e8re division<\/a> |<\/p>\n\n\n\n<p class=\"has-medium-font-size\"><strong>DEUXIEME DIVISION<\/strong><\/p>\n\n\n\n<p class=\"has-black-color has-text-color\">Les \u00e9quipes de 2e division |<\/p>\n\n\n\n<p><a href=\"https:\/\/ligue-golfgrandest.org\/wp-content\/uploads\/2026\/02\/Ch-de-Ligue-par-equipes-seniors-dames-2e-div.pdf\">R\u00e8glement 2e division<\/a> |<\/p>\n<\/div>\n<\/div>\n\n\n\n<hr class=\"wp-block-separator has-alpha-channel-opacity\"\/>\n\n\n\n<hr class=\"wp-block-separator has-alpha-channel-opacity\"\/>\n\n\n\n<h2 class=\"wp-block-heading has-cyan-bluish-gray-color has-text-color has-link-color wp-elements-3d71ce4fc076e922a0ee5fb99aee9831\">R\u00e9sultats 2025<\/h2>\n\n\n<p>CHAMPIONNAT DE LIGUE INDIVIDUEL SENIORS DAMES | <a href=\"https:\/\/ligue-golfgrandest.org\/wp-content\/uploads\/2024\/07\/bareme-points-Seniors-D.png\">Bar\u00e8me des points Seniors Dames<\/a> | <a href=\"https:\/\/ligue-golfgrandest.org\/wp-content\/uploads\/2025\/10\/GP-2025-GRAND-EST_-CIRCUITS-POINTS_SENIORS_DAMES.pdf\">Classement Seniors Dames FINAL<\/a><\/p>\n<p>CHAMPIONNAT DE LIGUE PAR EQUIPE SENIORS DAMES | 1\u00e8re Division &#8211; <a href=\"https:\/\/ligue-golfgrandest.org\/wp-content\/uploads\/2025\/09\/2025_LGE-EQUIPES-SENIORS-DAMES-2e-CLASSEMENT-FINAL.pdf\">Classement Finale 2e div<\/a> | <a href=\"https:\/\/ligue-golfgrandest.org\/wp-content\/uploads\/2025\/09\/2025_LGE-EQUIPES-SENIORS-DAMES-2e-SCORES-DETAILLES.pdf\">Scores d\u00e9taill\u00e9s 2e div<\/a> |<br \/>2\u00e8me Division &#8211; <a href=\"https:\/\/ligue-golfgrandest.org\/wp-content\/uploads\/2025\/09\/2025_LGE-EQUIPES-SENIORS-DAMES-2e-CLASSEMENT-FINAL.pdf\">Classement Finale 2e div<\/a> | <a href=\"https:\/\/ligue-golfgrandest.org\/wp-content\/uploads\/2025\/09\/2025_LGE-EQUIPES-SENIORS-DAMES-2e-SCORES-DETAILLES.pdf\">Scores d\u00e9taill\u00e9s 2e div<\/a> |<\/p>\n\n\n<hr class=\"wp-block-separator has-alpha-channel-opacity\"\/>\n\n\n\n<h2 class=\"wp-block-heading has-cyan-bluish-gray-color has-text-color has-link-color wp-elements-9bd52fb5f701ca8250a07b7a9f4e53dd\">R\u00e9sultats 2024<\/h2>\n\n\n<p>CHAMPIONNAT DE LIGUE INDIVIDUEL SENIORS DAMES | <a href=\"https:\/\/ligue-golfgrandest.org\/wp-content\/uploads\/2024\/11\/DAMES_SENIORS_2024-GRAND-EST_-CIRCUITS-POINTS-au10_11.pdf\">Classement Seniors Dames FINAL<\/a> |<\/p>\n<p>CHAMPIONNAT DE LIGUE PAR EQUIPE SENIORS DAMES | 1\u00e8re Division &#8211; <a href=\"https:\/\/ligue-golfgrandest.org\/wp-content\/uploads\/2024\/09\/2024_LGE-EQUIPES-SENIORS-DAMES-1RE-SCORE-DETAILLES.pdf\">SCORES D\u00c9TAILLES<\/a> | <a href=\"https:\/\/ligue-golfgrandest.org\/wp-content\/uploads\/2024\/09\/2024_LGE-EQUIPES-SENIORS-DAMES-CLASSEMENT-1RE-DIV.pdf\">CLASSEMENT FINAL<\/a><br \/>2\u00e8me Division &#8211; <a href=\"https:\/\/ligue-golfgrandest.org\/wp-content\/uploads\/2024\/09\/2024_LGE-EQUIPES-SENIORS-DAMES-SCORES-2E-DIV.pdf\">SCORES D\u00c9TAILLES<\/a> | <a href=\"https:\/\/ligue-golfgrandest.org\/wp-content\/uploads\/2024\/09\/2024_LGE-EQUIPES-SENIORS-DAMES-CLASSEMENT-2E-DIV.pdf\">CLASSEMENT FINAL<\/a><\/p>","protected":false},"excerpt":{"rendered":"<p>Joueuses de 50 ans et plus la veille de l&rsquo;\u00e9preuve CHAMPIONNAT DE LIGUE INDIVIDUEL SENIORS DAMES Depuis 2024 : les titres de champions de Ligue Messieurs et Dames, Mid-Amateurs Messieurs et Dames, Seniors Messieurs et Dames, sont attribu\u00e9s aux joueurs ayant rapport\u00e9 le plus de points sur les \u00e9preuves f\u00e9d\u00e9rales individuelles de leur cat\u00e9gorie sur [&hellip;]<\/p>\n","protected":false},"author":3,"featured_media":0,"parent":77,"menu_order":7,"comment_status":"closed","ping_status":"closed","template":"page-templates\/page-full-width.php","meta":{"footnotes":""},"class_list":["post-91","page","type-page","status-publish","hentry"],"_links":{"self":[{"href":"https:\/\/ligue-golfgrandest.org\/index.php\/wp-json\/wp\/v2\/pages\/91","targetHints":{"allow":["GET"]}}],"collection":[{"href":"https:\/\/ligue-golfgrandest.org\/index.php\/wp-json\/wp\/v2\/pages"}],"about":[{"href":"https:\/\/ligue-golfgrandest.org\/index.php\/wp-json\/wp\/v2\/types\/page"}],"author":[{"embeddable":true,"href":"https:\/\/ligue-golfgrandest.org\/index.php\/wp-json\/wp\/v2\/users\/3"}],"replies":[{"embeddable":true,"href":"https:\/\/ligue-golfgrandest.org\/index.php\/wp-json\/wp\/v2\/comments?post=91"}],"version-history":[{"count":18,"href":"https:\/\/ligue-golfgrandest.org\/index.php\/wp-json\/wp\/v2\/pages\/91\/revisions"}],"predecessor-version":[{"id":61680,"href":"https:\/\/ligue-golfgrandest.org\/index.php\/wp-json\/wp\/v2\/pages\/91\/revisions\/61680"}],"up":[{"embeddable":true,"href":"https:\/\/ligue-golfgrandest.org\/index.php\/wp-json\/wp\/v2\/pages\/77"}],"wp:attachment":[{"href":"https:\/\/ligue-golfgrandest.org\/index.php\/wp-json\/wp\/v2\/media?parent=91"}],"curies":[{"name":"wp","href":"https:\/\/api.w.org\/{rel}","templated":true}]}}