{"id":9095,"date":"2018-03-12T12:30:44","date_gmt":"2018-03-12T11:30:44","guid":{"rendered":"http:\/\/ligue-golfgrandest.org\/?page_id=9095"},"modified":"2026-04-13T16:37:43","modified_gmt":"2026-04-13T14:37:43","slug":"social-media","status":"publish","type":"page","link":"https:\/\/ligue-golfgrandest.org\/index.php\/contact\/social-media\/","title":{"rendered":"SOCIAL MEDIA"},"content":{"rendered":"\n<h2 class=\"wp-block-heading\">Abonnement \u00e0 la Chaine YouTube<\/h2>\n\n\n\n<p>Des vid\u00e9os que la Ligue de Golf Grand Est r\u00e9alise et poste ou des vid\u00e9os que la Ligue s\u00e9lectionne, consultez la chaine de la Ligue \u2026<\/p>\n\n\n\n<p><br><a rel=\"noreferrer noopener\" href=\"https:\/\/www.youtube.com\/channel\/UCSyG7NJBGoG4EGYCoTaA_eg\" target=\"_blank\">https:\/\/www.youtube.com\/channel\/UCSyG7NJBGoG4EGYCoTaA_eg<\/a><\/p>\n\n\n\n<hr class=\"wp-block-separator has-css-opacity\"\/>\n\n\n\n<h2 class=\"wp-block-heading\">Abonnement au flux d&rsquo;informations Facebook<\/h2>\n\n\n\n<p>Des informations en continu sur l&rsquo;actualit\u00e9 sportive li\u00e9e au golf dans le Grand Est sont diffus\u00e9es sur le profil de la Ligue de Golf Grand Est. Abonnez vous pour recevoir sur votre profil et garder le contact avec la Ligue &#8230; Pour vous abonner, cliquez sur le lien, puis sur \u00ab\u00a0j&rsquo;aime\u00a0\u00bb sur la page de la Ligue de Golf Grand Est.<\/p>\n\n\n\n<p><a href=\"https:\/\/www.facebook.com\/golfgrandest\/\">@golfgrandest<\/a><\/p>\n\n\n\n<hr class=\"wp-block-separator has-css-opacity\"\/>\n\n\n\n<h2 class=\"wp-block-heading\">Abonnement aux Photos Instagram<\/h2>\n\n\n\n<p>Les photos des champions de La Ligue de Golf Grand Est sont publi\u00e9es sur ce profil au rythme des championnats de Ligue.<\/p>\n\n\n\n<p><br><a rel=\"noreferrer noopener\" href=\"https:\/\/www.instagram.com\/golfgrandest\/\" target=\"_blank\">https:\/\/www.instagram.com\/golfgrandest\/<\/a><\/p>\n\n\n\n<hr class=\"wp-block-separator has-css-opacity\"\/>\n\n\n\n<div class=\"wp-block-group\"><div class=\"wp-block-group__inner-container is-layout-constrained wp-block-group-is-layout-constrained\">\n<p><\/p>\n<\/div><\/div>\n\n\n\n<p><\/p>\n","protected":false},"excerpt":{"rendered":"<p>Abonnement \u00e0 la Chaine YouTube Des vid\u00e9os que la Ligue de Golf Grand Est r\u00e9alise et poste ou des vid\u00e9os que la Ligue s\u00e9lectionne, consultez la chaine de la Ligue \u2026 https:\/\/www.youtube.com\/channel\/UCSyG7NJBGoG4EGYCoTaA_eg Abonnement au flux d&rsquo;informations Facebook Des informations en continu sur l&rsquo;actualit\u00e9 sportive li\u00e9e au golf dans le Grand Est sont diffus\u00e9es sur le [&hellip;]<\/p>\n","protected":false},"author":3,"featured_media":0,"parent":8,"menu_order":1,"comment_status":"closed","ping_status":"closed","template":"page-templates\/page-full-width.php","meta":{"footnotes":""},"class_list":["post-9095","page","type-page","status-publish","hentry"],"_links":{"self":[{"href":"https:\/\/ligue-golfgrandest.org\/index.php\/wp-json\/wp\/v2\/pages\/9095","targetHints":{"allow":["GET"]}}],"collection":[{"href":"https:\/\/ligue-golfgrandest.org\/index.php\/wp-json\/wp\/v2\/pages"}],"about":[{"href":"https:\/\/ligue-golfgrandest.org\/index.php\/wp-json\/wp\/v2\/types\/page"}],"author":[{"embeddable":true,"href":"https:\/\/ligue-golfgrandest.org\/index.php\/wp-json\/wp\/v2\/users\/3"}],"replies":[{"embeddable":true,"href":"https:\/\/ligue-golfgrandest.org\/index.php\/wp-json\/wp\/v2\/comments?post=9095"}],"version-history":[{"count":1,"href":"https:\/\/ligue-golfgrandest.org\/index.php\/wp-json\/wp\/v2\/pages\/9095\/revisions"}],"predecessor-version":[{"id":62337,"href":"https:\/\/ligue-golfgrandest.org\/index.php\/wp-json\/wp\/v2\/pages\/9095\/revisions\/62337"}],"up":[{"embeddable":true,"href":"https:\/\/ligue-golfgrandest.org\/index.php\/wp-json\/wp\/v2\/pages\/8"}],"wp:attachment":[{"href":"https:\/\/ligue-golfgrandest.org\/index.php\/wp-json\/wp\/v2\/media?parent=9095"}],"curies":[{"name":"wp","href":"https:\/\/api.w.org\/{rel}","templated":true}]}}