{"id":9009,"date":"2018-03-12T10:01:35","date_gmt":"2018-03-12T09:01:35","guid":{"rendered":"http:\/\/ligue-golfgrandest.org\/?page_id=9009"},"modified":"2026-04-10T10:52:19","modified_gmt":"2026-04-10T08:52:19","slug":"grand-prix-jeunes-autres","status":"publish","type":"page","link":"https:\/\/ligue-golfgrandest.org\/index.php\/jeunes\/grand-prix-jeunes-autres\/","title":{"rendered":"GRAND PRIX JEUNES AUTRES REG."},"content":{"rendered":"\n<h2 class=\"wp-block-heading\">Le calendrier 2026 des Grands Prix Jeunes est consultable <a href=\"https:\/\/www.ffgolf.org\/golf-amateur\/jeunes\/calendrier-resultats\/grands-prix-jeunes\/2026\">ICI<\/a> |<\/h2>\n\n\n\n<p class=\"has-white-color has-vivid-cyan-blue-background-color has-text-color has-background has-link-color has-medium-font-size wp-elements-b9fb7c4b45eddca0ab112cfd554aceb8\"><strong>GRAND PRIX JEUNES DE LERY POSES &#8211; 04 et 05 avril 2026<\/strong><\/p>\n\n\n\n<p>Un Grand BRAVO \u00e0 Sofia BOUDJELLEL (Preisch) qui remporte le GP Jeunes U12 Filles !<\/p>\n\n\n\n<p><a href=\"https:\/\/www.golfduvaudreuil.com\/8735\/\">R\u00e9sultats complets<\/a> |<\/p>\n\n\n\n<figure class=\"wp-block-gallery has-nested-images columns-default is-cropped wp-block-gallery-1 is-layout-flex wp-block-gallery-is-layout-flex\">\n<figure class=\"wp-block-image size-large\"><a href=\"https:\/\/ligue-golfgrandest.org\/wp-content\/uploads\/2026\/04\/original-A936F3F8-E248-4779-9BE7-76BEDB993363.jpeg\"><img loading=\"lazy\" decoding=\"async\" width=\"900\" height=\"1200\" data-id=\"62192\" src=\"https:\/\/ligue-golfgrandest.org\/wp-content\/uploads\/2026\/04\/original-A936F3F8-E248-4779-9BE7-76BEDB993363-900x1200.jpeg\" alt=\"\" class=\"wp-image-62192\" srcset=\"https:\/\/ligue-golfgrandest.org\/wp-content\/uploads\/2026\/04\/original-A936F3F8-E248-4779-9BE7-76BEDB993363-900x1200.jpeg 900w, https:\/\/ligue-golfgrandest.org\/wp-content\/uploads\/2026\/04\/original-A936F3F8-E248-4779-9BE7-76BEDB993363-225x300.jpeg 225w, https:\/\/ligue-golfgrandest.org\/wp-content\/uploads\/2026\/04\/original-A936F3F8-E248-4779-9BE7-76BEDB993363-768x1024.jpeg 768w, https:\/\/ligue-golfgrandest.org\/wp-content\/uploads\/2026\/04\/original-A936F3F8-E248-4779-9BE7-76BEDB993363-1152x1536.jpeg 1152w, https:\/\/ligue-golfgrandest.org\/wp-content\/uploads\/2026\/04\/original-A936F3F8-E248-4779-9BE7-76BEDB993363.jpeg 1200w\" sizes=\"auto, (max-width: 900px) 100vw, 900px\" \/><\/a><\/figure>\n\n\n\n<figure class=\"wp-block-image size-large\"><a href=\"https:\/\/ligue-golfgrandest.org\/wp-content\/uploads\/2026\/04\/Capture-decran-2026-04-07-114942.jpg\"><img loading=\"lazy\" decoding=\"async\" width=\"671\" height=\"627\" data-id=\"62195\" src=\"https:\/\/ligue-golfgrandest.org\/wp-content\/uploads\/2026\/04\/Capture-decran-2026-04-07-114942.jpg\" alt=\"\" class=\"wp-image-62195\" srcset=\"https:\/\/ligue-golfgrandest.org\/wp-content\/uploads\/2026\/04\/Capture-decran-2026-04-07-114942.jpg 671w, https:\/\/ligue-golfgrandest.org\/wp-content\/uploads\/2026\/04\/Capture-decran-2026-04-07-114942-321x300.jpg 321w\" sizes=\"auto, (max-width: 671px) 100vw, 671px\" \/><\/a><\/figure>\n<\/figure>\n\n\n\n<p><\/p>\n\n\n\n<p class=\"has-white-color has-vivid-cyan-blue-background-color has-text-color has-background has-link-color has-medium-font-size wp-elements-9d43fdf1124e5ccdf532982a44fc323f\"><strong>GRAND PRIX JEUNES MAJEUR U14 DE CHIBERTA &#8211; 28 et 29 mars 2026<\/strong><\/p>\n\n\n\n<p>Lily Rose Kostelnik (GC du Kempferhof)<br>Maya Buzea (GC du Kempferhof)<br>Eliel Jeuch (G du Kempferhof)<br>Arthur Yanez (GC de Strasbourg)<\/p>\n\n\n\n<p><a href=\"https:\/\/www.ffgolf.org\/golf-amateur\/jeunes\/calendrier-resultats\/grands-prix-jeunes\/2026\/grand-prix-jeunes-majeur-garcons-u14\/page-scores-tournoi\">R\u00e9sultats Filles<\/a> | <a href=\"https:\/\/www.ffgolf.org\/golf-amateur\/jeunes\/calendrier-resultats\/grands-prix-jeunes\/2026\/grand-prix-jeunes-majeur-garcons-u14\/page-scores-tournoi\">R\u00e9sultats Gar\u00e7ons<\/a> |<\/p>\n\n\n\n<p>Bravo \u00e0 Lily-Rose KOSTELNIK pour sa belle 3 e place Ex-aequo !<\/p>\n\n\n\n<figure class=\"wp-block-image size-medium\"><a href=\"https:\/\/ligue-golfgrandest.org\/wp-content\/uploads\/2026\/03\/660434873_10242188279182387_8679908777385244471_n.jpg\"><img loading=\"lazy\" decoding=\"async\" width=\"400\" height=\"300\" src=\"https:\/\/ligue-golfgrandest.org\/wp-content\/uploads\/2026\/03\/660434873_10242188279182387_8679908777385244471_n-400x300.jpg\" alt=\"\" class=\"wp-image-62166\" srcset=\"https:\/\/ligue-golfgrandest.org\/wp-content\/uploads\/2026\/03\/660434873_10242188279182387_8679908777385244471_n-400x300.jpg 400w, https:\/\/ligue-golfgrandest.org\/wp-content\/uploads\/2026\/03\/660434873_10242188279182387_8679908777385244471_n-768x576.jpg 768w, https:\/\/ligue-golfgrandest.org\/wp-content\/uploads\/2026\/03\/660434873_10242188279182387_8679908777385244471_n.jpg 960w\" sizes=\"auto, (max-width: 400px) 100vw, 400px\" \/><\/a><\/figure>\n\n\n\n<p><\/p>\n\n\n\n<p class=\"has-white-color has-vivid-cyan-blue-background-color has-text-color has-background has-link-color has-medium-font-size wp-elements-b39aeb15c3bf61a2c4bd5898bc48e564\"><strong>GRANDS PRIX JEUNES DE LYON &#8211; 21 et 22 mars 2026<\/strong><\/p>\n\n\n\n<p>Belles performances pour nos jeunes du PGE sur les GP jeunes U12 et Benjamins de Lyon !<\/p>\n\n\n\n<h2 class=\"wp-block-heading\">U12 &#8211; Golf Club de Vilette d&rsquo;Anthon<\/h2>\n\n\n\n<ul class=\"wp-block-list\">\n<li><strong>Belle victoire de C\u00e9line ARNOLD<\/strong> (Kempferhof) <\/li>\n\n\n\n<li>6e place pour Alexandra VIMBER (Alsace G Links)et un podium.<\/li>\n<\/ul>\n\n\n\n<ul class=\"wp-block-list\">\n<li>7e place pour Baptiste YANEZ (Strasbourg)<\/li>\n\n\n\n<li>Top 20 pour Pablo JACQUOT (Kempferhof)<\/li>\n<\/ul>\n\n\n\n<p><a href=\"https:\/\/ligue-golfgrandest.org\/wp-content\/uploads\/2026\/03\/GPJ_GCL.pdf\">R\u00e9sultats U12<\/a> |<\/p>\n\n\n\n<h2 class=\"wp-block-heading\">BENJAMINS &#8211; Golf Club de Lyon Chassieu<\/h2>\n\n\n\n<ul class=\"wp-block-list\">\n<li><strong>Belle 2e place pour Arthur YANEZ<\/strong> (Strasbourg)<\/li>\n<\/ul>\n\n\n\n<p><a href=\"https:\/\/ligue-golfgrandest.org\/wp-content\/uploads\/2026\/03\/Chassieur_GPJ.pdf\">R\u00e9sultats Benjamins<\/a> |<\/p>\n\n\n\n<figure class=\"wp-block-gallery has-nested-images columns-default is-cropped wp-block-gallery-2 is-layout-flex wp-block-gallery-is-layout-flex\">\n<figure class=\"wp-block-image size-large\"><a href=\"https:\/\/ligue-golfgrandest.org\/wp-content\/uploads\/2026\/03\/U12-Filles-GCL.jpg\"><img loading=\"lazy\" decoding=\"async\" width=\"1600\" height=\"1200\" data-id=\"62041\" src=\"https:\/\/ligue-golfgrandest.org\/wp-content\/uploads\/2026\/03\/U12-Filles-GCL-1600x1200.jpg\" alt=\"\" class=\"wp-image-62041\" srcset=\"https:\/\/ligue-golfgrandest.org\/wp-content\/uploads\/2026\/03\/U12-Filles-GCL-1600x1200.jpg 1600w, https:\/\/ligue-golfgrandest.org\/wp-content\/uploads\/2026\/03\/U12-Filles-GCL-400x300.jpg 400w, https:\/\/ligue-golfgrandest.org\/wp-content\/uploads\/2026\/03\/U12-Filles-GCL-768x576.jpg 768w, https:\/\/ligue-golfgrandest.org\/wp-content\/uploads\/2026\/03\/U12-Filles-GCL-1536x1152.jpg 1536w, https:\/\/ligue-golfgrandest.org\/wp-content\/uploads\/2026\/03\/U12-Filles-GCL-2048x1536.jpg 2048w\" sizes=\"auto, (max-width: 1600px) 100vw, 1600px\" \/><\/a><figcaption class=\"wp-element-caption\">U12<\/figcaption><\/figure>\n\n\n\n<figure class=\"wp-block-image size-large\"><a href=\"https:\/\/ligue-golfgrandest.org\/wp-content\/uploads\/2026\/03\/190d2145-da79-4e6b-abbe-34af14924575.jpg\"><img loading=\"lazy\" decoding=\"async\" width=\"1411\" height=\"1200\" data-id=\"62022\" src=\"https:\/\/ligue-golfgrandest.org\/wp-content\/uploads\/2026\/03\/190d2145-da79-4e6b-abbe-34af14924575-1411x1200.jpg\" alt=\"\" class=\"wp-image-62022\" srcset=\"https:\/\/ligue-golfgrandest.org\/wp-content\/uploads\/2026\/03\/190d2145-da79-4e6b-abbe-34af14924575-1411x1200.jpg 1411w, https:\/\/ligue-golfgrandest.org\/wp-content\/uploads\/2026\/03\/190d2145-da79-4e6b-abbe-34af14924575-353x300.jpg 353w, https:\/\/ligue-golfgrandest.org\/wp-content\/uploads\/2026\/03\/190d2145-da79-4e6b-abbe-34af14924575-768x653.jpg 768w, https:\/\/ligue-golfgrandest.org\/wp-content\/uploads\/2026\/03\/190d2145-da79-4e6b-abbe-34af14924575-1536x1307.jpg 1536w, https:\/\/ligue-golfgrandest.org\/wp-content\/uploads\/2026\/03\/190d2145-da79-4e6b-abbe-34af14924575.jpg 2048w\" sizes=\"auto, (max-width: 1411px) 100vw, 1411px\" \/><\/a><figcaption class=\"wp-element-caption\">Benjamins<\/figcaption><\/figure>\n<\/figure>\n\n\n\n<h2 class=\"wp-block-heading has-white-color has-vivid-cyan-blue-background-color has-text-color has-background has-link-color has-medium-font-size wp-elements-0dfdb3d3f214852c4d1f2206891b84b5\">GRANDS PRIX JEUNES HAUTS DE FRANCE &#8211; 07 et 08 mars 2026<\/h2>\n\n\n\n<p>Belles performances pour nous joueurs avec plusieurs podiums malgr\u00e9 2 \u00e9preuves r\u00e9duites \u00e0 1 seul tour \u00e0 cause du brouillard.<\/p>\n\n\n\n<h2 class=\"wp-block-heading\">U12 Golf du Lys Chantilly <\/h2>\n\n\n\n<ul class=\"wp-block-list\">\n<li><strong>Alexandra VIMBER<\/strong> (Alsace Golf Links) 2e<\/li>\n\n\n\n<li><strong>C\u00e9line ARNOLD<\/strong> (Kempferhof) 4e<\/li>\n<\/ul>\n\n\n\n<p><a href=\"https:\/\/ligue-golfgrandest.org\/wp-content\/uploads\/2026\/03\/TOUR-1-U12-F.pdf\">R\u00e9sultats U12 F<\/a> | <a href=\"https:\/\/ligue-golfgrandest.org\/wp-content\/uploads\/2026\/03\/TOUR-1-U12G.pdf\">R\u00e9sultats U12 G<\/a><\/p>\n\n\n\n<h2 class=\"wp-block-heading\">Benjamin(e)s Golf du Raray<\/h2>\n\n\n\n<ul class=\"wp-block-list\">\n<li><strong>Eliel JEUCH<\/strong> (Kempferhof) 2e<\/li>\n\n\n\n<li><strong>Lily-Rose KOSTELNIK <\/strong>(Kempferhof) 3e<\/li>\n<\/ul>\n\n\n\n<p><a href=\"https:\/\/ligue-golfgrandest.org\/wp-content\/uploads\/2026\/03\/1b.-Resultats-sans-nouveaux-index-7-1.pdf\">R\u00e9sultats complets<\/a> | <\/p>\n\n\n\n<figure class=\"wp-block-gallery has-nested-images columns-default is-cropped wp-block-gallery-3 is-layout-flex wp-block-gallery-is-layout-flex\">\n<figure class=\"wp-block-image size-large\"><a href=\"https:\/\/ligue-golfgrandest.org\/wp-content\/uploads\/2026\/03\/GPJ-LYS-CHANTILLY.jpg\"><img loading=\"lazy\" decoding=\"async\" width=\"1600\" height=\"1002\" data-id=\"61983\" src=\"https:\/\/ligue-golfgrandest.org\/wp-content\/uploads\/2026\/03\/GPJ-LYS-CHANTILLY-1600x1002.jpg\" alt=\"\" class=\"wp-image-61983\" srcset=\"https:\/\/ligue-golfgrandest.org\/wp-content\/uploads\/2026\/03\/GPJ-LYS-CHANTILLY-1600x1002.jpg 1600w, https:\/\/ligue-golfgrandest.org\/wp-content\/uploads\/2026\/03\/GPJ-LYS-CHANTILLY-479x300.jpg 479w, https:\/\/ligue-golfgrandest.org\/wp-content\/uploads\/2026\/03\/GPJ-LYS-CHANTILLY-768x481.jpg 768w, https:\/\/ligue-golfgrandest.org\/wp-content\/uploads\/2026\/03\/GPJ-LYS-CHANTILLY-1536x962.jpg 1536w, https:\/\/ligue-golfgrandest.org\/wp-content\/uploads\/2026\/03\/GPJ-LYS-CHANTILLY.jpg 2048w\" sizes=\"auto, (max-width: 1600px) 100vw, 1600px\" \/><\/a><\/figure>\n\n\n\n<figure class=\"wp-block-image size-large\"><a href=\"https:\/\/ligue-golfgrandest.org\/wp-content\/uploads\/2026\/03\/GPJ-RARAY-2026.jpg\"><img loading=\"lazy\" decoding=\"async\" width=\"1600\" height=\"828\" data-id=\"61984\" src=\"https:\/\/ligue-golfgrandest.org\/wp-content\/uploads\/2026\/03\/GPJ-RARAY-2026-1600x828.jpg\" alt=\"\" class=\"wp-image-61984\" srcset=\"https:\/\/ligue-golfgrandest.org\/wp-content\/uploads\/2026\/03\/GPJ-RARAY-2026-1600x828.jpg 1600w, https:\/\/ligue-golfgrandest.org\/wp-content\/uploads\/2026\/03\/GPJ-RARAY-2026-530x274.jpg 530w, https:\/\/ligue-golfgrandest.org\/wp-content\/uploads\/2026\/03\/GPJ-RARAY-2026-768x398.jpg 768w, https:\/\/ligue-golfgrandest.org\/wp-content\/uploads\/2026\/03\/GPJ-RARAY-2026-1536x795.jpg 1536w, https:\/\/ligue-golfgrandest.org\/wp-content\/uploads\/2026\/03\/GPJ-RARAY-2026.jpg 2048w\" sizes=\"auto, (max-width: 1600px) 100vw, 1600px\" \/><\/a><figcaption class=\"wp-element-caption\">GP Lys Chantilly<\/figcaption><\/figure>\n<\/figure>\n","protected":false},"excerpt":{"rendered":"<p>Le calendrier 2026 des Grands Prix Jeunes est consultable ICI | GRAND PRIX JEUNES DE LERY POSES &#8211; 04 et 05 avril 2026 Un Grand BRAVO \u00e0 Sofia BOUDJELLEL (Preisch) qui remporte le GP Jeunes U12 Filles ! R\u00e9sultats complets | GRAND PRIX JEUNES MAJEUR U14 DE CHIBERTA &#8211; 28 et 29 mars 2026 Lily [&hellip;]<\/p>\n","protected":false},"author":3,"featured_media":0,"parent":130,"menu_order":0,"comment_status":"closed","ping_status":"closed","template":"page-templates\/page-full-width.php","meta":{"footnotes":""},"class_list":["post-9009","page","type-page","status-publish","hentry"],"_links":{"self":[{"href":"https:\/\/ligue-golfgrandest.org\/index.php\/wp-json\/wp\/v2\/pages\/9009","targetHints":{"allow":["GET"]}}],"collection":[{"href":"https:\/\/ligue-golfgrandest.org\/index.php\/wp-json\/wp\/v2\/pages"}],"about":[{"href":"https:\/\/ligue-golfgrandest.org\/index.php\/wp-json\/wp\/v2\/types\/page"}],"author":[{"embeddable":true,"href":"https:\/\/ligue-golfgrandest.org\/index.php\/wp-json\/wp\/v2\/users\/3"}],"replies":[{"embeddable":true,"href":"https:\/\/ligue-golfgrandest.org\/index.php\/wp-json\/wp\/v2\/comments?post=9009"}],"version-history":[{"count":29,"href":"https:\/\/ligue-golfgrandest.org\/index.php\/wp-json\/wp\/v2\/pages\/9009\/revisions"}],"predecessor-version":[{"id":62236,"href":"https:\/\/ligue-golfgrandest.org\/index.php\/wp-json\/wp\/v2\/pages\/9009\/revisions\/62236"}],"up":[{"embeddable":true,"href":"https:\/\/ligue-golfgrandest.org\/index.php\/wp-json\/wp\/v2\/pages\/130"}],"wp:attachment":[{"href":"https:\/\/ligue-golfgrandest.org\/index.php\/wp-json\/wp\/v2\/media?parent=9009"}],"curies":[{"name":"wp","href":"https:\/\/api.w.org\/{rel}","templated":true}]}}