{"id":900,"date":"2017-02-24T11:15:53","date_gmt":"2017-02-24T10:15:53","guid":{"rendered":"http:\/\/ligue-golfgrandest.org\/?page_id=900"},"modified":"2025-11-20T16:08:00","modified_gmt":"2025-11-20T15:08:00","slug":"golf-foret-orient","status":"publish","type":"page","link":"https:\/\/ligue-golfgrandest.org\/index.php\/clubs\/champagne-ardenne\/golf-foret-orient\/","title":{"rendered":"Domaine de la For\u00eat d&rsquo;Orient Golf &#038; Spa"},"content":{"rendered":"\n<div class=\"wp-block-columns is-layout-flex wp-container-core-columns-is-layout-9d6595d7 wp-block-columns-is-layout-flex\">\n<div class=\"wp-block-column is-layout-flow wp-block-column-is-layout-flow\"><div class=\"wp-block-image\">\n<figure class=\"alignleft\"><a href=\"http:\/\/ligue-golfgrandest.org\/wp-content\/uploads\/2018\/06\/FORET-DORIENT-2018_recadr\u00e9.png\"><img loading=\"lazy\" decoding=\"async\" width=\"348\" height=\"250\" src=\"http:\/\/ligue-golfgrandest.org\/wp-content\/uploads\/2018\/06\/FORET-DORIENT-2018_recadr\u00e9.png\" alt=\"\" class=\"wp-image-12174\"\/><\/a><\/figure><\/div><\/div>\n\n\n\n<div class=\"wp-block-column is-layout-flow wp-block-column-is-layout-flow\">\n<h3 class=\"wp-block-heading\" id=\"asso-sportive\">Asso. Sportive<\/h3>\n\n\n\n<p>5, Route de G\u00e9raudot<br>10220 Rouilly Sacey<br>Pr\u00e9sident AS : David WISS<br><a href=\"mailto:contact@asgfo.fr\" target=\"_blank\" rel=\"noreferrer noopener\">contact@asgfo.fr<\/a><br><a href=\"http:\/\/www.asgfo.info\" target=\"_blank\" rel=\"noreferrer noopener\">www.asgfo.info<\/a><br>Facebook : <a href=\"https:\/\/www.facebook.com\/assGFO\/\">Golf de la For\u00eat d&rsquo;Orient Association sportive<\/a><\/p>\n\n\n\n<p><a href=\"https:\/\/pages.ffgolf.org\/departs\/golf\/544b00aaf61ad5cabacb6e54c3ed58fa\" data-type=\"link\" data-id=\"https:\/\/pages.ffgolf.org\/departs\/golf\/544b00aaf61ad5cabacb6e54c3ed58fa\">D\u00e9parts comp\u00e9titions<\/a><br><a href=\"https:\/\/pages.ffgolf.org\/resultats\/liste-competitions\/544b00aaf61ad5cabacb6e54c3ed58fa\" data-type=\"link\" data-id=\"https:\/\/pages.ffgolf.org\/resultats\/liste-competitions\/544b00aaf61ad5cabacb6e54c3ed58fa\">R\u00e9sultats comp\u00e9titions<\/a><\/p>\n<\/div>\n\n\n\n<div class=\"wp-block-column is-layout-flow wp-block-column-is-layout-flow\">\n<h3 class=\"wp-block-heading\" id=\"le-club\">Le club<\/h3>\n\n\n\n<p>1 parcours 18 Trous<br \/>1 compact 5 trous<br \/>1 practice \u00e9clair\u00e9<br \/>1 pro shop<br \/>1 restaurant<br \/>1 h\u00f4tel spa<br \/><a href=\"mailto:golf@dfo-troyes.com\">golf@dfo-troyes.com<\/a><br \/><a href=\"http:\/\/domaine-foret-orient.com\/\" target=\"_blank\" rel=\"noreferrer noopener\">www.domaine-foret-orient.com<\/a><br \/><br \/>Facebook : <a href=\"https:\/\/www.facebook.com\/golf.foret.orient\/\">Golf de la For\u00eat d&rsquo;Orient<\/a><br \/>03 25 43 80 80<\/p>\n<\/div>\n<\/div>\n\n\n\n<figure class=\"wp-block-gallery has-nested-images columns-default is-cropped wp-block-gallery-1 is-layout-flex wp-block-gallery-is-layout-flex\">\n<figure class=\"wp-block-image size-full\"><a href=\"https:\/\/ligue-golfgrandest.org\/wp-content\/uploads\/2017\/02\/08-Foret-Orient-1.jpg\"><img loading=\"lazy\" decoding=\"async\" width=\"800\" height=\"600\" data-id=\"903\" src=\"https:\/\/ligue-golfgrandest.org\/wp-content\/uploads\/2017\/02\/08-Foret-Orient-1.jpg\" alt=\"\" class=\"wp-image-903\" srcset=\"https:\/\/ligue-golfgrandest.org\/wp-content\/uploads\/2017\/02\/08-Foret-Orient-1.jpg 800w, https:\/\/ligue-golfgrandest.org\/wp-content\/uploads\/2017\/02\/08-Foret-Orient-1-350x263.jpg 350w, https:\/\/ligue-golfgrandest.org\/wp-content\/uploads\/2017\/02\/08-Foret-Orient-1-768x576.jpg 768w\" sizes=\"auto, (max-width: 800px) 100vw, 800px\" \/><\/a><\/figure>\n\n\n\n<figure class=\"wp-block-image size-full\"><a href=\"https:\/\/ligue-golfgrandest.org\/wp-content\/uploads\/2017\/02\/08-Foret-Orient-2.jpg\"><img loading=\"lazy\" decoding=\"async\" width=\"800\" height=\"600\" data-id=\"904\" src=\"https:\/\/ligue-golfgrandest.org\/wp-content\/uploads\/2017\/02\/08-Foret-Orient-2.jpg\" alt=\"\" class=\"wp-image-904\" srcset=\"https:\/\/ligue-golfgrandest.org\/wp-content\/uploads\/2017\/02\/08-Foret-Orient-2.jpg 800w, https:\/\/ligue-golfgrandest.org\/wp-content\/uploads\/2017\/02\/08-Foret-Orient-2-350x263.jpg 350w, https:\/\/ligue-golfgrandest.org\/wp-content\/uploads\/2017\/02\/08-Foret-Orient-2-768x576.jpg 768w\" sizes=\"auto, (max-width: 800px) 100vw, 800px\" \/><\/a><\/figure>\n\n\n\n<figure class=\"wp-block-image size-full\"><a href=\"https:\/\/ligue-golfgrandest.org\/wp-content\/uploads\/2017\/02\/08-FORET-ORIENT-3.jpg\"><img loading=\"lazy\" decoding=\"async\" width=\"800\" height=\"600\" data-id=\"906\" src=\"https:\/\/ligue-golfgrandest.org\/wp-content\/uploads\/2017\/02\/08-FORET-ORIENT-3.jpg\" alt=\"\" class=\"wp-image-906\" srcset=\"https:\/\/ligue-golfgrandest.org\/wp-content\/uploads\/2017\/02\/08-FORET-ORIENT-3.jpg 800w, https:\/\/ligue-golfgrandest.org\/wp-content\/uploads\/2017\/02\/08-FORET-ORIENT-3-350x263.jpg 350w, https:\/\/ligue-golfgrandest.org\/wp-content\/uploads\/2017\/02\/08-FORET-ORIENT-3-768x576.jpg 768w\" sizes=\"auto, (max-width: 800px) 100vw, 800px\" \/><\/a><\/figure>\n<\/figure>\n\n\n\n<iframe src=\"https:\/\/www.google.com\/maps\/embed?pb=!1m18!1m12!1m3!1d98056.0539076632!2d4.19697960776611!3d48.337033641812056!2m3!1f0!2f0!3f0!3m2!1i1024!2i768!4f13.1!3m3!1m2!1s0x47ec1f5d30c06bdf%3A0x9ea6f7a739948a89!2sGolf%20de%20la%20For%C3%AAt%20d'Orient!5e0!3m2!1sfr!2sfr!4v1644240185951!5m2!1sfr!2sfr\" width=\"100%\" height=\"450\" style=\"border:0;\" allowfullscreen=\"\" loading=\"lazy\"><\/iframe>\n","protected":false},"excerpt":{"rendered":"<p>Asso. Sportive 5, Route de G\u00e9raudot10220 Rouilly SaceyPr\u00e9sident AS : David WISScontact@asgfo.frwww.asgfo.infoFacebook : Golf de la For\u00eat d&rsquo;Orient Association sportive D\u00e9parts comp\u00e9titionsR\u00e9sultats comp\u00e9titions Le club 1 parcours 18 Trous1 compact 5 trous1 practice \u00e9clair\u00e91 pro shop1 restaurant1 h\u00f4tel spagolf@dfo-troyes.comwww.domaine-foret-orient.com Facebook : Golf de la For\u00eat d&rsquo;Orient03 25 43 80 80<\/p>\n","protected":false},"author":3,"featured_media":0,"parent":139,"menu_order":8,"comment_status":"closed","ping_status":"closed","template":"page-templates\/page-full-width.php","meta":{"footnotes":""},"class_list":["post-900","page","type-page","status-publish","hentry"],"_links":{"self":[{"href":"https:\/\/ligue-golfgrandest.org\/index.php\/wp-json\/wp\/v2\/pages\/900","targetHints":{"allow":["GET"]}}],"collection":[{"href":"https:\/\/ligue-golfgrandest.org\/index.php\/wp-json\/wp\/v2\/pages"}],"about":[{"href":"https:\/\/ligue-golfgrandest.org\/index.php\/wp-json\/wp\/v2\/types\/page"}],"author":[{"embeddable":true,"href":"https:\/\/ligue-golfgrandest.org\/index.php\/wp-json\/wp\/v2\/users\/3"}],"replies":[{"embeddable":true,"href":"https:\/\/ligue-golfgrandest.org\/index.php\/wp-json\/wp\/v2\/comments?post=900"}],"version-history":[{"count":2,"href":"https:\/\/ligue-golfgrandest.org\/index.php\/wp-json\/wp\/v2\/pages\/900\/revisions"}],"predecessor-version":[{"id":61100,"href":"https:\/\/ligue-golfgrandest.org\/index.php\/wp-json\/wp\/v2\/pages\/900\/revisions\/61100"}],"up":[{"embeddable":true,"href":"https:\/\/ligue-golfgrandest.org\/index.php\/wp-json\/wp\/v2\/pages\/139"}],"wp:attachment":[{"href":"https:\/\/ligue-golfgrandest.org\/index.php\/wp-json\/wp\/v2\/media?parent=900"}],"curies":[{"name":"wp","href":"https:\/\/api.w.org\/{rel}","templated":true}]}}