{"id":888,"date":"2017-02-24T10:47:15","date_gmt":"2017-02-24T09:47:15","guid":{"rendered":"http:\/\/ligue-golfgrandest.org\/?page_id=888"},"modified":"2026-03-27T14:10:34","modified_gmt":"2026-03-27T13:10:34","slug":"golf-reims","status":"publish","type":"page","link":"https:\/\/ligue-golfgrandest.org\/index.php\/clubs\/champagne-ardenne\/golf-reims\/","title":{"rendered":"Golf Reims"},"content":{"rendered":"\n<div class=\"wp-block-columns is-layout-flex wp-container-core-columns-is-layout-9d6595d7 wp-block-columns-is-layout-flex\">\n<div class=\"wp-block-column is-layout-flow wp-block-column-is-layout-flow\">\n<figure class=\"wp-block-image size-full\"><img loading=\"lazy\" decoding=\"async\" width=\"250\" height=\"160\" src=\"https:\/\/ligue-golfgrandest.org\/wp-content\/uploads\/2022\/02\/GOLF-DE-REMS-LOGO.jpg\" alt=\"\" class=\"wp-image-38211\"\/><\/figure>\n<\/div>\n\n\n\n<div class=\"wp-block-column is-layout-flow wp-block-column-is-layout-flow\">\n<h3 class=\"wp-block-heading\" id=\"asso-sportive\">Asso. Sportive<\/h3>\n\n\n\n<p>Rue Le Ch\u00e2teau des Dames de France,<br>51390 Gueux<br>Pr\u00e9sident AS: Philippe PIETTE<br><a href=\"https:\/\/golf-de-reims.com\/association\/asngr\/\" target=\"_blank\" rel=\"noreferrer noopener\">https:\/\/golf-de-reims.com\/association\/asngr\/<\/a><\/p>\n\n\n\n<p><a href=\"https:\/\/golf-de-reims.com\/competitions\/\">D\u00e9parts comp\u00e9titions<\/a><br><a href=\"https:\/\/golf-de-reims.com\/competitions\/\">R\u00e9sultats comp\u00e9titions<\/a><\/p>\n<\/div>\n\n\n\n<div class=\"wp-block-column is-layout-flow wp-block-column-is-layout-flow\">\n<h3 class=\"wp-block-heading\" id=\"le-club\">Le club<\/h3>\n\n\n\n<p>1 parcours 18 trous<br>1 practice<br>1 pro-shop<br>1 Brasserie &#8211; restaurant<br>Directeur : S\u00e9bastien RIZIERI<br><a href=\"mailto:contact@golfdereims.com\">contact@golfdereims.com<\/a><br><a rel=\"noreferrer noopener\" href=\"http:\/\/www.golf-de-reims.com\" target=\"_blank\">www.golf-de-reims.com<\/a><br>Facebook : <a href=\"https:\/\/www.facebook.com\/golfdereimsofficiel\/\">Golf de Reims<\/a><br>03.26.05.46.10<\/p>\n<\/div>\n<\/div>\n\n\n\n<figure class=\"wp-block-gallery has-nested-images columns-default is-cropped wp-block-gallery-1 is-layout-flex wp-block-gallery-is-layout-flex\">\n<figure class=\"wp-block-image size-full\"><a href=\"https:\/\/ligue-golfgrandest.org\/wp-content\/uploads\/2017\/02\/02-golf-de-reims-800.jpg\"><img loading=\"lazy\" decoding=\"async\" width=\"800\" height=\"600\" data-id=\"1898\" src=\"https:\/\/ligue-golfgrandest.org\/wp-content\/uploads\/2017\/02\/02-golf-de-reims-800.jpg\" alt=\"\" class=\"wp-image-1898\" srcset=\"https:\/\/ligue-golfgrandest.org\/wp-content\/uploads\/2017\/02\/02-golf-de-reims-800.jpg 800w, https:\/\/ligue-golfgrandest.org\/wp-content\/uploads\/2017\/02\/02-golf-de-reims-800-350x263.jpg 350w, https:\/\/ligue-golfgrandest.org\/wp-content\/uploads\/2017\/02\/02-golf-de-reims-800-768x576.jpg 768w\" sizes=\"auto, (max-width: 800px) 100vw, 800px\" \/><\/a><\/figure>\n\n\n\n<figure class=\"wp-block-image size-full\"><a href=\"https:\/\/ligue-golfgrandest.org\/wp-content\/uploads\/2017\/02\/02-Golf-de-Reims-800-2.jpeg\"><img loading=\"lazy\" decoding=\"async\" width=\"800\" height=\"600\" data-id=\"1897\" src=\"https:\/\/ligue-golfgrandest.org\/wp-content\/uploads\/2017\/02\/02-Golf-de-Reims-800-2.jpeg\" alt=\"\" class=\"wp-image-1897\" srcset=\"https:\/\/ligue-golfgrandest.org\/wp-content\/uploads\/2017\/02\/02-Golf-de-Reims-800-2.jpeg 800w, https:\/\/ligue-golfgrandest.org\/wp-content\/uploads\/2017\/02\/02-Golf-de-Reims-800-2-350x263.jpeg 350w, https:\/\/ligue-golfgrandest.org\/wp-content\/uploads\/2017\/02\/02-Golf-de-Reims-800-2-768x576.jpeg 768w\" sizes=\"auto, (max-width: 800px) 100vw, 800px\" \/><\/a><\/figure>\n\n\n\n<figure class=\"wp-block-image size-full\"><a href=\"https:\/\/ligue-golfgrandest.org\/wp-content\/uploads\/2017\/01\/02-Golf-de-Reims-8001.jpg\"><img loading=\"lazy\" decoding=\"async\" width=\"800\" height=\"600\" data-id=\"1894\" src=\"https:\/\/ligue-golfgrandest.org\/wp-content\/uploads\/2017\/01\/02-Golf-de-Reims-8001.jpg\" alt=\"\" class=\"wp-image-1894\" srcset=\"https:\/\/ligue-golfgrandest.org\/wp-content\/uploads\/2017\/01\/02-Golf-de-Reims-8001.jpg 800w, https:\/\/ligue-golfgrandest.org\/wp-content\/uploads\/2017\/01\/02-Golf-de-Reims-8001-350x263.jpg 350w, https:\/\/ligue-golfgrandest.org\/wp-content\/uploads\/2017\/01\/02-Golf-de-Reims-8001-768x576.jpg 768w\" sizes=\"auto, (max-width: 800px) 100vw, 800px\" \/><\/a><\/figure>\n<\/figure>\n\n\n\n<iframe src=\"https:\/\/www.google.com\/maps\/embed?pb=!1m18!1m12!1m3!1d9214.75203624564!2d3.9028711677132297!3d49.24720471736762!2m3!1f0!2f0!3f0!3m2!1i1024!2i768!4f13.1!3m3!1m2!1s0x47e90bc5707ca1bf%3A0xf652fd80c3826852!2sGolf%20de%20Reims%20-%20Marne%20-%20Champagne%20Ardenne%20-%20Grand%20Est!5e0!3m2!1sfr!2sfr!4v1644238328653!5m2!1sfr!2sfr\" width=\"100%\" height=\"450\" style=\"border:0;\" allowfullscreen=\"\" loading=\"lazy\"><\/iframe>\n","protected":false},"excerpt":{"rendered":"<p>Asso. Sportive Rue Le Ch\u00e2teau des Dames de France,51390 GueuxPr\u00e9sident AS: Philippe PIETTEhttps:\/\/golf-de-reims.com\/association\/asngr\/ D\u00e9parts comp\u00e9titionsR\u00e9sultats comp\u00e9titions Le club 1 parcours 18 trous1 practice1 pro-shop1 Brasserie &#8211; restaurantDirecteur : S\u00e9bastien RIZIERIcontact@golfdereims.comwww.golf-de-reims.comFacebook : Golf de Reims03.26.05.46.10<\/p>\n","protected":false},"author":3,"featured_media":0,"parent":139,"menu_order":2,"comment_status":"closed","ping_status":"closed","template":"page-templates\/page-full-width.php","meta":{"footnotes":""},"class_list":["post-888","page","type-page","status-publish","hentry"],"_links":{"self":[{"href":"https:\/\/ligue-golfgrandest.org\/index.php\/wp-json\/wp\/v2\/pages\/888","targetHints":{"allow":["GET"]}}],"collection":[{"href":"https:\/\/ligue-golfgrandest.org\/index.php\/wp-json\/wp\/v2\/pages"}],"about":[{"href":"https:\/\/ligue-golfgrandest.org\/index.php\/wp-json\/wp\/v2\/types\/page"}],"author":[{"embeddable":true,"href":"https:\/\/ligue-golfgrandest.org\/index.php\/wp-json\/wp\/v2\/users\/3"}],"replies":[{"embeddable":true,"href":"https:\/\/ligue-golfgrandest.org\/index.php\/wp-json\/wp\/v2\/comments?post=888"}],"version-history":[{"count":1,"href":"https:\/\/ligue-golfgrandest.org\/index.php\/wp-json\/wp\/v2\/pages\/888\/revisions"}],"predecessor-version":[{"id":62117,"href":"https:\/\/ligue-golfgrandest.org\/index.php\/wp-json\/wp\/v2\/pages\/888\/revisions\/62117"}],"up":[{"embeddable":true,"href":"https:\/\/ligue-golfgrandest.org\/index.php\/wp-json\/wp\/v2\/pages\/139"}],"wp:attachment":[{"href":"https:\/\/ligue-golfgrandest.org\/index.php\/wp-json\/wp\/v2\/media?parent=888"}],"curies":[{"name":"wp","href":"https:\/\/api.w.org\/{rel}","templated":true}]}}