{"id":87,"date":"2017-01-19T19:55:55","date_gmt":"2017-01-19T18:55:55","guid":{"rendered":"http:\/\/ligue-golfgrandest.org\/?page_id=87"},"modified":"2026-02-23T09:34:40","modified_gmt":"2026-02-23T08:34:40","slug":"dames","status":"publish","type":"page","link":"https:\/\/ligue-golfgrandest.org\/index.php\/competitions\/dames\/","title":{"rendered":"DAMES | COMPETITIONS DE LIGUE"},"content":{"rendered":"\n<div class=\"wp-block-columns is-layout-flex wp-container-core-columns-is-layout-9d6595d7 wp-block-columns-is-layout-flex\">\n<div class=\"wp-block-column is-layout-flow wp-block-column-is-layout-flow\" style=\"flex-basis:33.33%\">\n<figure class=\"wp-block-image size-full wp-duotone-unset-1\"><a href=\"https:\/\/ligue-golfgrandest.org\/wp-content\/uploads\/2026\/01\/CIRCUIT-DES-GRANDS-PRIX.jpg\"><img loading=\"lazy\" decoding=\"async\" width=\"1810\" height=\"2560\" src=\"https:\/\/ligue-golfgrandest.org\/wp-content\/uploads\/2026\/01\/CIRCUIT-DES-GRANDS-PRIX.jpg\" alt=\"\" class=\"wp-image-61279\" srcset=\"https:\/\/ligue-golfgrandest.org\/wp-content\/uploads\/2026\/01\/CIRCUIT-DES-GRANDS-PRIX.jpg 1810w, https:\/\/ligue-golfgrandest.org\/wp-content\/uploads\/2026\/01\/CIRCUIT-DES-GRANDS-PRIX-212x300.jpg 212w, https:\/\/ligue-golfgrandest.org\/wp-content\/uploads\/2026\/01\/CIRCUIT-DES-GRANDS-PRIX-848x1200.jpg 848w, https:\/\/ligue-golfgrandest.org\/wp-content\/uploads\/2026\/01\/CIRCUIT-DES-GRANDS-PRIX-768x1086.jpg 768w, https:\/\/ligue-golfgrandest.org\/wp-content\/uploads\/2026\/01\/CIRCUIT-DES-GRANDS-PRIX-1086x1536.jpg 1086w, https:\/\/ligue-golfgrandest.org\/wp-content\/uploads\/2026\/01\/CIRCUIT-DES-GRANDS-PRIX-1448x2048.jpg 1448w\" sizes=\"auto, (max-width: 1810px) 100vw, 1810px\" \/><\/a><\/figure>\n<\/div>\n\n\n\n<div class=\"wp-block-column is-layout-flow wp-block-column-is-layout-flow\" style=\"flex-basis:66.66%\">\n<h2 class=\"wp-block-heading\">CHAMPIONNAT DE LIGUE INDIVIDUEL DAMES <\/h2>\n\n\n\n<p><strong>Depuis 2024<\/strong> : les titres de champions de Ligue Messieurs et Dames, Mid-Amateurs Messieurs et Dames, Seniors Messieurs et Dames, sont attribu\u00e9s aux joueurs ayant rapport\u00e9 le plus de points sur les \u00e9preuves f\u00e9d\u00e9rales individuelles de leur cat\u00e9gorie sur la saison, \u00e0 savoir les Grands Prix, les Classic Mid-Amateurs et les Grands Prix Seniors de la Ligue.<\/p>\n\n\n\n<p>Le r\u00e8glement complet du circuit des Grands Prix et Championnat Individuel est consultable <strong>ICI<\/strong><\/p>\n\n\n\n<p><a href=\"https:\/\/ligue-golfgrandest.org\/wp-content\/uploads\/2026\/01\/CIRCUIT-DES-GRANDS-PRIX.pdf\">Affiche Circuit des GP 2026<\/a> |<\/p>\n<\/div>\n<\/div>\n\n\n\n<hr class=\"wp-block-separator has-alpha-channel-opacity\"\/>\n\n\n\n<div class=\"wp-block-columns is-layout-flex wp-container-core-columns-is-layout-9d6595d7 wp-block-columns-is-layout-flex\">\n<div class=\"wp-block-column is-layout-flow wp-block-column-is-layout-flow\" style=\"flex-basis:66.66%\">\n<h2 class=\"wp-block-heading\">CHAMPIONNAT DE LIGUE PAR EQUIPE DAMES<\/h2>\n\n\n\n<p>1\u00e8re et 2\u00e8me Division | 2 et 3 mai 2026 | Sarrebourg (57)<\/p>\n\n\n\n<p><mark style=\"background-color:rgba(0, 0, 0, 0)\" class=\"has-inline-color has-vivid-red-color\"><strong>Tableau officiel virtuel<\/strong> <strong>&lt;&lt; Padlet &gt;&gt;<\/strong><\/mark><\/p>\n\n\n\n<p class=\"has-medium-font-size\"><strong>PREMIERE DIVISION<\/strong> <\/p>\n\n\n\n<p class=\"has-black-color has-text-color\">Les \u00e9quipes de 1\u00e8re division |<\/p>\n\n\n\n<p><a href=\"https:\/\/ligue-golfgrandest.org\/wp-content\/uploads\/2026\/02\/Ch-de-Ligue-par-equipes-dames-1ere-div.pdf\">R\u00e8glement 1\u00e8re division<\/a> |<\/p>\n\n\n\n<p class=\"has-medium-font-size\"><strong>DEUXIEME DIVISION<\/strong><\/p>\n\n\n\n<p class=\"has-black-color has-text-color\">Les \u00e9quipes de 2e division |<\/p>\n\n\n\n<p><a href=\"https:\/\/ligue-golfgrandest.org\/wp-content\/uploads\/2026\/02\/Ch-de-Ligue-par-equipes-dames-2e-div.pdf\">R\u00e8glement 2e division<\/a> |<\/p>\n<\/div>\n<\/div>\n\n\n\n<hr class=\"wp-block-separator has-alpha-channel-opacity\"\/>\n\n\n\n<div class=\"wp-block-columns is-layout-flex wp-container-core-columns-is-layout-9d6595d7 wp-block-columns-is-layout-flex\">\n<div class=\"wp-block-column is-layout-flow wp-block-column-is-layout-flow\" style=\"flex-basis:66.66%\">\n<h2 class=\"wp-block-heading\">CHAMPIONNAT DE LIGUE FOURSOME DAMES PAR EQUIPE<\/h2>\n\n\n\n<p>samedi 30 mai 2026<\/p>\n\n\n\n<p>Golf de Metz Ch\u00e9risey (57)<\/p>\n\n\n\n<p><a href=\"https:\/\/ligue-golfgrandest.org\/wp-content\/uploads\/2026\/02\/Ch-de-Ligue-par-equipes-foursome-dames.pdf\">R\u00e8glement<\/a> |<\/p>\n<\/div>\n<\/div>\n\n\n\n<hr class=\"wp-block-separator has-alpha-channel-opacity\"\/>\n\n\n\n<hr class=\"wp-block-separator has-alpha-channel-opacity\"\/>\n\n\n\n<h2 class=\"wp-block-heading has-cyan-bluish-gray-color has-text-color has-link-color wp-elements-1cc449882f9a4a22c838e3ed6d527a88\">R\u00e9sultats 2025<\/h2>\n\n\n<p>CHAMPIONNAT DE LIGUE INDIVIDUEL DAMES | <a href=\"https:\/\/ligue-golfgrandest.org\/wp-content\/uploads\/2024\/04\/Bareme-des-points-Dames.pdf\">Bar\u00e8me des points Dames<\/a> | <a href=\"https:\/\/ligue-golfgrandest.org\/wp-content\/uploads\/2025\/11\/GP-2025-GRAND-EST_-CIRCUITS-POINTS_DAMES_FINAL.pdf\">Classement Dames au FINAL<\/a><\/p>\n<p>CHAMPIONNAT DE LIGUE PAR EQUIPE DAMES | 1\u00e8re Division &#8211; <a href=\"https:\/\/ligue-golfgrandest.org\/wp-content\/uploads\/2025\/04\/1RE-DIV-CLASSEMENT-SP.pdf\">Qualif SP 1re div<\/a> | <a href=\"https:\/\/ligue-golfgrandest.org\/wp-content\/uploads\/2025\/04\/1RE-DIV-score-detailles.pdf\">scores d\u00e9taill\u00e9s 1re div<\/a> | <a href=\"https:\/\/ligue-golfgrandest.org\/wp-content\/uploads\/2025\/04\/Classement_individuel___Div_1.pdf\">Classement indiv 1re div<\/a> | <a href=\"https:\/\/ligue-golfgrandest.org\/wp-content\/uploads\/2025\/04\/1RE-DIV-TABLEAU-MP.pdf\">Tableau MP 1re div<\/a> | <a href=\"https:\/\/ligue-golfgrandest.org\/wp-content\/uploads\/2025\/04\/Div_1___Finale.pdf\">Finale<\/a> | <a href=\"https:\/\/ligue-golfgrandest.org\/wp-content\/uploads\/2025\/04\/Div_1___Barrage_1.pdf\">Barrage 1<\/a> | <a href=\"https:\/\/ligue-golfgrandest.org\/wp-content\/uploads\/2025\/04\/Div_1___Barrage_2.pdf\">Barrage 2<\/a> | <a href=\"https:\/\/ligue-golfgrandest.org\/wp-content\/uploads\/2025\/04\/Div_1___Barrage_3.pdf\">Barrage 3<\/a> |<br \/>2\u00e8me Division &#8211; <a href=\"https:\/\/ligue-golfgrandest.org\/wp-content\/uploads\/2025\/04\/2_me_Div___Qualification.pdf\">Qualifi SP 2e div<\/a> | <a href=\"https:\/\/ligue-golfgrandest.org\/wp-content\/uploads\/2025\/04\/2_me_Div___score-detailles.pdf\">scores d\u00e9taill\u00e9s 2e div<\/a> | <a href=\"https:\/\/ligue-golfgrandest.org\/wp-content\/uploads\/2025\/04\/Classement_individuel___Div_2.pdf\">Classement indiv 2e div <\/a>| <a href=\"https:\/\/ligue-golfgrandest.org\/wp-content\/uploads\/2025\/04\/tableau-MP-2E-DIV.pdf\">Tableau MP 2e div<\/a> | <a href=\"https:\/\/ligue-golfgrandest.org\/wp-content\/uploads\/2025\/04\/Div_2___Match_1.pdf\">Match 1<\/a> | <a href=\"https:\/\/ligue-golfgrandest.org\/wp-content\/uploads\/2025\/04\/Div_2___Match_2.pdf\">Match 2<\/a> | <a href=\"https:\/\/ligue-golfgrandest.org\/wp-content\/uploads\/2025\/04\/Div_2___Match_3.pdf\">Match 3<\/a> | <a href=\"https:\/\/ligue-golfgrandest.org\/wp-content\/uploads\/2025\/04\/Div_2___Match_4.pdf\">Match 4<\/a> |<\/p>\n<p>CHAMPIONNAT DE LIGUE FOURSOME DAMES | <a href=\"https:\/\/ligue-golfgrandest.org\/wp-content\/uploads\/2025\/06\/250607-LGE-Foursome-Dames-CLASSEMENT.pdf\">Classement final<\/a> | <a href=\"https:\/\/ligue-golfgrandest.org\/wp-content\/uploads\/2025\/06\/250607-LGE-Foursome-Dames-scores-detailles.pdf\">R\u00e9sultats d\u00e9taill\u00e9s<\/a> |<\/p>\n\n\n<hr class=\"wp-block-separator has-alpha-channel-opacity\"\/>\n\n\n\n<h2 class=\"wp-block-heading has-cyan-bluish-gray-color has-text-color has-link-color wp-elements-db5f94ab874e964708e78b5d6443c216\">R\u00e9sultats 2024<\/h2>\n\n\n<p>CHAMPIONNAT DE LIGUE INDIVIDUEL DAMES |\u00a0<a href=\"https:\/\/ligue-golfgrandest.org\/wp-content\/uploads\/2024\/11\/DAMES_GP-2024-GRAND-EST_-CIRCUITS-POINTS-au10_11.pdf\">Classement Dames FINAL<\/a><\/p>\n<p>CHAMPIONNAT DE LIGUE PAR EQUIPE DAMES | 1\u00e8re Division &#8211; <a href=\"https:\/\/ligue-golfgrandest.org\/wp-content\/uploads\/2024\/04\/2024_LGE-EQUIPES-DAMES-1RE-DIV-CLASSEMENT-SP-1ER-DIV.pdf\">Classement Stroke play<\/a> | <a href=\"https:\/\/ligue-golfgrandest.org\/wp-content\/uploads\/2024\/04\/2024_LGE-EQUIPES-DAMES-1RE-DIV-DETAILS-SP.pdf\">R\u00e9sultats d\u00e9taill\u00e9s Stroke play<\/a> | <a href=\"https:\/\/ligue-golfgrandest.org\/wp-content\/uploads\/2024\/04\/2024_LGE-EQUIPES-DAMES-1RE-DIV-TABLEAU-MP-1RE-DIV.pdf\">Tableau Match Play<\/a> |<br \/>2\u00e8me Division &#8211; <a href=\"https:\/\/ligue-golfgrandest.org\/wp-content\/uploads\/2024\/04\/2024_LGE-EQUIPES-DAMES-2E-DIV-CLASSEMENT-GENERAL.pdf\">R\u00e9sultat final 2e division<\/a> | <a href=\"https:\/\/ligue-golfgrandest.org\/wp-content\/uploads\/2024\/04\/2024_LGE-EQUIPES-DAMES-2E-DIV-SCORES-DETAILLES.pdf\">D\u00e9tail r\u00e9sultats 2e division<\/a> |<\/p>\n<p>CHAMPIONNAT DE LIGUE FOURSOME DAMES | <strong><a href=\"https:\/\/ligue-golfgrandest.org\/wp-content\/uploads\/2024\/05\/240525-LGE-Foursome-Dames-DETAIL-SCORES-.pdf\">R\u00e9sultats d\u00e9taill\u00e9s<\/a> <\/strong> | <a href=\"https:\/\/ligue-golfgrandest.org\/wp-content\/uploads\/2024\/05\/240525-LGE-Foursome-Dames-CLASSEMENT-.pdf\"><strong>Classement<\/strong><\/a><\/p>\n\n\n<p><\/p>\n","protected":false},"excerpt":{"rendered":"<p>CHAMPIONNAT DE LIGUE INDIVIDUEL DAMES Depuis 2024 : les titres de champions de Ligue Messieurs et Dames, Mid-Amateurs Messieurs et Dames, Seniors Messieurs et Dames, sont attribu\u00e9s aux joueurs ayant rapport\u00e9 le plus de points sur les \u00e9preuves f\u00e9d\u00e9rales individuelles de leur cat\u00e9gorie sur la saison, \u00e0 savoir les Grands Prix, les Classic Mid-Amateurs et [&hellip;]<\/p>\n","protected":false},"author":3,"featured_media":0,"parent":77,"menu_order":1,"comment_status":"closed","ping_status":"closed","template":"page-templates\/page-full-width.php","meta":{"footnotes":""},"class_list":["post-87","page","type-page","status-publish","hentry"],"_links":{"self":[{"href":"https:\/\/ligue-golfgrandest.org\/index.php\/wp-json\/wp\/v2\/pages\/87","targetHints":{"allow":["GET"]}}],"collection":[{"href":"https:\/\/ligue-golfgrandest.org\/index.php\/wp-json\/wp\/v2\/pages"}],"about":[{"href":"https:\/\/ligue-golfgrandest.org\/index.php\/wp-json\/wp\/v2\/types\/page"}],"author":[{"embeddable":true,"href":"https:\/\/ligue-golfgrandest.org\/index.php\/wp-json\/wp\/v2\/users\/3"}],"replies":[{"embeddable":true,"href":"https:\/\/ligue-golfgrandest.org\/index.php\/wp-json\/wp\/v2\/comments?post=87"}],"version-history":[{"count":33,"href":"https:\/\/ligue-golfgrandest.org\/index.php\/wp-json\/wp\/v2\/pages\/87\/revisions"}],"predecessor-version":[{"id":61678,"href":"https:\/\/ligue-golfgrandest.org\/index.php\/wp-json\/wp\/v2\/pages\/87\/revisions\/61678"}],"up":[{"embeddable":true,"href":"https:\/\/ligue-golfgrandest.org\/index.php\/wp-json\/wp\/v2\/pages\/77"}],"wp:attachment":[{"href":"https:\/\/ligue-golfgrandest.org\/index.php\/wp-json\/wp\/v2\/media?parent=87"}],"curies":[{"name":"wp","href":"https:\/\/api.w.org\/{rel}","templated":true}]}}