{"id":868,"date":"2017-02-24T10:04:09","date_gmt":"2017-02-24T09:04:09","guid":{"rendered":"http:\/\/ligue-golfgrandest.org\/?page_id=868"},"modified":"2024-11-04T15:02:02","modified_gmt":"2024-11-04T14:02:02","slug":"golf-bezannes","status":"publish","type":"page","link":"https:\/\/ligue-golfgrandest.org\/index.php\/clubs\/champagne-ardenne\/golf-bezannes\/","title":{"rendered":"UGolf Reims-Bezannes"},"content":{"rendered":"\n<div class=\"wp-block-columns is-layout-flex wp-container-core-columns-is-layout-9d6595d7 wp-block-columns-is-layout-flex\">\n<div class=\"wp-block-column is-layout-flow wp-block-column-is-layout-flow\"><div class=\"wp-block-image\">\n<figure class=\"alignleft size-full\"><img loading=\"lazy\" decoding=\"async\" width=\"250\" height=\"160\" src=\"https:\/\/ligue-golfgrandest.org\/wp-content\/uploads\/2023\/03\/REIMS-BEZANNES-AS...jpg\" alt=\"\" class=\"wp-image-46457\"\/><\/figure><\/div><\/div>\n\n\n\n<div class=\"wp-block-column is-layout-flow wp-block-column-is-layout-flow\">\n<h3 class=\"wp-block-heading\" id=\"asso-sportive\">Asso. Sportive<\/h3>\n\n\n\n<p>151, rue Louis Victor de Broglie<br>51430 BEZANNES<br>Pr\u00e9sidente (AS) : Val\u00e9rie LEGAT<br><a href=\"mailto:association@dailygolf-bezannes.fr\">association@dailygolf-bezannes.fr<\/a><br><a href=\"https:\/\/jouer.golf\/golf\/ugolf-reims-bezannes\/\" target=\"_blank\" rel=\"noreferrer noopener\">https:\/\/jouer.golf\/golf\/ugolf-reims-bezannes\/<\/a><\/p>\n\n\n\n<p><a href=\"https:\/\/web.ffgolf.org\/ffgolf\/tee\/tee.php?gk=d1d672c9e75d05dffb9cdf71bd76408c\">D\u00e9parts comp\u00e9titions<\/a><br><a href=\"https:\/\/web.ffgolf.org\/resultats\/listcompet.php?gk=d1d672c9e75d05dffb9cdf71bd76408c\">R\u00e9sultats comp\u00e9titions<\/a><\/p>\n<\/div>\n\n\n\n<div class=\"wp-block-column is-layout-flow wp-block-column-is-layout-flow\">\n<h3 class=\"wp-block-heading\" id=\"le-club\">Le club<\/h3>\n\n\n\n<p>1 parcours 9 Trous<br>Responsable Golf : Sarah ANTOINE<br><a href=\"mailto:contact.bezannes@ugolf.eu\">contact.bezannes@ugolf.eu<\/a><br><a href=\"https:\/\/jouer.golf\/bezannes\">https:\/\/jouer.golf\/bezannes<\/a><br>03 26 85 19 50<br>Facebook : <a href=\"https:\/\/www.facebook.com\/golfreimsbezannes\/\">UGOLF de Reims Bezannes<\/a><\/p>\n<\/div>\n<\/div>\n\n\n\n<figure class=\"wp-block-gallery has-nested-images columns-default is-cropped wp-block-gallery-1 is-layout-flex wp-block-gallery-is-layout-flex\">\n<figure class=\"wp-block-image size-full\"><a href=\"https:\/\/ligue-golfgrandest.org\/wp-content\/uploads\/2017\/02\/07-Bezannes-3-1.jpg\"><img loading=\"lazy\" decoding=\"async\" width=\"800\" height=\"600\" data-id=\"2376\" src=\"https:\/\/ligue-golfgrandest.org\/wp-content\/uploads\/2017\/02\/07-Bezannes-3-1.jpg\" alt=\"\" class=\"wp-image-2376\" srcset=\"https:\/\/ligue-golfgrandest.org\/wp-content\/uploads\/2017\/02\/07-Bezannes-3-1.jpg 800w, https:\/\/ligue-golfgrandest.org\/wp-content\/uploads\/2017\/02\/07-Bezannes-3-1-350x263.jpg 350w, https:\/\/ligue-golfgrandest.org\/wp-content\/uploads\/2017\/02\/07-Bezannes-3-1-768x576.jpg 768w\" sizes=\"auto, (max-width: 800px) 100vw, 800px\" \/><\/a><\/figure>\n\n\n\n<figure class=\"wp-block-image size-full\"><a href=\"https:\/\/ligue-golfgrandest.org\/wp-content\/uploads\/2017\/02\/07-Bezannes-2-2.jpg\"><img loading=\"lazy\" decoding=\"async\" width=\"800\" height=\"600\" data-id=\"2375\" src=\"https:\/\/ligue-golfgrandest.org\/wp-content\/uploads\/2017\/02\/07-Bezannes-2-2.jpg\" alt=\"\" class=\"wp-image-2375\" srcset=\"https:\/\/ligue-golfgrandest.org\/wp-content\/uploads\/2017\/02\/07-Bezannes-2-2.jpg 800w, https:\/\/ligue-golfgrandest.org\/wp-content\/uploads\/2017\/02\/07-Bezannes-2-2-350x263.jpg 350w, https:\/\/ligue-golfgrandest.org\/wp-content\/uploads\/2017\/02\/07-Bezannes-2-2-768x576.jpg 768w\" sizes=\"auto, (max-width: 800px) 100vw, 800px\" \/><\/a><\/figure>\n\n\n\n<figure class=\"wp-block-image size-full\"><a href=\"https:\/\/ligue-golfgrandest.org\/wp-content\/uploads\/2017\/02\/07-Bezannes-1-1.jpg\"><img loading=\"lazy\" decoding=\"async\" width=\"800\" height=\"600\" data-id=\"2377\" src=\"https:\/\/ligue-golfgrandest.org\/wp-content\/uploads\/2017\/02\/07-Bezannes-1-1.jpg\" alt=\"\" class=\"wp-image-2377\" srcset=\"https:\/\/ligue-golfgrandest.org\/wp-content\/uploads\/2017\/02\/07-Bezannes-1-1.jpg 800w, https:\/\/ligue-golfgrandest.org\/wp-content\/uploads\/2017\/02\/07-Bezannes-1-1-350x263.jpg 350w, https:\/\/ligue-golfgrandest.org\/wp-content\/uploads\/2017\/02\/07-Bezannes-1-1-768x576.jpg 768w\" sizes=\"auto, (max-width: 800px) 100vw, 800px\" \/><\/a><\/figure>\n<\/figure>\n\n\n\n<iframe src=\"https:\/\/www.google.com\/maps\/embed?pb=!1m18!1m12!1m3!1d138200.08582258786!2d3.9475960450871828!3d49.232844110048475!2m3!1f0!2f0!3f0!3m2!1i1024!2i768!4f13.1!3m3!1m2!1s0x47e9749da7b1052d%3A0xf4a163f4fcdecac!2sUGOLF%20Reims-Bezannes%20-%20Golf%20de%20Reims!5e0!3m2!1sfr!2sfr!4v1644239308198!5m2!1sfr!2sfr\" width=\"100%\" height=\"450\" style=\"border:0;\" allowfullscreen=\"\" loading=\"lazy\"><\/iframe>\n","protected":false},"excerpt":{"rendered":"<p>Asso. Sportive 151, rue Louis Victor de Broglie51430 BEZANNESPr\u00e9sidente (AS) : Val\u00e9rie LEGATassociation@dailygolf-bezannes.frhttps:\/\/jouer.golf\/golf\/ugolf-reims-bezannes\/ D\u00e9parts comp\u00e9titionsR\u00e9sultats comp\u00e9titions Le club 1 parcours 9 TrousResponsable Golf : Sarah ANTOINEcontact.bezannes@ugolf.euhttps:\/\/jouer.golf\/bezannes03 26 85 19 50Facebook : UGOLF de Reims Bezannes<\/p>\n","protected":false},"author":3,"featured_media":0,"parent":139,"menu_order":7,"comment_status":"closed","ping_status":"closed","template":"page-templates\/page-full-width.php","meta":{"footnotes":""},"class_list":["post-868","page","type-page","status-publish","hentry"],"_links":{"self":[{"href":"https:\/\/ligue-golfgrandest.org\/index.php\/wp-json\/wp\/v2\/pages\/868","targetHints":{"allow":["GET"]}}],"collection":[{"href":"https:\/\/ligue-golfgrandest.org\/index.php\/wp-json\/wp\/v2\/pages"}],"about":[{"href":"https:\/\/ligue-golfgrandest.org\/index.php\/wp-json\/wp\/v2\/types\/page"}],"author":[{"embeddable":true,"href":"https:\/\/ligue-golfgrandest.org\/index.php\/wp-json\/wp\/v2\/users\/3"}],"replies":[{"embeddable":true,"href":"https:\/\/ligue-golfgrandest.org\/index.php\/wp-json\/wp\/v2\/comments?post=868"}],"version-history":[{"count":0,"href":"https:\/\/ligue-golfgrandest.org\/index.php\/wp-json\/wp\/v2\/pages\/868\/revisions"}],"up":[{"embeddable":true,"href":"https:\/\/ligue-golfgrandest.org\/index.php\/wp-json\/wp\/v2\/pages\/139"}],"wp:attachment":[{"href":"https:\/\/ligue-golfgrandest.org\/index.php\/wp-json\/wp\/v2\/media?parent=868"}],"curies":[{"name":"wp","href":"https:\/\/api.w.org\/{rel}","templated":true}]}}