{"id":8610,"date":"2018-02-22T11:11:52","date_gmt":"2018-02-22T10:11:52","guid":{"rendered":"http:\/\/ligue-golfgrandest.org\/?page_id=8610"},"modified":"2026-04-20T10:52:14","modified_gmt":"2026-04-20T08:52:14","slug":"aube-10","status":"publish","type":"page","link":"https:\/\/ligue-golfgrandest.org\/index.php\/comites-dpt\/aube-10\/","title":{"rendered":"CT AUBE\/HAUTE-MARNE | 10\/52"},"content":{"rendered":"\n<div class=\"wp-block-columns is-layout-flex wp-container-core-columns-is-layout-9d6595d7 wp-block-columns-is-layout-flex\">\n<div class=\"wp-block-column is-layout-flow wp-block-column-is-layout-flow\" style=\"flex-basis:33.33%\">\n<figure class=\"wp-block-image size-large\"><img decoding=\"async\" src=\"https:\/\/ligue-golfgrandest.org\/wp-content\/uploads\/2021\/01\/CT-10-52.jpg\" alt=\"\" class=\"wp-image-1769\"\/><\/figure>\n<\/div>\n\n\n\n<div class=\"wp-block-column is-layout-flow wp-block-column-is-layout-flow\" style=\"flex-basis:66.66%\">\n<h3 class=\"wp-block-heading has-black-color has-text-color\" id=\"comite-territorial-de-golf-aube-haute-marne\">Comit\u00e9 Territorial de Golf Aube\/Haute-Marne<\/h3>\n\n\n\n<p>All\u00e9e de Saint Andrews<br>10 140 VENDEUVRE SUR BARSE<br>06 85 22 05 95 <br><a href=\"mailto:cgirardeau10@aol.com\">cgirardeau10@aol.com<\/a><br><strong>Facebook<\/strong> : <a href=\"https:\/\/www.facebook.com\/profile.php?id=100069685962433\">Comit\u00e9 Territorial de Golf Aube et Haute Marne<\/a><\/p>\n<\/div>\n<\/div>\n\n\n\n<div class=\"wp-block-columns is-layout-flex wp-container-core-columns-is-layout-9d6595d7 wp-block-columns-is-layout-flex\">\n<div class=\"wp-block-column is-layout-flow wp-block-column-is-layout-flow\" style=\"flex-basis:33.33%\">\n<figure class=\"wp-block-image size-large is-resized\"><img loading=\"lazy\" decoding=\"async\" width=\"857\" height=\"1200\" src=\"https:\/\/ligue-golfgrandest.org\/wp-content\/uploads\/2022\/01\/GIRARDEAU-857x1200.jpg\" alt=\"\" class=\"wp-image-37291\" style=\"width:214px;height:300px\" srcset=\"https:\/\/ligue-golfgrandest.org\/wp-content\/uploads\/2022\/01\/GIRARDEAU-857x1200.jpg 857w, https:\/\/ligue-golfgrandest.org\/wp-content\/uploads\/2022\/01\/GIRARDEAU-214x300.jpg 214w, https:\/\/ligue-golfgrandest.org\/wp-content\/uploads\/2022\/01\/GIRARDEAU-768x1075.jpg 768w, https:\/\/ligue-golfgrandest.org\/wp-content\/uploads\/2022\/01\/GIRARDEAU-1097x1536.jpg 1097w, https:\/\/ligue-golfgrandest.org\/wp-content\/uploads\/2022\/01\/GIRARDEAU-1463x2048.jpg 1463w, https:\/\/ligue-golfgrandest.org\/wp-content\/uploads\/2022\/01\/GIRARDEAU-scaled.jpg 1829w\" sizes=\"auto, (max-width: 857px) 100vw, 857px\" \/><figcaption class=\"wp-element-caption\"><strong>Christian GIRARDEAU <\/strong><br>PRESIDENT CT10|52<\/figcaption><\/figure>\n<\/div>\n\n\n\n<div class=\"wp-block-column is-layout-flow wp-block-column-is-layout-flow\" style=\"flex-basis:66.66%\">\n<h3 class=\"wp-block-heading\" id=\"le-comite\">Le Comit\u00e9 <\/h3>\n\n\n\n<ul class=\"wp-block-list\">\n<li><strong>Christian GIRARDEAU<\/strong> : Pr\u00e9sident et Commission Golf Scolaire<\/li>\n\n\n\n<li><strong>Claude CHASSELOUP<\/strong> : Tr\u00e9sorier<\/li>\n\n\n\n<li><strong>Marjorie DEFERT<\/strong> : Secr\u00e9taire<\/li>\n\n\n\n<li><strong>Etienne CAMUS<\/strong> : Membre<\/li>\n\n\n\n<li><strong>Eva ZANCZAK :<\/strong> Commission Label et Jeunes<\/li>\n\n\n\n<li><strong>Jean-Michel ROGER<\/strong> : Membre<\/li>\n\n\n\n<li><strong>Dominique BRNCIC<\/strong> : Commission Sportive<\/li>\n\n\n\n<li><strong>Patrick MOCQUERY<\/strong> : Membre<\/li>\n\n\n\n<li><strong>Xavi\u00e8re COUDERAT : <\/strong>Membre<\/li>\n<\/ul>\n\n\n\n<p><\/p>\n<\/div>\n<\/div>\n\n\n\n<p><\/p>\n\n\n\n<h3 class=\"wp-block-heading\" id=\"les-communiques-du-comite-territorial\">Les communiqu\u00e9s du Comit\u00e9 Territorial<\/h3>\n\n\n\n<p><a href=\"https:\/\/ligue-golfgrandest.org\/wp-content\/uploads\/2026\/03\/CRAG2026.pdf\">PV Assembl\u00e9e G\u00e9n\u00e9rale Ordinaire du 12 f\u00e9vrier 2026<\/a><\/p>\n\n\n\n<p><a href=\"https:\/\/ligue-golfgrandest.org\/wp-content\/uploads\/2025\/03\/Compte-Rendu-de-lAG-Ordinaire-du-CT-03-mars-2025-002.pdf\">PV Assembl\u00e9e G\u00e9n\u00e9rale Ordinaire du 03 mars 2025<\/a><\/p>\n\n\n\n<p><a href=\"https:\/\/ligue-golfgrandest.org\/wp-content\/uploads\/2024\/10\/CT1052-Bilan-activite-2024-ed2.pdf\">Bilan actions 2024<\/a> |<\/p>\n\n\n\n<p>\u00c9LECTIONS 2024 : <a href=\"https:\/\/ligue-golfgrandest.org\/wp-content\/uploads\/2024\/12\/Compte-Rendu-de-lAG-Elective-du-CT-26-oct-2024.pdf\">PV AG \u00e9lective<\/a><\/p>\n\n\n\n<p><a href=\"https:\/\/ligue-golfgrandest.org\/wp-content\/uploads\/2024\/09\/reglement.pdf\">R\u00e8glement des op\u00e9rations \u00e9lectorales<\/a> | <a href=\"https:\/\/ligue-golfgrandest.org\/wp-content\/uploads\/2024\/09\/APPEL-A-CANDIDATURES-.pdf\">Appel \u00e0 candidature<\/a> | <a href=\"https:\/\/ligue-golfgrandest.org\/wp-content\/uploads\/2024\/09\/declaration-sur-lhonneur.pdf\">D\u00e9claration sur l&rsquo;honneur<\/a> | <a href=\"https:\/\/ligue-golfgrandest.org\/wp-content\/uploads\/2024\/10\/2024-Publication-de-la-liste-CT10-52.pdf\">Liste publi\u00e9e<\/a><\/p>\n\n\n\n<p><a href=\"https:\/\/ligue-golfgrandest.org\/wp-content\/uploads\/2024\/07\/Statuts-et-RI-paraphes-et-signes-du-CT-05fevrier24-1.pdf\">Nouveaux Statuts et RI du CR 10\/52<\/a><strong> <\/strong>|<\/p>\n\n\n\n<p>05 f\u00e9vrier 2024 &#8211; <a href=\"https:\/\/ligue-golfgrandest.org\/wp-content\/uploads\/2024\/07\/Compte-Rendu-de-lAG-Ordinaire-du-CT-05-Fevrier-2024-1.pdf\">PV AGO<\/a> | <a href=\"https:\/\/ligue-golfgrandest.org\/wp-content\/uploads\/2024\/07\/Compte-Rendu-de-lAG-Extraordinaire-du-CT-05-Fevrier-2024-1.pdf\">PV AGE<\/a><\/p>\n\n\n\n<p><a href=\"https:\/\/ligue-golfgrandest.org\/wp-content\/uploads\/2023\/03\/Compte-Rendu-de-lAG-du-CT-Janv-2023.pdf\">PV Assembl\u00e9e G\u00e9n\u00e9rale Ordianire du 24 janvier 2023<\/a>&nbsp;|<\/p>\n\n\n\n<p>6 octobre 2021 :&nbsp;<\/p>\n\n\n\n<p>Formation des enseignants le mercredi 6 octobre 2021 au Golf de la For\u00eat d\u2019Orient. Premi\u00e8re formation du Comit\u00e9 Territorial 52\/10 suite \u00e0 la signature en juin dernier de la Convention IA \/ USEP \/ CT. 10 professeurs des \u00e9coles y on particip\u00e9. Tr\u00e8s bon accueil du club de la For\u00eat d\u2019Orient. Formation assur\u00e9e par le pro du club St\u00e9phane Albeau et Nicolas Songy. Tr\u00e8s bon engagement du d\u00e9l\u00e9gu\u00e9 USEP qui laisse penser que c\u2019est le d\u00e9but d\u2019une longue s\u00e9rie. .<\/p>\n\n\n\n<figure class=\"wp-block-gallery has-nested-images columns-7 is-cropped wp-block-gallery-1 is-layout-flex wp-block-gallery-is-layout-flex\">\n<figure class=\"wp-block-image size-large\"><a href=\"https:\/\/ligue-golfgrandest.org\/wp-content\/uploads\/2021\/10\/244200641_161328496186888_8616984603139374472_n-1.jpg\"><img loading=\"lazy\" decoding=\"async\" width=\"720\" height=\"960\" data-id=\"36180\" src=\"https:\/\/ligue-golfgrandest.org\/wp-content\/uploads\/2021\/10\/244200641_161328496186888_8616984603139374472_n-1.jpg\" alt=\"\" class=\"wp-image-36180\" srcset=\"https:\/\/ligue-golfgrandest.org\/wp-content\/uploads\/2021\/10\/244200641_161328496186888_8616984603139374472_n-1.jpg 720w, https:\/\/ligue-golfgrandest.org\/wp-content\/uploads\/2021\/10\/244200641_161328496186888_8616984603139374472_n-1-225x300.jpg 225w\" sizes=\"auto, (max-width: 720px) 100vw, 720px\" \/><\/a><\/figure>\n\n\n\n<figure class=\"wp-block-image size-large\"><a href=\"https:\/\/ligue-golfgrandest.org\/wp-content\/uploads\/2021\/10\/244200641_161328502853554_5607969710070371341_n-1.jpg\"><img loading=\"lazy\" decoding=\"async\" width=\"720\" height=\"960\" data-id=\"36181\" src=\"https:\/\/ligue-golfgrandest.org\/wp-content\/uploads\/2021\/10\/244200641_161328502853554_5607969710070371341_n-1.jpg\" alt=\"\" class=\"wp-image-36181\" srcset=\"https:\/\/ligue-golfgrandest.org\/wp-content\/uploads\/2021\/10\/244200641_161328502853554_5607969710070371341_n-1.jpg 720w, https:\/\/ligue-golfgrandest.org\/wp-content\/uploads\/2021\/10\/244200641_161328502853554_5607969710070371341_n-1-225x300.jpg 225w\" sizes=\"auto, (max-width: 720px) 100vw, 720px\" \/><\/a><\/figure>\n\n\n\n<figure class=\"wp-block-image size-large\"><a href=\"https:\/\/ligue-golfgrandest.org\/wp-content\/uploads\/2021\/10\/244613804_161328639520207_959663873599300689_n-1.jpg\"><img loading=\"lazy\" decoding=\"async\" width=\"960\" height=\"720\" data-id=\"36182\" src=\"https:\/\/ligue-golfgrandest.org\/wp-content\/uploads\/2021\/10\/244613804_161328639520207_959663873599300689_n-1.jpg\" alt=\"\" class=\"wp-image-36182\" srcset=\"https:\/\/ligue-golfgrandest.org\/wp-content\/uploads\/2021\/10\/244613804_161328639520207_959663873599300689_n-1.jpg 960w, https:\/\/ligue-golfgrandest.org\/wp-content\/uploads\/2021\/10\/244613804_161328639520207_959663873599300689_n-1-400x300.jpg 400w, https:\/\/ligue-golfgrandest.org\/wp-content\/uploads\/2021\/10\/244613804_161328639520207_959663873599300689_n-1-768x576.jpg 768w\" sizes=\"auto, (max-width: 960px) 100vw, 960px\" \/><\/a><\/figure>\n\n\n\n<figure class=\"wp-block-image size-large\"><a href=\"https:\/\/ligue-golfgrandest.org\/wp-content\/uploads\/2021\/10\/244617746_161328562853548_1135465399736997686_n-1.jpg\"><img loading=\"lazy\" decoding=\"async\" width=\"960\" height=\"720\" data-id=\"36183\" src=\"https:\/\/ligue-golfgrandest.org\/wp-content\/uploads\/2021\/10\/244617746_161328562853548_1135465399736997686_n-1.jpg\" alt=\"\" class=\"wp-image-36183\" srcset=\"https:\/\/ligue-golfgrandest.org\/wp-content\/uploads\/2021\/10\/244617746_161328562853548_1135465399736997686_n-1.jpg 960w, https:\/\/ligue-golfgrandest.org\/wp-content\/uploads\/2021\/10\/244617746_161328562853548_1135465399736997686_n-1-400x300.jpg 400w, https:\/\/ligue-golfgrandest.org\/wp-content\/uploads\/2021\/10\/244617746_161328562853548_1135465399736997686_n-1-768x576.jpg 768w\" sizes=\"auto, (max-width: 960px) 100vw, 960px\" \/><\/a><\/figure>\n\n\n\n<figure class=\"wp-block-image size-large\"><a href=\"https:\/\/ligue-golfgrandest.org\/wp-content\/uploads\/2021\/10\/244619902_161328569520214_810036509123498680_n-1.jpg\"><img loading=\"lazy\" decoding=\"async\" width=\"960\" height=\"720\" data-id=\"36184\" src=\"https:\/\/ligue-golfgrandest.org\/wp-content\/uploads\/2021\/10\/244619902_161328569520214_810036509123498680_n-1.jpg\" alt=\"\" class=\"wp-image-36184\" srcset=\"https:\/\/ligue-golfgrandest.org\/wp-content\/uploads\/2021\/10\/244619902_161328569520214_810036509123498680_n-1.jpg 960w, https:\/\/ligue-golfgrandest.org\/wp-content\/uploads\/2021\/10\/244619902_161328569520214_810036509123498680_n-1-400x300.jpg 400w, https:\/\/ligue-golfgrandest.org\/wp-content\/uploads\/2021\/10\/244619902_161328569520214_810036509123498680_n-1-768x576.jpg 768w\" sizes=\"auto, (max-width: 960px) 100vw, 960px\" \/><\/a><\/figure>\n\n\n\n<figure class=\"wp-block-image size-large\"><a href=\"https:\/\/ligue-golfgrandest.org\/wp-content\/uploads\/2021\/10\/244690561_161328646186873_8942576854263509169_n-1.jpg\"><img loading=\"lazy\" decoding=\"async\" width=\"720\" height=\"960\" data-id=\"36185\" src=\"https:\/\/ligue-golfgrandest.org\/wp-content\/uploads\/2021\/10\/244690561_161328646186873_8942576854263509169_n-1.jpg\" alt=\"\" class=\"wp-image-36185\" srcset=\"https:\/\/ligue-golfgrandest.org\/wp-content\/uploads\/2021\/10\/244690561_161328646186873_8942576854263509169_n-1.jpg 720w, https:\/\/ligue-golfgrandest.org\/wp-content\/uploads\/2021\/10\/244690561_161328646186873_8942576854263509169_n-1-225x300.jpg 225w\" sizes=\"auto, (max-width: 720px) 100vw, 720px\" \/><\/a><\/figure>\n\n\n\n<figure class=\"wp-block-image size-large\"><a href=\"https:\/\/ligue-golfgrandest.org\/wp-content\/uploads\/2021\/10\/244715709_161328696186868_2973732522290111690_n-1.jpg\"><img loading=\"lazy\" decoding=\"async\" width=\"720\" height=\"960\" data-id=\"36186\" src=\"https:\/\/ligue-golfgrandest.org\/wp-content\/uploads\/2021\/10\/244715709_161328696186868_2973732522290111690_n-1.jpg\" alt=\"\" class=\"wp-image-36186\" srcset=\"https:\/\/ligue-golfgrandest.org\/wp-content\/uploads\/2021\/10\/244715709_161328696186868_2973732522290111690_n-1.jpg 720w, https:\/\/ligue-golfgrandest.org\/wp-content\/uploads\/2021\/10\/244715709_161328696186868_2973732522290111690_n-1-225x300.jpg 225w\" sizes=\"auto, (max-width: 720px) 100vw, 720px\" \/><\/a><\/figure>\n<\/figure>\n\n\n\n<p>9 juin 2021 :&nbsp;Signature d\u2019une convention Education Nationale \/ USEP \/ Comit\u00e9 Territorial 10\/52<\/p>\n\n\n\n<p>Mercredi 09 Juin \u00e0 16h00 au si\u00e8ge de la Ligue de l\u2019enseignement \u00e0 Saint Andr\u00e9 des Vergers, Mrs. Bablon Fr\u00e9d\u00e9rique Inspecteur d\u2019Acad\u00e9mie, Mura Jean-Claude Pr\u00e9sident USEP Aube et Girardeau Christian Pr\u00e9sident du Comit\u00e9 Territorial Aube\/Haute Marne se sont retrouv\u00e9s pour signer une convention permettant de faire conna\u00eetre et de pratiquer notre discipline en milieu scolaire. Cette convention a pu voir le jour gr\u00e2ce au travail r\u00e9alis\u00e9 en amont avec Mme Dupont Diane Conseill\u00e8re P\u00e9dagogique D\u00e9partementale et M. Serend Hadj Charg\u00e9 de d\u00e9veloppement USEP Aube. Une belle avanc\u00e9e pour le Comit\u00e9 qui va pouvoir maintenant proposer des formations aux enseignants, mettre en place des cycles dans les \u00e9tablissements et permettre aux scolaires de se retrouver sur les parcours des diff\u00e9rents clubs des deux d\u00e9partements. Une premi\u00e8re journ\u00e9e de formation pour les enseignants est d\u00e9j\u00e0 pr\u00e9vue pour le 06 Octobre au golf de La For\u00eat d\u2019Orient.<\/p>\n\n\n\n<p><\/p>\n\n\n\n<p>9 octobre 2020 : <a href=\"https:\/\/ligue-golfgrandest.org\/wp-content\/uploads\/2020\/11\/PV-de-lAGC-du-CT-10-52-signe-sans-les-annexes.pdf\">Proc\u00e8s Verbal de l&rsquo;AG constitutive du Comit\u00e9 Territorial de Golf Aube\/Haute Marne<\/a> |<br>9 octobre 2020 : <a href=\"https:\/\/ligue-golfgrandest.org\/wp-content\/uploads\/2020\/11\/PV-CD10-09-10-2020.pdf\">Proc\u00e8s Verbal de l&rsquo;AG extraordinaire : Transformation du CD de golf de l\u2019Aube en Comit\u00e9 Territorial de Golf Aube\/Haute Marne<\/a> |<\/p>\n","protected":false},"excerpt":{"rendered":"<p>Comit\u00e9 Territorial de Golf Aube\/Haute-Marne All\u00e9e de Saint Andrews10 140 VENDEUVRE SUR BARSE06 85 22 05 95 cgirardeau10@aol.comFacebook : Comit\u00e9 Territorial de Golf Aube et Haute Marne Le Comit\u00e9 Les communiqu\u00e9s du Comit\u00e9 Territorial PV Assembl\u00e9e G\u00e9n\u00e9rale Ordinaire du 12 f\u00e9vrier 2026 PV Assembl\u00e9e G\u00e9n\u00e9rale Ordinaire du 03 mars 2025 Bilan actions 2024 | \u00c9LECTIONS [&hellip;]<\/p>\n","protected":false},"author":3,"featured_media":0,"parent":156,"menu_order":0,"comment_status":"closed","ping_status":"closed","template":"page-templates\/page-full-width.php","meta":{"footnotes":""},"class_list":["post-8610","page","type-page","status-publish","hentry"],"_links":{"self":[{"href":"https:\/\/ligue-golfgrandest.org\/index.php\/wp-json\/wp\/v2\/pages\/8610","targetHints":{"allow":["GET"]}}],"collection":[{"href":"https:\/\/ligue-golfgrandest.org\/index.php\/wp-json\/wp\/v2\/pages"}],"about":[{"href":"https:\/\/ligue-golfgrandest.org\/index.php\/wp-json\/wp\/v2\/types\/page"}],"author":[{"embeddable":true,"href":"https:\/\/ligue-golfgrandest.org\/index.php\/wp-json\/wp\/v2\/users\/3"}],"replies":[{"embeddable":true,"href":"https:\/\/ligue-golfgrandest.org\/index.php\/wp-json\/wp\/v2\/comments?post=8610"}],"version-history":[{"count":5,"href":"https:\/\/ligue-golfgrandest.org\/index.php\/wp-json\/wp\/v2\/pages\/8610\/revisions"}],"predecessor-version":[{"id":62549,"href":"https:\/\/ligue-golfgrandest.org\/index.php\/wp-json\/wp\/v2\/pages\/8610\/revisions\/62549"}],"up":[{"embeddable":true,"href":"https:\/\/ligue-golfgrandest.org\/index.php\/wp-json\/wp\/v2\/pages\/156"}],"wp:attachment":[{"href":"https:\/\/ligue-golfgrandest.org\/index.php\/wp-json\/wp\/v2\/media?parent=8610"}],"curies":[{"name":"wp","href":"https:\/\/api.w.org\/{rel}","templated":true}]}}