{"id":8562,"date":"2018-02-21T14:27:19","date_gmt":"2018-02-21T13:27:19","guid":{"rendered":"http:\/\/ligue-golfgrandest.org\/?page_id=8562"},"modified":"2026-03-10T14:05:40","modified_gmt":"2026-03-10T13:05:40","slug":"universite","status":"publish","type":"page","link":"https:\/\/ligue-golfgrandest.org\/index.php\/jeunes\/universite\/","title":{"rendered":"UNIVERSITE"},"content":{"rendered":"\n<p class=\"has-medium-font-size\">JOUER ET M\u00caME REPRESENTER LA FRANCE AVEC SON UNVIVERSITE<\/p>\n\n\n<p>Le golf universitaire, comme beaucoup d\u2019autres sports, est une tr\u00e8s vieille tradition en France. Initiation, option \u00e9valu\u00e9e, comp\u00e9titions, le choix existe.<\/p>\n<p>&gt; <strong><a href=\"https:\/\/www.ffgolf.org\/Jouer\/Jeunes\/Golf-universitaire\/Le-golf-universitaire\">EN SAVOIR PLUS<\/a> <\/strong>|<\/p>\n<p>&gt; <strong><a href=\"http:\/\/ligue-golfgrandest.org\/wp-content\/uploads\/2020\/05\/Guide_du_golf_scolaire_mars-2020.pdf\">LE GUIDE DU GOLF SCOLAIRE (mars 2020)<\/a> |<\/strong><br \/>Document r\u00e9dig\u00e9 par<br \/>Jean-Yves Douvier (Responsable Golf scolaire de la Ligue Grand Est)<br \/>Muriel Foulqui\u00e9 (Pr\u00e9sidente de la Commission Jeunes, Golf Scolaire et Universitaire)&nbsp;<\/p>\n\n\n<p class=\"has-very-light-gray-color has-text-color has-background has-normal-font-size\" style=\"background-color:#1e2346\"><strong>CHAMPIONNAT REGIONAL UNIVERSITAIRE DE GOLF<\/strong><\/p>\n\n\n<p>Jeudi 02 avril 2026 | Golf Club de Strabsourg<\/p>\n\n\n<figure class=\"wp-block-image size-full is-resized\"><a href=\"https:\/\/ligue-golfgrandest.org\/wp-content\/uploads\/2026\/03\/Chpnt-regional-Universitaire.jpg\"><img loading=\"lazy\" decoding=\"async\" width=\"1162\" height=\"808\" src=\"https:\/\/ligue-golfgrandest.org\/wp-content\/uploads\/2026\/03\/Chpnt-regional-Universitaire.jpg\" alt=\"\" class=\"wp-image-61992\" style=\"width:829px;height:577px\" srcset=\"https:\/\/ligue-golfgrandest.org\/wp-content\/uploads\/2026\/03\/Chpnt-regional-Universitaire.jpg 1162w, https:\/\/ligue-golfgrandest.org\/wp-content\/uploads\/2026\/03\/Chpnt-regional-Universitaire-431x300.jpg 431w, https:\/\/ligue-golfgrandest.org\/wp-content\/uploads\/2026\/03\/Chpnt-regional-Universitaire-768x534.jpg 768w\" sizes=\"auto, (max-width: 1162px) 100vw, 1162px\" \/><\/a><\/figure>\n\n\n\n<p><\/p>\n\n\n\n<p class=\"has-very-light-gray-color has-text-color has-background has-normal-font-size\" style=\"background-color:#1e2346\">COMP\u00c9TITION \u00c9TUDIANTS<\/p>\n\n\n<p>Jeudi 21 mars 2024 | Golf Acad\u00e9mie 57<\/p>\n<p>Comp\u00e9tition en Scramble organis\u00e9e \u00e0 la Golf Acad\u00e9mie 57.<\/p>\n\n\n<figure class=\"wp-block-gallery has-nested-images columns-4 is-cropped wp-block-gallery-1 is-layout-flex wp-block-gallery-is-layout-flex\">\n<figure class=\"wp-block-image size-large\"><a href=\"https:\/\/ligue-golfgrandest.org\/wp-content\/uploads\/2024\/04\/20240321_161402-scaled.jpg\"><img loading=\"lazy\" decoding=\"async\" width=\"1600\" height=\"739\" data-id=\"53829\" src=\"https:\/\/ligue-golfgrandest.org\/wp-content\/uploads\/2024\/04\/20240321_161402-1600x739.jpg\" alt=\"\" class=\"wp-image-53829\" srcset=\"https:\/\/ligue-golfgrandest.org\/wp-content\/uploads\/2024\/04\/20240321_161402-1600x739.jpg 1600w, https:\/\/ligue-golfgrandest.org\/wp-content\/uploads\/2024\/04\/20240321_161402-530x245.jpg 530w, https:\/\/ligue-golfgrandest.org\/wp-content\/uploads\/2024\/04\/20240321_161402-768x355.jpg 768w, https:\/\/ligue-golfgrandest.org\/wp-content\/uploads\/2024\/04\/20240321_161402-1536x710.jpg 1536w, https:\/\/ligue-golfgrandest.org\/wp-content\/uploads\/2024\/04\/20240321_161402-2048x946.jpg 2048w\" sizes=\"auto, (max-width: 1600px) 100vw, 1600px\" \/><\/a><\/figure>\n\n\n\n<figure class=\"wp-block-image size-large\"><a href=\"https:\/\/ligue-golfgrandest.org\/wp-content\/uploads\/2024\/04\/20240321_141138-scaled.jpg\"><img loading=\"lazy\" decoding=\"async\" width=\"1600\" height=\"739\" data-id=\"53831\" src=\"https:\/\/ligue-golfgrandest.org\/wp-content\/uploads\/2024\/04\/20240321_141138-1600x739.jpg\" alt=\"\" class=\"wp-image-53831\" srcset=\"https:\/\/ligue-golfgrandest.org\/wp-content\/uploads\/2024\/04\/20240321_141138-1600x739.jpg 1600w, https:\/\/ligue-golfgrandest.org\/wp-content\/uploads\/2024\/04\/20240321_141138-530x245.jpg 530w, https:\/\/ligue-golfgrandest.org\/wp-content\/uploads\/2024\/04\/20240321_141138-768x355.jpg 768w, https:\/\/ligue-golfgrandest.org\/wp-content\/uploads\/2024\/04\/20240321_141138-1536x710.jpg 1536w, https:\/\/ligue-golfgrandest.org\/wp-content\/uploads\/2024\/04\/20240321_141138-2048x946.jpg 2048w\" sizes=\"auto, (max-width: 1600px) 100vw, 1600px\" \/><\/a><\/figure>\n\n\n\n<figure class=\"wp-block-image size-large\"><a href=\"https:\/\/ligue-golfgrandest.org\/wp-content\/uploads\/2024\/04\/20240321_1420050-scaled.jpg\"><img loading=\"lazy\" decoding=\"async\" width=\"1600\" height=\"739\" data-id=\"53832\" src=\"https:\/\/ligue-golfgrandest.org\/wp-content\/uploads\/2024\/04\/20240321_1420050-1600x739.jpg\" alt=\"\" class=\"wp-image-53832\" srcset=\"https:\/\/ligue-golfgrandest.org\/wp-content\/uploads\/2024\/04\/20240321_1420050-1600x739.jpg 1600w, https:\/\/ligue-golfgrandest.org\/wp-content\/uploads\/2024\/04\/20240321_1420050-530x245.jpg 530w, https:\/\/ligue-golfgrandest.org\/wp-content\/uploads\/2024\/04\/20240321_1420050-768x355.jpg 768w, https:\/\/ligue-golfgrandest.org\/wp-content\/uploads\/2024\/04\/20240321_1420050-1536x710.jpg 1536w, https:\/\/ligue-golfgrandest.org\/wp-content\/uploads\/2024\/04\/20240321_1420050-2048x946.jpg 2048w\" sizes=\"auto, (max-width: 1600px) 100vw, 1600px\" \/><\/a><\/figure>\n\n\n\n<figure class=\"wp-block-image size-large\"><a href=\"https:\/\/ligue-golfgrandest.org\/wp-content\/uploads\/2024\/04\/20240321_144811-scaled.jpg\"><img loading=\"lazy\" decoding=\"async\" width=\"1600\" height=\"739\" data-id=\"53830\" src=\"https:\/\/ligue-golfgrandest.org\/wp-content\/uploads\/2024\/04\/20240321_144811-1600x739.jpg\" alt=\"\" class=\"wp-image-53830\" srcset=\"https:\/\/ligue-golfgrandest.org\/wp-content\/uploads\/2024\/04\/20240321_144811-1600x739.jpg 1600w, https:\/\/ligue-golfgrandest.org\/wp-content\/uploads\/2024\/04\/20240321_144811-530x245.jpg 530w, https:\/\/ligue-golfgrandest.org\/wp-content\/uploads\/2024\/04\/20240321_144811-768x355.jpg 768w, https:\/\/ligue-golfgrandest.org\/wp-content\/uploads\/2024\/04\/20240321_144811-1536x710.jpg 1536w, https:\/\/ligue-golfgrandest.org\/wp-content\/uploads\/2024\/04\/20240321_144811-2048x946.jpg 2048w\" sizes=\"auto, (max-width: 1600px) 100vw, 1600px\" \/><\/a><\/figure>\n<\/figure>\n","protected":false},"excerpt":{"rendered":"<p>JOUER ET M\u00caME REPRESENTER LA FRANCE AVEC SON UNVIVERSITE Le golf universitaire, comme beaucoup d\u2019autres sports, est une tr\u00e8s vieille tradition en France. Initiation, option \u00e9valu\u00e9e, comp\u00e9titions, le choix existe. &gt; EN SAVOIR PLUS | &gt; LE GUIDE DU GOLF SCOLAIRE (mars 2020) |Document r\u00e9dig\u00e9 parJean-Yves Douvier (Responsable Golf scolaire de la Ligue Grand Est)Muriel [&hellip;]<\/p>\n","protected":false},"author":3,"featured_media":0,"parent":130,"menu_order":0,"comment_status":"closed","ping_status":"closed","template":"page-templates\/page-full-width.php","meta":{"footnotes":""},"class_list":["post-8562","page","type-page","status-publish","hentry"],"_links":{"self":[{"href":"https:\/\/ligue-golfgrandest.org\/index.php\/wp-json\/wp\/v2\/pages\/8562","targetHints":{"allow":["GET"]}}],"collection":[{"href":"https:\/\/ligue-golfgrandest.org\/index.php\/wp-json\/wp\/v2\/pages"}],"about":[{"href":"https:\/\/ligue-golfgrandest.org\/index.php\/wp-json\/wp\/v2\/types\/page"}],"author":[{"embeddable":true,"href":"https:\/\/ligue-golfgrandest.org\/index.php\/wp-json\/wp\/v2\/users\/3"}],"replies":[{"embeddable":true,"href":"https:\/\/ligue-golfgrandest.org\/index.php\/wp-json\/wp\/v2\/comments?post=8562"}],"version-history":[{"count":1,"href":"https:\/\/ligue-golfgrandest.org\/index.php\/wp-json\/wp\/v2\/pages\/8562\/revisions"}],"predecessor-version":[{"id":61993,"href":"https:\/\/ligue-golfgrandest.org\/index.php\/wp-json\/wp\/v2\/pages\/8562\/revisions\/61993"}],"up":[{"embeddable":true,"href":"https:\/\/ligue-golfgrandest.org\/index.php\/wp-json\/wp\/v2\/pages\/130"}],"wp:attachment":[{"href":"https:\/\/ligue-golfgrandest.org\/index.php\/wp-json\/wp\/v2\/media?parent=8562"}],"curies":[{"name":"wp","href":"https:\/\/api.w.org\/{rel}","templated":true}]}}