{"id":8560,"date":"2018-02-21T14:26:40","date_gmt":"2018-02-21T13:26:40","guid":{"rendered":"http:\/\/ligue-golfgrandest.org\/?page_id=8560"},"modified":"2024-02-11T13:43:38","modified_gmt":"2024-02-11T12:43:38","slug":"college-et-lycee","status":"publish","type":"page","link":"https:\/\/ligue-golfgrandest.org\/index.php\/jeunes\/college-et-lycee\/","title":{"rendered":"COLLEGE ET LYCEE"},"content":{"rendered":"\n<h2 class=\"wp-block-heading\">CHAMPIONNAT DE FRANCE U.N.S.S. LYC\u00c9E PAR \u00c9QUIPES D&rsquo;\u00c9TABLISSEMENT ET EXCELLENCE<\/h2>\n\n\n\n<p>28-30 mai 2024 | Golf d&rsquo;Aubazine<\/p>\n\n\n\n<hr class=\"wp-block-separator has-alpha-channel-opacity\"\/>\n\n\n\n<h2 class=\"wp-block-heading\">CHAMPIONNAT DE FRANCE F.F.S.U<\/h2>\n\n\n\n<p>28-30 mai 2024 | Golf de Caen La Mer<\/p>\n\n\n\n<hr class=\"wp-block-separator has-alpha-channel-opacity\"\/>\n\n\n\n<h2 class=\"wp-block-heading\">CHAMPIONNAT DE FRANCE U.N.S.S COLLEGE PAR \u00c9QUIPES D&rsquo;\u00c9TABLISSEMENT ET EXCELLENCE<\/h2>\n\n\n\n<p>4-6 juin 2024 | Golf de Rochat les Rousses<\/p>\n\n\n\n<hr class=\"wp-block-separator has-alpha-channel-opacity\"\/>\n\n\n\n\n\n<p class=\"has-medium-font-size\"><strong>LE GOLF AU COLLEGE ET AU LYC\u00c9E<\/strong><\/p>\n\n\n<p>Certains jeunes pratiquent r\u00e9guli\u00e8rement le golf au sein des associations sportives des coll\u00e8ges et lyc\u00e9es, UNSS ou UGSEL. Certains de ces lyc\u00e9es offrent la possibilit\u00e9 de s\u2019entra\u00eener un peu plus dans le cadre d\u2019une Section Sportive Scolaire et certaines acad\u00e9mies proposent le golf au bac.<\/p>\n<p>&gt; <a href=\"https:\/\/www.ffgolf.org\/Jouer\/Jeunes\/Golf-scolaire\/Golf-au-college-et-au-lycee\"><strong>EN SAVOIR PLUS <\/strong><\/a>|<\/p>\n<p>&gt; <strong><a href=\"http:\/\/ligue-golfgrandest.org\/wp-content\/uploads\/2020\/05\/Guide_du_golf_scolaire_mars-2020.pdf\">LE GUIDE DU GOLF SCOLAIRE (mars 2020)<\/a> |<\/strong><br \/>Document r\u00e9dig\u00e9 par<br \/>Jean-Yves Douvier (Responsable Golf scolaire de la Ligue Grand Est)<br \/>Muriel Foulqui\u00e9 (Pr\u00e9sidente de la Commission Jeunes, Golf Scolaire et Universitaire)\u00a0<\/p>\n\n\n<p class=\"has-medium-font-size\"><strong>LA PRATIQUE DU GOLF EN MILIEU SCOLAIRE S&rsquo;INTENSIFIE DANS LE GRAND EST<\/strong><\/p>\n\n\n<p>Jean-Yves DOUVIER (Adjoint Commission Jeunes en charge du Golf Scolaire :<\/p>\n<p>\u00ab\u00a0Gr\u00e2ce \u00e0 l\u2019implication des comit\u00e9s, des clubs, avec le soutien de l\u2019Education Nationale, de l\u2019USEP, de l\u2019UNSS et l\u2019accompagnement de la Ligue, la pratique du golf en milieu scolaire s\u2019intensifie et la politique de d\u00e9veloppement mise en place depuis deux ans apporte son lot de satisfactions.<br \/>Pour l\u2019ann\u00e9e scolaire 2018\/ 2019 ce sont 120 enseignants et 300 accompagnants qui ont particip\u00e9 aux diff\u00e9rentes journ\u00e9es de formations mises en place par la Ligue. Plus de 4000 jeunes r\u00e9partis dans 170 classes (116 en primaire et 54 en secondaire) ont d\u00e9couvert et pratiqu\u00e9 notre discipline. De fa\u00e7on \u00e0 soutenir ce d\u00e9veloppement, la Ligue a achet\u00e9 et mis \u00e0 disposition quatre \u00e9quipements \u00ab P\u2019tit Golf \u00bb, r\u00e9alis\u00e9 et diffus\u00e9 une vid\u00e9o montrant comment le golf se pratique en milieu scolaire et sign\u00e9 en Haute Marne une convention tripartite EN\/USEP\/Ligue. Elle a aussi apport\u00e9 son soutien \u00e0 l\u2019organisation, pour la premi\u00e8re fois sur le Grand Est, d\u2019une rencontre \u00ab Lib\u00e8re ton Golf \u00bb.<br \/>Cette politique de d\u00e9veloppement est maintenue pour l\u2019ann\u00e9e scolaire 2020\/2021 et diff\u00e9rentes formations vont \u00eatre propos\u00e9es. Deux journ\u00e9es, les 3 et 6 juin 2020, \u00e0 l\u2019attention des professeurs d\u2019EPS et des d\u00e9l\u00e9gu\u00e9s UNSS. Une journ\u00e9e, le samedi 10 octobre 2020, \u00e0 l\u2019attention des CPD, CPC, d\u00e9l\u00e9gu\u00e9s USEP et responsables Jeunes des comit\u00e9s. Un s\u00e9minaire \u00ab Formation de formateurs \u00bb les 3 et 4 novembre 2020 \u00e0 l\u2019attention d\u2019un bin\u00f4me par d\u00e9partement et compos\u00e9 d\u2019un CPD ou CPC avec un d\u00e9l\u00e9gu\u00e9 USEP. La volont\u00e9 commune du CRUSEP et de la Ligue \u00e9tant de favoriser l\u2019entr\u00e9e en relation et de renforcer la dynamique d\u00e9partementale. Au coup par coup et en fonction des besoins exprim\u00e9s, des formations sur une demie ou une journ\u00e9e pourront \u00eatre mises en place aussi bien au niveau du primaire que du secondaire.\u00a0\u00bb<\/p>\n\n\n<p class=\"has-medium-font-size\"><strong>LES JOURN\u00c9ES DE FORMATIONS DES ENSEIGNANTS DANS LES \u00c9COLES<\/strong><\/p>\n\n\n\n<figure class=\"wp-block-image size-full is-resized\"><a href=\"https:\/\/ligue-golfgrandest.org\/wp-content\/uploads\/2022\/01\/Journees-de-formation-college-et-lycee.jpg\"><img loading=\"lazy\" decoding=\"async\" width=\"575\" height=\"828\" src=\"https:\/\/ligue-golfgrandest.org\/wp-content\/uploads\/2022\/01\/Journees-de-formation-college-et-lycee.jpg\" alt=\"\" class=\"wp-image-37016\" style=\"width:288px;height:414px\" srcset=\"https:\/\/ligue-golfgrandest.org\/wp-content\/uploads\/2022\/01\/Journees-de-formation-college-et-lycee.jpg 575w, https:\/\/ligue-golfgrandest.org\/wp-content\/uploads\/2022\/01\/Journees-de-formation-college-et-lycee-208x300.jpg 208w\" sizes=\"auto, (max-width: 575px) 100vw, 575px\" \/><\/a><\/figure>\n\n\n<p>Exemple de l&rsquo;Organisation d&rsquo;un stage \u00ab\u00a0Formation de formateurs\u00a0\u00bb qui s&rsquo;est d\u00e9roul\u00e9 les 18 et 19 avril 2018 au Golf de Combles-en-Barrois.&nbsp;<br \/>&gt; <a href=\"http:\/\/ligue-golfgrandest.org\/wp-content\/uploads\/2019\/04\/2-Stage-formation-de-formation-18-et-19-Avril-2019-Def.pdf\">Diaporama de pr\u00e9sentation<\/a> |<\/p>\n\n\n<figure class=\"wp-block-gallery has-nested-images columns-4 is-cropped wp-block-gallery-1 is-layout-flex wp-block-gallery-is-layout-flex\">\n<figure class=\"wp-block-image size-large\"><a href=\"https:\/\/ligue-golfgrandest.org\/wp-content\/uploads\/2019\/04\/20190418_102624.jpg\"><img loading=\"lazy\" decoding=\"async\" width=\"1024\" height=\"498\" data-id=\"18852\" src=\"http:\/\/ligue-golfgrandest.org\/wp-content\/uploads\/2019\/04\/20190418_102624-1024x498.jpg\" alt=\"\" class=\"wp-image-18852\" srcset=\"https:\/\/ligue-golfgrandest.org\/wp-content\/uploads\/2019\/04\/20190418_102624-1024x498.jpg 1024w, https:\/\/ligue-golfgrandest.org\/wp-content\/uploads\/2019\/04\/20190418_102624-400x194.jpg 400w, https:\/\/ligue-golfgrandest.org\/wp-content\/uploads\/2019\/04\/20190418_102624-768x373.jpg 768w\" sizes=\"auto, (max-width: 1024px) 100vw, 1024px\" \/><\/a><\/figure>\n\n\n\n<figure class=\"wp-block-image size-large\"><a href=\"https:\/\/ligue-golfgrandest.org\/wp-content\/uploads\/2019\/04\/20190418_161858.jpg\"><img loading=\"lazy\" decoding=\"async\" width=\"1024\" height=\"498\" data-id=\"18853\" src=\"http:\/\/ligue-golfgrandest.org\/wp-content\/uploads\/2019\/04\/20190418_161858-1024x498.jpg\" alt=\"\" class=\"wp-image-18853\" srcset=\"https:\/\/ligue-golfgrandest.org\/wp-content\/uploads\/2019\/04\/20190418_161858-1024x498.jpg 1024w, https:\/\/ligue-golfgrandest.org\/wp-content\/uploads\/2019\/04\/20190418_161858-400x194.jpg 400w, https:\/\/ligue-golfgrandest.org\/wp-content\/uploads\/2019\/04\/20190418_161858-768x373.jpg 768w\" sizes=\"auto, (max-width: 1024px) 100vw, 1024px\" \/><\/a><\/figure>\n\n\n\n<figure class=\"wp-block-image size-large\"><a href=\"https:\/\/ligue-golfgrandest.org\/wp-content\/uploads\/2019\/04\/20190418_162920.jpg\"><img loading=\"lazy\" decoding=\"async\" width=\"1024\" height=\"498\" data-id=\"18854\" src=\"http:\/\/ligue-golfgrandest.org\/wp-content\/uploads\/2019\/04\/20190418_162920-1024x498.jpg\" alt=\"\" class=\"wp-image-18854\" srcset=\"https:\/\/ligue-golfgrandest.org\/wp-content\/uploads\/2019\/04\/20190418_162920-1024x498.jpg 1024w, https:\/\/ligue-golfgrandest.org\/wp-content\/uploads\/2019\/04\/20190418_162920-400x194.jpg 400w, https:\/\/ligue-golfgrandest.org\/wp-content\/uploads\/2019\/04\/20190418_162920-768x373.jpg 768w\" sizes=\"auto, (max-width: 1024px) 100vw, 1024px\" \/><\/a><\/figure>\n\n\n\n<figure class=\"wp-block-image size-large\"><a href=\"https:\/\/ligue-golfgrandest.org\/wp-content\/uploads\/2019\/04\/20190419_094823.jpg\"><img loading=\"lazy\" decoding=\"async\" width=\"1024\" height=\"498\" data-id=\"18856\" src=\"http:\/\/ligue-golfgrandest.org\/wp-content\/uploads\/2019\/04\/20190419_094823-1024x498.jpg\" alt=\"\" class=\"wp-image-18856\" srcset=\"https:\/\/ligue-golfgrandest.org\/wp-content\/uploads\/2019\/04\/20190419_094823-1024x498.jpg 1024w, https:\/\/ligue-golfgrandest.org\/wp-content\/uploads\/2019\/04\/20190419_094823-400x194.jpg 400w, https:\/\/ligue-golfgrandest.org\/wp-content\/uploads\/2019\/04\/20190419_094823-768x373.jpg 768w\" sizes=\"auto, (max-width: 1024px) 100vw, 1024px\" \/><\/a><\/figure>\n<\/figure>\n\n\n\n<figure class=\"wp-block-gallery has-nested-images columns-4 is-cropped wp-block-gallery-2 is-layout-flex wp-block-gallery-is-layout-flex\">\n<figure class=\"wp-block-image size-large\"><a href=\"https:\/\/ligue-golfgrandest.org\/wp-content\/uploads\/2019\/07\/63393665_438131850071551_3445573088706560000_o.jpg\"><img loading=\"lazy\" decoding=\"async\" width=\"1024\" height=\"768\" data-id=\"21123\" src=\"http:\/\/ligue-golfgrandest.org\/wp-content\/uploads\/2019\/07\/63393665_438131850071551_3445573088706560000_o-1024x768.jpg\" alt=\"\" class=\"wp-image-21123\" srcset=\"https:\/\/ligue-golfgrandest.org\/wp-content\/uploads\/2019\/07\/63393665_438131850071551_3445573088706560000_o-1024x768.jpg 1024w, https:\/\/ligue-golfgrandest.org\/wp-content\/uploads\/2019\/07\/63393665_438131850071551_3445573088706560000_o-400x300.jpg 400w, https:\/\/ligue-golfgrandest.org\/wp-content\/uploads\/2019\/07\/63393665_438131850071551_3445573088706560000_o-768x576.jpg 768w, https:\/\/ligue-golfgrandest.org\/wp-content\/uploads\/2019\/07\/63393665_438131850071551_3445573088706560000_o.jpg 2048w\" sizes=\"auto, (max-width: 1024px) 100vw, 1024px\" \/><\/a><\/figure>\n\n\n\n<figure class=\"wp-block-image size-large\"><a href=\"https:\/\/ligue-golfgrandest.org\/wp-content\/uploads\/2019\/07\/64761514_438131933404876_535161678224949248_o.jpg\"><img loading=\"lazy\" decoding=\"async\" width=\"1024\" height=\"768\" data-id=\"21125\" src=\"http:\/\/ligue-golfgrandest.org\/wp-content\/uploads\/2019\/07\/64761514_438131933404876_535161678224949248_o-1024x768.jpg\" alt=\"\" class=\"wp-image-21125\" srcset=\"https:\/\/ligue-golfgrandest.org\/wp-content\/uploads\/2019\/07\/64761514_438131933404876_535161678224949248_o-1024x768.jpg 1024w, https:\/\/ligue-golfgrandest.org\/wp-content\/uploads\/2019\/07\/64761514_438131933404876_535161678224949248_o-400x300.jpg 400w, https:\/\/ligue-golfgrandest.org\/wp-content\/uploads\/2019\/07\/64761514_438131933404876_535161678224949248_o-768x576.jpg 768w, https:\/\/ligue-golfgrandest.org\/wp-content\/uploads\/2019\/07\/64761514_438131933404876_535161678224949248_o.jpg 2048w\" sizes=\"auto, (max-width: 1024px) 100vw, 1024px\" \/><\/a><\/figure>\n\n\n\n<figure class=\"wp-block-image size-large\"><a href=\"https:\/\/ligue-golfgrandest.org\/wp-content\/uploads\/2019\/07\/64933412_438132000071536_187475966715494400_n.jpg\"><img loading=\"lazy\" decoding=\"async\" width=\"640\" height=\"427\" data-id=\"21129\" src=\"http:\/\/ligue-golfgrandest.org\/wp-content\/uploads\/2019\/07\/64933412_438132000071536_187475966715494400_n.jpg\" alt=\"\" class=\"wp-image-21129\" srcset=\"https:\/\/ligue-golfgrandest.org\/wp-content\/uploads\/2019\/07\/64933412_438132000071536_187475966715494400_n.jpg 640w, https:\/\/ligue-golfgrandest.org\/wp-content\/uploads\/2019\/07\/64933412_438132000071536_187475966715494400_n-300x200.jpg 300w, https:\/\/ligue-golfgrandest.org\/wp-content\/uploads\/2019\/07\/64933412_438132000071536_187475966715494400_n-400x267.jpg 400w, https:\/\/ligue-golfgrandest.org\/wp-content\/uploads\/2019\/07\/64933412_438132000071536_187475966715494400_n-272x182.jpg 272w\" sizes=\"auto, (max-width: 640px) 100vw, 640px\" \/><\/a><\/figure>\n\n\n\n<figure class=\"wp-block-image size-large\"><a href=\"https:\/\/ligue-golfgrandest.org\/wp-content\/uploads\/2019\/07\/64984503_438131676738235_5090055481536282624_n.jpg\"><img loading=\"lazy\" decoding=\"async\" width=\"640\" height=\"427\" data-id=\"21130\" src=\"http:\/\/ligue-golfgrandest.org\/wp-content\/uploads\/2019\/07\/64984503_438131676738235_5090055481536282624_n.jpg\" alt=\"\" class=\"wp-image-21130\" srcset=\"https:\/\/ligue-golfgrandest.org\/wp-content\/uploads\/2019\/07\/64984503_438131676738235_5090055481536282624_n.jpg 640w, https:\/\/ligue-golfgrandest.org\/wp-content\/uploads\/2019\/07\/64984503_438131676738235_5090055481536282624_n-300x200.jpg 300w, https:\/\/ligue-golfgrandest.org\/wp-content\/uploads\/2019\/07\/64984503_438131676738235_5090055481536282624_n-400x267.jpg 400w, https:\/\/ligue-golfgrandest.org\/wp-content\/uploads\/2019\/07\/64984503_438131676738235_5090055481536282624_n-272x182.jpg 272w\" sizes=\"auto, (max-width: 640px) 100vw, 640px\" \/><\/a><\/figure>\n\n\n\n<figure class=\"wp-block-image size-large\"><a href=\"https:\/\/ligue-golfgrandest.org\/wp-content\/uploads\/2019\/07\/64998407_438131636738239_7663016675985326080_n.jpg\"><img loading=\"lazy\" decoding=\"async\" width=\"640\" height=\"427\" data-id=\"21131\" src=\"http:\/\/ligue-golfgrandest.org\/wp-content\/uploads\/2019\/07\/64998407_438131636738239_7663016675985326080_n.jpg\" alt=\"\" class=\"wp-image-21131\" srcset=\"https:\/\/ligue-golfgrandest.org\/wp-content\/uploads\/2019\/07\/64998407_438131636738239_7663016675985326080_n.jpg 640w, https:\/\/ligue-golfgrandest.org\/wp-content\/uploads\/2019\/07\/64998407_438131636738239_7663016675985326080_n-300x200.jpg 300w, https:\/\/ligue-golfgrandest.org\/wp-content\/uploads\/2019\/07\/64998407_438131636738239_7663016675985326080_n-400x267.jpg 400w, https:\/\/ligue-golfgrandest.org\/wp-content\/uploads\/2019\/07\/64998407_438131636738239_7663016675985326080_n-272x182.jpg 272w\" sizes=\"auto, (max-width: 640px) 100vw, 640px\" \/><\/a><\/figure>\n\n\n\n<figure class=\"wp-block-image size-large\"><a href=\"https:\/\/ligue-golfgrandest.org\/wp-content\/uploads\/2019\/07\/65076223_438132063404863_4216489382984548352_n.jpg\"><img loading=\"lazy\" decoding=\"async\" width=\"640\" height=\"427\" data-id=\"21135\" src=\"http:\/\/ligue-golfgrandest.org\/wp-content\/uploads\/2019\/07\/65076223_438132063404863_4216489382984548352_n.jpg\" alt=\"\" class=\"wp-image-21135\" srcset=\"https:\/\/ligue-golfgrandest.org\/wp-content\/uploads\/2019\/07\/65076223_438132063404863_4216489382984548352_n.jpg 640w, https:\/\/ligue-golfgrandest.org\/wp-content\/uploads\/2019\/07\/65076223_438132063404863_4216489382984548352_n-300x200.jpg 300w, https:\/\/ligue-golfgrandest.org\/wp-content\/uploads\/2019\/07\/65076223_438132063404863_4216489382984548352_n-400x267.jpg 400w, https:\/\/ligue-golfgrandest.org\/wp-content\/uploads\/2019\/07\/65076223_438132063404863_4216489382984548352_n-272x182.jpg 272w\" sizes=\"auto, (max-width: 640px) 100vw, 640px\" \/><\/a><\/figure>\n\n\n\n<figure class=\"wp-block-image size-large\"><a href=\"https:\/\/ligue-golfgrandest.org\/wp-content\/uploads\/2020\/03\/PHOTO-4-scaled.jpg\"><img loading=\"lazy\" decoding=\"async\" width=\"1024\" height=\"768\" data-id=\"25095\" src=\"http:\/\/ligue-golfgrandest.org\/wp-content\/uploads\/2020\/03\/PHOTO-4-1024x768.jpg\" alt=\"\" class=\"wp-image-25095\" srcset=\"https:\/\/ligue-golfgrandest.org\/wp-content\/uploads\/2020\/03\/PHOTO-4-1024x768.jpg 1024w, https:\/\/ligue-golfgrandest.org\/wp-content\/uploads\/2020\/03\/PHOTO-4-400x300.jpg 400w, https:\/\/ligue-golfgrandest.org\/wp-content\/uploads\/2020\/03\/PHOTO-4-768x576.jpg 768w, https:\/\/ligue-golfgrandest.org\/wp-content\/uploads\/2020\/03\/PHOTO-4-1536x1152.jpg 1536w, https:\/\/ligue-golfgrandest.org\/wp-content\/uploads\/2020\/03\/PHOTO-4-2048x1536.jpg 2048w\" sizes=\"auto, (max-width: 1024px) 100vw, 1024px\" \/><\/a><\/figure>\n\n\n\n<figure class=\"wp-block-image size-large\"><a href=\"https:\/\/ligue-golfgrandest.org\/wp-content\/uploads\/2020\/03\/photo-6-scaled.jpg\"><img loading=\"lazy\" decoding=\"async\" width=\"1024\" height=\"576\" data-id=\"25096\" src=\"http:\/\/ligue-golfgrandest.org\/wp-content\/uploads\/2020\/03\/photo-6-1024x576.jpg\" alt=\"\" class=\"wp-image-25096\" srcset=\"https:\/\/ligue-golfgrandest.org\/wp-content\/uploads\/2020\/03\/photo-6-1024x576.jpg 1024w, https:\/\/ligue-golfgrandest.org\/wp-content\/uploads\/2020\/03\/photo-6-400x225.jpg 400w, https:\/\/ligue-golfgrandest.org\/wp-content\/uploads\/2020\/03\/photo-6-768x432.jpg 768w, https:\/\/ligue-golfgrandest.org\/wp-content\/uploads\/2020\/03\/photo-6-1536x864.jpg 1536w, https:\/\/ligue-golfgrandest.org\/wp-content\/uploads\/2020\/03\/photo-6-2048x1152.jpg 2048w\" sizes=\"auto, (max-width: 1024px) 100vw, 1024px\" \/><\/a><\/figure>\n<\/figure>\n\n\n\n<hr class=\"wp-block-separator has-alpha-channel-opacity\"\/>\n\n\n\n\n","protected":false},"excerpt":{"rendered":"<p>CHAMPIONNAT DE FRANCE U.N.S.S. LYC\u00c9E PAR \u00c9QUIPES D&rsquo;\u00c9TABLISSEMENT ET EXCELLENCE 28-30 mai 2024 | Golf d&rsquo;Aubazine CHAMPIONNAT DE FRANCE F.F.S.U 28-30 mai 2024 | Golf de Caen La Mer CHAMPIONNAT DE FRANCE U.N.S.S COLLEGE PAR \u00c9QUIPES D&rsquo;\u00c9TABLISSEMENT ET EXCELLENCE 4-6 juin 2024 | Golf de Rochat les Rousses LE GOLF AU COLLEGE ET AU LYC\u00c9E [&hellip;]<\/p>\n","protected":false},"author":3,"featured_media":0,"parent":130,"menu_order":0,"comment_status":"closed","ping_status":"closed","template":"page-templates\/page-full-width.php","meta":{"footnotes":""},"class_list":["post-8560","page","type-page","status-publish","hentry"],"_links":{"self":[{"href":"https:\/\/ligue-golfgrandest.org\/index.php\/wp-json\/wp\/v2\/pages\/8560","targetHints":{"allow":["GET"]}}],"collection":[{"href":"https:\/\/ligue-golfgrandest.org\/index.php\/wp-json\/wp\/v2\/pages"}],"about":[{"href":"https:\/\/ligue-golfgrandest.org\/index.php\/wp-json\/wp\/v2\/types\/page"}],"author":[{"embeddable":true,"href":"https:\/\/ligue-golfgrandest.org\/index.php\/wp-json\/wp\/v2\/users\/3"}],"replies":[{"embeddable":true,"href":"https:\/\/ligue-golfgrandest.org\/index.php\/wp-json\/wp\/v2\/comments?post=8560"}],"version-history":[{"count":0,"href":"https:\/\/ligue-golfgrandest.org\/index.php\/wp-json\/wp\/v2\/pages\/8560\/revisions"}],"up":[{"embeddable":true,"href":"https:\/\/ligue-golfgrandest.org\/index.php\/wp-json\/wp\/v2\/pages\/130"}],"wp:attachment":[{"href":"https:\/\/ligue-golfgrandest.org\/index.php\/wp-json\/wp\/v2\/media?parent=8560"}],"curies":[{"name":"wp","href":"https:\/\/api.w.org\/{rel}","templated":true}]}}