{"id":854,"date":"2017-02-24T09:40:18","date_gmt":"2017-02-24T08:40:18","guid":{"rendered":"http:\/\/ligue-golfgrandest.org\/?page_id=854"},"modified":"2024-12-16T15:29:22","modified_gmt":"2024-12-16T14:29:22","slug":"golf-grande-romanie","status":"publish","type":"page","link":"https:\/\/ligue-golfgrandest.org\/index.php\/clubs\/champagne-ardenne\/golf-grande-romanie\/","title":{"rendered":"Grande Romanie | Golf Ch\u00e2lons en Champagne"},"content":{"rendered":"\n<div class=\"wp-block-columns is-layout-flex wp-container-core-columns-is-layout-9d6595d7 wp-block-columns-is-layout-flex\">\n<div class=\"wp-block-column is-layout-flow wp-block-column-is-layout-flow\"><div class=\"wp-block-image\">\n<figure class=\"alignleft\"><img loading=\"lazy\" decoding=\"async\" width=\"250\" height=\"160\" src=\"http:\/\/ligue-golfgrandest.org\/wp-content\/uploads\/2017\/02\/06-Chalons-LOGO.jpg\" alt=\"\" class=\"wp-image-861\"\/><\/figure><\/div><\/div>\n\n\n\n<div class=\"wp-block-column is-layout-flow wp-block-column-is-layout-flow\">\n<h3 class=\"wp-block-heading\" id=\"ass-sportive\">Ass. Sportive<\/h3>\n\n\n\n<p>Parc de la Grande Romanie<br>51460 Courtisols<br>Pr\u00e9sident AS : Jean-Lou MACCHI<\/p>\n\n\n\n<p><a href=\"http:\/\/www.par72.net\/competitions\">D\u00e9parts comp\u00e9titions<\/a><br><a href=\"http:\/\/www.par72.net\/resultats-competitions\">R\u00e9sultats comp\u00e9titions<\/a><\/p>\n<\/div>\n\n\n\n<div class=\"wp-block-column is-layout-flow wp-block-column-is-layout-flow\">\n<h3 class=\"wp-block-heading\" id=\"le-club\">Le Club<\/h3>\n\n\n\n<p>1 parcours 18 Trous<br>1 pitch &amp; putt<br>practice<br>Bar-Restaurant<br>Directeur : Jo\u00ebl GIBEAUX<br><a href=\"mailto:golfdelagranderomanie@gmail.com\">golfdelagranderomanie@gmail.com<\/a><br><a href=\"http:\/\/www.par72.net\" target=\"_blank\" rel=\"noreferrer noopener\">www.par72.net<\/a><br>Facebook : <a href=\"https:\/\/www.facebook.com\/golfdechalonsenchampagne\">Golf de Ch\u00e2lons-en-Champagne<\/a><br>03 26 66 65 97<\/p>\n<\/div>\n<\/div>\n\n\n\n<figure class=\"wp-block-gallery has-nested-images columns-default is-cropped wp-block-gallery-1 is-layout-flex wp-block-gallery-is-layout-flex\">\n<figure class=\"wp-block-image size-full\"><a href=\"https:\/\/ligue-golfgrandest.org\/wp-content\/uploads\/2017\/02\/06-golf-de-chalons-3.jpg\"><img loading=\"lazy\" decoding=\"async\" width=\"800\" height=\"600\" data-id=\"858\" src=\"https:\/\/ligue-golfgrandest.org\/wp-content\/uploads\/2017\/02\/06-golf-de-chalons-3.jpg\" alt=\"\" class=\"wp-image-858\" srcset=\"https:\/\/ligue-golfgrandest.org\/wp-content\/uploads\/2017\/02\/06-golf-de-chalons-3.jpg 800w, https:\/\/ligue-golfgrandest.org\/wp-content\/uploads\/2017\/02\/06-golf-de-chalons-3-350x263.jpg 350w, https:\/\/ligue-golfgrandest.org\/wp-content\/uploads\/2017\/02\/06-golf-de-chalons-3-768x576.jpg 768w\" sizes=\"auto, (max-width: 800px) 100vw, 800px\" \/><\/a><\/figure>\n\n\n\n<figure class=\"wp-block-image size-full\"><a href=\"https:\/\/ligue-golfgrandest.org\/wp-content\/uploads\/2017\/02\/06-chalons-2.jpg\"><img loading=\"lazy\" decoding=\"async\" width=\"2048\" height=\"1536\" data-id=\"857\" src=\"https:\/\/ligue-golfgrandest.org\/wp-content\/uploads\/2017\/02\/06-chalons-2.jpg\" alt=\"\" class=\"wp-image-857\" srcset=\"https:\/\/ligue-golfgrandest.org\/wp-content\/uploads\/2017\/02\/06-chalons-2.jpg 2048w, https:\/\/ligue-golfgrandest.org\/wp-content\/uploads\/2017\/02\/06-chalons-2-350x263.jpg 350w, https:\/\/ligue-golfgrandest.org\/wp-content\/uploads\/2017\/02\/06-chalons-2-768x576.jpg 768w, https:\/\/ligue-golfgrandest.org\/wp-content\/uploads\/2017\/02\/06-chalons-2-1024x768.jpg 1024w\" sizes=\"auto, (max-width: 2048px) 100vw, 2048px\" \/><\/a><\/figure>\n\n\n\n<figure class=\"wp-block-image size-full\"><a href=\"https:\/\/ligue-golfgrandest.org\/wp-content\/uploads\/2017\/02\/06-chalons-1.jpg\"><img loading=\"lazy\" decoding=\"async\" width=\"640\" height=\"480\" data-id=\"856\" src=\"https:\/\/ligue-golfgrandest.org\/wp-content\/uploads\/2017\/02\/06-chalons-1.jpg\" alt=\"\" class=\"wp-image-856\" srcset=\"https:\/\/ligue-golfgrandest.org\/wp-content\/uploads\/2017\/02\/06-chalons-1.jpg 640w, https:\/\/ligue-golfgrandest.org\/wp-content\/uploads\/2017\/02\/06-chalons-1-350x263.jpg 350w\" sizes=\"auto, (max-width: 640px) 100vw, 640px\" \/><\/a><\/figure>\n<\/figure>\n\n\n\n<iframe src=\"https:\/\/www.google.com\/maps\/embed?pb=!1m18!1m12!1m3!1d341899.1477849515!2d4.486085426580446!3d49.070453751294735!2m3!1f0!2f0!3f0!3m2!1i1024!2i768!4f13.1!3m3!1m2!1s0x47ebc3bda71cc9d5%3A0xae2c58e18d076119!2sGolf%20de%20La%20Grande%20Romanie!5e0!3m2!1sfr!2sfr!4v1644239114629!5m2!1sfr!2sfr\" width=\"100%\" height=\"450\" style=\"border:0;\" allowfullscreen=\"\" loading=\"lazy\"><\/iframe>\n","protected":false},"excerpt":{"rendered":"<p>Ass. Sportive Parc de la Grande Romanie51460 CourtisolsPr\u00e9sident AS : Jean-Lou MACCHI D\u00e9parts comp\u00e9titionsR\u00e9sultats comp\u00e9titions Le Club 1 parcours 18 Trous1 pitch &amp; puttpracticeBar-RestaurantDirecteur : Jo\u00ebl GIBEAUXgolfdelagranderomanie@gmail.comwww.par72.netFacebook : Golf de Ch\u00e2lons-en-Champagne03 26 66 65 97<\/p>\n","protected":false},"author":3,"featured_media":0,"parent":139,"menu_order":6,"comment_status":"closed","ping_status":"closed","template":"page-templates\/page-full-width.php","meta":{"footnotes":""},"class_list":["post-854","page","type-page","status-publish","hentry"],"_links":{"self":[{"href":"https:\/\/ligue-golfgrandest.org\/index.php\/wp-json\/wp\/v2\/pages\/854","targetHints":{"allow":["GET"]}}],"collection":[{"href":"https:\/\/ligue-golfgrandest.org\/index.php\/wp-json\/wp\/v2\/pages"}],"about":[{"href":"https:\/\/ligue-golfgrandest.org\/index.php\/wp-json\/wp\/v2\/types\/page"}],"author":[{"embeddable":true,"href":"https:\/\/ligue-golfgrandest.org\/index.php\/wp-json\/wp\/v2\/users\/3"}],"replies":[{"embeddable":true,"href":"https:\/\/ligue-golfgrandest.org\/index.php\/wp-json\/wp\/v2\/comments?post=854"}],"version-history":[{"count":0,"href":"https:\/\/ligue-golfgrandest.org\/index.php\/wp-json\/wp\/v2\/pages\/854\/revisions"}],"up":[{"embeddable":true,"href":"https:\/\/ligue-golfgrandest.org\/index.php\/wp-json\/wp\/v2\/pages\/139"}],"wp:attachment":[{"href":"https:\/\/ligue-golfgrandest.org\/index.php\/wp-json\/wp\/v2\/media?parent=854"}],"curies":[{"name":"wp","href":"https:\/\/api.w.org\/{rel}","templated":true}]}}