{"id":839,"date":"2017-02-23T16:35:37","date_gmt":"2017-02-23T15:35:37","guid":{"rendered":"http:\/\/ligue-golfgrandest.org\/?page_id=839"},"modified":"2026-02-27T09:29:11","modified_gmt":"2026-02-27T08:29:11","slug":"golf-de-mourmelon","status":"publish","type":"page","link":"https:\/\/ligue-golfgrandest.org\/index.php\/clubs\/champagne-ardenne\/golf-de-mourmelon\/","title":{"rendered":"Golf de Mourmelon"},"content":{"rendered":"\n<div class=\"wp-block-columns is-layout-flex wp-container-core-columns-is-layout-9d6595d7 wp-block-columns-is-layout-flex\">\n<div class=\"wp-block-column is-layout-flow wp-block-column-is-layout-flow\"><div class=\"wp-block-image\">\n<figure class=\"alignleft\"><img loading=\"lazy\" decoding=\"async\" width=\"250\" height=\"160\" src=\"http:\/\/ligue-golfgrandest.org\/wp-content\/uploads\/2017\/02\/05-Mourmelon-LOGO.jpg\" alt=\"\" class=\"wp-image-843\"\/><\/figure><\/div><\/div>\n\n\n\n<div class=\"wp-block-column is-layout-flow wp-block-column-is-layout-flow\">\n<h3 class=\"wp-block-heading\" id=\"ass-sportive\">Ass. Sportive<\/h3>\n\n\n\n<p>CSAG golf<br>Quartier Foch<br>51400 Mourmelon le Grand<br>Pr\u00e9sident AS : Laurent VIGLIANO<br><a href=\"mailto:golfdemourmelon1@gmail.com\">golfdemourmelon1@gmail.com<\/a><br><a href=\"mailto:bernadette.brisfert@wanadoo.fr\">bernadette.brisfert@wanadoo.fr<\/a><\/p>\n\n\n\n<p><a href=\"https:\/\/www.golfdemourmelon.com\/category\/competitions\/\">D\u00e9parts comp\u00e9titions<\/a><br><a href=\"https:\/\/www.golfdemourmelon.com\/category\/competitions\/\">R\u00e9sultats comp\u00e9titions<\/a><\/p>\n<\/div>\n\n\n\n<div class=\"wp-block-column is-layout-flow wp-block-column-is-layout-flow\">\n<h3 class=\"wp-block-heading\" id=\"le-club\">Le Club<\/h3>\n\n\n\n<p>1 parcours 18 Trous<br>1 pitch &amp; putt<br>1 practice<br>Directeur : Romain RAVIART<br>Intersection D19 &amp; D35<br>Route de la Voie romaine<br>51400 Mourmelon le Grand<br>03 26 63 74 16<br>06 73 64 25 68<br><a href=\"https:\/\/www.golfdemourmelon.com\/\">www.golfdemourmelon.com<\/a><br>Facebook : <a href=\"https:\/\/www.facebook.com\/golfdemourmelon\/?__tn__=%2Cd%2CP-R&amp;eid=ARAKPfcsM_c7_B5Vba_Pujg3eHm7_EK2LnKCNOoJ42f6yGtpfMsZFDZtdfJnX_IsB_rmtCt9FPKTwZJc\">Golf de Mourmelon<\/a><\/p>\n<\/div>\n<\/div>\n\n\n\n<figure class=\"wp-block-gallery has-nested-images columns-default is-cropped wp-block-gallery-1 is-layout-flex wp-block-gallery-is-layout-flex\">\n<figure class=\"wp-block-image size-full\"><a href=\"https:\/\/ligue-golfgrandest.org\/wp-content\/uploads\/2017\/02\/05-Mourmelon-03.jpg\"><img loading=\"lazy\" decoding=\"async\" width=\"800\" height=\"600\" data-id=\"849\" src=\"https:\/\/ligue-golfgrandest.org\/wp-content\/uploads\/2017\/02\/05-Mourmelon-03.jpg\" alt=\"\" class=\"wp-image-849\" srcset=\"https:\/\/ligue-golfgrandest.org\/wp-content\/uploads\/2017\/02\/05-Mourmelon-03.jpg 800w, https:\/\/ligue-golfgrandest.org\/wp-content\/uploads\/2017\/02\/05-Mourmelon-03-350x263.jpg 350w, https:\/\/ligue-golfgrandest.org\/wp-content\/uploads\/2017\/02\/05-Mourmelon-03-768x576.jpg 768w\" sizes=\"auto, (max-width: 800px) 100vw, 800px\" \/><\/a><\/figure>\n\n\n\n<figure class=\"wp-block-image size-full\"><a href=\"https:\/\/ligue-golfgrandest.org\/wp-content\/uploads\/2017\/02\/05-Mourmelon-02.jpg\"><img loading=\"lazy\" decoding=\"async\" width=\"800\" height=\"600\" data-id=\"848\" src=\"https:\/\/ligue-golfgrandest.org\/wp-content\/uploads\/2017\/02\/05-Mourmelon-02.jpg\" alt=\"\" class=\"wp-image-848\" srcset=\"https:\/\/ligue-golfgrandest.org\/wp-content\/uploads\/2017\/02\/05-Mourmelon-02.jpg 800w, https:\/\/ligue-golfgrandest.org\/wp-content\/uploads\/2017\/02\/05-Mourmelon-02-350x263.jpg 350w, https:\/\/ligue-golfgrandest.org\/wp-content\/uploads\/2017\/02\/05-Mourmelon-02-768x576.jpg 768w\" sizes=\"auto, (max-width: 800px) 100vw, 800px\" \/><\/a><\/figure>\n\n\n\n<figure class=\"wp-block-image size-full\"><a href=\"https:\/\/ligue-golfgrandest.org\/wp-content\/uploads\/2017\/02\/05-Mourmelon-01.jpg\"><img loading=\"lazy\" decoding=\"async\" width=\"800\" height=\"600\" data-id=\"847\" src=\"https:\/\/ligue-golfgrandest.org\/wp-content\/uploads\/2017\/02\/05-Mourmelon-01.jpg\" alt=\"\" class=\"wp-image-847\" srcset=\"https:\/\/ligue-golfgrandest.org\/wp-content\/uploads\/2017\/02\/05-Mourmelon-01.jpg 800w, https:\/\/ligue-golfgrandest.org\/wp-content\/uploads\/2017\/02\/05-Mourmelon-01-350x263.jpg 350w, https:\/\/ligue-golfgrandest.org\/wp-content\/uploads\/2017\/02\/05-Mourmelon-01-768x576.jpg 768w\" sizes=\"auto, (max-width: 800px) 100vw, 800px\" \/><\/a><\/figure>\n\n\n\n<figure class=\"wp-block-image size-full\"><a href=\"https:\/\/ligue-golfgrandest.org\/wp-content\/uploads\/2020\/12\/mourmelon.jpg\"><img loading=\"lazy\" decoding=\"async\" width=\"350\" height=\"263\" data-id=\"30231\" src=\"https:\/\/ligue-golfgrandest.org\/wp-content\/uploads\/2020\/12\/mourmelon.jpg\" alt=\"\" class=\"wp-image-30231\"\/><\/a><\/figure>\n\n\n\n<figure class=\"wp-block-image size-full\"><a href=\"https:\/\/ligue-golfgrandest.org\/wp-content\/uploads\/2020\/12\/mourmelon2.jpg\"><img loading=\"lazy\" decoding=\"async\" width=\"350\" height=\"263\" data-id=\"30232\" src=\"https:\/\/ligue-golfgrandest.org\/wp-content\/uploads\/2020\/12\/mourmelon2.jpg\" alt=\"\" class=\"wp-image-30232\"\/><\/a><\/figure>\n\n\n\n<figure class=\"wp-block-image size-full\"><a href=\"https:\/\/ligue-golfgrandest.org\/wp-content\/uploads\/2018\/06\/mourmelon-T4.jpg\"><img loading=\"lazy\" decoding=\"async\" width=\"1600\" height=\"1067\" data-id=\"11906\" src=\"https:\/\/ligue-golfgrandest.org\/wp-content\/uploads\/2018\/06\/mourmelon-T4.jpg\" alt=\"\" class=\"wp-image-11906\" srcset=\"https:\/\/ligue-golfgrandest.org\/wp-content\/uploads\/2018\/06\/mourmelon-T4.jpg 1600w, https:\/\/ligue-golfgrandest.org\/wp-content\/uploads\/2018\/06\/mourmelon-T4-300x200.jpg 300w, https:\/\/ligue-golfgrandest.org\/wp-content\/uploads\/2018\/06\/mourmelon-T4-400x267.jpg 400w, https:\/\/ligue-golfgrandest.org\/wp-content\/uploads\/2018\/06\/mourmelon-T4-768x512.jpg 768w, https:\/\/ligue-golfgrandest.org\/wp-content\/uploads\/2018\/06\/mourmelon-T4-1024x683.jpg 1024w\" sizes=\"auto, (max-width: 1600px) 100vw, 1600px\" \/><\/a><\/figure>\n<\/figure>\n\n\n\n<iframe src=\"https:\/\/www.google.com\/maps\/embed?pb=!1m18!1m12!1m3!1d238144.5570702287!2d4.180379974542405!3d49.101428492658705!2m3!1f0!2f0!3f0!3m2!1i1024!2i768!4f13.1!3m3!1m2!1s0x47ebd7fc95e832e9%3A0x8774daed2370332!2sgolf%20de%20mourmelon!5e0!3m2!1sfr!2sfr!4v1644238913568!5m2!1sfr!2sfr\" width=\"100%\" height=\"450\" style=\"border:0;\" allowfullscreen=\"\" loading=\"lazy\"><\/iframe>\n","protected":false},"excerpt":{"rendered":"<p>Ass. Sportive CSAG golfQuartier Foch51400 Mourmelon le GrandPr\u00e9sident AS : Laurent VIGLIANOgolfdemourmelon1@gmail.combernadette.brisfert@wanadoo.fr D\u00e9parts comp\u00e9titionsR\u00e9sultats comp\u00e9titions Le Club 1 parcours 18 Trous1 pitch &amp; putt1 practiceDirecteur : Romain RAVIARTIntersection D19 &amp; D35Route de la Voie romaine51400 Mourmelon le Grand03 26 63 74 1606 73 64 25 68www.golfdemourmelon.comFacebook : Golf de Mourmelon<\/p>\n","protected":false},"author":3,"featured_media":0,"parent":139,"menu_order":5,"comment_status":"closed","ping_status":"closed","template":"page-templates\/page-full-width.php","meta":{"footnotes":""},"class_list":["post-839","page","type-page","status-publish","hentry"],"_links":{"self":[{"href":"https:\/\/ligue-golfgrandest.org\/index.php\/wp-json\/wp\/v2\/pages\/839","targetHints":{"allow":["GET"]}}],"collection":[{"href":"https:\/\/ligue-golfgrandest.org\/index.php\/wp-json\/wp\/v2\/pages"}],"about":[{"href":"https:\/\/ligue-golfgrandest.org\/index.php\/wp-json\/wp\/v2\/types\/page"}],"author":[{"embeddable":true,"href":"https:\/\/ligue-golfgrandest.org\/index.php\/wp-json\/wp\/v2\/users\/3"}],"replies":[{"embeddable":true,"href":"https:\/\/ligue-golfgrandest.org\/index.php\/wp-json\/wp\/v2\/comments?post=839"}],"version-history":[{"count":1,"href":"https:\/\/ligue-golfgrandest.org\/index.php\/wp-json\/wp\/v2\/pages\/839\/revisions"}],"predecessor-version":[{"id":61797,"href":"https:\/\/ligue-golfgrandest.org\/index.php\/wp-json\/wp\/v2\/pages\/839\/revisions\/61797"}],"up":[{"embeddable":true,"href":"https:\/\/ligue-golfgrandest.org\/index.php\/wp-json\/wp\/v2\/pages\/139"}],"wp:attachment":[{"href":"https:\/\/ligue-golfgrandest.org\/index.php\/wp-json\/wp\/v2\/media?parent=839"}],"curies":[{"name":"wp","href":"https:\/\/api.w.org\/{rel}","templated":true}]}}