{"id":826,"date":"2017-02-23T15:42:58","date_gmt":"2017-02-23T14:42:58","guid":{"rendered":"http:\/\/ligue-golfgrandest.org\/?page_id=826"},"modified":"2023-11-17T10:41:09","modified_gmt":"2023-11-17T09:41:09","slug":"poursaudes-golf-club","status":"publish","type":"page","link":"https:\/\/ligue-golfgrandest.org\/index.php\/clubs\/champagne-ardenne\/poursaudes-golf-club\/","title":{"rendered":"Poursaudes Golf Club"},"content":{"rendered":"\n<div class=\"wp-block-columns is-layout-flex wp-container-core-columns-is-layout-9d6595d7 wp-block-columns-is-layout-flex\">\n<div class=\"wp-block-column is-layout-flow wp-block-column-is-layout-flow\"><div class=\"wp-block-image\">\n<figure class=\"alignleft\"><img decoding=\"async\" src=\"http:\/\/ligue-golfgrandest.org\/wp-content\/uploads\/2020\/04\/poursaudes.jpg\" alt=\"\" class=\"wp-image-835\"\/><\/figure><\/div><\/div>\n\n\n\n<div class=\"wp-block-column is-layout-flow wp-block-column-is-layout-flow\">\n<h3 class=\"wp-block-heading\" id=\"ass-sportive\">Ass. Sportive<\/h3>\n\n\n\n<p>Poursaudes Golf Club<br>Route D&rsquo;omont<br>08430 Villers le Tilleul<br><br>Pr\u00e9sident AS : Pascal PAQUIT<br><a href=\"mailto:paquit.pascal@neuf.fr \">paquit.pascal@neuf.fr<\/a><\/p>\n\n\n\n<p><a href=\"https:\/\/www.golfdespoursaudes.com\/competitions_golf_des_poursaudes.html\" data-type=\"link\" data-id=\"https:\/\/www.golfdespoursaudes.com\/competitions_golf_des_poursaudes.html\">D\u00e9parts comp\u00e9titions<\/a><br><a href=\"https:\/\/www.golfdespoursaudes.com\/competitions_golf_des_poursaudes.html\" data-type=\"link\" data-id=\"https:\/\/www.golfdespoursaudes.com\/competitions_golf_des_poursaudes.html\">R\u00e9sultats comp\u00e9titions<\/a><\/p>\n<\/div>\n\n\n\n<div class=\"wp-block-column is-layout-flow wp-block-column-is-layout-flow\">\n<h3 class=\"wp-block-heading\" id=\"le-club\">Le club<\/h3>\n\n\n\n<p>1 parcours 18 trous<br>1 parcours footgolf<br>practice<br>pro-shop<br>restaurant<br>Directrice : Marl\u00e8ne ALLAIN<br><a href=\"mailto:golfdespoursaudes@gmail.com\">golfdespoursaudes@gmail.com<\/a><br><a href=\"http:\/\/www.golfdespoursaudes.com\" target=\"_blank\" rel=\"noreferrer noopener\">www.golfdespoursaudes.com<\/a><br>Facebook : <a href=\"https:\/\/www.facebook.com\/golfdespoursaudes\/\">Golf des Poursaudes<\/a><br>03 24 42 39 83<\/p>\n<\/div>\n<\/div>\n\n\n\n<figure class=\"wp-block-gallery has-nested-images columns-default is-cropped wp-block-gallery-1 is-layout-flex wp-block-gallery-is-layout-flex\">\n<figure class=\"wp-block-image size-large\"><a href=\"https:\/\/ligue-golfgrandest.org\/wp-content\/uploads\/2017\/02\/01-POURSAUDES-800.jpg\"><img loading=\"lazy\" decoding=\"async\" width=\"800\" height=\"600\" data-id=\"831\" src=\"https:\/\/ligue-golfgrandest.org\/wp-content\/uploads\/2017\/02\/01-POURSAUDES-800.jpg\" alt=\"\" class=\"wp-image-831\" srcset=\"https:\/\/ligue-golfgrandest.org\/wp-content\/uploads\/2017\/02\/01-POURSAUDES-800.jpg 800w, https:\/\/ligue-golfgrandest.org\/wp-content\/uploads\/2017\/02\/01-POURSAUDES-800-350x263.jpg 350w, https:\/\/ligue-golfgrandest.org\/wp-content\/uploads\/2017\/02\/01-POURSAUDES-800-768x576.jpg 768w\" sizes=\"auto, (max-width: 800px) 100vw, 800px\" \/><\/a><\/figure>\n\n\n\n<figure class=\"wp-block-image size-large\"><a href=\"https:\/\/ligue-golfgrandest.org\/wp-content\/uploads\/2017\/02\/01-POURSAUDES-02-800.jpg\"><img loading=\"lazy\" decoding=\"async\" width=\"800\" height=\"600\" data-id=\"832\" src=\"https:\/\/ligue-golfgrandest.org\/wp-content\/uploads\/2017\/02\/01-POURSAUDES-02-800.jpg\" alt=\"\" class=\"wp-image-832\" srcset=\"https:\/\/ligue-golfgrandest.org\/wp-content\/uploads\/2017\/02\/01-POURSAUDES-02-800.jpg 800w, https:\/\/ligue-golfgrandest.org\/wp-content\/uploads\/2017\/02\/01-POURSAUDES-02-800-350x263.jpg 350w, https:\/\/ligue-golfgrandest.org\/wp-content\/uploads\/2017\/02\/01-POURSAUDES-02-800-768x576.jpg 768w\" sizes=\"auto, (max-width: 800px) 100vw, 800px\" \/><\/a><\/figure>\n\n\n\n<figure class=\"wp-block-image size-large\"><a href=\"https:\/\/ligue-golfgrandest.org\/wp-content\/uploads\/2022\/02\/poursaudes-16.jpg\"><img loading=\"lazy\" decoding=\"async\" width=\"1600\" height=\"1066\" data-id=\"38244\" src=\"https:\/\/ligue-golfgrandest.org\/wp-content\/uploads\/2022\/02\/poursaudes-16-1600x1066.jpg\" alt=\"\" class=\"wp-image-38244\" srcset=\"https:\/\/ligue-golfgrandest.org\/wp-content\/uploads\/2022\/02\/poursaudes-16-1600x1066.jpg 1600w, https:\/\/ligue-golfgrandest.org\/wp-content\/uploads\/2022\/02\/poursaudes-16-450x300.jpg 450w, https:\/\/ligue-golfgrandest.org\/wp-content\/uploads\/2022\/02\/poursaudes-16-300x200.jpg 300w, https:\/\/ligue-golfgrandest.org\/wp-content\/uploads\/2022\/02\/poursaudes-16-768x512.jpg 768w, https:\/\/ligue-golfgrandest.org\/wp-content\/uploads\/2022\/02\/poursaudes-16-1536x1024.jpg 1536w, https:\/\/ligue-golfgrandest.org\/wp-content\/uploads\/2022\/02\/poursaudes-16-272x182.jpg 272w, https:\/\/ligue-golfgrandest.org\/wp-content\/uploads\/2022\/02\/poursaudes-16.jpg 2000w\" sizes=\"auto, (max-width: 1600px) 100vw, 1600px\" \/><\/a><\/figure>\n\n\n\n<figure class=\"wp-block-image size-large\"><a href=\"https:\/\/ligue-golfgrandest.org\/wp-content\/uploads\/2022\/02\/poursaudes-19.jpg\"><img loading=\"lazy\" decoding=\"async\" width=\"1600\" height=\"1066\" data-id=\"38245\" src=\"https:\/\/ligue-golfgrandest.org\/wp-content\/uploads\/2022\/02\/poursaudes-19-1600x1066.jpg\" alt=\"\" class=\"wp-image-38245\" srcset=\"https:\/\/ligue-golfgrandest.org\/wp-content\/uploads\/2022\/02\/poursaudes-19-1600x1066.jpg 1600w, https:\/\/ligue-golfgrandest.org\/wp-content\/uploads\/2022\/02\/poursaudes-19-450x300.jpg 450w, https:\/\/ligue-golfgrandest.org\/wp-content\/uploads\/2022\/02\/poursaudes-19-300x200.jpg 300w, https:\/\/ligue-golfgrandest.org\/wp-content\/uploads\/2022\/02\/poursaudes-19-768x512.jpg 768w, https:\/\/ligue-golfgrandest.org\/wp-content\/uploads\/2022\/02\/poursaudes-19-1536x1024.jpg 1536w, https:\/\/ligue-golfgrandest.org\/wp-content\/uploads\/2022\/02\/poursaudes-19-272x182.jpg 272w, https:\/\/ligue-golfgrandest.org\/wp-content\/uploads\/2022\/02\/poursaudes-19.jpg 2000w\" sizes=\"auto, (max-width: 1600px) 100vw, 1600px\" \/><\/a><\/figure>\n\n\n\n<figure class=\"wp-block-image size-large\"><a href=\"https:\/\/ligue-golfgrandest.org\/wp-content\/uploads\/2022\/02\/poursaudes-20.jpg\"><img loading=\"lazy\" decoding=\"async\" width=\"1600\" height=\"1066\" data-id=\"38246\" src=\"https:\/\/ligue-golfgrandest.org\/wp-content\/uploads\/2022\/02\/poursaudes-20-1600x1066.jpg\" alt=\"\" class=\"wp-image-38246\" srcset=\"https:\/\/ligue-golfgrandest.org\/wp-content\/uploads\/2022\/02\/poursaudes-20-1600x1066.jpg 1600w, https:\/\/ligue-golfgrandest.org\/wp-content\/uploads\/2022\/02\/poursaudes-20-450x300.jpg 450w, https:\/\/ligue-golfgrandest.org\/wp-content\/uploads\/2022\/02\/poursaudes-20-300x200.jpg 300w, https:\/\/ligue-golfgrandest.org\/wp-content\/uploads\/2022\/02\/poursaudes-20-768x512.jpg 768w, https:\/\/ligue-golfgrandest.org\/wp-content\/uploads\/2022\/02\/poursaudes-20-1536x1024.jpg 1536w, https:\/\/ligue-golfgrandest.org\/wp-content\/uploads\/2022\/02\/poursaudes-20-272x182.jpg 272w, https:\/\/ligue-golfgrandest.org\/wp-content\/uploads\/2022\/02\/poursaudes-20.jpg 2000w\" sizes=\"auto, (max-width: 1600px) 100vw, 1600px\" \/><\/a><\/figure>\n<\/figure>\n\n\n\n<iframe src=\"https:\/\/www.google.com\/maps\/embed?pb=!1m18!1m12!1m3!1d137066.68374050487!2d4.646288307132279!3d49.63675033719316!2m3!1f0!2f0!3f0!3m2!1i1024!2i768!4f13.1!3m3!1m2!1s0x47ea15c6c28720bf%3A0x79a0eda3f9388ba4!2sGolf%20des%20Poursaudes!5e0!3m2!1sfr!2sfr!4v1644244582456!5m2!1sfr!2sfr\" width=\"100%\" height=\"450\" style=\"border:0;\" allowfullscreen=\"\" loading=\"lazy\"><\/iframe>\n","protected":false},"excerpt":{"rendered":"<p>Ass. Sportive Poursaudes Golf ClubRoute D&rsquo;omont08430 Villers le Tilleul Pr\u00e9sident AS : Pascal PAQUITpaquit.pascal@neuf.fr D\u00e9parts comp\u00e9titionsR\u00e9sultats comp\u00e9titions Le club 1 parcours 18 trous1 parcours footgolfpracticepro-shoprestaurantDirectrice : Marl\u00e8ne ALLAINgolfdespoursaudes@gmail.comwww.golfdespoursaudes.comFacebook : Golf des Poursaudes03 24 42 39 83<\/p>\n","protected":false},"author":3,"featured_media":0,"parent":139,"menu_order":1,"comment_status":"closed","ping_status":"closed","template":"page-templates\/page-full-width.php","meta":{"footnotes":""},"class_list":["post-826","page","type-page","status-publish","hentry"],"_links":{"self":[{"href":"https:\/\/ligue-golfgrandest.org\/index.php\/wp-json\/wp\/v2\/pages\/826","targetHints":{"allow":["GET"]}}],"collection":[{"href":"https:\/\/ligue-golfgrandest.org\/index.php\/wp-json\/wp\/v2\/pages"}],"about":[{"href":"https:\/\/ligue-golfgrandest.org\/index.php\/wp-json\/wp\/v2\/types\/page"}],"author":[{"embeddable":true,"href":"https:\/\/ligue-golfgrandest.org\/index.php\/wp-json\/wp\/v2\/users\/3"}],"replies":[{"embeddable":true,"href":"https:\/\/ligue-golfgrandest.org\/index.php\/wp-json\/wp\/v2\/comments?post=826"}],"version-history":[{"count":0,"href":"https:\/\/ligue-golfgrandest.org\/index.php\/wp-json\/wp\/v2\/pages\/826\/revisions"}],"up":[{"embeddable":true,"href":"https:\/\/ligue-golfgrandest.org\/index.php\/wp-json\/wp\/v2\/pages\/139"}],"wp:attachment":[{"href":"https:\/\/ligue-golfgrandest.org\/index.php\/wp-json\/wp\/v2\/media?parent=826"}],"curies":[{"name":"wp","href":"https:\/\/api.w.org\/{rel}","templated":true}]}}