{"id":8,"date":"2017-01-16T15:25:05","date_gmt":"2017-01-16T14:25:05","guid":{"rendered":"http:\/\/ligue-golfgrandest.org\/?page_id=8"},"modified":"2026-04-13T16:36:51","modified_gmt":"2026-04-13T14:36:51","slug":"contact","status":"publish","type":"page","link":"https:\/\/ligue-golfgrandest.org\/index.php\/contact\/","title":{"rendered":"CONTACT LIGUE"},"content":{"rendered":"\n<div class=\"wp-block-columns is-layout-flex wp-container-core-columns-is-layout-9d6595d7 wp-block-columns-is-layout-flex\">\n<div class=\"wp-block-column is-layout-flow wp-block-column-is-layout-flow\">\n<h4 class=\"wp-block-heading\">Si\u00e8ge de la Ligue.<\/h4>\n\n\n\n<p><strong>Ligue de Golf Grand Est<\/strong><br>Maison R\u00e9gionale des Sports<br>13 rue Jean Moulin | CS 70001<br>54510 Tomblaine<\/p>\n\n\n\n<p><strong>Direction administrative, financi\u00e8re &amp;<br>sportive<\/strong><br><\/p>\n\n\n\n<p>Tel : 03 83 18 95 34<br>E-mail si\u00e8ge : <a href=\"mailto:contact@ligue-golfgrandest.org\" target=\"_blank\" rel=\"noreferrer noopener\">contact@ligue-golfgrandest.org<\/a> <\/p>\n\n\n\n<p>E-mail Golf Entreprise &amp; Communication Marketing : <a href=\"mailto:contact.strasbourg@ligue-grandest.org\">contact.strasbourg@ligue-golfgrandest.org<\/a><\/p>\n\n\n\n<p><\/p>\n\n\n\n<p><strong>OUVERTURE DU BUREAU AU PUBLIC<\/strong><br>Lundi au vendredi de 9h \u00e0 12h et de 14h \u00e0 16h<\/p>\n\n\n\n<p><a href=\"http:\/\/ligue-golfgrandest.org\/wp-content\/uploads\/2017\/04\/Mentions-legales-LIGUE-GOLF-GRAND-EST-2017.pdf\">Mentions l\u00e9gales et politique de confidentialit\u00e9<\/a><\/p>\n<\/div>\n\n\n\n<div class=\"wp-block-column is-layout-flow wp-block-column-is-layout-flow\">\n<h4 class=\"wp-block-heading\"><\/h4>\n\n\n\n<p><\/p>\n\n\n\n<p><br><\/p>\n<\/div>\n<\/div>\n\n\n\n<iframe src=\"https:\/\/www.google.com\/maps\/embed?pb=!1m18!1m12!1m3!1d5421.154278589322!2d6.21036440658238!3d48.69759917356508!2m3!1f0!2f0!3f0!3m2!1i1024!2i768!4f13.1!3m3!1m2!1s0x4794dc05a2525405%3A0x5cc339cbf3f8f206!2sLigue%20de%20Golf%20Lorraine!5e0!3m2!1sfr!2sfr!4v1677490258888!5m2!1sfr!2sfr\" width=\"100%\" height=\"450\" style=\"border:0;\" allowfullscreen=\"\" loading=\"lazy\" referrerpolicy=\"no-referrer-when-downgrade\"><\/iframe>\n","protected":false},"excerpt":{"rendered":"<p>Si\u00e8ge de la Ligue. Ligue de Golf Grand EstMaison R\u00e9gionale des Sports13 rue Jean Moulin | CS 7000154510 Tomblaine Direction administrative, financi\u00e8re &amp;sportive Tel : 03 83 18 95 34E-mail si\u00e8ge : contact@ligue-golfgrandest.org E-mail Golf Entreprise &amp; Communication Marketing : contact.strasbourg@ligue-golfgrandest.org OUVERTURE DU BUREAU AU PUBLICLundi au vendredi de 9h \u00e0 12h et de 14h [&hellip;]<\/p>\n","protected":false},"author":3,"featured_media":0,"parent":0,"menu_order":0,"comment_status":"closed","ping_status":"closed","template":"page-templates\/page-full-width.php","meta":{"footnotes":""},"class_list":["post-8","page","type-page","status-publish","hentry"],"_links":{"self":[{"href":"https:\/\/ligue-golfgrandest.org\/index.php\/wp-json\/wp\/v2\/pages\/8","targetHints":{"allow":["GET"]}}],"collection":[{"href":"https:\/\/ligue-golfgrandest.org\/index.php\/wp-json\/wp\/v2\/pages"}],"about":[{"href":"https:\/\/ligue-golfgrandest.org\/index.php\/wp-json\/wp\/v2\/types\/page"}],"author":[{"embeddable":true,"href":"https:\/\/ligue-golfgrandest.org\/index.php\/wp-json\/wp\/v2\/users\/3"}],"replies":[{"embeddable":true,"href":"https:\/\/ligue-golfgrandest.org\/index.php\/wp-json\/wp\/v2\/comments?post=8"}],"version-history":[{"count":9,"href":"https:\/\/ligue-golfgrandest.org\/index.php\/wp-json\/wp\/v2\/pages\/8\/revisions"}],"predecessor-version":[{"id":62336,"href":"https:\/\/ligue-golfgrandest.org\/index.php\/wp-json\/wp\/v2\/pages\/8\/revisions\/62336"}],"wp:attachment":[{"href":"https:\/\/ligue-golfgrandest.org\/index.php\/wp-json\/wp\/v2\/media?parent=8"}],"curies":[{"name":"wp","href":"https:\/\/api.w.org\/{rel}","templated":true}]}}