{"id":7709,"date":"2017-11-30T17:26:57","date_gmt":"2017-11-30T16:26:57","guid":{"rendered":"http:\/\/ligue-golfgrandest.org\/?page_id=7709"},"modified":"2026-04-13T17:01:47","modified_gmt":"2026-04-13T15:01:47","slug":"licence-ffg","status":"publish","type":"page","link":"https:\/\/ligue-golfgrandest.org\/index.php\/la-ligue\/licence-ffg\/","title":{"rendered":"LICENCE FFG"},"content":{"rendered":"\n<p class=\"has-very-light-gray-color has-text-color has-background has-medium-font-size\" style=\"background-color:#1e2346\"><strong>LA LICENCE FFGOLF<\/strong><\/p>\n\n\n<p>A compter de la saison 2021, les licences changent de format pour devenir <strong>\u00e9lectronique via votre \u00e9cran de smartphone.<\/strong> Pour pouvoir visualiser votre licence, il faudra t\u00e9l\u00e9charger <strong>l&rsquo;application FFGolf disponible sur l&rsquo;Apple Store ou sur Android,<\/strong> entrer votre num\u00e9ro de licence et votre mot de passe FFGolf. Ensuite dans le menu d&rsquo;accueil, cliquez sur \u00ab\u00a0Ma Licence\u00a0\u00bb. Pour visualiser la licence de l&rsquo;ann\u00e9e en cours, il vous faudra appuyer sur le \u00ab\u00a0bouton fl\u00e8che\u00a0\u00bb puis \u00ab\u00a0actualiser ma licence\u00a0\u00bb.<\/p>\n<p>Vous pourrez ainsi, quand on vous le demandera, pr\u00e9senter votre licence \u00e9lectronique FFGolf en cours.<\/p>\n<p>Pour ceux qui souhaitent, une version au format carte plastifi\u00e9e, c&rsquo;est encore possible moyennant un co\u00fbt suppl\u00e9mentaire.(voir les conditions FFGolf)<\/p>\n<p>La commande de licence se fait aupr\u00e8s de votre club, aupr\u00e8s de la FFGolf, en ligne, cr\u00e9ation, renouvellement&#8230;<\/p>\n<p><a href=\"https:\/\/www.ffgolf.org\/Se-licencier\/Commande?utm_source=ffgolf&amp;utm_medium=Habillage&amp;utm_campaign=Licence2023\"><strong>Toutes les informations sur la licence 2026 <\/strong><\/a> |<\/p>\n<p>Pour plus de renseignements, contactez le service licence de la ffgolf par email : <a href=\"mailto:licences@ffgolf.org\" target=\"_blank\" rel=\"noopener noreferrer\">licences@ffgolf.org<\/a><\/p>\n\n\n<p><\/p>\n\n\n\n<p class=\"has-very-light-gray-color has-text-color has-background has-medium-font-size\" style=\"background-color:#1e2346\"><strong>DROIT DE JEU DU CIRCUIT FEDERAL<\/strong><\/p>\n\n\n<p>Ce droit de jeu donne aux joueurs le statut de joueur\/joueuse du Circuit F\u00e9d\u00e9ral.<\/p>\n<p>Ce droit de jeu annuel de <strong>40 \u20ac<\/strong> doit \u00eatre acquitt\u00e9 en compl\u00e9ment du paiement de la licence, par tout joueur participant \u00e0 au moins une des \u00e9preuves list\u00e9es<strong><a href=\"https:\/\/www.ffgolf.org\/golf-amateur\/reglements\/droit-de-jeu-federal\"> ICI<\/a><\/strong><\/p>\n\n\n<p class=\"has-very-light-gray-color has-text-color has-background has-medium-font-size\" style=\"background-color:#1e2346\"><strong>CERTIFICAT M\u00c9DICAL OU QUESTIONNAIRE DE SANT\u00c9<\/strong><\/p>\n\n\n\n<p>Dans le cadre d\u2019une r\u00e9forme d\u2019importance entr\u00e9e en vigueur au cours du 1er trimestre 2023, les conditions d\u2019\u00e9ligibilit\u00e9 au Certificat m\u00e9dical (CACI) ou au Questionnaire de sant\u00e9 (QS) ont \u00e9volu\u00e9 selon les principes d\u00e9crits <strong><a href=\"https:\/\/www.ffgolf.org\/golf-amateur\/reglements\/certificat-medical-et-qs\">ICI<\/a><\/strong><\/p>\n\n\n\n<p>T\u00e9l\u00e9charger :&nbsp; <a href=\"https:\/\/ligue-golfgrandest.org\/wp-content\/uploads\/2023\/04\/12680_7401_certificat-medical-caci.pdf\">le certificat m\u00e9dical<\/a> | <a href=\"https:\/\/ligue-golfgrandest.org\/wp-content\/uploads\/2023\/04\/Questionnaire-Sante-Adulte-MAJ-03.2023.pdf\">le questionnaire de sant\u00e9 adulte<\/a> | <a href=\"https:\/\/ligue-golfgrandest.org\/wp-content\/uploads\/2023\/04\/Questionnaire-sante-MINEUR.pdf\">le questionnaire de sant\u00e9 mineur.<\/a><\/p>\n","protected":false},"excerpt":{"rendered":"<p>LA LICENCE FFGOLF A compter de la saison 2021, les licences changent de format pour devenir \u00e9lectronique via votre \u00e9cran de smartphone. Pour pouvoir visualiser votre licence, il faudra t\u00e9l\u00e9charger l&rsquo;application FFGolf disponible sur l&rsquo;Apple Store ou sur Android, entrer votre num\u00e9ro de licence et votre mot de passe FFGolf. Ensuite dans le menu d&rsquo;accueil, [&hellip;]<\/p>\n","protected":false},"author":3,"featured_media":0,"parent":150,"menu_order":6,"comment_status":"closed","ping_status":"closed","template":"page-templates\/page-full-width.php","meta":{"footnotes":""},"class_list":["post-7709","page","type-page","status-publish","hentry"],"_links":{"self":[{"href":"https:\/\/ligue-golfgrandest.org\/index.php\/wp-json\/wp\/v2\/pages\/7709","targetHints":{"allow":["GET"]}}],"collection":[{"href":"https:\/\/ligue-golfgrandest.org\/index.php\/wp-json\/wp\/v2\/pages"}],"about":[{"href":"https:\/\/ligue-golfgrandest.org\/index.php\/wp-json\/wp\/v2\/types\/page"}],"author":[{"embeddable":true,"href":"https:\/\/ligue-golfgrandest.org\/index.php\/wp-json\/wp\/v2\/users\/3"}],"replies":[{"embeddable":true,"href":"https:\/\/ligue-golfgrandest.org\/index.php\/wp-json\/wp\/v2\/comments?post=7709"}],"version-history":[{"count":3,"href":"https:\/\/ligue-golfgrandest.org\/index.php\/wp-json\/wp\/v2\/pages\/7709\/revisions"}],"predecessor-version":[{"id":62347,"href":"https:\/\/ligue-golfgrandest.org\/index.php\/wp-json\/wp\/v2\/pages\/7709\/revisions\/62347"}],"up":[{"embeddable":true,"href":"https:\/\/ligue-golfgrandest.org\/index.php\/wp-json\/wp\/v2\/pages\/150"}],"wp:attachment":[{"href":"https:\/\/ligue-golfgrandest.org\/index.php\/wp-json\/wp\/v2\/media?parent=7709"}],"curies":[{"name":"wp","href":"https:\/\/api.w.org\/{rel}","templated":true}]}}