{"id":5898,"date":"2017-08-28T13:59:45","date_gmt":"2017-08-28T11:59:45","guid":{"rendered":"http:\/\/ligue-golfgrandest.org\/?page_id=5898"},"modified":"2026-04-13T15:45:14","modified_gmt":"2026-04-13T13:45:14","slug":"dames-messieurs-seniors-inter-club","status":"publish","type":"page","link":"https:\/\/ligue-golfgrandest.org\/index.php\/competitions\/dames-messieurs-seniors-inter-club\/","title":{"rendered":"DAMES ET MESSIEURS SENIORS | COMPETITIONS INTER-CLUBS"},"content":{"rendered":"\n<p>Les comp\u00e9titions Dames et Messieurs Senior, joueurs de 50 ans et plus.<\/p>\n\n\n\n<p>Les OMNIUMS sont des comp\u00e9titions individuelles organis\u00e9es par les Clubs avec un classement le jour de la comp\u00e9tition.<\/p>\n\n\n\n<p>Les INTER-CLUB par Equipe sont organis\u00e9s par les Clubs : TIS, GSA, Amicale des Seniors, les \u00e9quipes de chaque Club concourent pour participer la saison suivante \u00e0 la finale Super Grand Est organis\u00e9e par la Ligue Grand Est et la Ligue de Bourgogne-Franche Comt\u00e9.<\/p>\n\n\n\n<hr class=\"wp-block-separator has-alpha-channel-opacity\"\/>\n\n\n\n<h1 class=\"wp-block-heading\">OMNIUM TOUR &#8211; GRAND EST 2026<\/h1>\n\n\n\n<p><strong>Coordinateur : Didier BRENNEMANN<\/strong> <a href=\"mailto:didier.brennemann@gmail.com\">didier.brennemann@gmail.com<\/a><\/p>\n\n\n\n<div class=\"wp-block-columns is-layout-flex wp-container-core-columns-is-layout-9d6595d7 wp-block-columns-is-layout-flex\">\n<div class=\"wp-block-column is-layout-flow wp-block-column-is-layout-flow\" style=\"flex-basis:33.33%\">\n<figure class=\"wp-block-image size-large wp-duotone-abb8c3-7f7f7f-1\"><a href=\"https:\/\/ligue-golfgrandest.org\/wp-content\/uploads\/2025\/04\/OMIUM-2025-scaled.jpg\"><img loading=\"lazy\" decoding=\"async\" width=\"849\" height=\"1200\" src=\"https:\/\/ligue-golfgrandest.org\/wp-content\/uploads\/2025\/04\/OMIUM-2025-849x1200.jpg\" alt=\"\" class=\"wp-image-58781\" srcset=\"https:\/\/ligue-golfgrandest.org\/wp-content\/uploads\/2025\/04\/OMIUM-2025-849x1200.jpg 849w, https:\/\/ligue-golfgrandest.org\/wp-content\/uploads\/2025\/04\/OMIUM-2025-212x300.jpg 212w, https:\/\/ligue-golfgrandest.org\/wp-content\/uploads\/2025\/04\/OMIUM-2025-768x1086.jpg 768w, https:\/\/ligue-golfgrandest.org\/wp-content\/uploads\/2025\/04\/OMIUM-2025-1086x1536.jpg 1086w, https:\/\/ligue-golfgrandest.org\/wp-content\/uploads\/2025\/04\/OMIUM-2025-1448x2048.jpg 1448w, https:\/\/ligue-golfgrandest.org\/wp-content\/uploads\/2025\/04\/OMIUM-2025-scaled.jpg 1810w\" sizes=\"auto, (max-width: 849px) 100vw, 849px\" \/><\/a><\/figure>\n<\/div>\n\n\n\n<div class=\"wp-block-column is-layout-flow wp-block-column-is-layout-flow\" style=\"flex-basis:66.66%\">\n<h2 class=\"wp-block-heading\">Comp\u00e9titions en individuel <\/h2>\n\n\n\n<p>L&rsquo;OMNIUM TOUR 2026 regroupe toutes les comp\u00e9titions Omnium organis\u00e9es par les Clubs dans la R\u00e9gion Grand Est. Ces <strong>\u00e9preuves sont ouvertes aux Dames et Messieurs Seniors licenci\u00e9s en France et \u00e0 l&rsquo;\u00e9tranger<\/strong>. La comp\u00e9tition se joue en individuel. Les Omniums sont g\u00e9r\u00e9es directement par chaque Club organisateur, la formule de jeu est toujours en individuel mais les conditions et la gestion de la comp\u00e9tition sont sp\u00e9cifiques \u00e0 chaque Club et varient d&rsquo;un club \u00e0 l&rsquo;autre. Toujours se rapprocher des Clubs pour en savoir plus. Les Clubs diffusent des annonces sur leur site internet et les r\u00e9seaux sociaux pour informer les joueurs de leurs conditions de jeu. Les joueurs s&rsquo;inscrivent individuellement en contactant le Club qui re\u00e7oit une \u00e9preuve.<\/p>\n\n\n\n<p><strong>Pour les inscriptions, contactez chaque Club |<\/strong><\/p>\n\n\n\n<p><a href=\"https:\/\/ligue-golfgrandest.org\/wp-content\/uploads\/2024\/01\/OMNIUM-TOUR-2024-REGLEMENT-GENERAL.pdf\">R\u00e8glement g\u00e9n\u00e9ral Omnium Tour<\/a> |<\/p>\n<\/div>\n<\/div>\n\n\n\n<p><strong>OMNIUMS 2026 &#8211; LORRAINE<\/strong><\/p>\n\n\n\n<ul class=\"wp-block-list\">\n<li>Calendrier : <a href=\"https:\/\/ligue-golfgrandest.org\/wp-content\/uploads\/2025\/11\/Omniums-26-v7.pdf\">Omniums Lorraine 2026<\/a> (mise \u00e0 jour au 04\/11\/2025)<\/li>\n<\/ul>\n\n\n\n<p><strong>OMNIUMS 2025 &#8211; ALSACE<\/strong><\/p>\n\n\n\n<ul class=\"wp-block-list\">\n<li>Strasbourg | 22 mai<\/li>\n\n\n\n<li>Alsace Golf Links| 19 et 20 ao\u00fbt<\/li>\n<\/ul>\n\n\n\n<p><strong>OMNIUMS\/OPENS 2025 &#8211;  CHAMPAGNE-ARDENNE<\/strong><\/p>\n\n\n\n<ul class=\"wp-block-list\">\n<li>For\u00eat&nbsp;d&rsquo;Orient | 20 mai<\/li>\n\n\n\n<li>Grande Romanie | 08 juillet<\/li>\n\n\n\n<li>Troyes Cordeli\u00e8re | 17 juillet<\/li>\n\n\n\n<li>Troyes Ermitage | 02 septembre<\/li>\n\n\n\n<li>Reims | 09 septembre<\/li>\n<\/ul>\n\n\n\n<p><br><\/p>\n\n\n\n<hr class=\"wp-block-separator has-alpha-channel-opacity\"\/>\n\n\n\n<h1 class=\"wp-block-heading\">LORRAINE &#8211; TIS : Comp\u00e9titions par \u00e9quipe &#8211; Tournois Interclubs Seniors.<\/h1>\n\n\n\n<p><strong>Coordinateur : Didier BRENNEMANN<\/strong> <a href=\"mailto:didier.brennemann@gmail.com\">didier.brennemann@gmail.com<\/a><\/p>\n\n\n\n<p><strong><a href=\"https:\/\/ligue-golfgrandest.org\/wp-content\/uploads\/2025\/12\/TIS-26-v11.pdf\">Calendrier TIS 2026<\/a><\/strong> |<strong> <a href=\"https:\/\/ligue-golfgrandest.org\/wp-content\/uploads\/2025\/12\/TIS-26-REGLEMENT.pdf\">R\u00e8glement 2026<\/a><\/strong> |<\/p>\n\n\n\n<p><a href=\"https:\/\/ligue-golfgrandest.org\/wp-content\/uploads\/2025\/10\/2025-01-28-Classement-TIS-Version-2025-POULES.pdf\">Classement Poules 2025<\/a> | <a href=\"https:\/\/ligue-golfgrandest.org\/wp-content\/uploads\/2025\/10\/TIS-Finales-2025.pdf\">FINALES 2025<\/a> | <\/p>\n\n\n\n<p><a href=\"https:\/\/ligue-golfgrandest.org\/wp-content\/uploads\/2025\/10\/classements-FINALES-TIS-2025.jpg\">R\u00e9sultats FINALES 2025 <\/a>|<\/p>\n\n\n\n<p><strong>Club Vainqueur 2025 : Golf de PREISCH<\/strong><\/p>\n\n\n\n<figure class=\"wp-block-image size-full is-resized\"><a href=\"https:\/\/ligue-golfgrandest.org\/wp-content\/uploads\/2025\/10\/VAINQUEUR-TIS-2025.jpg\"><img loading=\"lazy\" decoding=\"async\" width=\"768\" height=\"576\" src=\"https:\/\/ligue-golfgrandest.org\/wp-content\/uploads\/2025\/10\/VAINQUEUR-TIS-2025.jpg\" alt=\"\" class=\"wp-image-60895\" style=\"width:746px;height:auto\" srcset=\"https:\/\/ligue-golfgrandest.org\/wp-content\/uploads\/2025\/10\/VAINQUEUR-TIS-2025.jpg 768w, https:\/\/ligue-golfgrandest.org\/wp-content\/uploads\/2025\/10\/VAINQUEUR-TIS-2025-400x300.jpg 400w\" sizes=\"auto, (max-width: 768px) 100vw, 768px\" \/><\/a><\/figure>\n\n\n\n<hr class=\"wp-block-separator has-alpha-channel-opacity\"\/>\n\n\n\n<h1 class=\"wp-block-heading\">ALSACE &#8211; GSA : Comp\u00e9tition par Equipe &#8211; Golf Seniors Alsace.<\/h1>\n\n\n\n<p><strong>Coordinateur Alsace : Pierre LEOPOLDES &#8211;<\/strong> leopoldes.pierre@orange.fr<\/p>\n\n\n\n<figure class=\"wp-block-image size-large is-resized\"><a href=\"https:\/\/ligue-golfgrandest.org\/wp-content\/uploads\/2024\/03\/IMG_5446-rotated.jpg\"><img loading=\"lazy\" decoding=\"async\" width=\"900\" height=\"1200\" src=\"https:\/\/ligue-golfgrandest.org\/wp-content\/uploads\/2024\/03\/IMG_5446-900x1200.jpg\" alt=\"\" class=\"wp-image-53651\" style=\"width:218px;height:auto\" srcset=\"https:\/\/ligue-golfgrandest.org\/wp-content\/uploads\/2024\/03\/IMG_5446-900x1200.jpg 900w, https:\/\/ligue-golfgrandest.org\/wp-content\/uploads\/2024\/03\/IMG_5446-225x300.jpg 225w, https:\/\/ligue-golfgrandest.org\/wp-content\/uploads\/2024\/03\/IMG_5446-768x1024.jpg 768w, https:\/\/ligue-golfgrandest.org\/wp-content\/uploads\/2024\/03\/IMG_5446-1152x1536.jpg 1152w, https:\/\/ligue-golfgrandest.org\/wp-content\/uploads\/2024\/03\/IMG_5446-1536x2048.jpg 1536w, https:\/\/ligue-golfgrandest.org\/wp-content\/uploads\/2024\/03\/IMG_5446-rotated.jpg 1920w\" sizes=\"auto, (max-width: 900px) 100vw, 900px\" \/><\/a><\/figure>\n\n\n\n<p><a href=\"https:\/\/ligue-golfgrandest.org\/wp-content\/uploads\/2025\/10\/GSA-REGLEMENT-du-Championnat.pdf\">R\u00e8glement 2026<\/a><\/p>\n\n\n\n<p><strong>CALENDRIER DU GSA (Golf Seniors Alsace) SAISON 2026<\/strong><\/p>\n\n\n\n<p><strong><em><u>DIVISION 1<\/u><\/em><\/strong>&nbsp;&nbsp;&nbsp;&nbsp;&nbsp;&nbsp;&nbsp;&nbsp;&nbsp;&nbsp;&nbsp;&nbsp;&nbsp;&nbsp;&nbsp;&nbsp;&nbsp;&nbsp;&nbsp;&nbsp;&nbsp;&nbsp;&nbsp;&nbsp;&nbsp;&nbsp;&nbsp;&nbsp;&nbsp;&nbsp;&nbsp;&nbsp;&nbsp;&nbsp;&nbsp;&nbsp;&nbsp;&nbsp;&nbsp;&nbsp;&nbsp;&nbsp;&nbsp;&nbsp;&nbsp;&nbsp;&nbsp;&nbsp;&nbsp;&nbsp;&nbsp;&nbsp;&nbsp;&nbsp;&nbsp; <strong><em><u>DIVISION 2<\/u><\/em><\/strong><\/p>\n\n\n\n<p>Strasbourg 23 avril&nbsp;&nbsp;&nbsp;&nbsp;&nbsp;&nbsp;&nbsp;&nbsp;&nbsp;&nbsp;&nbsp;&nbsp;&nbsp;&nbsp;&nbsp;&nbsp;&nbsp;&nbsp;&nbsp;&nbsp;&nbsp;&nbsp;&nbsp;&nbsp;&nbsp;&nbsp;&nbsp;&nbsp;&nbsp;&nbsp;&nbsp;&nbsp;&nbsp;&nbsp;&nbsp;&nbsp;&nbsp;&nbsp;&nbsp;&nbsp;&nbsp; Hombourg 7 mai<\/p>\n\n\n\n<p>Rhin 12 mai&nbsp;&nbsp;&nbsp;&nbsp;&nbsp;&nbsp;&nbsp;&nbsp;&nbsp;&nbsp;&nbsp;&nbsp;&nbsp;&nbsp;&nbsp;&nbsp;&nbsp;&nbsp;&nbsp;&nbsp;&nbsp;&nbsp;&nbsp;&nbsp;&nbsp;&nbsp;&nbsp;&nbsp;&nbsp;&nbsp;&nbsp;&nbsp;&nbsp;&nbsp;&nbsp;&nbsp;&nbsp;&nbsp;&nbsp;&nbsp;&nbsp;&nbsp;&nbsp;&nbsp;&nbsp;&nbsp;&nbsp;&nbsp;&nbsp;&nbsp;&nbsp;&nbsp;&nbsp;&nbsp; Ammerschwihr 17 juin<\/p>\n\n\n\n<p>Kempferhof 4 juin&nbsp;&nbsp;&nbsp;&nbsp;&nbsp;&nbsp;&nbsp;&nbsp;&nbsp;&nbsp;&nbsp;&nbsp;&nbsp;&nbsp;&nbsp;&nbsp;&nbsp;&nbsp;&nbsp;&nbsp;&nbsp;&nbsp;&nbsp;&nbsp;&nbsp;&nbsp;&nbsp;&nbsp;&nbsp;&nbsp;&nbsp;&nbsp;&nbsp;&nbsp;&nbsp;&nbsp;&nbsp;&nbsp;&nbsp;&nbsp;&nbsp;&nbsp; Rougemont 21 juillet<\/p>\n\n\n\n<p>Bouleaux 25 juin&nbsp;&nbsp;&nbsp;&nbsp;&nbsp;&nbsp;&nbsp;&nbsp;&nbsp;&nbsp;&nbsp;&nbsp;&nbsp;&nbsp;&nbsp;&nbsp;&nbsp;&nbsp;&nbsp;&nbsp;&nbsp;&nbsp;&nbsp;&nbsp;&nbsp;&nbsp;&nbsp;&nbsp;&nbsp;&nbsp;&nbsp;&nbsp;&nbsp;&nbsp;&nbsp;&nbsp;&nbsp;&nbsp;&nbsp;&nbsp;&nbsp;&nbsp;&nbsp;&nbsp; La Largue 25 ao\u00fbt<\/p>\n\n\n\n<p>Wantzenau 23 juillet&nbsp;&nbsp;&nbsp;&nbsp;&nbsp;&nbsp;&nbsp;&nbsp;&nbsp;&nbsp;&nbsp;&nbsp;&nbsp;&nbsp;&nbsp;&nbsp;&nbsp;&nbsp;&nbsp;&nbsp;&nbsp;&nbsp;&nbsp;&nbsp;&nbsp;&nbsp;&nbsp;&nbsp;&nbsp;&nbsp;&nbsp;&nbsp;&nbsp;&nbsp;&nbsp;&nbsp;&nbsp; Alsace Golf Links 22 septembre<\/p>\n\n\n\n<p>FINALE DU SUPER GRAND EST<\/p>\n\n\n\n<p>Les 18 et 19 mai 2026 au golf <strong>Vosges du Sud&nbsp; (Luxeuil)<\/strong><\/p>\n\n\n\n<p>La Wantzenau d\u00e9fendra les couleurs de l\u2019Alsace pour la 2<sup>e<\/sup> ann\u00e9e cons\u00e9cutive.<\/p>\n\n\n\n<p>Les autres finalistes&nbsp;: Besan\u00e7on (Franche Comt\u00e9), Dijon-Bourgogne (Bourgogne), Ch\u00e2lons Grande Romanie (Champagne Ardenne), Combles (Lorraine) et Preisch (Lorraine) qualifi\u00e9 d\u2019office, vainqueur en 2025.<\/p>\n\n\n\n<p><\/p>\n\n\n\n<p><strong>RESULTATS DU GSA (Golf Seniors Alsace) SAISON 2025<\/strong><\/p>\n\n\n\n<p><strong>DIVISION 1<\/strong><\/p>\n\n\n\n<ol start=\"1\" class=\"wp-block-list\">\n<li>Wantzenau 1434 points<\/li>\n\n\n\n<li>Strasbourg 1421<\/li>\n\n\n\n<li>Rhin 1337<\/li>\n\n\n\n<li>Ammerschwihr 1300<\/li>\n\n\n\n<li>Alsace Golf Links 1294<\/li>\n<\/ol>\n\n\n\n<p><strong>DIVISION 2<\/strong><\/p>\n\n\n\n<ol start=\"1\" class=\"wp-block-list\">\n<li>Kempferhof 1430 points<\/li>\n\n\n\n<li>Les Bouleaux 1341<\/li>\n\n\n\n<li>Rougemont 1237<\/li>\n\n\n\n<li>Hombourg 1202<\/li>\n\n\n\n<li>La Largue 1186<\/li>\n<\/ol>\n\n\n\n<p>En 2026, le Kempferhof et les Bouleaux montent en D1&nbsp;<\/p>\n\n\n\n<p>Ammerschwihr et Alsace Golf Links rejoignent la D2<\/p>\n\n\n\n<p>La Wantzenau est qualifi\u00e9e (pour la 2<sup>e<\/sup> fois de suite) pour la finale du Super Grand Est qui aura lieu le 19 mai 2026 au golf de Luxeuil (Golf des Vosges du Sud)&nbsp;<\/p>\n\n\n\n<p>Un grand bravo aux champions 2025 sans oublier toutes et tous qui ont particip\u00e9 \u00e0 ces rencontres.<\/p>\n\n\n\n<p><strong>Club Vainqueur 2025 : Golf de la WANTZENAU<\/strong><\/p>\n\n\n\n<figure class=\"wp-block-image size-large is-resized\"><a href=\"https:\/\/ligue-golfgrandest.org\/wp-content\/uploads\/2025\/09\/WANTZENAU-GSA-2025.jpg\"><img loading=\"lazy\" decoding=\"async\" width=\"1600\" height=\"829\" src=\"https:\/\/ligue-golfgrandest.org\/wp-content\/uploads\/2025\/09\/WANTZENAU-GSA-2025-1600x829.jpg\" alt=\"\" class=\"wp-image-60617\" style=\"width:743px;height:auto\" srcset=\"https:\/\/ligue-golfgrandest.org\/wp-content\/uploads\/2025\/09\/WANTZENAU-GSA-2025-1600x829.jpg 1600w, https:\/\/ligue-golfgrandest.org\/wp-content\/uploads\/2025\/09\/WANTZENAU-GSA-2025-530x275.jpg 530w, https:\/\/ligue-golfgrandest.org\/wp-content\/uploads\/2025\/09\/WANTZENAU-GSA-2025-768x398.jpg 768w, https:\/\/ligue-golfgrandest.org\/wp-content\/uploads\/2025\/09\/WANTZENAU-GSA-2025-1536x796.jpg 1536w, https:\/\/ligue-golfgrandest.org\/wp-content\/uploads\/2025\/09\/WANTZENAU-GSA-2025-2048x1061.jpg 2048w\" sizes=\"auto, (max-width: 1600px) 100vw, 1600px\" \/><\/a><\/figure>\n\n\n\n<figure class=\"wp-block-image size-full is-resized\"><a href=\"https:\/\/ligue-golfgrandest.org\/wp-content\/uploads\/2025\/10\/ARTICLE-JOURNAL-GSA-2025.jpg\"><img loading=\"lazy\" decoding=\"async\" width=\"668\" height=\"775\" src=\"https:\/\/ligue-golfgrandest.org\/wp-content\/uploads\/2025\/10\/ARTICLE-JOURNAL-GSA-2025.jpg\" alt=\"\" class=\"wp-image-60930\" style=\"width:378px;height:auto\" srcset=\"https:\/\/ligue-golfgrandest.org\/wp-content\/uploads\/2025\/10\/ARTICLE-JOURNAL-GSA-2025.jpg 668w, https:\/\/ligue-golfgrandest.org\/wp-content\/uploads\/2025\/10\/ARTICLE-JOURNAL-GSA-2025-259x300.jpg 259w\" sizes=\"auto, (max-width: 668px) 100vw, 668px\" \/><\/a><\/figure>\n\n\n\n<hr class=\"wp-block-separator has-alpha-channel-opacity\"\/>\n\n\n\n<h1 class=\"wp-block-heading\">CHAMPAGNE &#8211; ASC : Comp\u00e9tition par Equipe &#8211; Amicale des Seniors de Champagne.<\/h1>\n\n\n\n<p><strong>Coordinateur Champagne-Ardenne : <\/strong><strong> Jean GUILLOCHER<\/strong> &#8211; guillocher.jean@wanadoo.fr<\/p>\n\n\n\n<p><a href=\"https:\/\/ligue-golfgrandest.org\/wp-content\/uploads\/2025\/03\/SENIORS-CA-GL-CALENDRIER-2025-RENCONTRES.pdf\">Calendrier des rencontres 2025<\/a><\/p>\n\n\n\n<figure class=\"wp-block-gallery has-nested-images columns-default is-cropped wp-block-gallery-2 is-layout-flex wp-block-gallery-is-layout-flex\">\n<figure class=\"wp-block-image size-large\"><a href=\"https:\/\/ligue-golfgrandest.org\/wp-content\/uploads\/2025\/01\/Amicale-Seniors-Ch-Ardenne-GL-Palmares-2024-IMG-20241116-WA0048.jpg\"><img loading=\"lazy\" decoding=\"async\" width=\"900\" height=\"1200\" data-id=\"57698\" src=\"https:\/\/ligue-golfgrandest.org\/wp-content\/uploads\/2025\/01\/Amicale-Seniors-Ch-Ardenne-GL-Palmares-2024-IMG-20241116-WA0048-900x1200.jpg\" alt=\"\" class=\"wp-image-57698\" srcset=\"https:\/\/ligue-golfgrandest.org\/wp-content\/uploads\/2025\/01\/Amicale-Seniors-Ch-Ardenne-GL-Palmares-2024-IMG-20241116-WA0048-900x1200.jpg 900w, https:\/\/ligue-golfgrandest.org\/wp-content\/uploads\/2025\/01\/Amicale-Seniors-Ch-Ardenne-GL-Palmares-2024-IMG-20241116-WA0048-225x300.jpg 225w, https:\/\/ligue-golfgrandest.org\/wp-content\/uploads\/2025\/01\/Amicale-Seniors-Ch-Ardenne-GL-Palmares-2024-IMG-20241116-WA0048-768x1024.jpg 768w, https:\/\/ligue-golfgrandest.org\/wp-content\/uploads\/2025\/01\/Amicale-Seniors-Ch-Ardenne-GL-Palmares-2024-IMG-20241116-WA0048-1152x1536.jpg 1152w, https:\/\/ligue-golfgrandest.org\/wp-content\/uploads\/2025\/01\/Amicale-Seniors-Ch-Ardenne-GL-Palmares-2024-IMG-20241116-WA0048.jpg 1200w\" sizes=\"auto, (max-width: 900px) 100vw, 900px\" \/><\/a><\/figure>\n\n\n\n<figure class=\"wp-block-image size-large\"><a href=\"https:\/\/ligue-golfgrandest.org\/wp-content\/uploads\/2025\/01\/Amicale-Seniors-Ch-Ardenne-GL-PHOTO-PALMARES-2024-CHALONS.jpg\"><img loading=\"lazy\" decoding=\"async\" width=\"1600\" height=\"1197\" data-id=\"57699\" src=\"https:\/\/ligue-golfgrandest.org\/wp-content\/uploads\/2025\/01\/Amicale-Seniors-Ch-Ardenne-GL-PHOTO-PALMARES-2024-CHALONS-1600x1197.jpg\" alt=\"\" class=\"wp-image-57699\" srcset=\"https:\/\/ligue-golfgrandest.org\/wp-content\/uploads\/2025\/01\/Amicale-Seniors-Ch-Ardenne-GL-PHOTO-PALMARES-2024-CHALONS-1600x1197.jpg 1600w, https:\/\/ligue-golfgrandest.org\/wp-content\/uploads\/2025\/01\/Amicale-Seniors-Ch-Ardenne-GL-PHOTO-PALMARES-2024-CHALONS-401x300.jpg 401w, https:\/\/ligue-golfgrandest.org\/wp-content\/uploads\/2025\/01\/Amicale-Seniors-Ch-Ardenne-GL-PHOTO-PALMARES-2024-CHALONS-768x575.jpg 768w, https:\/\/ligue-golfgrandest.org\/wp-content\/uploads\/2025\/01\/Amicale-Seniors-Ch-Ardenne-GL-PHOTO-PALMARES-2024-CHALONS-1536x1149.jpg 1536w, https:\/\/ligue-golfgrandest.org\/wp-content\/uploads\/2025\/01\/Amicale-Seniors-Ch-Ardenne-GL-PHOTO-PALMARES-2024-CHALONS.jpg 2048w\" sizes=\"auto, (max-width: 1600px) 100vw, 1600px\" \/><\/a><\/figure>\n<\/figure>\n\n\n\n<p><strong>Club Vainqueur 2024 : Ch\u00e2lons-en-Champagne<\/strong><\/p>\n\n\n\n<hr class=\"wp-block-separator has-alpha-channel-opacity\"\/>\n\n\n\n<h1 class=\"wp-block-heading\">SUPER GRAND EST : comp\u00e9tition par Equipe &#8211; Finale inter-Ligues Seniors<\/h1>\n\n\n\n<p><strong>Mardi 13 mai 2025 au Golf de Troyes l&rsquo;Ermitage<\/strong>.<\/p>\n\n\n\n<p>R\u00e9sultats : <a href=\"https:\/\/ligue-golfgrandest.org\/wp-content\/uploads\/2025\/05\/SGE-25-Tableau-resultats-l.pdf\">Classement final<\/a><\/p>\n\n\n\n<p>Vainqueur 2025 : L&rsquo;\u00e9quipe Messieurs Seniors de <strong>PREISCH<\/strong><\/p>\n\n\n\n<figure class=\"wp-block-gallery has-nested-images columns-default is-cropped wp-block-gallery-3 is-layout-flex wp-block-gallery-is-layout-flex\">\n<figure class=\"wp-block-image size-large\"><a href=\"https:\/\/ligue-golfgrandest.org\/wp-content\/uploads\/2025\/05\/SUPER-GD-EST-PCH.jpg\"><img loading=\"lazy\" decoding=\"async\" width=\"960\" height=\"1200\" data-id=\"59172\" src=\"https:\/\/ligue-golfgrandest.org\/wp-content\/uploads\/2025\/05\/SUPER-GD-EST-PCH-960x1200.jpg\" alt=\"\" class=\"wp-image-59172\" srcset=\"https:\/\/ligue-golfgrandest.org\/wp-content\/uploads\/2025\/05\/SUPER-GD-EST-PCH-960x1200.jpg 960w, https:\/\/ligue-golfgrandest.org\/wp-content\/uploads\/2025\/05\/SUPER-GD-EST-PCH-240x300.jpg 240w, https:\/\/ligue-golfgrandest.org\/wp-content\/uploads\/2025\/05\/SUPER-GD-EST-PCH-768x960.jpg 768w, https:\/\/ligue-golfgrandest.org\/wp-content\/uploads\/2025\/05\/SUPER-GD-EST-PCH.jpg 1200w\" sizes=\"auto, (max-width: 960px) 100vw, 960px\" \/><\/a><\/figure>\n\n\n\n<figure class=\"wp-block-image size-large\"><a href=\"https:\/\/ligue-golfgrandest.org\/wp-content\/uploads\/2025\/05\/SUPER-GD-EST-PCH2.jpg\"><img loading=\"lazy\" decoding=\"async\" width=\"1200\" height=\"900\" data-id=\"59173\" src=\"https:\/\/ligue-golfgrandest.org\/wp-content\/uploads\/2025\/05\/SUPER-GD-EST-PCH2.jpg\" alt=\"\" class=\"wp-image-59173\" srcset=\"https:\/\/ligue-golfgrandest.org\/wp-content\/uploads\/2025\/05\/SUPER-GD-EST-PCH2.jpg 1200w, https:\/\/ligue-golfgrandest.org\/wp-content\/uploads\/2025\/05\/SUPER-GD-EST-PCH2-400x300.jpg 400w, https:\/\/ligue-golfgrandest.org\/wp-content\/uploads\/2025\/05\/SUPER-GD-EST-PCH2-768x576.jpg 768w\" sizes=\"auto, (max-width: 1200px) 100vw, 1200px\" \/><\/a><\/figure>\n<\/figure>\n\n\n\n<p><\/p>\n\n\n\n<p><\/p>\n","protected":false},"excerpt":{"rendered":"<p>Les comp\u00e9titions Dames et Messieurs Senior, joueurs de 50 ans et plus. Les OMNIUMS sont des comp\u00e9titions individuelles organis\u00e9es par les Clubs avec un classement le jour de la comp\u00e9tition. Les INTER-CLUB par Equipe sont organis\u00e9s par les Clubs : TIS, GSA, Amicale des Seniors, les \u00e9quipes de chaque Club concourent pour participer la saison [&hellip;]<\/p>\n","protected":false},"author":3,"featured_media":0,"parent":77,"menu_order":21,"comment_status":"closed","ping_status":"closed","template":"page-templates\/page-full-width.php","meta":{"footnotes":""},"class_list":["post-5898","page","type-page","status-publish","hentry"],"_links":{"self":[{"href":"https:\/\/ligue-golfgrandest.org\/index.php\/wp-json\/wp\/v2\/pages\/5898","targetHints":{"allow":["GET"]}}],"collection":[{"href":"https:\/\/ligue-golfgrandest.org\/index.php\/wp-json\/wp\/v2\/pages"}],"about":[{"href":"https:\/\/ligue-golfgrandest.org\/index.php\/wp-json\/wp\/v2\/types\/page"}],"author":[{"embeddable":true,"href":"https:\/\/ligue-golfgrandest.org\/index.php\/wp-json\/wp\/v2\/users\/3"}],"replies":[{"embeddable":true,"href":"https:\/\/ligue-golfgrandest.org\/index.php\/wp-json\/wp\/v2\/comments?post=5898"}],"version-history":[{"count":26,"href":"https:\/\/ligue-golfgrandest.org\/index.php\/wp-json\/wp\/v2\/pages\/5898\/revisions"}],"predecessor-version":[{"id":62313,"href":"https:\/\/ligue-golfgrandest.org\/index.php\/wp-json\/wp\/v2\/pages\/5898\/revisions\/62313"}],"up":[{"embeddable":true,"href":"https:\/\/ligue-golfgrandest.org\/index.php\/wp-json\/wp\/v2\/pages\/77"}],"wp:attachment":[{"href":"https:\/\/ligue-golfgrandest.org\/index.php\/wp-json\/wp\/v2\/media?parent=5898"}],"curies":[{"name":"wp","href":"https:\/\/api.w.org\/{rel}","templated":true}]}}