{"id":580,"date":"2017-02-15T13:34:46","date_gmt":"2017-02-15T12:34:46","guid":{"rendered":"http:\/\/ligue-golfgrandest.org\/?page_id=580"},"modified":"2023-12-01T15:32:27","modified_gmt":"2023-12-01T14:32:27","slug":"golf-hombourg","status":"publish","type":"page","link":"https:\/\/ligue-golfgrandest.org\/index.php\/clubs\/alsace\/golf-hombourg\/","title":{"rendered":"Golf du Chateau de Hombourg"},"content":{"rendered":"\n<div class=\"wp-block-columns is-layout-flex wp-container-core-columns-is-layout-9d6595d7 wp-block-columns-is-layout-flex\">\n<div class=\"wp-block-column is-layout-flow wp-block-column-is-layout-flow\"><div class=\"wp-block-image\">\n<figure class=\"alignleft\"><img loading=\"lazy\" decoding=\"async\" width=\"250\" height=\"160\" src=\"http:\/\/ligue-golfgrandest.org\/wp-content\/uploads\/2017\/02\/09-CLUB-LOGO-HOMBOURG.jpg\" alt=\"\" class=\"wp-image-582\"\/><\/figure><\/div><\/div>\n\n\n\n<div class=\"wp-block-column is-layout-flow wp-block-column-is-layout-flow\">\n<h3 class=\"wp-block-heading\">Asso. Sportive<\/h3>\n\n\n\n<p>1, rue du Golf<br>68490 HOMBOURG<br>Pr\u00e9sident AS : Robert DURAND<\/p>\n\n\n\n<p><a href=\"mailto:robertnicdurand@hotmail.com\">robertnicdurand@hotmail.com<\/a> <br><a href=\"mailto:as.dtgr.golf.chateau.hombourg@gmail.com\">as.dtgr.golf.chateau.hombourg@gmail.com<\/a><br><a rel=\"noreferrer noopener\" href=\"http:\/\/www.golf-du-chateau-de-hombourg.fr\" target=\"_blank\">www.golf-du-chateau-de-hombourg.fr<\/a><\/p>\n\n\n\n<p>D\u00e9parts comp\u00e9titions<br>R\u00e9sultats comp\u00e9titions<\/p>\n<\/div>\n\n\n\n<div class=\"wp-block-column is-layout-flow wp-block-column-is-layout-flow\">\n<h3 class=\"wp-block-heading\">Le Club<\/h3>\n\n\n\n<p>2 parcours 18 Trous<br>1 practice<br>1 pro shop<br>1 restaurant<br>Directeur : Heinz WOLTERS<br><a href=\"mailto:info-hombourg@dtgr.de\">info-hombourg@dtgr.de<\/a><br><a href=\"http:\/\/www.drei-thermen-golfresort.de\" target=\"_blank\" rel=\"noreferrer noopener\">www.drei-thermen-golfresort.de<\/a><br>Facebook : <a href=\"https:\/\/www.facebook.com\/pages\/Golf-du-Ch\u00e2teau-de-Hombourg\/190099458167795\">Golf du Ch\u00e2teau de Hombourg<\/a><br>03 89 26 10 67<\/p>\n<\/div>\n<\/div>\n\n\n\n<figure class=\"wp-block-gallery has-nested-images columns-4 is-cropped wp-block-gallery-1 is-layout-flex wp-block-gallery-is-layout-flex\">\n<figure class=\"wp-block-image size-full\"><a href=\"https:\/\/ligue-golfgrandest.org\/wp-content\/uploads\/2017\/02\/Hombourg-9-800.jpg\"><img loading=\"lazy\" decoding=\"async\" width=\"800\" height=\"600\" data-id=\"592\" src=\"https:\/\/ligue-golfgrandest.org\/wp-content\/uploads\/2017\/02\/Hombourg-9-800.jpg\" alt=\"\" class=\"wp-image-592\" srcset=\"https:\/\/ligue-golfgrandest.org\/wp-content\/uploads\/2017\/02\/Hombourg-9-800.jpg 800w, https:\/\/ligue-golfgrandest.org\/wp-content\/uploads\/2017\/02\/Hombourg-9-800-350x263.jpg 350w, https:\/\/ligue-golfgrandest.org\/wp-content\/uploads\/2017\/02\/Hombourg-9-800-768x576.jpg 768w\" sizes=\"auto, (max-width: 800px) 100vw, 800px\" \/><\/a><\/figure>\n\n\n\n<figure class=\"wp-block-image size-full\"><a href=\"https:\/\/ligue-golfgrandest.org\/wp-content\/uploads\/2017\/02\/HOMBOURG-5-800.jpg\"><img loading=\"lazy\" decoding=\"async\" width=\"800\" height=\"600\" data-id=\"585\" src=\"https:\/\/ligue-golfgrandest.org\/wp-content\/uploads\/2017\/02\/HOMBOURG-5-800.jpg\" alt=\"\" class=\"wp-image-585\" srcset=\"https:\/\/ligue-golfgrandest.org\/wp-content\/uploads\/2017\/02\/HOMBOURG-5-800.jpg 800w, https:\/\/ligue-golfgrandest.org\/wp-content\/uploads\/2017\/02\/HOMBOURG-5-800-350x263.jpg 350w, https:\/\/ligue-golfgrandest.org\/wp-content\/uploads\/2017\/02\/HOMBOURG-5-800-768x576.jpg 768w\" sizes=\"auto, (max-width: 800px) 100vw, 800px\" \/><\/a><\/figure>\n\n\n\n<figure class=\"wp-block-image size-full\"><a href=\"https:\/\/ligue-golfgrandest.org\/wp-content\/uploads\/2017\/02\/HOMBOURG-2-800.jpg\"><img loading=\"lazy\" decoding=\"async\" width=\"800\" height=\"600\" data-id=\"584\" src=\"https:\/\/ligue-golfgrandest.org\/wp-content\/uploads\/2017\/02\/HOMBOURG-2-800.jpg\" alt=\"\" class=\"wp-image-584\" srcset=\"https:\/\/ligue-golfgrandest.org\/wp-content\/uploads\/2017\/02\/HOMBOURG-2-800.jpg 800w, https:\/\/ligue-golfgrandest.org\/wp-content\/uploads\/2017\/02\/HOMBOURG-2-800-350x263.jpg 350w, https:\/\/ligue-golfgrandest.org\/wp-content\/uploads\/2017\/02\/HOMBOURG-2-800-768x576.jpg 768w\" sizes=\"auto, (max-width: 800px) 100vw, 800px\" \/><\/a><\/figure>\n\n\n\n<figure class=\"wp-block-image size-full\"><a href=\"https:\/\/ligue-golfgrandest.org\/wp-content\/uploads\/2020\/11\/hombourg.jpg\"><img loading=\"lazy\" decoding=\"async\" width=\"350\" height=\"263\" data-id=\"30153\" src=\"https:\/\/ligue-golfgrandest.org\/wp-content\/uploads\/2020\/11\/hombourg.jpg\" alt=\"\" class=\"wp-image-30153\"\/><\/a><\/figure>\n<\/figure>\n\n\n\n<iframe src=\"https:\/\/www.google.com\/maps\/embed?pb=!1m18!1m12!1m3!1d108920.13864545309!2d7.409047401935848!3d47.75961069537955!2m3!1f0!2f0!3f0!3m2!1i1024!2i768!4f13.1!3m3!1m2!1s0x4791a21b88680fc1%3A0xce0a6c96cf3481f6!2sGolf%20Ch%C3%A2teau%20Hombourg!5e0!3m2!1sfr!2sfr!4v1642587714069!5m2!1sfr!2sfr\" width=\"100%\" height=\"450\" style=\"border:0;\" allowfullscreen=\"\" loading=\"lazy\"><\/iframe>\n","protected":false},"excerpt":{"rendered":"<p>Asso. Sportive 1, rue du Golf68490 HOMBOURGPr\u00e9sident AS : Robert DURAND robertnicdurand@hotmail.com as.dtgr.golf.chateau.hombourg@gmail.comwww.golf-du-chateau-de-hombourg.fr D\u00e9parts comp\u00e9titionsR\u00e9sultats comp\u00e9titions Le Club 2 parcours 18 Trous1 practice1 pro shop1 restaurantDirecteur : Heinz WOLTERSinfo-hombourg@dtgr.dewww.drei-thermen-golfresort.deFacebook : Golf du Ch\u00e2teau de Hombourg03 89 26 10 67<\/p>\n","protected":false},"author":3,"featured_media":0,"parent":135,"menu_order":9,"comment_status":"closed","ping_status":"closed","template":"page-templates\/page-full-width.php","meta":{"footnotes":""},"class_list":["post-580","page","type-page","status-publish","hentry"],"_links":{"self":[{"href":"https:\/\/ligue-golfgrandest.org\/index.php\/wp-json\/wp\/v2\/pages\/580","targetHints":{"allow":["GET"]}}],"collection":[{"href":"https:\/\/ligue-golfgrandest.org\/index.php\/wp-json\/wp\/v2\/pages"}],"about":[{"href":"https:\/\/ligue-golfgrandest.org\/index.php\/wp-json\/wp\/v2\/types\/page"}],"author":[{"embeddable":true,"href":"https:\/\/ligue-golfgrandest.org\/index.php\/wp-json\/wp\/v2\/users\/3"}],"replies":[{"embeddable":true,"href":"https:\/\/ligue-golfgrandest.org\/index.php\/wp-json\/wp\/v2\/comments?post=580"}],"version-history":[{"count":0,"href":"https:\/\/ligue-golfgrandest.org\/index.php\/wp-json\/wp\/v2\/pages\/580\/revisions"}],"up":[{"embeddable":true,"href":"https:\/\/ligue-golfgrandest.org\/index.php\/wp-json\/wp\/v2\/pages\/135"}],"wp:attachment":[{"href":"https:\/\/ligue-golfgrandest.org\/index.php\/wp-json\/wp\/v2\/media?parent=580"}],"curies":[{"name":"wp","href":"https:\/\/api.w.org\/{rel}","templated":true}]}}