{"id":567,"date":"2017-02-15T13:09:03","date_gmt":"2017-02-15T12:09:03","guid":{"rendered":"http:\/\/ligue-golfgrandest.org\/?page_id=567"},"modified":"2026-03-10T10:17:42","modified_gmt":"2026-03-10T09:17:42","slug":"alsace-golf-links","status":"publish","type":"page","link":"https:\/\/ligue-golfgrandest.org\/index.php\/clubs\/alsace\/alsace-golf-links\/","title":{"rendered":"Alsace Golf Links"},"content":{"rendered":"\n<div class=\"wp-block-columns is-layout-flex wp-container-core-columns-is-layout-9d6595d7 wp-block-columns-is-layout-flex\">\n<div class=\"wp-block-column is-layout-flow wp-block-column-is-layout-flow\"><div class=\"wp-block-image\">\n<figure class=\"alignleft\"><img loading=\"lazy\" decoding=\"async\" width=\"250\" height=\"160\" src=\"http:\/\/ligue-golfgrandest.org\/wp-content\/uploads\/2017\/02\/07-CLUB-LOGO-LINKS-ALSACE.jpg\" alt=\"\" class=\"wp-image-571\"\/><\/figure><\/div><\/div>\n\n\n\n<div class=\"wp-block-column is-layout-flow wp-block-column-is-layout-flow\">\n<h3 class=\"wp-block-heading\">Asso. Sportive<\/h3>\n\n\n\n<p>Moulin de Biltzheim<br>68250 ROUFFACH<br>Pr\u00e9sident AS : Jean-Luc SITTLER<\/p>\n\n\n\n<p><a href=\"https:\/\/web.ffgolf.org\/ffgolf\/tee\/tee.php?gk=7b081b9d19b751754a3d327627aa5422\">D\u00e9parts comp\u00e9titions<\/a><br><a href=\"https:\/\/pages.ffgolf.org\/resultats\/liste-competitions\/7b081b9d19b751754a3d327627aa5422\" data-type=\"link\" data-id=\"https:\/\/pages.ffgolf.org\/resultats\/liste-competitions\/7b081b9d19b751754a3d327627aa5422\">R\u00e9sultats comp\u00e9titions<\/a><\/p>\n<\/div>\n\n\n\n<div class=\"wp-block-column is-layout-flow wp-block-column-is-layout-flow\">\n<h3 class=\"wp-block-heading\">Le club<\/h3>\n\n\n\n<p>1 parcours 18 Trous<br>1 parcours 9 Trous<br>1 parcours 3 trous<br>1 pratice<br>Directeur : David ABERCROMBIE<br><a href=\"mailto:info@alsacegolflinks.com\">info@alsacegolflinks.com<\/a><br><a rel=\"noreferrer noopener\" href=\"http:\/\/www.alsacegolflinks.com\" target=\"_blank\">www.alsacegolflinks.com<\/a><br>Facebook : <a href=\"https:\/\/www.facebook.com\/alsacegolflinks\/\">Alsace Golf Links Rouffach&nbsp;<\/a><br>03 89 78 52 12<\/p>\n<\/div>\n<\/div>\n\n\n\n<figure class=\"wp-block-gallery has-nested-images columns-4 is-cropped wp-block-gallery-1 is-layout-flex wp-block-gallery-is-layout-flex\">\n<figure class=\"wp-block-image size-large\"><a href=\"https:\/\/ligue-golfgrandest.org\/wp-content\/uploads\/2017\/02\/ROUFACH-5-800.jpg\"><img loading=\"lazy\" decoding=\"async\" width=\"800\" height=\"600\" data-id=\"599\" src=\"https:\/\/ligue-golfgrandest.org\/wp-content\/uploads\/2017\/02\/ROUFACH-5-800.jpg\" alt=\"\" class=\"wp-image-599\" srcset=\"https:\/\/ligue-golfgrandest.org\/wp-content\/uploads\/2017\/02\/ROUFACH-5-800.jpg 800w, https:\/\/ligue-golfgrandest.org\/wp-content\/uploads\/2017\/02\/ROUFACH-5-800-350x263.jpg 350w, https:\/\/ligue-golfgrandest.org\/wp-content\/uploads\/2017\/02\/ROUFACH-5-800-768x576.jpg 768w\" sizes=\"auto, (max-width: 800px) 100vw, 800px\" \/><\/a><\/figure>\n\n\n\n<figure class=\"wp-block-image size-large\"><a href=\"https:\/\/ligue-golfgrandest.org\/wp-content\/uploads\/2017\/02\/ROUFACH-1-800.jpg\"><img loading=\"lazy\" decoding=\"async\" width=\"800\" height=\"598\" data-id=\"573\" src=\"https:\/\/ligue-golfgrandest.org\/wp-content\/uploads\/2017\/02\/ROUFACH-1-800.jpg\" alt=\"\" class=\"wp-image-573\" srcset=\"https:\/\/ligue-golfgrandest.org\/wp-content\/uploads\/2017\/02\/ROUFACH-1-800.jpg 800w, https:\/\/ligue-golfgrandest.org\/wp-content\/uploads\/2017\/02\/ROUFACH-1-800-350x262.jpg 350w, https:\/\/ligue-golfgrandest.org\/wp-content\/uploads\/2017\/02\/ROUFACH-1-800-768x574.jpg 768w\" sizes=\"auto, (max-width: 800px) 100vw, 800px\" \/><\/a><\/figure>\n\n\n\n<figure class=\"wp-block-image size-large\"><a href=\"https:\/\/ligue-golfgrandest.org\/wp-content\/uploads\/2017\/02\/ROUFACH-4-800.jpg\"><img loading=\"lazy\" decoding=\"async\" width=\"800\" height=\"598\" data-id=\"574\" src=\"https:\/\/ligue-golfgrandest.org\/wp-content\/uploads\/2017\/02\/ROUFACH-4-800.jpg\" alt=\"\" class=\"wp-image-574\" srcset=\"https:\/\/ligue-golfgrandest.org\/wp-content\/uploads\/2017\/02\/ROUFACH-4-800.jpg 800w, https:\/\/ligue-golfgrandest.org\/wp-content\/uploads\/2017\/02\/ROUFACH-4-800-350x262.jpg 350w, https:\/\/ligue-golfgrandest.org\/wp-content\/uploads\/2017\/02\/ROUFACH-4-800-768x574.jpg 768w\" sizes=\"auto, (max-width: 800px) 100vw, 800px\" \/><\/a><\/figure>\n\n\n\n<figure class=\"wp-block-image size-large\"><a href=\"https:\/\/ligue-golfgrandest.org\/wp-content\/uploads\/2017\/02\/ROUFACH-2-800.jpg\"><img loading=\"lazy\" decoding=\"async\" width=\"800\" height=\"598\" data-id=\"575\" src=\"https:\/\/ligue-golfgrandest.org\/wp-content\/uploads\/2017\/02\/ROUFACH-2-800.jpg\" alt=\"\" class=\"wp-image-575\" srcset=\"https:\/\/ligue-golfgrandest.org\/wp-content\/uploads\/2017\/02\/ROUFACH-2-800.jpg 800w, https:\/\/ligue-golfgrandest.org\/wp-content\/uploads\/2017\/02\/ROUFACH-2-800-350x262.jpg 350w, https:\/\/ligue-golfgrandest.org\/wp-content\/uploads\/2017\/02\/ROUFACH-2-800-768x574.jpg 768w\" sizes=\"auto, (max-width: 800px) 100vw, 800px\" \/><\/a><\/figure>\n<\/figure>\n\n\n\n<iframe src=\"https:\/\/www.google.com\/maps\/embed?pb=!1m18!1m12!1m3!1d57462.083057339!2d7.308049260974049!3d47.97236529255407!2m3!1f0!2f0!3f0!3m2!1i1024!2i768!4f13.1!3m3!1m2!1s0x47917a8dc346c419%3A0xf653d43b65089501!2sAlsace%20Golf%20Links!5e0!3m2!1sfr!2sfr!4v1642588466062!5m2!1sfr!2sfr\" width=\"100%\" height=\"450\" style=\"border:0;\" allowfullscreen=\"\" loading=\"lazy\"><\/iframe>\n","protected":false},"excerpt":{"rendered":"<p>Asso. Sportive Moulin de Biltzheim68250 ROUFFACHPr\u00e9sident AS : Jean-Luc SITTLER D\u00e9parts comp\u00e9titionsR\u00e9sultats comp\u00e9titions Le club 1 parcours 18 Trous1 parcours 9 Trous1 parcours 3 trous1 praticeDirecteur : David ABERCROMBIEinfo@alsacegolflinks.comwww.alsacegolflinks.comFacebook : Alsace Golf Links Rouffach&nbsp;03 89 78 52 12<\/p>\n","protected":false},"author":3,"featured_media":0,"parent":135,"menu_order":7,"comment_status":"closed","ping_status":"closed","template":"page-templates\/page-full-width.php","meta":{"footnotes":""},"class_list":["post-567","page","type-page","status-publish","hentry"],"_links":{"self":[{"href":"https:\/\/ligue-golfgrandest.org\/index.php\/wp-json\/wp\/v2\/pages\/567","targetHints":{"allow":["GET"]}}],"collection":[{"href":"https:\/\/ligue-golfgrandest.org\/index.php\/wp-json\/wp\/v2\/pages"}],"about":[{"href":"https:\/\/ligue-golfgrandest.org\/index.php\/wp-json\/wp\/v2\/types\/page"}],"author":[{"embeddable":true,"href":"https:\/\/ligue-golfgrandest.org\/index.php\/wp-json\/wp\/v2\/users\/3"}],"replies":[{"embeddable":true,"href":"https:\/\/ligue-golfgrandest.org\/index.php\/wp-json\/wp\/v2\/comments?post=567"}],"version-history":[{"count":1,"href":"https:\/\/ligue-golfgrandest.org\/index.php\/wp-json\/wp\/v2\/pages\/567\/revisions"}],"predecessor-version":[{"id":61991,"href":"https:\/\/ligue-golfgrandest.org\/index.php\/wp-json\/wp\/v2\/pages\/567\/revisions\/61991"}],"up":[{"embeddable":true,"href":"https:\/\/ligue-golfgrandest.org\/index.php\/wp-json\/wp\/v2\/pages\/135"}],"wp:attachment":[{"href":"https:\/\/ligue-golfgrandest.org\/index.php\/wp-json\/wp\/v2\/media?parent=567"}],"curies":[{"name":"wp","href":"https:\/\/api.w.org\/{rel}","templated":true}]}}