{"id":5660,"date":"2017-08-10T10:29:17","date_gmt":"2017-08-10T08:29:17","guid":{"rendered":"http:\/\/ligue-golfgrandest.org\/?page_id=5660"},"modified":"2026-02-23T15:52:32","modified_gmt":"2026-02-23T14:52:32","slug":"messieurs-mid-amateurs-federales","status":"publish","type":"page","link":"https:\/\/ligue-golfgrandest.org\/index.php\/competitions\/messieurs-mid-amateurs-federales\/","title":{"rendered":"MESSIEURS MID-AMATEURS | COMPETITIONS FEDERALES"},"content":{"rendered":"\n<p class=\"has-vivid-cyan-blue-color has-text-color has-link-color wp-elements-1a4caf82e32ca1d6768de8966b923eaa\">Joueurs de 25 ans et plus.<\/p>\n\n\n\n<h2 class=\"wp-block-heading\">CHAMPIONNAT DE FRANCE MID-AMATEURS MESSIEURS PAR EQUIPE<\/h2>\n\n\n\n<p><strong>DEUXIEME DIVISION POULE B <\/strong><\/p>\n\n\n\n<p>25-28 juin 2026 | Golf de Charmeil<\/p>\n\n\n\n<p>L&rsquo;\u00e9quipe du Grand Est engag\u00e9e :<br><strong>PREISCH<\/strong> <\/p>\n\n\n\n<p>Infos et r\u00e9sultats |<\/p>\n\n\n\n<hr class=\"wp-block-separator has-alpha-channel-opacity\"\/>\n\n\n\n<h2 class=\"wp-block-heading\">CHAMPIONNAT DE FRANCE MID-AMATEURS MESSIEURS PAR EQUIPE<\/h2>\n\n\n\n<p><strong>TROISIEME DIVISION POULE B<\/strong><\/p>\n\n\n\n<p>25-28 juin 2026 | Golf du Ch\u00e2teau de Rochefort<\/p>\n\n\n\n<p>Les \u00e9quipes du Grand Est engag\u00e9es :<br><b>METZ CH\u00c9RISEY<\/b> <br><b>METZ TECHNOP\u00d4LE<\/b> <\/p>\n\n\n\n<p>Infos et r\u00e9sultats |<\/p>\n\n\n\n<hr class=\"wp-block-separator has-alpha-channel-opacity\"\/>\n\n\n\n<h2 class=\"wp-block-heading\">CHAMPIONNAT DE FRANCE MID-AMATEURS MESSIEURS PAR EQUIPE<\/h2>\n\n\n\n<p><strong>TROISIEME DIVISION POULE D<\/strong><\/p>\n\n\n\n<p>25-28 juin 2026 | Golf de Saint Etienne<\/p>\n\n\n\n<p>Les \u00e9quipes du Grand Est engag\u00e9es :<br><strong>BOULEAUX<\/strong><br><strong>KEMPFERHOF<\/strong><br><strong>STRASBOURG<\/strong><br><strong>LA WANTZENAU<\/strong><\/p>\n\n\n\n<p>Infos et r\u00e9sultats |<\/p>\n\n\n\n<hr class=\"wp-block-separator has-alpha-channel-opacity\"\/>\n\n\n\n<h2 class=\"wp-block-heading\">CHAMPIONNAT DE FRANCE MID-AMATEURS MESSIEURS PAR EQUIPE<\/h2>\n\n\n\n<p><strong>QUATRIEME DIVISION POULE F<\/strong><\/p>\n\n\n\n<p>25-28 juin 2026 | Golf de Preisch<\/p>\n\n\n\n<p>Les \u00e9quipes du Grand Est engag\u00e9es :<br><strong>ARC-EN-BARROIS<\/strong>&nbsp;<br><strong>CH\u00c2LONS-EN-CHAMPAGNE<\/strong><br><strong>COMBLES-EN-BARROIS<\/strong><br><strong>GOLF ACAD\u00c9MIE 57<\/strong><br><strong>GRANGE-AUX-ORMES<\/strong><br><strong>\u00c9PINAL<br>NANCY AINGERAY<br>NANCY PULNOY<br>REIMS<br>RHIN<br>SOUFFLENHEIM<\/strong><\/p>\n\n\n\n<p>Infos et r\u00e9sultats |<\/p>\n\n\n\n<hr class=\"wp-block-separator has-alpha-channel-opacity\"\/>\n\n\n\n<h2 class=\"wp-block-heading\">CHAMPIONNAT DE FRANCE MID-AMATEURS MESSIEURS PAR EQUIPE<\/h2>\n\n\n\n<p><strong>PROMOTION INTERREGIONALE<\/strong><\/p>\n\n\n\n<p>27-28 juin 2026 | Golf de Troyes Ermitage<\/p>\n\n\n\n<p>Les \u00e9quipes du Grand Est engag\u00e9es :<br><strong>Extranet \u2013 Inscription des Clubs avant le 27\/05<\/strong><br><strong>Extranet \u2013 Inscription des \u00c9quipiers avant le 18\/06<\/strong><\/p>\n\n\n\n<p>Infos et r\u00e9sultats |<\/p>\n\n\n\n<hr class=\"wp-block-separator has-alpha-channel-opacity\"\/>\n\n\n\n<p class=\"has-vivid-cyan-blue-color has-text-color\">Joueurs de 40 ans et plus.<\/p>\n\n\n\n<h2 class=\"wp-block-heading\">CHAMPIONNAT DE FRANCE MID-AMATEURS 2 MESSIEURS PAR EQUIPE (+40 ans)<\/h2>\n\n\n\n<p><strong>2-4 octobre 2026 | Golf de Touraine<\/strong><\/p>\n\n\n\n<p>Les \u00e9quipes du Grand Est engag\u00e9es :<br><strong>Extranet \u2013 Inscription des Clubs avant le 02\/09<\/strong><br><strong>Extranet \u2013 Inscription des \u00c9quipiers avant le 23\/09<\/strong><\/p>\n\n\n\n<p>Infos et r\u00e9sultats |<\/p>\n\n\n\n<hr class=\"wp-block-separator has-alpha-channel-opacity\"\/>\n","protected":false},"excerpt":{"rendered":"<p>Joueurs de 25 ans et plus. CHAMPIONNAT DE FRANCE MID-AMATEURS MESSIEURS PAR EQUIPE DEUXIEME DIVISION POULE B 25-28 juin 2026 | Golf de Charmeil L&rsquo;\u00e9quipe du Grand Est engag\u00e9e :PREISCH Infos et r\u00e9sultats | CHAMPIONNAT DE FRANCE MID-AMATEURS MESSIEURS PAR EQUIPE TROISIEME DIVISION POULE B 25-28 juin 2026 | Golf du Ch\u00e2teau de Rochefort Les [&hellip;]<\/p>\n","protected":false},"author":3,"featured_media":0,"parent":77,"menu_order":15,"comment_status":"closed","ping_status":"closed","template":"page-templates\/page-full-width.php","meta":{"footnotes":""},"class_list":["post-5660","page","type-page","status-publish","hentry"],"_links":{"self":[{"href":"https:\/\/ligue-golfgrandest.org\/index.php\/wp-json\/wp\/v2\/pages\/5660","targetHints":{"allow":["GET"]}}],"collection":[{"href":"https:\/\/ligue-golfgrandest.org\/index.php\/wp-json\/wp\/v2\/pages"}],"about":[{"href":"https:\/\/ligue-golfgrandest.org\/index.php\/wp-json\/wp\/v2\/types\/page"}],"author":[{"embeddable":true,"href":"https:\/\/ligue-golfgrandest.org\/index.php\/wp-json\/wp\/v2\/users\/3"}],"replies":[{"embeddable":true,"href":"https:\/\/ligue-golfgrandest.org\/index.php\/wp-json\/wp\/v2\/comments?post=5660"}],"version-history":[{"count":36,"href":"https:\/\/ligue-golfgrandest.org\/index.php\/wp-json\/wp\/v2\/pages\/5660\/revisions"}],"predecessor-version":[{"id":61745,"href":"https:\/\/ligue-golfgrandest.org\/index.php\/wp-json\/wp\/v2\/pages\/5660\/revisions\/61745"}],"up":[{"embeddable":true,"href":"https:\/\/ligue-golfgrandest.org\/index.php\/wp-json\/wp\/v2\/pages\/77"}],"wp:attachment":[{"href":"https:\/\/ligue-golfgrandest.org\/index.php\/wp-json\/wp\/v2\/media?parent=5660"}],"curies":[{"name":"wp","href":"https:\/\/api.w.org\/{rel}","templated":true}]}}