{"id":5652,"date":"2017-08-10T10:22:20","date_gmt":"2017-08-10T08:22:20","guid":{"rendered":"http:\/\/ligue-golfgrandest.org\/?page_id=5652"},"modified":"2026-02-23T15:34:05","modified_gmt":"2026-02-23T14:34:05","slug":"messieurs-federales","status":"publish","type":"page","link":"https:\/\/ligue-golfgrandest.org\/index.php\/competitions\/messieurs-federales\/","title":{"rendered":"MESSIEURS | COMPETITIONS FEDERALES"},"content":{"rendered":"\n<h2 class=\"wp-block-heading\">CHAMPIONNAT DE FRANCE MESSIEURS PAR EQUIPE<\/h2>\n\n\n\n<p><strong>DEUXIEME DIVISION POULE A<\/strong><\/p>\n\n\n\n<p>28-31 mai 2026 | Golf d&rsquo;Aix les Bains<\/p>\n\n\n\n<p>L&rsquo;\u00e9quipe du Grand Est engag\u00e9e :<br><strong>STRASBOURG<\/strong> <\/p>\n\n\n\n<p>Infos et r\u00e9sultats |<\/p>\n\n\n\n<hr class=\"wp-block-separator has-alpha-channel-opacity\"\/>\n\n\n\n<h2 class=\"wp-block-heading\">CHAMPIONNAT DE FRANCE MESSIEURS PAR EQUIPE<\/h2>\n\n\n\n<p><strong>DEUXIEME DIVISION POULE B<\/strong><\/p>\n\n\n\n<p>28-31 mai 2026 | Golf Ile d&rsquo;Or<\/p>\n\n\n\n<p>L&rsquo;\u00e9quipe du Grand Est engag\u00e9e :<br><strong>KEMPFERHOF<\/strong>&nbsp;<\/p>\n\n\n\n<p>Infos et r\u00e9sultats |<\/p>\n\n\n\n<hr class=\"wp-block-separator has-alpha-channel-opacity\"\/>\n\n\n\n<h2 class=\"wp-block-heading\">CHAMPIONNAT DE FRANCE MESSIEURS PAR EQUIPE<\/h2>\n\n\n\n<p><strong>TROISIEME DIVISION POULE B<\/strong><\/p>\n\n\n\n<p>28-31 mai 2026 | Golf de Lys Chantilly<\/p>\n\n\n\n<p>Les \u00e9quipes du Grand Est engag\u00e9es :<br><strong>GRANGE-AUX-ORMES<\/strong><br><strong>METZ TECHNOP\u00d4LE<\/strong><br><strong>PREISCH<\/strong><\/p>\n\n\n\n<p>Infos et r\u00e9sultats |<\/p>\n\n\n\n<hr class=\"wp-block-separator has-alpha-channel-opacity\"\/>\n\n\n\n<h2 class=\"wp-block-heading\">CHAMPIONNAT DE FRANCE MESSIEURS PAR EQUIPE<\/h2>\n\n\n\n<p><strong>QUATRIEME DIVISION POULE F<\/strong><\/p>\n\n\n\n<p>28-31 mai 2026 | Golf de Faulquemont<\/p>\n\n\n\n<p>Les \u00e9quipes du Grand Est engag\u00e9es :<br><strong>ARC-EN-BARROIS<\/strong>&nbsp;<br><strong>BOULEAUX<\/strong> <br><strong>COMBLES-EN-BARROIS<\/strong> <br><strong>GOLF ACAD\u00c9MIE 57<\/strong><br><strong>\u00c9PINAL<\/strong><br><strong>NANCY AINGERAY<br>NANCY PULNOY<br>REIMS<br>RHIN<br>SOUFFLENHEIM<br>LA WANTZENAU<\/strong><\/p>\n\n\n\n<p>Infos et r\u00e9sultats&nbsp;|&nbsp;<\/p>\n\n\n\n<hr class=\"wp-block-separator has-alpha-channel-opacity\"\/>\n\n\n\n<h2 class=\"wp-block-heading\">CHAMPIONNAT DE FRANCE MESSIEURS PAR EQUIPE<\/h2>\n\n\n\n<p><strong>PROMOTION INTERREGIONALE<\/strong><\/p>\n\n\n\n<p>30-31 mai 2026 | Golf de Roncemay<\/p>\n\n\n\n<p>Les \u00e9quipes du Grand Est engag\u00e9es :<br><strong>Extranet \u2013 Inscription des Clubs avant le 30\/04<\/strong><br><strong>Extranet \u2013 Inscription des \u00c9quipiers avant le 21\/05<\/strong><\/p>\n\n\n\n<p>Infos et r\u00e9sultats |<\/p>\n\n\n\n<hr class=\"wp-block-separator has-alpha-channel-opacity\"\/>\n\n\n\n<h2 class=\"wp-block-heading\">CHAMPIONNAT DE FRANCE DES \u00c9QUIPES \u00ab\u00a02\u00a0\u00bb MESSIEURS PAR EQUIPE<\/h2>\n\n\n\n<p><strong>DEUXIEME DIVISION <\/strong><\/p>\n\n\n\n<p>29-31 mai 2026 | Golf de La Sorelle<\/p>\n\n\n\n<p>L&rsquo;\u00e9quipe du Grand Est engag\u00e9e :<br><strong>STRASBOURG <\/strong><\/p>\n\n\n\n<p>Infos et r\u00e9sultats |<\/p>\n\n\n\n<hr class=\"wp-block-separator has-alpha-channel-opacity\"\/>\n\n\n\n<h2 class=\"wp-block-heading\">CHAMPIONNAT DE FRANCE DES \u00c9QUIPES \u00ab\u00a02\u00a0\u00bb MESSIEURS PAR EQUIPE<\/h2>\n\n\n\n<p><strong>PROMOTION NATIONALE<\/strong><\/p>\n\n\n\n<p>29-31 mai 2026 | Golf de Troyes La Cordeli\u00e8re<\/p>\n\n\n\n<p>Les \u00e9quipes du Grand Est engag\u00e9es :<br><strong>Extranet \u2013 Inscription des Clubs avant le 29\/04<\/strong><br><strong>Extranet \u2013 Inscription des \u00c9quipiers avant le 20\/05<\/strong><\/p>\n\n\n\n<p>Infos et r\u00e9sultats |<\/p>\n\n\n\n<hr class=\"wp-block-separator has-alpha-channel-opacity\"\/>\n","protected":false},"excerpt":{"rendered":"<p>CHAMPIONNAT DE FRANCE MESSIEURS PAR EQUIPE DEUXIEME DIVISION POULE A 28-31 mai 2026 | Golf d&rsquo;Aix les Bains L&rsquo;\u00e9quipe du Grand Est engag\u00e9e :STRASBOURG Infos et r\u00e9sultats | CHAMPIONNAT DE FRANCE MESSIEURS PAR EQUIPE DEUXIEME DIVISION POULE B 28-31 mai 2026 | Golf Ile d&rsquo;Or L&rsquo;\u00e9quipe du Grand Est engag\u00e9e :KEMPFERHOF&nbsp; Infos et r\u00e9sultats | [&hellip;]<\/p>\n","protected":false},"author":3,"featured_media":0,"parent":77,"menu_order":12,"comment_status":"closed","ping_status":"closed","template":"page-templates\/page-full-width.php","meta":{"footnotes":""},"class_list":["post-5652","page","type-page","status-publish","hentry"],"_links":{"self":[{"href":"https:\/\/ligue-golfgrandest.org\/index.php\/wp-json\/wp\/v2\/pages\/5652","targetHints":{"allow":["GET"]}}],"collection":[{"href":"https:\/\/ligue-golfgrandest.org\/index.php\/wp-json\/wp\/v2\/pages"}],"about":[{"href":"https:\/\/ligue-golfgrandest.org\/index.php\/wp-json\/wp\/v2\/types\/page"}],"author":[{"embeddable":true,"href":"https:\/\/ligue-golfgrandest.org\/index.php\/wp-json\/wp\/v2\/users\/3"}],"replies":[{"embeddable":true,"href":"https:\/\/ligue-golfgrandest.org\/index.php\/wp-json\/wp\/v2\/comments?post=5652"}],"version-history":[{"count":10,"href":"https:\/\/ligue-golfgrandest.org\/index.php\/wp-json\/wp\/v2\/pages\/5652\/revisions"}],"predecessor-version":[{"id":61737,"href":"https:\/\/ligue-golfgrandest.org\/index.php\/wp-json\/wp\/v2\/pages\/5652\/revisions\/61737"}],"up":[{"embeddable":true,"href":"https:\/\/ligue-golfgrandest.org\/index.php\/wp-json\/wp\/v2\/pages\/77"}],"wp:attachment":[{"href":"https:\/\/ligue-golfgrandest.org\/index.php\/wp-json\/wp\/v2\/media?parent=5652"}],"curies":[{"name":"wp","href":"https:\/\/api.w.org\/{rel}","templated":true}]}}