{"id":5645,"date":"2017-08-10T10:13:26","date_gmt":"2017-08-10T08:13:26","guid":{"rendered":"http:\/\/ligue-golfgrandest.org\/?page_id=5645"},"modified":"2026-04-20T13:03:51","modified_gmt":"2026-04-20T11:03:51","slug":"dames-seniors-federales","status":"publish","type":"page","link":"https:\/\/ligue-golfgrandest.org\/index.php\/competitions\/dames-seniors-federales\/","title":{"rendered":"DAMES SENIORS | COMPETITIONS FEDERALES"},"content":{"rendered":"\n<h2 class=\"wp-block-heading\">CHAMPIONNAT DE FRANCE SENIORS \u00ab\u00a02\u00a0\u00bb DAMES PAR EQUIPE<\/h2>\n\n\n\n<p>13-17 mai 2026 | Golf de Haute Auvergne<\/p>\n\n\n<p>L&rsquo;\u00e9quipe du Grand Est engag\u00e9e :<br \/><b>METZ CH\u00c9RISEY<\/b><b>\u00a0<\/b><\/p>\n\n\n<p>Infos et r\u00e9sultats&nbsp;|<\/p>\n\n\n\n<hr class=\"wp-block-separator has-alpha-channel-opacity\"\/>\n\n\n\n<h2 class=\"wp-block-heading\">INTERNATIONAUX DE FRANCE SENIORS DAMES <\/h2>\n\n\n\n<p>2-4 juillet 2026 | Golf de Soufflenheim<\/p>\n\n\n<p><a href=\"https:\/\/ligue-golfgrandest.org\/wp-content\/uploads\/2026\/04\/2026_2501395241_reglement_competition.pdf\">R\u00e8glement de l&rsquo;\u00e9preuve<\/a> |<\/p>\n\n\n<p>Infos et r\u00e9sultats&nbsp;|<\/p>\n\n\n\n<hr class=\"wp-block-separator has-alpha-channel-opacity\"\/>\n\n\n\n<h2 class=\"wp-block-heading\">CHAMPIONNAT DE FRANCE SENIORS DAMES PAR EQUIPE<\/h2>\n\n\n\n<p><strong>DEUXIEME DIVISION POULE A <\/strong><\/p>\n\n\n\n<p>17-20 septembre 2026 | Golf de Coutainville<\/p>\n\n\n<p>L&rsquo;\u00e9quipe du Grand Est engag\u00e9e :<br \/><b>REIMS\u00a0<\/b><\/p>\n\n\n<p>Infos et r\u00e9sultats&nbsp;|<\/p>\n\n\n\n<hr class=\"wp-block-separator has-alpha-channel-opacity\"\/>\n\n\n\n<h2 class=\"wp-block-heading\">CHAMPIONNAT DE FRANCE SENIORS DAMES PAR EQUIPE<\/h2>\n\n\n\n<p><strong>DEUXIEME DIVISION POULE B<\/strong><\/p>\n\n\n\n<p>17-20 septembre 2026 | Golf de Mont de Marsan<\/p>\n\n\n<p>L&rsquo;\u00e9quipe du Grand Est engag\u00e9e :<br \/><b>STRASBOURG\u00a0<\/b><\/p>\n\n\n<p>Infos et r\u00e9sultats&nbsp;|<\/p>\n\n\n\n<hr class=\"wp-block-separator has-alpha-channel-opacity\"\/>\n\n\n\n<h2 class=\"wp-block-heading\">CHAMPIONNAT DE FRANCE SENIORS DAMES PAR EQUIPE<\/h2>\n\n\n\n<p><strong>TROISIEME DIVISION POULE B  <\/strong><\/p>\n\n\n\n<p>18-20 septembre 2026 | Golf de Chambon sur Lignon<\/p>\n\n\n\n<p>Les \u00e9quipes du Grand Est engag\u00e9es :<br><strong>\u00c9PINAL<\/strong><br><strong>METZ CH\u00c9RISEY<\/strong><br><strong>NANCY AINGERAY<\/strong> <br><strong>NANCY PULNOY<\/strong> <br><strong>LA WANTZENAU<\/strong><\/p>\n\n\n\n<p>Infos et r\u00e9sultats&nbsp;|<\/p>\n\n\n\n<hr class=\"wp-block-separator has-alpha-channel-opacity\"\/>\n\n\n\n<h2 class=\"wp-block-heading\">CHAMPIONNAT DE FRANCE SENIORS DAMES PAR EQUIPE<\/h2>\n\n\n\n<p><strong>PROMOTION NATIONALE<\/strong><\/p>\n\n\n\n<p>18-20 septembre 2026 |<\/p>\n\n\n\n<p>Promotion A : Golf Les Vigiers | Promotion B : Golf Val-Grand<\/p>\n\n\n\n<p>Les \u00e9quipes du Grand Est engag\u00e9es :<br><strong>Extranet \u2013 Inscription des Clubs avant le 18\/08<\/strong><br><strong>Extranet \u2013 Inscription des \u00c9quipiers avant le 09\/09<\/strong><\/p>\n\n\n\n<p>Infos et r\u00e9sultats |<\/p>\n\n\n\n<hr class=\"wp-block-separator has-alpha-channel-opacity\"\/>\n","protected":false},"excerpt":{"rendered":"<p>CHAMPIONNAT DE FRANCE SENIORS \u00ab\u00a02\u00a0\u00bb DAMES PAR EQUIPE 13-17 mai 2026 | Golf de Haute Auvergne L&rsquo;\u00e9quipe du Grand Est engag\u00e9e :METZ CH\u00c9RISEY\u00a0 Infos et r\u00e9sultats&nbsp;| INTERNATIONAUX DE FRANCE SENIORS DAMES 2-4 juillet 2026 | Golf de Soufflenheim R\u00e8glement de l&rsquo;\u00e9preuve | Infos et r\u00e9sultats&nbsp;| CHAMPIONNAT DE FRANCE SENIORS DAMES PAR EQUIPE DEUXIEME DIVISION POULE [&hellip;]<\/p>\n","protected":false},"author":3,"featured_media":0,"parent":77,"menu_order":8,"comment_status":"closed","ping_status":"closed","template":"page-templates\/page-full-width.php","meta":{"footnotes":""},"class_list":["post-5645","page","type-page","status-publish","hentry"],"_links":{"self":[{"href":"https:\/\/ligue-golfgrandest.org\/index.php\/wp-json\/wp\/v2\/pages\/5645","targetHints":{"allow":["GET"]}}],"collection":[{"href":"https:\/\/ligue-golfgrandest.org\/index.php\/wp-json\/wp\/v2\/pages"}],"about":[{"href":"https:\/\/ligue-golfgrandest.org\/index.php\/wp-json\/wp\/v2\/types\/page"}],"author":[{"embeddable":true,"href":"https:\/\/ligue-golfgrandest.org\/index.php\/wp-json\/wp\/v2\/users\/3"}],"replies":[{"embeddable":true,"href":"https:\/\/ligue-golfgrandest.org\/index.php\/wp-json\/wp\/v2\/comments?post=5645"}],"version-history":[{"count":14,"href":"https:\/\/ligue-golfgrandest.org\/index.php\/wp-json\/wp\/v2\/pages\/5645\/revisions"}],"predecessor-version":[{"id":62559,"href":"https:\/\/ligue-golfgrandest.org\/index.php\/wp-json\/wp\/v2\/pages\/5645\/revisions\/62559"}],"up":[{"embeddable":true,"href":"https:\/\/ligue-golfgrandest.org\/index.php\/wp-json\/wp\/v2\/pages\/77"}],"wp:attachment":[{"href":"https:\/\/ligue-golfgrandest.org\/index.php\/wp-json\/wp\/v2\/media?parent=5645"}],"curies":[{"name":"wp","href":"https:\/\/api.w.org\/{rel}","templated":true}]}}