{"id":5639,"date":"2017-08-10T10:06:54","date_gmt":"2017-08-10T08:06:54","guid":{"rendered":"http:\/\/ligue-golfgrandest.org\/?page_id=5639"},"modified":"2026-04-17T10:21:33","modified_gmt":"2026-04-17T08:21:33","slug":"mid-classic","status":"publish","type":"page","link":"https:\/\/ligue-golfgrandest.org\/index.php\/competitions\/mid-classic\/","title":{"rendered":"CLASSIC MID-AMATEURS et TROPHEES SENIORS"},"content":{"rendered":"\n<div class=\"wp-block-columns is-layout-flex wp-container-core-columns-is-layout-9d6595d7 wp-block-columns-is-layout-flex\">\n<div class=\"wp-block-column is-layout-flow wp-block-column-is-layout-flow\" style=\"flex-basis:33.33%\">\n<figure class=\"wp-block-image size-full wp-duotone-unset-1\"><a href=\"https:\/\/ligue-golfgrandest.org\/wp-content\/uploads\/2026\/04\/Circuit-des-Grands-Prix-1.jpg\"><img loading=\"lazy\" decoding=\"async\" width=\"1810\" height=\"2560\" src=\"https:\/\/ligue-golfgrandest.org\/wp-content\/uploads\/2026\/04\/Circuit-des-Grands-Prix-1.jpg\" alt=\"\" class=\"wp-image-62432\" srcset=\"https:\/\/ligue-golfgrandest.org\/wp-content\/uploads\/2026\/04\/Circuit-des-Grands-Prix-1.jpg 1810w, https:\/\/ligue-golfgrandest.org\/wp-content\/uploads\/2026\/04\/Circuit-des-Grands-Prix-1-212x300.jpg 212w, https:\/\/ligue-golfgrandest.org\/wp-content\/uploads\/2026\/04\/Circuit-des-Grands-Prix-1-848x1200.jpg 848w, https:\/\/ligue-golfgrandest.org\/wp-content\/uploads\/2026\/04\/Circuit-des-Grands-Prix-1-768x1086.jpg 768w, https:\/\/ligue-golfgrandest.org\/wp-content\/uploads\/2026\/04\/Circuit-des-Grands-Prix-1-1086x1536.jpg 1086w, https:\/\/ligue-golfgrandest.org\/wp-content\/uploads\/2026\/04\/Circuit-des-Grands-Prix-1-1448x2048.jpg 1448w\" sizes=\"auto, (max-width: 1810px) 100vw, 1810px\" \/><\/a><\/figure>\n<\/div>\n\n\n\n<div class=\"wp-block-column is-layout-flow wp-block-column-is-layout-flow\" style=\"flex-basis:66.66%\">\n<p>Les comp\u00e9titions Classic Mid-Amateurs sont r\u00e9serv\u00e9es aux joueurs de plus de 25 ans. Les joueurs jouent des rep\u00e8res bleus et blancs.<\/p>\n\n\n\n<p>Les comp\u00e9titions Troph\u00e9es Seniors sont r\u00e9serv\u00e9es aux joueurs de plus de 50 ans. Les joueurs jouent des rep\u00e8res rouges et jaunes. Cependant les joueurs seniors peuvent choisir de jouer pour le classement Mid-Amateurs, ils doivent en informer le Club avant la publication des d\u00e9parts de la comp\u00e9tition.<\/p>\n\n\n\n<p>Pour participer aux comp\u00e9titions Classic Mid-Amateurs et Troph\u00e9es Seniors, les joueurs doivent avoir souscrit la licence f\u00e9d\u00e9rale de 35 euros aupr\u00e8s de la F\u00e9d\u00e9ration Fran\u00e7aise via leur espace licenci\u00e9.<\/p>\n\n\n\n<p>Les inscriptions se font directement aupr\u00e8s du Club organisateur au moyen du formulaire publi\u00e9 sur le site de la Ligue de Golf Grand Est.<\/p>\n\n\n\n<p>Les d\u00e9parts sont mis en ligne, dans la mesure du possible, sur le site de la Ligue la veille de la comp\u00e9tition, en cas d\u2019impossibilit\u00e9, se rapprocher du Club organisateur.<\/p>\n<\/div>\n<\/div>\n\n\n\n<hr class=\"wp-block-separator has-alpha-channel-opacity\"\/>\n\n\n\n<div class=\"wp-block-columns is-layout-flex wp-container-core-columns-is-layout-9d6595d7 wp-block-columns-is-layout-flex\">\n<div class=\"wp-block-column is-layout-flow wp-block-column-is-layout-flow\" style=\"flex-basis:33.33%\">\n<figure class=\"wp-block-gallery has-nested-images columns-default is-cropped wp-block-gallery-3 is-layout-flex wp-block-gallery-is-layout-flex\">\n<figure class=\"wp-block-image size-full wp-duotone-unset-2\"><a href=\"https:\/\/ligue-golfgrandest.org\/wp-content\/uploads\/2026\/02\/Affiche-Grand-Prix-Seniors-et-Classic-Mid-Am-2026_Troyes-ermitage-1.jpg\"><img loading=\"lazy\" decoding=\"async\" width=\"1755\" height=\"2480\" data-id=\"61716\" src=\"https:\/\/ligue-golfgrandest.org\/wp-content\/uploads\/2026\/02\/Affiche-Grand-Prix-Seniors-et-Classic-Mid-Am-2026_Troyes-ermitage-1.jpg\" alt=\"\" class=\"wp-image-61716\" srcset=\"https:\/\/ligue-golfgrandest.org\/wp-content\/uploads\/2026\/02\/Affiche-Grand-Prix-Seniors-et-Classic-Mid-Am-2026_Troyes-ermitage-1.jpg 1755w, https:\/\/ligue-golfgrandest.org\/wp-content\/uploads\/2026\/02\/Affiche-Grand-Prix-Seniors-et-Classic-Mid-Am-2026_Troyes-ermitage-1-212x300.jpg 212w, https:\/\/ligue-golfgrandest.org\/wp-content\/uploads\/2026\/02\/Affiche-Grand-Prix-Seniors-et-Classic-Mid-Am-2026_Troyes-ermitage-1-849x1200.jpg 849w, https:\/\/ligue-golfgrandest.org\/wp-content\/uploads\/2026\/02\/Affiche-Grand-Prix-Seniors-et-Classic-Mid-Am-2026_Troyes-ermitage-1-768x1085.jpg 768w, https:\/\/ligue-golfgrandest.org\/wp-content\/uploads\/2026\/02\/Affiche-Grand-Prix-Seniors-et-Classic-Mid-Am-2026_Troyes-ermitage-1-1087x1536.jpg 1087w, https:\/\/ligue-golfgrandest.org\/wp-content\/uploads\/2026\/02\/Affiche-Grand-Prix-Seniors-et-Classic-Mid-Am-2026_Troyes-ermitage-1-1449x2048.jpg 1449w\" sizes=\"auto, (max-width: 1755px) 100vw, 1755px\" \/><\/a><\/figure>\n<\/figure>\n<\/div>\n\n\n\n<div class=\"wp-block-column is-layout-flow wp-block-column-is-layout-flow\" style=\"flex-basis:66.66%\">\n<h2 class=\"wp-block-heading\">Troph\u00e9e Seniors &amp; Classic Mid-Amateurs TROYES ERMITAGE (10)<\/h2>\n\n\n\n<p class=\"has-black-color has-text-color\">16 et 17 mai 2026<\/p>\n\n\n\n<p><a href=\"https:\/\/ligue-golfgrandest.org\/wp-content\/uploads\/2026\/02\/Affiche-Grand-Prix-Seniors-et-Classic-Mid-Am-2026.pdf\">Affiche<\/a> |<\/p>\n\n\n\n<p><a href=\"https:\/\/ligue-golfgrandest.org\/wp-content\/uploads\/2026\/02\/Grand-prix-senior-et-mid-amateur-2026.pdf\">R\u00e8glement<\/a> |<\/p>\n\n\n\n<p><a href=\"https:\/\/ligue-golfgrandest.org\/wp-content\/uploads\/2026\/02\/bulletin-dinscription-Grand-prix-senior-Mid-Am-2026.pdf\">Bulletin d\u2019inscription<\/a> |<\/p>\n\n\n\n<p>R\u00e9sultats |<\/p>\n<\/div>\n<\/div>\n\n\n\n<hr class=\"wp-block-separator has-alpha-channel-opacity\"\/>\n\n\n\n<div class=\"wp-block-columns is-layout-flex wp-container-core-columns-is-layout-9d6595d7 wp-block-columns-is-layout-flex\">\n<div class=\"wp-block-column is-layout-flow wp-block-column-is-layout-flow\" style=\"flex-basis:33.33%\">\n<figure class=\"wp-block-gallery has-nested-images columns-default is-cropped wp-block-gallery-5 is-layout-flex wp-block-gallery-is-layout-flex\">\n<figure class=\"wp-block-image size-full wp-duotone-unset-4\"><a href=\"https:\/\/ligue-golfgrandest.org\/wp-content\/uploads\/2026\/02\/vide-golf.jpg\"><img loading=\"lazy\" decoding=\"async\" width=\"400\" height=\"600\" data-id=\"61457\" src=\"https:\/\/ligue-golfgrandest.org\/wp-content\/uploads\/2026\/02\/vide-golf.jpg\" alt=\"\" class=\"wp-image-61457\" srcset=\"https:\/\/ligue-golfgrandest.org\/wp-content\/uploads\/2026\/02\/vide-golf.jpg 400w, https:\/\/ligue-golfgrandest.org\/wp-content\/uploads\/2026\/02\/vide-golf-200x300.jpg 200w\" sizes=\"auto, (max-width: 400px) 100vw, 400px\" \/><\/a><\/figure>\n<\/figure>\n<\/div>\n\n\n\n<div class=\"wp-block-column is-layout-flow wp-block-column-is-layout-flow\" style=\"flex-basis:66.66%\">\n<h2 class=\"wp-block-heading\">Troph\u00e9e Seniors SOUFFLENHEIM (67)<\/h2>\n\n\n\n<p class=\"has-black-color has-text-color\">20 et 21 juin 2026<\/p>\n\n\n\n<p>Affiche |<\/p>\n\n\n\n<p>R\u00e8glement |<\/p>\n\n\n\n<p>Bulletin d\u2019inscription |<\/p>\n\n\n\n<p>R\u00e9sultats |<\/p>\n<\/div>\n<\/div>\n\n\n\n<hr class=\"wp-block-separator has-alpha-channel-opacity\"\/>\n\n\n\n<div class=\"wp-block-columns is-layout-flex wp-container-core-columns-is-layout-9d6595d7 wp-block-columns-is-layout-flex\">\n<div class=\"wp-block-column is-layout-flow wp-block-column-is-layout-flow\" style=\"flex-basis:33.33%\">\n<figure class=\"wp-block-gallery has-nested-images columns-default is-cropped wp-block-gallery-7 is-layout-flex wp-block-gallery-is-layout-flex\">\n<figure class=\"wp-block-image size-full wp-duotone-unset-6\"><a href=\"https:\/\/ligue-golfgrandest.org\/wp-content\/uploads\/2026\/02\/vide-golf.jpg\"><img loading=\"lazy\" decoding=\"async\" width=\"400\" height=\"600\" data-id=\"61457\" src=\"https:\/\/ligue-golfgrandest.org\/wp-content\/uploads\/2026\/02\/vide-golf.jpg\" alt=\"\" class=\"wp-image-61457\" srcset=\"https:\/\/ligue-golfgrandest.org\/wp-content\/uploads\/2026\/02\/vide-golf.jpg 400w, https:\/\/ligue-golfgrandest.org\/wp-content\/uploads\/2026\/02\/vide-golf-200x300.jpg 200w\" sizes=\"auto, (max-width: 400px) 100vw, 400px\" \/><\/a><\/figure>\n<\/figure>\n<\/div>\n\n\n\n<div class=\"wp-block-column is-layout-flow wp-block-column-is-layout-flow\" style=\"flex-basis:66.66%\">\n<h2 class=\"wp-block-heading\">Troph\u00e9e Seniors NANCY PULNOY (54)<\/h2>\n\n\n\n<p class=\"has-black-color has-text-color\">1 et 2 juillet 2026<\/p>\n\n\n\n<p>Affiche |<\/p>\n\n\n\n<p>R\u00e8glement |<\/p>\n\n\n\n<p>Bulletin d\u2019inscription |<\/p>\n\n\n\n<p>R\u00e9sultats |<\/p>\n<\/div>\n<\/div>\n\n\n\n<hr class=\"wp-block-separator has-alpha-channel-opacity\"\/>\n\n\n\n<div class=\"wp-block-columns is-layout-flex wp-container-core-columns-is-layout-9d6595d7 wp-block-columns-is-layout-flex\">\n<div class=\"wp-block-column is-layout-flow wp-block-column-is-layout-flow\" style=\"flex-basis:33.33%\">\n<figure class=\"wp-block-gallery has-nested-images columns-default is-cropped wp-block-gallery-9 is-layout-flex wp-block-gallery-is-layout-flex\">\n<figure class=\"wp-block-image size-full wp-duotone-unset-8\"><a href=\"https:\/\/ligue-golfgrandest.org\/wp-content\/uploads\/2026\/02\/vide-golf.jpg\"><img loading=\"lazy\" decoding=\"async\" width=\"400\" height=\"600\" data-id=\"61457\" src=\"https:\/\/ligue-golfgrandest.org\/wp-content\/uploads\/2026\/02\/vide-golf.jpg\" alt=\"\" class=\"wp-image-61457\" srcset=\"https:\/\/ligue-golfgrandest.org\/wp-content\/uploads\/2026\/02\/vide-golf.jpg 400w, https:\/\/ligue-golfgrandest.org\/wp-content\/uploads\/2026\/02\/vide-golf-200x300.jpg 200w\" sizes=\"auto, (max-width: 400px) 100vw, 400px\" \/><\/a><\/figure>\n<\/figure>\n<\/div>\n\n\n\n<div class=\"wp-block-column is-layout-flow wp-block-column-is-layout-flow\" style=\"flex-basis:66.66%\">\n<h2 class=\"wp-block-heading\">Troph\u00e9e Seniors &amp; Classic Mid-Amateurs STRASBOURG (67)<\/h2>\n\n\n\n<p class=\"has-black-color has-text-color\">11 et 12 juillet 2026<\/p>\n\n\n\n<p>Affiche |<\/p>\n\n\n\n<p>R\u00e8glement |<\/p>\n\n\n\n<p>Bulletin d\u2019inscription |<\/p>\n\n\n\n<p>R\u00e9sultats |<\/p>\n<\/div>\n<\/div>\n\n\n\n<hr class=\"wp-block-separator has-alpha-channel-opacity\"\/>\n\n\n\n<div class=\"wp-block-columns is-layout-flex wp-container-core-columns-is-layout-9d6595d7 wp-block-columns-is-layout-flex\">\n<div class=\"wp-block-column is-layout-flow wp-block-column-is-layout-flow\" style=\"flex-basis:33.33%\">\n<figure class=\"wp-block-gallery has-nested-images columns-default is-cropped wp-block-gallery-11 is-layout-flex wp-block-gallery-is-layout-flex\">\n<figure class=\"wp-block-image size-full wp-duotone-unset-10\"><a href=\"https:\/\/ligue-golfgrandest.org\/wp-content\/uploads\/2026\/02\/vide-golf.jpg\"><img loading=\"lazy\" decoding=\"async\" width=\"400\" height=\"600\" data-id=\"61457\" src=\"https:\/\/ligue-golfgrandest.org\/wp-content\/uploads\/2026\/02\/vide-golf.jpg\" alt=\"\" class=\"wp-image-61457\" srcset=\"https:\/\/ligue-golfgrandest.org\/wp-content\/uploads\/2026\/02\/vide-golf.jpg 400w, https:\/\/ligue-golfgrandest.org\/wp-content\/uploads\/2026\/02\/vide-golf-200x300.jpg 200w\" sizes=\"auto, (max-width: 400px) 100vw, 400px\" \/><\/a><\/figure>\n<\/figure>\n<\/div>\n\n\n\n<div class=\"wp-block-column is-layout-flow wp-block-column-is-layout-flow\" style=\"flex-basis:66.66%\">\n<h2 class=\"wp-block-heading\">Troph\u00e9e Seniors &amp; Classic Mid-Amateurs METZ CH\u00c9RISEY (57)<\/h2>\n\n\n\n<p class=\"has-black-color has-text-color\">25 et 26 juillet 2026<\/p>\n\n\n\n<p>Affiche |<\/p>\n\n\n\n<p>R\u00e8glement |<\/p>\n\n\n\n<p>Bulletin d\u2019inscription |<\/p>\n\n\n\n<p>R\u00e9sultats |<\/p>\n<\/div>\n<\/div>\n\n\n\n<hr class=\"wp-block-separator has-alpha-channel-opacity\"\/>\n\n\n\n<div class=\"wp-block-columns is-layout-flex wp-container-core-columns-is-layout-9d6595d7 wp-block-columns-is-layout-flex\">\n<div class=\"wp-block-column is-layout-flow wp-block-column-is-layout-flow\" style=\"flex-basis:33.33%\">\n<figure class=\"wp-block-gallery has-nested-images columns-default is-cropped wp-block-gallery-13 is-layout-flex wp-block-gallery-is-layout-flex\">\n<figure class=\"wp-block-image size-full wp-duotone-unset-12\"><a href=\"https:\/\/ligue-golfgrandest.org\/wp-content\/uploads\/2026\/02\/vide-golf.jpg\"><img loading=\"lazy\" decoding=\"async\" width=\"400\" height=\"600\" data-id=\"61457\" src=\"https:\/\/ligue-golfgrandest.org\/wp-content\/uploads\/2026\/02\/vide-golf.jpg\" alt=\"\" class=\"wp-image-61457\" srcset=\"https:\/\/ligue-golfgrandest.org\/wp-content\/uploads\/2026\/02\/vide-golf.jpg 400w, https:\/\/ligue-golfgrandest.org\/wp-content\/uploads\/2026\/02\/vide-golf-200x300.jpg 200w\" sizes=\"auto, (max-width: 400px) 100vw, 400px\" \/><\/a><\/figure>\n<\/figure>\n<\/div>\n\n\n\n<div class=\"wp-block-column is-layout-flow wp-block-column-is-layout-flow\" style=\"flex-basis:66.66%\">\n<h2 class=\"wp-block-heading\">Troph\u00e9e Seniors &amp; Classic Mid-Amateurs COMBLES-EN-BARROIS (55)<\/h2>\n\n\n\n<p class=\"has-black-color has-text-color\">1 et 2 ao\u00fbt 2026<\/p>\n\n\n\n<p>Affiche |<\/p>\n\n\n\n<p>R\u00e8glement |<\/p>\n\n\n\n<p>Bulletin d\u2019inscription |<\/p>\n\n\n\n<p>R\u00e9sultats |<\/p>\n<\/div>\n<\/div>\n\n\n\n<hr class=\"wp-block-separator has-alpha-channel-opacity\"\/>\n\n\n\n<div class=\"wp-block-columns is-layout-flex wp-container-core-columns-is-layout-9d6595d7 wp-block-columns-is-layout-flex\">\n<div class=\"wp-block-column is-layout-flow wp-block-column-is-layout-flow\" style=\"flex-basis:33.33%\">\n<figure class=\"wp-block-gallery has-nested-images columns-default is-cropped wp-block-gallery-15 is-layout-flex wp-block-gallery-is-layout-flex\">\n<figure class=\"wp-block-image size-full wp-duotone-unset-14\"><a href=\"https:\/\/ligue-golfgrandest.org\/wp-content\/uploads\/2026\/04\/affiche_GP_seniors_midam_Jaques_KLEIN_2026.jpg\"><img loading=\"lazy\" decoding=\"async\" width=\"1415\" height=\"2000\" data-id=\"62241\" src=\"https:\/\/ligue-golfgrandest.org\/wp-content\/uploads\/2026\/04\/affiche_GP_seniors_midam_Jaques_KLEIN_2026.jpg\" alt=\"\" class=\"wp-image-62241\" srcset=\"https:\/\/ligue-golfgrandest.org\/wp-content\/uploads\/2026\/04\/affiche_GP_seniors_midam_Jaques_KLEIN_2026.jpg 1415w, https:\/\/ligue-golfgrandest.org\/wp-content\/uploads\/2026\/04\/affiche_GP_seniors_midam_Jaques_KLEIN_2026-212x300.jpg 212w, https:\/\/ligue-golfgrandest.org\/wp-content\/uploads\/2026\/04\/affiche_GP_seniors_midam_Jaques_KLEIN_2026-849x1200.jpg 849w, https:\/\/ligue-golfgrandest.org\/wp-content\/uploads\/2026\/04\/affiche_GP_seniors_midam_Jaques_KLEIN_2026-768x1086.jpg 768w, https:\/\/ligue-golfgrandest.org\/wp-content\/uploads\/2026\/04\/affiche_GP_seniors_midam_Jaques_KLEIN_2026-1087x1536.jpg 1087w\" sizes=\"auto, (max-width: 1415px) 100vw, 1415px\" \/><\/a><\/figure>\n<\/figure>\n<\/div>\n\n\n\n<div class=\"wp-block-column is-layout-flow wp-block-column-is-layout-flow\" style=\"flex-basis:66.66%\">\n<h2 class=\"wp-block-heading\">Troph\u00e9e Seniors &amp; Classic Mid-Amateurs &#8211; Jacques Klein &#8211; SARREBOURG (57)<\/h2>\n\n\n\n<p class=\"has-black-color has-text-color\">5 et 6 septembre 2026<\/p>\n\n\n\n<p><a href=\"https:\/\/ligue-golfgrandest.org\/wp-content\/uploads\/2026\/04\/affiche_GP_seniors_midam_Jaques_KLEIN_2026.jpg\">Affiche<\/a> |<\/p>\n\n\n\n<p><a href=\"https:\/\/ligue-golfgrandest.org\/wp-content\/uploads\/2026\/04\/Reglement-Trophee-seniors-classic-Mid-amateur-Jacques-KLEIN-2026.pdf\">R\u00e8glement<\/a> |<\/p>\n\n\n\n<p><a href=\"https:\/\/ligue-golfgrandest.org\/wp-content\/uploads\/2026\/04\/Formulaire_inscription_GP_seniors_midam_Jaques_KLEIN_2026.pdf\">Bulletin d\u2019inscription<\/a> |<\/p>\n\n\n\n<p>R\u00e9sultats |<\/p>\n<\/div>\n<\/div>\n\n\n\n<hr class=\"wp-block-separator has-alpha-channel-opacity\"\/>\n\n\n\n<div class=\"wp-block-columns is-layout-flex wp-container-core-columns-is-layout-9d6595d7 wp-block-columns-is-layout-flex\">\n<div class=\"wp-block-column is-layout-flow wp-block-column-is-layout-flow\" style=\"flex-basis:33.33%\">\n<figure class=\"wp-block-gallery has-nested-images columns-default is-cropped wp-block-gallery-17 is-layout-flex wp-block-gallery-is-layout-flex\">\n<figure class=\"wp-block-image size-full wp-duotone-unset-16\"><a href=\"https:\/\/ligue-golfgrandest.org\/wp-content\/uploads\/2026\/03\/GP-SENIORS-CLASSIC-MID-AM-2026.jpg\"><img loading=\"lazy\" decoding=\"async\" width=\"1587\" height=\"2245\" data-id=\"62050\" src=\"https:\/\/ligue-golfgrandest.org\/wp-content\/uploads\/2026\/03\/GP-SENIORS-CLASSIC-MID-AM-2026.jpg\" alt=\"\" class=\"wp-image-62050\" srcset=\"https:\/\/ligue-golfgrandest.org\/wp-content\/uploads\/2026\/03\/GP-SENIORS-CLASSIC-MID-AM-2026.jpg 1587w, https:\/\/ligue-golfgrandest.org\/wp-content\/uploads\/2026\/03\/GP-SENIORS-CLASSIC-MID-AM-2026-212x300.jpg 212w, https:\/\/ligue-golfgrandest.org\/wp-content\/uploads\/2026\/03\/GP-SENIORS-CLASSIC-MID-AM-2026-848x1200.jpg 848w, https:\/\/ligue-golfgrandest.org\/wp-content\/uploads\/2026\/03\/GP-SENIORS-CLASSIC-MID-AM-2026-768x1086.jpg 768w, https:\/\/ligue-golfgrandest.org\/wp-content\/uploads\/2026\/03\/GP-SENIORS-CLASSIC-MID-AM-2026-1086x1536.jpg 1086w, https:\/\/ligue-golfgrandest.org\/wp-content\/uploads\/2026\/03\/GP-SENIORS-CLASSIC-MID-AM-2026-1448x2048.jpg 1448w\" sizes=\"auto, (max-width: 1587px) 100vw, 1587px\" \/><\/a><\/figure>\n<\/figure>\n<\/div>\n\n\n\n<div class=\"wp-block-column is-layout-flow wp-block-column-is-layout-flow\" style=\"flex-basis:66.66%\">\n<h2 class=\"wp-block-heading\">Troph\u00e9e Seniors &amp; Classic Mid-Amateurs FAULQUEMONT (57)<\/h2>\n\n\n\n<p class=\"has-black-color has-text-color\">12 et 13 septembre 2026<\/p>\n\n\n\n<p><a href=\"https:\/\/ligue-golfgrandest.org\/wp-content\/uploads\/2026\/03\/GP-SENIORS-CLASSIC-MID-AM-2026.jpg\">Affiche<\/a> |<\/p>\n\n\n\n<p>R\u00e8glement |<\/p>\n\n\n\n<p>Bulletin d\u2019inscription |<\/p>\n\n\n\n<p>R\u00e9sultats |<\/p>\n<\/div>\n<\/div>\n\n\n\n<hr class=\"wp-block-separator has-alpha-channel-opacity\"\/>\n\n\n\n<div class=\"wp-block-columns is-layout-flex wp-container-core-columns-is-layout-9d6595d7 wp-block-columns-is-layout-flex\">\n<div class=\"wp-block-column is-layout-flow wp-block-column-is-layout-flow\" style=\"flex-basis:33.33%\">\n<figure class=\"wp-block-gallery has-nested-images columns-default is-cropped wp-block-gallery-19 is-layout-flex wp-block-gallery-is-layout-flex\">\n<figure class=\"wp-block-image size-full wp-duotone-unset-18\"><a href=\"https:\/\/ligue-golfgrandest.org\/wp-content\/uploads\/2026\/02\/vide-golf.jpg\"><img loading=\"lazy\" decoding=\"async\" width=\"400\" height=\"600\" data-id=\"61457\" src=\"https:\/\/ligue-golfgrandest.org\/wp-content\/uploads\/2026\/02\/vide-golf.jpg\" alt=\"\" class=\"wp-image-61457\" srcset=\"https:\/\/ligue-golfgrandest.org\/wp-content\/uploads\/2026\/02\/vide-golf.jpg 400w, https:\/\/ligue-golfgrandest.org\/wp-content\/uploads\/2026\/02\/vide-golf-200x300.jpg 200w\" sizes=\"auto, (max-width: 400px) 100vw, 400px\" \/><\/a><\/figure>\n<\/figure>\n<\/div>\n\n\n\n<div class=\"wp-block-column is-layout-flow wp-block-column-is-layout-flow\" style=\"flex-basis:66.66%\">\n<h2 class=\"wp-block-heading\">Troph\u00e9e Seniors &amp; Classic Mid-Amateurs TROYES LA CORDELIERE (10)<\/h2>\n\n\n\n<p class=\"has-black-color has-text-color\">26 et 27 septembre 2026<\/p>\n\n\n\n<p>Affiche |<\/p>\n\n\n\n<p>R\u00e8glement |<\/p>\n\n\n\n<p>Bulletin d\u2019inscription |<\/p>\n\n\n\n<p>R\u00e9sultats |<\/p>\n<\/div>\n<\/div>\n\n\n\n<hr class=\"wp-block-separator has-alpha-channel-opacity\"\/>\n\n\n\n<div class=\"wp-block-columns is-layout-flex wp-container-core-columns-is-layout-9d6595d7 wp-block-columns-is-layout-flex\">\n<div class=\"wp-block-column is-layout-flow wp-block-column-is-layout-flow\" style=\"flex-basis:33.33%\">\n<figure class=\"wp-block-gallery has-nested-images columns-default is-cropped wp-block-gallery-21 is-layout-flex wp-block-gallery-is-layout-flex\">\n<figure class=\"wp-block-image size-full wp-duotone-unset-20\"><a href=\"https:\/\/ligue-golfgrandest.org\/wp-content\/uploads\/2026\/02\/vide-golf.jpg\"><img loading=\"lazy\" decoding=\"async\" width=\"400\" height=\"600\" data-id=\"61457\" src=\"https:\/\/ligue-golfgrandest.org\/wp-content\/uploads\/2026\/02\/vide-golf.jpg\" alt=\"\" class=\"wp-image-61457\" srcset=\"https:\/\/ligue-golfgrandest.org\/wp-content\/uploads\/2026\/02\/vide-golf.jpg 400w, https:\/\/ligue-golfgrandest.org\/wp-content\/uploads\/2026\/02\/vide-golf-200x300.jpg 200w\" sizes=\"auto, (max-width: 400px) 100vw, 400px\" \/><\/a><\/figure>\n<\/figure>\n<\/div>\n\n\n\n<div class=\"wp-block-column is-layout-flow wp-block-column-is-layout-flow\" style=\"flex-basis:66.66%\">\n<h2 class=\"wp-block-heading\">Troph\u00e9e Seniors &amp; Classic Mid-Amateurs LA WANTZENAU (67)<\/h2>\n\n\n\n<p class=\"has-black-color has-text-color\">3 et 4 octobre 2026<\/p>\n\n\n\n<p>Affiche |<\/p>\n\n\n\n<p>R\u00e8glement |<\/p>\n\n\n\n<p>Bulletin d\u2019inscription |<\/p>\n\n\n\n<p>R\u00e9sultats |<\/p>\n<\/div>\n<\/div>\n\n\n\n<hr class=\"wp-block-separator has-alpha-channel-opacity\"\/>\n\n\n\n<div class=\"wp-block-columns is-layout-flex wp-container-core-columns-is-layout-9d6595d7 wp-block-columns-is-layout-flex\">\n<div class=\"wp-block-column is-layout-flow wp-block-column-is-layout-flow\" style=\"flex-basis:33.33%\">\n<figure class=\"wp-block-gallery has-nested-images columns-default is-cropped wp-block-gallery-23 is-layout-flex wp-block-gallery-is-layout-flex\">\n<figure class=\"wp-block-image size-full wp-duotone-unset-22\"><a href=\"https:\/\/ligue-golfgrandest.org\/wp-content\/uploads\/2026\/02\/vide-golf.jpg\"><img loading=\"lazy\" decoding=\"async\" width=\"400\" height=\"600\" data-id=\"61457\" src=\"https:\/\/ligue-golfgrandest.org\/wp-content\/uploads\/2026\/02\/vide-golf.jpg\" alt=\"\" class=\"wp-image-61457\" srcset=\"https:\/\/ligue-golfgrandest.org\/wp-content\/uploads\/2026\/02\/vide-golf.jpg 400w, https:\/\/ligue-golfgrandest.org\/wp-content\/uploads\/2026\/02\/vide-golf-200x300.jpg 200w\" sizes=\"auto, (max-width: 400px) 100vw, 400px\" \/><\/a><\/figure>\n<\/figure>\n<\/div>\n\n\n\n<div class=\"wp-block-column is-layout-flow wp-block-column-is-layout-flow\" style=\"flex-basis:66.66%\">\n<h2 class=\"wp-block-heading\">Troph\u00e9e Seniors REIMS (51)<\/h2>\n\n\n\n<p class=\"has-black-color has-text-color\">15 et 16 octobre 2026<\/p>\n\n\n\n<p>Affiche |<\/p>\n\n\n\n<p>R\u00e8glement |<\/p>\n\n\n\n<p>Bulletin d\u2019inscription |<\/p>\n\n\n\n<p>R\u00e9sultats |<\/p>\n<\/div>\n<\/div>\n\n\n\n<hr class=\"wp-block-separator has-alpha-channel-opacity\"\/>\n\n\n\n<p><\/p>\n","protected":false},"excerpt":{"rendered":"<p>Les comp\u00e9titions Classic Mid-Amateurs sont r\u00e9serv\u00e9es aux joueurs de plus de 25 ans. Les joueurs jouent des rep\u00e8res bleus et blancs. Les comp\u00e9titions Troph\u00e9es Seniors sont r\u00e9serv\u00e9es aux joueurs de plus de 50 ans. Les joueurs jouent des rep\u00e8res rouges et jaunes. Cependant les joueurs seniors peuvent choisir de jouer pour le classement Mid-Amateurs, ils [&hellip;]<\/p>\n","protected":false},"author":3,"featured_media":0,"parent":77,"menu_order":6,"comment_status":"closed","ping_status":"closed","template":"page-templates\/page-full-width.php","meta":{"footnotes":""},"class_list":["post-5639","page","type-page","status-publish","hentry"],"_links":{"self":[{"href":"https:\/\/ligue-golfgrandest.org\/index.php\/wp-json\/wp\/v2\/pages\/5639","targetHints":{"allow":["GET"]}}],"collection":[{"href":"https:\/\/ligue-golfgrandest.org\/index.php\/wp-json\/wp\/v2\/pages"}],"about":[{"href":"https:\/\/ligue-golfgrandest.org\/index.php\/wp-json\/wp\/v2\/types\/page"}],"author":[{"embeddable":true,"href":"https:\/\/ligue-golfgrandest.org\/index.php\/wp-json\/wp\/v2\/users\/3"}],"replies":[{"embeddable":true,"href":"https:\/\/ligue-golfgrandest.org\/index.php\/wp-json\/wp\/v2\/comments?post=5639"}],"version-history":[{"count":57,"href":"https:\/\/ligue-golfgrandest.org\/index.php\/wp-json\/wp\/v2\/pages\/5639\/revisions"}],"predecessor-version":[{"id":62434,"href":"https:\/\/ligue-golfgrandest.org\/index.php\/wp-json\/wp\/v2\/pages\/5639\/revisions\/62434"}],"up":[{"embeddable":true,"href":"https:\/\/ligue-golfgrandest.org\/index.php\/wp-json\/wp\/v2\/pages\/77"}],"wp:attachment":[{"href":"https:\/\/ligue-golfgrandest.org\/index.php\/wp-json\/wp\/v2\/media?parent=5639"}],"curies":[{"name":"wp","href":"https:\/\/api.w.org\/{rel}","templated":true}]}}