{"id":5634,"date":"2017-08-10T10:02:37","date_gmt":"2017-08-10T08:02:37","guid":{"rendered":"http:\/\/ligue-golfgrandest.org\/?page_id=5634"},"modified":"2026-02-23T10:22:44","modified_gmt":"2026-02-23T09:22:44","slug":"dames-mid-federales","status":"publish","type":"page","link":"https:\/\/ligue-golfgrandest.org\/index.php\/competitions\/dames-mid-federales\/","title":{"rendered":"DAMES MID-AMATEURS | COMPETITIONS FEDERALES"},"content":{"rendered":"\n<p class=\"has-vivid-cyan-blue-color has-text-color has-link-color wp-elements-25ced0f02c1dbdcc2cbe2e4d8f302c41\">Joueuses de 25 ans et plus.<\/p>\n\n\n\n<h2 class=\"wp-block-heading\">CHAMPIONNAT DE FRANCE MID-AMATEURS DAMES PAR EQUIPE<\/h2>\n\n\n\n<p><strong>PREMIERE DIVISION <\/strong><\/p>\n\n\n\n<p>18-21 juin 2026 | Golf de Royan<\/p>\n\n\n\n<p>L&rsquo;\u00e9quipe du Grand Est engag\u00e9e :<br><strong>STRASBOURG<\/strong><\/p>\n\n\n\n<p>Infos et r\u00e9sultats |<\/p>\n\n\n\n<hr class=\"wp-block-separator has-alpha-channel-opacity\"\/>\n\n\n\n<h2 class=\"wp-block-heading\">CHAMPIONNAT DE FRANCE MID-AMATEURS DAMES PAR EQUIPE<\/h2>\n\n\n\n<p><strong>DEUXIEME DIVISION POULE B<\/strong><\/p>\n\n\n\n<p>18-21 juin 2026 | Golf de Valence Saint Didier<\/p>\n\n\n\n<p>Les \u00e9quipes du Grand Est engag\u00e9es :<br><strong>NANCY AINGERAY<\/strong> <br><strong>NANCY PULNOY<\/strong> <\/p>\n\n\n\n<p>Infos et r\u00e9sultats |<\/p>\n\n\n\n<hr class=\"wp-block-separator has-alpha-channel-opacity\"\/>\n\n\n\n<h2 class=\"wp-block-heading\">CHAMPIONNAT DE FRANCE MID-AMATEURS DAMES PAR EQUIPE<\/h2>\n\n\n\n<p><strong>TROISIEME DIVISION POULE A<\/strong><\/p>\n\n\n\n<p>19-21 juin 2026 | Golf de Villarceaux<\/p>\n\n\n\n<p>Les \u00e9quipes du Grand Est engag\u00e9es :<br><strong>FAULQUEMONT<\/strong><br><strong>FORET D&rsquo;ORIENT<\/strong>&nbsp;<br><strong>\u00c9PINAL<\/strong><br><strong>METZ CH\u00c9RISEY<\/strong><\/p>\n\n\n\n<p>Infos et r\u00e9sultats |<\/p>\n\n\n\n<hr class=\"wp-block-separator has-alpha-channel-opacity\"\/>\n\n\n\n<h2 class=\"wp-block-heading\">CHAMPIONNAT DE FRANCE MID-AMATEURS DAMES PAR EQUIPE<\/h2>\n\n\n\n<p><strong>TROISIEME DIVISION POULE B<\/strong><\/p>\n\n\n\n<p>19-21 juin 2026 | Golf de Haute Auvergne<\/p>\n\n\n\n<p>L&rsquo;\u00e9quipe du Grand Est engag\u00e9e :<br><strong>BOULEAUX<\/strong> <\/p>\n\n\n\n<p>Infos et r\u00e9sultats |<\/p>\n\n\n\n<hr class=\"wp-block-separator has-alpha-channel-opacity\"\/>\n\n\n\n<h2 class=\"wp-block-heading\">CHAMPIONNAT DE FRANCE MID-AMATEURS DAMES PAR EQUIPE<\/h2>\n\n\n\n<p><strong>PROMOTION NATIONALE<\/strong><\/p>\n\n\n\n<p>19-21 juin 2026 | <\/p>\n\n\n\n<p>Promotion A : Golf de Lery Poses | Promotion B : Golf du Ch\u00e2teau d&rsquo;Avoise<\/p>\n\n\n\n<p>Les \u00e9quipes du Grand Est engag\u00e9es :<br><strong>Extranet \u2013 Inscription des Clubs avant le 19\/05<\/strong><br><strong>Extranet \u2013 Inscription des \u00c9quipiers avant le 10\/06<\/strong><\/p>\n\n\n\n<p>Infos et r\u00e9sultats |<\/p>\n\n\n\n<hr class=\"wp-block-separator has-alpha-channel-opacity\"\/>\n\n\n\n<p class=\"has-vivid-cyan-blue-color has-text-color\">Joueuses de 40 ans et plus.<\/p>\n\n\n\n<h2 class=\"wp-block-heading\">CHAMPIONNAT DE FRANCE MID-AMATEURS 2 DAMES PAR EQUIPE (+40 ans)<\/h2>\n\n\n\n<p><strong>2-4 octobre 2026 | Golf de Touraine<\/strong><\/p>\n\n\n\n<p>Les \u00e9quipes du Grand Est engag\u00e9es :<br><strong>Extranet \u2013 Inscription des Clubs avant le 02\/09<\/strong><br><strong>Extranet \u2013 Inscription des \u00c9quipiers avant le 23\/09<\/strong><\/p>\n\n\n\n<p>Infos et r\u00e9sultats |<\/p>\n\n\n\n<p><\/p>\n","protected":false},"excerpt":{"rendered":"<p>Joueuses de 25 ans et plus. CHAMPIONNAT DE FRANCE MID-AMATEURS DAMES PAR EQUIPE PREMIERE DIVISION 18-21 juin 2026 | Golf de Royan L&rsquo;\u00e9quipe du Grand Est engag\u00e9e :STRASBOURG Infos et r\u00e9sultats | CHAMPIONNAT DE FRANCE MID-AMATEURS DAMES PAR EQUIPE DEUXIEME DIVISION POULE B 18-21 juin 2026 | Golf de Valence Saint Didier Les \u00e9quipes du [&hellip;]<\/p>\n","protected":false},"author":3,"featured_media":0,"parent":77,"menu_order":5,"comment_status":"closed","ping_status":"closed","template":"page-templates\/page-full-width.php","meta":{"footnotes":""},"class_list":["post-5634","page","type-page","status-publish","hentry"],"_links":{"self":[{"href":"https:\/\/ligue-golfgrandest.org\/index.php\/wp-json\/wp\/v2\/pages\/5634","targetHints":{"allow":["GET"]}}],"collection":[{"href":"https:\/\/ligue-golfgrandest.org\/index.php\/wp-json\/wp\/v2\/pages"}],"about":[{"href":"https:\/\/ligue-golfgrandest.org\/index.php\/wp-json\/wp\/v2\/types\/page"}],"author":[{"embeddable":true,"href":"https:\/\/ligue-golfgrandest.org\/index.php\/wp-json\/wp\/v2\/users\/3"}],"replies":[{"embeddable":true,"href":"https:\/\/ligue-golfgrandest.org\/index.php\/wp-json\/wp\/v2\/comments?post=5634"}],"version-history":[{"count":31,"href":"https:\/\/ligue-golfgrandest.org\/index.php\/wp-json\/wp\/v2\/pages\/5634\/revisions"}],"predecessor-version":[{"id":61706,"href":"https:\/\/ligue-golfgrandest.org\/index.php\/wp-json\/wp\/v2\/pages\/5634\/revisions\/61706"}],"up":[{"embeddable":true,"href":"https:\/\/ligue-golfgrandest.org\/index.php\/wp-json\/wp\/v2\/pages\/77"}],"wp:attachment":[{"href":"https:\/\/ligue-golfgrandest.org\/index.php\/wp-json\/wp\/v2\/media?parent=5634"}],"curies":[{"name":"wp","href":"https:\/\/api.w.org\/{rel}","templated":true}]}}