{"id":5616,"date":"2017-08-09T14:04:09","date_gmt":"2017-08-09T12:04:09","guid":{"rendered":"http:\/\/ligue-golfgrandest.org\/?page_id=5616"},"modified":"2026-04-17T11:43:10","modified_gmt":"2026-04-17T09:43:10","slug":"dames-competitions-inter-clubs","status":"publish","type":"page","link":"https:\/\/ligue-golfgrandest.org\/index.php\/competitions\/dames-competitions-inter-clubs\/","title":{"rendered":"DAMES | COMPETITIONS INTER-CLUBS"},"content":{"rendered":"\n<div class=\"wp-block-columns is-layout-flex wp-container-core-columns-is-layout-9d6595d7 wp-block-columns-is-layout-flex\">\n<div class=\"wp-block-column is-layout-flow wp-block-column-is-layout-flow\" style=\"flex-basis:33.33%\">\n<figure class=\"wp-block-image size-large wp-duotone-unset-1\"><a href=\"https:\/\/ligue-golfgrandest.org\/wp-content\/uploads\/2026\/02\/RFGE.jpg\"><img loading=\"lazy\" decoding=\"async\" width=\"848\" height=\"1200\" src=\"https:\/\/ligue-golfgrandest.org\/wp-content\/uploads\/2026\/02\/RFGE-848x1200.jpg\" alt=\"\" class=\"wp-image-61401\" srcset=\"https:\/\/ligue-golfgrandest.org\/wp-content\/uploads\/2026\/02\/RFGE-848x1200.jpg 848w, https:\/\/ligue-golfgrandest.org\/wp-content\/uploads\/2026\/02\/RFGE-212x300.jpg 212w, https:\/\/ligue-golfgrandest.org\/wp-content\/uploads\/2026\/02\/RFGE-768x1086.jpg 768w, https:\/\/ligue-golfgrandest.org\/wp-content\/uploads\/2026\/02\/RFGE-1086x1536.jpg 1086w, https:\/\/ligue-golfgrandest.org\/wp-content\/uploads\/2026\/02\/RFGE-1448x2048.jpg 1448w, https:\/\/ligue-golfgrandest.org\/wp-content\/uploads\/2026\/02\/RFGE.jpg 1810w\" sizes=\"auto, (max-width: 848px) 100vw, 848px\" \/><\/a><\/figure>\n<\/div>\n\n\n\n<div class=\"wp-block-column is-layout-flow wp-block-column-is-layout-flow\" style=\"flex-basis:66.66%\">\n<h2 class=\"wp-block-heading\">RENCONTRES F\u00c9MININES DU GRAND EST<\/h2>\n\n\n\n<p><em>En 2026 les RFGE comprendront les Opens et Animations ci-dessous propos\u00e9s et g\u00e9r\u00e9s individuellement par les clubs (liste provisoire) :<\/em><\/p>\n\n\n\n<p><a href=\"https:\/\/ligue-golfgrandest.org\/wp-content\/uploads\/2026\/02\/RFGE.jpg\">Affiche 2026<\/a> |<\/p>\n\n\n\n<p>30 mai 2026 | Ladies Open &#8211; Golf du Rhin2<\/p>\n\n\n\n<p>16 juin 2026 | Troph\u00e9e des Dames Dames &#8211; Golf Club des Bouleaux<\/p>\n\n\n\n<p>8 Septembre 2026 | Grand Double Dames (Patsome) &#8211; Golf de Metz Technopole <\/p>\n<\/div>\n<\/div>\n\n\n\n<hr class=\"wp-block-separator has-alpha-channel-opacity\"\/>\n\n\n\n<div class=\"wp-block-columns is-layout-flex wp-container-core-columns-is-layout-9d6595d7 wp-block-columns-is-layout-flex\">\n<div class=\"wp-block-column is-layout-flow wp-block-column-is-layout-flow\" style=\"flex-basis:33.33%\">\n<figure class=\"wp-block-image size-large wp-duotone-unset-2\"><a href=\"https:\/\/ligue-golfgrandest.org\/wp-content\/uploads\/2026\/01\/Trophee-de-la-Mirabelle.jpg\"><img loading=\"lazy\" decoding=\"async\" width=\"848\" height=\"1200\" src=\"https:\/\/ligue-golfgrandest.org\/wp-content\/uploads\/2026\/01\/Trophee-de-la-Mirabelle-848x1200.jpg\" alt=\"\" class=\"wp-image-61313\" srcset=\"https:\/\/ligue-golfgrandest.org\/wp-content\/uploads\/2026\/01\/Trophee-de-la-Mirabelle-848x1200.jpg 848w, https:\/\/ligue-golfgrandest.org\/wp-content\/uploads\/2026\/01\/Trophee-de-la-Mirabelle-212x300.jpg 212w, https:\/\/ligue-golfgrandest.org\/wp-content\/uploads\/2026\/01\/Trophee-de-la-Mirabelle-768x1086.jpg 768w, https:\/\/ligue-golfgrandest.org\/wp-content\/uploads\/2026\/01\/Trophee-de-la-Mirabelle-1086x1536.jpg 1086w, https:\/\/ligue-golfgrandest.org\/wp-content\/uploads\/2026\/01\/Trophee-de-la-Mirabelle-1448x2048.jpg 1448w, https:\/\/ligue-golfgrandest.org\/wp-content\/uploads\/2026\/01\/Trophee-de-la-Mirabelle.jpg 1810w\" sizes=\"auto, (max-width: 848px) 100vw, 848px\" \/><\/a><\/figure>\n<\/div>\n\n\n\n<div class=\"wp-block-column is-layout-flow wp-block-column-is-layout-flow\" style=\"flex-basis:66.66%\">\n<h2 class=\"wp-block-heading\">TROPH\u00c9E DE LA MIRABELLE<\/h2>\n\n\n\n<p><a href=\"https:\/\/ligue-golfgrandest.org\/wp-content\/uploads\/2026\/01\/Trophee-de-la-Mirabelle.pdf\">Affiche 2026<\/a> |<\/p>\n\n\n\n<p><a href=\"https:\/\/ligue-golfgrandest.org\/wp-content\/uploads\/2026\/01\/Reglement-Mirabelle-2026.pdf\">R\u00e8glement 2026<\/a> | Nouveaut\u00e9 2026 : 2 Poules<\/p>\n\n\n\n<p>T1 &#8211; 5 mai 2026 | <\/p>\n\n\n\n<p>Golf de Metz Ch\u00e9risey | Golf de Bitche<\/p>\n\n\n\n<p>T2 &#8211; 9 juin 2026 | <\/p>\n\n\n\n<p>Golf de Metz Technop\u00f4le | Golf de Vittel Ermitage<\/p>\n\n\n\n<p>T3 &#8211; 7 juillet 2026 | <\/p>\n\n\n\n<p>Golf de Combles-en-Barrois | Golf de Nancy Pulnoy<\/p>\n\n\n\n<p>T4 &#8211; 28 juillet 2026 | <\/p>\n\n\n\n<p>Golf de Preisch | Golf de La Wantzenau<\/p>\n\n\n\n<p>T5 &#8211; 25 ao\u00fbt |<\/p>\n\n\n\n<p>Golf de Longwy | Golf de Sarrebourg<\/p>\n\n\n\n<p>Finale &#8211; 15 septembre | Golf de Faulquemont<\/p>\n<\/div>\n<\/div>\n\n\n\n<hr class=\"wp-block-separator has-alpha-channel-opacity\"\/>\n\n\n\n<div class=\"wp-block-columns is-layout-flex wp-container-core-columns-is-layout-9d6595d7 wp-block-columns-is-layout-flex\">\n<div class=\"wp-block-column is-layout-flow wp-block-column-is-layout-flow\" style=\"flex-basis:33.33%\">\n<figure class=\"wp-block-image size-large wp-duotone-unset-3\"><a href=\"https:\/\/ligue-golfgrandest.org\/wp-content\/uploads\/2026\/01\/Femina-Six-Cup.jpg\"><img loading=\"lazy\" decoding=\"async\" width=\"848\" height=\"1200\" src=\"https:\/\/ligue-golfgrandest.org\/wp-content\/uploads\/2026\/01\/Femina-Six-Cup-848x1200.jpg\" alt=\"\" class=\"wp-image-61309\" srcset=\"https:\/\/ligue-golfgrandest.org\/wp-content\/uploads\/2026\/01\/Femina-Six-Cup-848x1200.jpg 848w, https:\/\/ligue-golfgrandest.org\/wp-content\/uploads\/2026\/01\/Femina-Six-Cup-212x300.jpg 212w, https:\/\/ligue-golfgrandest.org\/wp-content\/uploads\/2026\/01\/Femina-Six-Cup-768x1086.jpg 768w, https:\/\/ligue-golfgrandest.org\/wp-content\/uploads\/2026\/01\/Femina-Six-Cup-1086x1536.jpg 1086w, https:\/\/ligue-golfgrandest.org\/wp-content\/uploads\/2026\/01\/Femina-Six-Cup-1448x2048.jpg 1448w, https:\/\/ligue-golfgrandest.org\/wp-content\/uploads\/2026\/01\/Femina-Six-Cup.jpg 1810w\" sizes=\"auto, (max-width: 848px) 100vw, 848px\" \/><\/a><\/figure>\n<\/div>\n\n\n\n<div class=\"wp-block-column is-layout-flow wp-block-column-is-layout-flow\" style=\"flex-basis:66.66%\">\n<h2 class=\"wp-block-heading\">F\u00c9MINA SIX CUP<\/h2>\n\n\n\n<p><a href=\"https:\/\/ligue-golfgrandest.org\/wp-content\/uploads\/2026\/01\/Femina-Six-Cup.pdf\">Affiche 2026<\/a><em> | <\/em><\/p>\n\n\n\n<p><a href=\"https:\/\/ligue-golfgrandest.org\/wp-content\/uploads\/2026\/01\/Reglement-Femina-Six-2026.pdf\">R\u00e8glement 2026<\/a> |<\/p>\n\n\n\n<p>16 avril 2026 | Alsace Golf Links | <a href=\"https:\/\/ligue-golfgrandest.org\/wp-content\/uploads\/2026\/04\/2026-FEMINA-SIX-CUP-Tour-1.pdf\">R\u00e9sultats tour 1<\/a> |<\/p>\n\n\n\n<p>5 mai 2026 | Golf Club des Bouleaux | <\/p>\n\n\n\n<p>9 juin 2026 | Golf d&rsquo;Ammerschwihr | <\/p>\n\n\n\n<p>30 juin 2026 | Golf de Rougemont | <\/p>\n\n\n\n<p>2 septembre 2026 | Golf de Hombourg | <\/p>\n\n\n\n<p>23 septembre 2026 | \u00ab\u00a0Finale\u00a0\u00bb &#8211; Golf du Rhin |<\/p>\n<\/div>\n<\/div>\n\n\n\n<hr class=\"wp-block-separator has-alpha-channel-opacity\"\/>\n\n\n\n<div class=\"wp-block-columns is-layout-flex wp-container-core-columns-is-layout-9d6595d7 wp-block-columns-is-layout-flex\">\n<div class=\"wp-block-column is-layout-flow wp-block-column-is-layout-flow\" style=\"flex-basis:33.33%\">\n<figure class=\"wp-block-image size-large wp-duotone-unset-4\"><a href=\"https:\/\/ligue-golfgrandest.org\/wp-content\/uploads\/2026\/01\/Coupe-des-Dames.jpg\"><img loading=\"lazy\" decoding=\"async\" width=\"848\" height=\"1200\" src=\"https:\/\/ligue-golfgrandest.org\/wp-content\/uploads\/2026\/01\/Coupe-des-Dames-848x1200.jpg\" alt=\"\" class=\"wp-image-61307\" srcset=\"https:\/\/ligue-golfgrandest.org\/wp-content\/uploads\/2026\/01\/Coupe-des-Dames-848x1200.jpg 848w, https:\/\/ligue-golfgrandest.org\/wp-content\/uploads\/2026\/01\/Coupe-des-Dames-212x300.jpg 212w, https:\/\/ligue-golfgrandest.org\/wp-content\/uploads\/2026\/01\/Coupe-des-Dames-768x1086.jpg 768w, https:\/\/ligue-golfgrandest.org\/wp-content\/uploads\/2026\/01\/Coupe-des-Dames-1086x1536.jpg 1086w, https:\/\/ligue-golfgrandest.org\/wp-content\/uploads\/2026\/01\/Coupe-des-Dames-1448x2048.jpg 1448w, https:\/\/ligue-golfgrandest.org\/wp-content\/uploads\/2026\/01\/Coupe-des-Dames.jpg 1810w\" sizes=\"auto, (max-width: 848px) 100vw, 848px\" \/><\/a><\/figure>\n<\/div>\n\n\n\n<div class=\"wp-block-column is-layout-flow wp-block-column-is-layout-flow\" style=\"flex-basis:66.66%\">\n<h2 class=\"wp-block-heading\">COUPE DES DAMES<\/h2>\n\n\n\n<p><a href=\"https:\/\/ligue-golfgrandest.org\/wp-content\/uploads\/2026\/01\/Coupe-des-Dames.pdf\">Affiche 2026<\/a> | <a href=\"https:\/\/ligue-golfgrandest.org\/wp-content\/uploads\/2026\/01\/Reglement-Coupe-des-Dames-2026.pdf\">R\u00e8glement 2026<\/a> |<\/p>\n\n\n\n<p>28 avril 2026 | Golf du Kempferhof |<\/p>\n\n\n\n<p>2 juin 2026 | Golf de Bitche |<\/p>\n\n\n\n<p>23 juin 2026 | Golf de Sarrebourg |<\/p>\n\n\n\n<p>18 ao\u00fbt 2026 | Golf de Strasbourg |<\/p>\n\n\n\n<p>8 septembre 2026 | \u00ab\u00a0Finale\u00a0\u00bb &#8211; Golf de la Wantzenau<\/p>\n<\/div>\n<\/div>\n\n\n\n<hr class=\"wp-block-separator has-alpha-channel-opacity\"\/>\n\n\n\n<hr class=\"wp-block-separator has-alpha-channel-opacity\"\/>\n\n\n\n<h2 class=\"wp-block-heading has-cyan-bluish-gray-color has-text-color has-link-color wp-elements-3d71ce4fc076e922a0ee5fb99aee9831\">R\u00e9sultats 2025<\/h2>\n\n\n\n<p>RENCONTRE F\u00c9MININES DU GRAND EST | R\u00e9sultats en individuel &gt; contacter la Ligue<\/p>\n\n\n\n<p>TROPH\u00c9E DE LA MIRABELLE | Tableau des r\u00e9sultats | Vainqueur : Golf de La Wantzenau &#8211; Sarrebourg<\/p>\n\n\n\n<p>F\u00c9MINA SIX CUP | <a href=\"https:\/\/ligue-golfgrandest.org\/wp-content\/uploads\/2025\/09\/2025-FEMINA-SIX-CUP-Tour-6-Finale.pdf\">Classement final<\/a> | Vainqueur : Golf d&rsquo;Ammerschwihr<\/p>\n\n\n\n<p>COUPE DES DAMES | <a href=\"https:\/\/ligue-golfgrandest.org\/wp-content\/uploads\/2024\/09\/Tableau-Coupe-des-Dames-apres-finale-2024.pdf\"><a href=\"https:\/\/ligue-golfgrandest.org\/wp-content\/uploads\/2025\/10\/CLASSEMENT-FINAL-2025-COUPE-DES-DAMES.jpg\">Classement T5 Finale<\/a><\/a> | Vainqueur : Golf de La Wantzenau<\/p>\n\n\n\n<p>CHALLENGE DES PETILLANTES DE CHAMPAGNE | <a href=\"https:\/\/ligue-golfgrandest.org\/wp-content\/uploads\/2025\/09\/2025-PETILLANTES-Tour-9-Final.pdf\">Classement T9 finale <\/a> | Vainqueur : Golf de Ch\u00e2lons-en-Champagne<\/p>\n\n\n\n<p><\/p>\n","protected":false},"excerpt":{"rendered":"<p>RENCONTRES F\u00c9MININES DU GRAND EST En 2026 les RFGE comprendront les Opens et Animations ci-dessous propos\u00e9s et g\u00e9r\u00e9s individuellement par les clubs (liste provisoire) : Affiche 2026 | 30 mai 2026 | Ladies Open &#8211; Golf du Rhin2 16 juin 2026 | Troph\u00e9e des Dames Dames &#8211; Golf Club des Bouleaux 8 Septembre 2026 | [&hellip;]<\/p>\n","protected":false},"author":3,"featured_media":0,"parent":77,"menu_order":3,"comment_status":"closed","ping_status":"closed","template":"page-templates\/page-full-width.php","meta":{"footnotes":""},"class_list":["post-5616","page","type-page","status-publish","hentry"],"_links":{"self":[{"href":"https:\/\/ligue-golfgrandest.org\/index.php\/wp-json\/wp\/v2\/pages\/5616","targetHints":{"allow":["GET"]}}],"collection":[{"href":"https:\/\/ligue-golfgrandest.org\/index.php\/wp-json\/wp\/v2\/pages"}],"about":[{"href":"https:\/\/ligue-golfgrandest.org\/index.php\/wp-json\/wp\/v2\/types\/page"}],"author":[{"embeddable":true,"href":"https:\/\/ligue-golfgrandest.org\/index.php\/wp-json\/wp\/v2\/users\/3"}],"replies":[{"embeddable":true,"href":"https:\/\/ligue-golfgrandest.org\/index.php\/wp-json\/wp\/v2\/comments?post=5616"}],"version-history":[{"count":50,"href":"https:\/\/ligue-golfgrandest.org\/index.php\/wp-json\/wp\/v2\/pages\/5616\/revisions"}],"predecessor-version":[{"id":62457,"href":"https:\/\/ligue-golfgrandest.org\/index.php\/wp-json\/wp\/v2\/pages\/5616\/revisions\/62457"}],"up":[{"embeddable":true,"href":"https:\/\/ligue-golfgrandest.org\/index.php\/wp-json\/wp\/v2\/pages\/77"}],"wp:attachment":[{"href":"https:\/\/ligue-golfgrandest.org\/index.php\/wp-json\/wp\/v2\/media?parent=5616"}],"curies":[{"name":"wp","href":"https:\/\/api.w.org\/{rel}","templated":true}]}}