{"id":5603,"date":"2017-08-09T13:35:19","date_gmt":"2017-08-09T11:35:19","guid":{"rendered":"http:\/\/ligue-golfgrandest.org\/?page_id=5603"},"modified":"2026-02-23T10:00:35","modified_gmt":"2026-02-23T09:00:35","slug":"dames-federales","status":"publish","type":"page","link":"https:\/\/ligue-golfgrandest.org\/index.php\/competitions\/dames-federales\/","title":{"rendered":"DAMES | COMPETITIONS FEDERALES"},"content":{"rendered":"\n<h2 class=\"wp-block-heading\">CHAMPIONNAT DE FRANCE DAMES PAR \u00c9QUIPE<\/h2>\n\n\n\n<p><strong>DEUXIEME DIVISION POULE A<\/strong><\/p>\n\n\n\n<p>22-25 mai 2026 | Golf de Merignies<\/p>\n\n\n<p>Les \u00e9quipes du Grand Est engag\u00e9es :<br \/><strong>KEMPFERHOF<\/strong><br \/><strong>STRASBOURG<\/strong><\/p>\n<p>Infos et r\u00e9sultats |<\/p>\n\n\n<hr class=\"wp-block-separator has-alpha-channel-opacity\"\/>\n\n\n\n<h2 class=\"wp-block-heading\">CHAMPIONNAT DE FRANCE DAMES PAR \u00c9QUIPE<\/h2>\n\n\n\n<p><strong>DEUXIEME DIVISION POULE B<\/strong><\/p>\n\n\n\n<p>22-25 mai 2026 | Golf de Dijon Bourgogne<\/p>\n\n\n\n<p>L&rsquo;\u00e9quipe du Grand Est engag\u00e9e :<br><strong>GOLF ACAD\u00c9MIE 57 <\/strong><\/p>\n\n\n\n<p>Infos et r\u00e9sultats |<\/p>\n\n\n\n<hr class=\"wp-block-separator has-alpha-channel-opacity\"\/>\n\n\n\n<h2 class=\"wp-block-heading\">CHAMPIONNAT DE FRANCE DAMES PAR EQUIPE<\/h2>\n\n\n\n<p><strong>TROISIEME DIVISION POULE D<\/strong><\/p>\n\n\n\n<p>22-25 mai 2026 | Golf de Val de Sorne<\/p>\n\n\n\n<p>Les \u00e9quipes du Grand Est engag\u00e9es :<br><strong>AMMERSCHWIHR<\/strong><br><strong>BOULEAUX<\/strong>\u00a0<br><strong>METZ CH\u00c9RISEY<\/strong><br><strong>NANCY AINGERAY<\/strong><br><strong>NANCY PULNOY<\/strong><br><strong>REIMS<\/strong><br><strong>RHIN<\/strong><br><strong>LA WANTZENAU<\/strong><\/p>\n\n\n\n<p>Infos et r\u00e9sultats |\u00a0<\/p>\n\n\n\n<hr class=\"wp-block-separator has-alpha-channel-opacity\"\/>\n\n\n\n<h2 class=\"wp-block-heading\">CHAMPIONNAT DE FRANCE DAMES PAR EQUIPE<\/h2>\n\n\n\n<p><strong>PROMOTION INTERREGIONALE<\/strong><\/p>\n\n\n\n<p>23-24 mai 2026 | Golf de Combles-en-Barrois<\/p>\n\n\n\n<p>Les \u00e9quipes du Grand Est engag\u00e9es :<br><strong>Extranet \u2013 Inscription des Clubs avant le 23\/04<\/strong><br><strong>Extranet \u2013 Inscription des \u00c9quipiers avant le 14\/05<\/strong><\/p>\n\n\n\n<p>Infos et r\u00e9sultats |<\/p>\n","protected":false},"excerpt":{"rendered":"<p>CHAMPIONNAT DE FRANCE DAMES PAR \u00c9QUIPE DEUXIEME DIVISION POULE A 22-25 mai 2026 | Golf de Merignies Les \u00e9quipes du Grand Est engag\u00e9es :KEMPFERHOFSTRASBOURG Infos et r\u00e9sultats | CHAMPIONNAT DE FRANCE DAMES PAR \u00c9QUIPE DEUXIEME DIVISION POULE B 22-25 mai 2026 | Golf de Dijon Bourgogne L&rsquo;\u00e9quipe du Grand Est engag\u00e9e :GOLF ACAD\u00c9MIE 57 Infos [&hellip;]<\/p>\n","protected":false},"author":3,"featured_media":0,"parent":77,"menu_order":2,"comment_status":"closed","ping_status":"closed","template":"page-templates\/page-full-width.php","meta":{"footnotes":""},"class_list":["post-5603","page","type-page","status-publish","hentry"],"_links":{"self":[{"href":"https:\/\/ligue-golfgrandest.org\/index.php\/wp-json\/wp\/v2\/pages\/5603","targetHints":{"allow":["GET"]}}],"collection":[{"href":"https:\/\/ligue-golfgrandest.org\/index.php\/wp-json\/wp\/v2\/pages"}],"about":[{"href":"https:\/\/ligue-golfgrandest.org\/index.php\/wp-json\/wp\/v2\/types\/page"}],"author":[{"embeddable":true,"href":"https:\/\/ligue-golfgrandest.org\/index.php\/wp-json\/wp\/v2\/users\/3"}],"replies":[{"embeddable":true,"href":"https:\/\/ligue-golfgrandest.org\/index.php\/wp-json\/wp\/v2\/comments?post=5603"}],"version-history":[{"count":4,"href":"https:\/\/ligue-golfgrandest.org\/index.php\/wp-json\/wp\/v2\/pages\/5603\/revisions"}],"predecessor-version":[{"id":61693,"href":"https:\/\/ligue-golfgrandest.org\/index.php\/wp-json\/wp\/v2\/pages\/5603\/revisions\/61693"}],"up":[{"embeddable":true,"href":"https:\/\/ligue-golfgrandest.org\/index.php\/wp-json\/wp\/v2\/pages\/77"}],"wp:attachment":[{"href":"https:\/\/ligue-golfgrandest.org\/index.php\/wp-json\/wp\/v2\/media?parent=5603"}],"curies":[{"name":"wp","href":"https:\/\/api.w.org\/{rel}","templated":true}]}}