{"id":53448,"date":"2024-03-11T12:40:25","date_gmt":"2024-03-11T11:40:25","guid":{"rendered":"https:\/\/ligue-golfgrandest.org\/?page_id=53448"},"modified":"2026-04-20T16:16:08","modified_gmt":"2026-04-20T14:16:08","slug":"junior-series","status":"publish","type":"page","link":"https:\/\/ligue-golfgrandest.org\/index.php\/jeunes\/junior-series\/","title":{"rendered":"JUNIOR SUMMER TOUR"},"content":{"rendered":"\n<div class=\"wp-block-columns is-layout-flex wp-container-core-columns-is-layout-9d6595d7 wp-block-columns-is-layout-flex\">\n<div class=\"wp-block-column is-layout-flow wp-block-column-is-layout-flow\" style=\"flex-basis:33.33%\">\n<figure class=\"wp-block-image size-full wp-duotone-unset-1\"><a href=\"https:\/\/ligue-golfgrandest.org\/wp-content\/uploads\/2026\/04\/Junior-Summer-Tour-2026._AFFICHE_VF.jpg\"><img loading=\"lazy\" decoding=\"async\" width=\"1810\" height=\"2560\" src=\"https:\/\/ligue-golfgrandest.org\/wp-content\/uploads\/2026\/04\/Junior-Summer-Tour-2026._AFFICHE_VF.jpg\" alt=\"\" class=\"wp-image-62390\" srcset=\"https:\/\/ligue-golfgrandest.org\/wp-content\/uploads\/2026\/04\/Junior-Summer-Tour-2026._AFFICHE_VF.jpg 1810w, https:\/\/ligue-golfgrandest.org\/wp-content\/uploads\/2026\/04\/Junior-Summer-Tour-2026._AFFICHE_VF-212x300.jpg 212w, https:\/\/ligue-golfgrandest.org\/wp-content\/uploads\/2026\/04\/Junior-Summer-Tour-2026._AFFICHE_VF-848x1200.jpg 848w, https:\/\/ligue-golfgrandest.org\/wp-content\/uploads\/2026\/04\/Junior-Summer-Tour-2026._AFFICHE_VF-768x1086.jpg 768w, https:\/\/ligue-golfgrandest.org\/wp-content\/uploads\/2026\/04\/Junior-Summer-Tour-2026._AFFICHE_VF-1086x1536.jpg 1086w, https:\/\/ligue-golfgrandest.org\/wp-content\/uploads\/2026\/04\/Junior-Summer-Tour-2026._AFFICHE_VF-1448x2048.jpg 1448w\" sizes=\"auto, (max-width: 1810px) 100vw, 1810px\" \/><\/a><\/figure>\n<\/div>\n\n\n\n<div class=\"wp-block-column is-layout-flow wp-block-column-is-layout-flow\" style=\"flex-basis:66.66%\">\n<h1 class=\"wp-block-heading\">JUNIOR SUMMER TOUR<\/h1>\n\n\n\n<p>Comp\u00e9titions dans les clubs du Grand Est volontaires pour accueillir des \u00e9preuves \u00e0 l&rsquo;\u00e9t\u00e9 2026<\/p>\n\n\n\n<p><a href=\"https:\/\/ligue-golfgrandest.org\/wp-content\/uploads\/2026\/04\/Junior-Summer-Tour-2026._AFFICHE_VF.jpg\">Affiche 2026<\/a> | <a href=\"https:\/\/ligue-golfgrandest.org\/wp-content\/uploads\/2026\/04\/2026_REGLEMENT_JUNIOR-SUMMER-TOUR.pdf\">R\u00e8glement de l&rsquo;\u00e9preuve<\/a> |<\/p>\n\n\n\n<p><a href=\"https:\/\/ligue-golfgrandest.org\/wp-content\/uploads\/2026\/04\/CALENDRIER-JUNIOR-SUMMER-TOUR-2026_maj-20042026.pdf\">Calendrier 2026 (\u00e0 jour au 20 avril)<\/a> |<\/p>\n\n\n\n<p><\/p>\n\n\n\n<figure class=\"wp-block-image size-full\"><a href=\"https:\/\/ligue-golfgrandest.org\/calendrier-junior-summer-tour-2026_maj-20042026-2\/\"><img loading=\"lazy\" decoding=\"async\" width=\"1241\" height=\"1755\" src=\"https:\/\/ligue-golfgrandest.org\/wp-content\/uploads\/2026\/04\/CALENDRIER-JUNIOR-SUMMER-TOUR-2026_maj-20042026.jpg\" alt=\"\" class=\"wp-image-62562\" srcset=\"https:\/\/ligue-golfgrandest.org\/wp-content\/uploads\/2026\/04\/CALENDRIER-JUNIOR-SUMMER-TOUR-2026_maj-20042026.jpg 1241w, https:\/\/ligue-golfgrandest.org\/wp-content\/uploads\/2026\/04\/CALENDRIER-JUNIOR-SUMMER-TOUR-2026_maj-20042026-212x300.jpg 212w, https:\/\/ligue-golfgrandest.org\/wp-content\/uploads\/2026\/04\/CALENDRIER-JUNIOR-SUMMER-TOUR-2026_maj-20042026-849x1200.jpg 849w, https:\/\/ligue-golfgrandest.org\/wp-content\/uploads\/2026\/04\/CALENDRIER-JUNIOR-SUMMER-TOUR-2026_maj-20042026-768x1086.jpg 768w, https:\/\/ligue-golfgrandest.org\/wp-content\/uploads\/2026\/04\/CALENDRIER-JUNIOR-SUMMER-TOUR-2026_maj-20042026-1086x1536.jpg 1086w\" sizes=\"auto, (max-width: 1241px) 100vw, 1241px\" \/><\/a><\/figure>\n<\/div>\n<\/div>\n\n\n\n<hr class=\"wp-block-separator has-alpha-channel-opacity\"\/>\n","protected":false},"excerpt":{"rendered":"<p>JUNIOR SUMMER TOUR Comp\u00e9titions dans les clubs du Grand Est volontaires pour accueillir des \u00e9preuves \u00e0 l&rsquo;\u00e9t\u00e9 2026 Affiche 2026 | R\u00e8glement de l&rsquo;\u00e9preuve | Calendrier 2026 (\u00e0 jour au 20 avril) |<\/p>\n","protected":false},"author":3,"featured_media":0,"parent":130,"menu_order":0,"comment_status":"closed","ping_status":"closed","template":"page-templates\/page-full-width.php","meta":{"footnotes":""},"class_list":["post-53448","page","type-page","status-publish","hentry"],"_links":{"self":[{"href":"https:\/\/ligue-golfgrandest.org\/index.php\/wp-json\/wp\/v2\/pages\/53448","targetHints":{"allow":["GET"]}}],"collection":[{"href":"https:\/\/ligue-golfgrandest.org\/index.php\/wp-json\/wp\/v2\/pages"}],"about":[{"href":"https:\/\/ligue-golfgrandest.org\/index.php\/wp-json\/wp\/v2\/types\/page"}],"author":[{"embeddable":true,"href":"https:\/\/ligue-golfgrandest.org\/index.php\/wp-json\/wp\/v2\/users\/3"}],"replies":[{"embeddable":true,"href":"https:\/\/ligue-golfgrandest.org\/index.php\/wp-json\/wp\/v2\/comments?post=53448"}],"version-history":[{"count":16,"href":"https:\/\/ligue-golfgrandest.org\/index.php\/wp-json\/wp\/v2\/pages\/53448\/revisions"}],"predecessor-version":[{"id":62565,"href":"https:\/\/ligue-golfgrandest.org\/index.php\/wp-json\/wp\/v2\/pages\/53448\/revisions\/62565"}],"up":[{"embeddable":true,"href":"https:\/\/ligue-golfgrandest.org\/index.php\/wp-json\/wp\/v2\/pages\/130"}],"wp:attachment":[{"href":"https:\/\/ligue-golfgrandest.org\/index.php\/wp-json\/wp\/v2\/media?parent=53448"}],"curies":[{"name":"wp","href":"https:\/\/api.w.org\/{rel}","templated":true}]}}