{"id":501,"date":"2017-02-13T13:37:14","date_gmt":"2017-02-13T12:37:14","guid":{"rendered":"http:\/\/ligue-golfgrandest.org\/?page_id=501"},"modified":"2024-02-23T08:46:36","modified_gmt":"2024-02-23T07:46:36","slug":"golf-du-fort","status":"publish","type":"page","link":"https:\/\/ligue-golfgrandest.org\/index.php\/clubs\/alsace\/golf-du-fort\/","title":{"rendered":"Golf du Fort"},"content":{"rendered":"\n<div class=\"wp-block-columns is-layout-flex wp-container-core-columns-is-layout-9d6595d7 wp-block-columns-is-layout-flex\">\n<div class=\"wp-block-column is-layout-flow wp-block-column-is-layout-flow\"><div class=\"wp-block-image\">\n<figure class=\"aligncenter\"><a href=\"http:\/\/ligue-golfgrandest.org\/wp-content\/uploads\/2018\/05\/GOLF-DU-FORT.jpg\"><img loading=\"lazy\" decoding=\"async\" width=\"150\" height=\"199\" src=\"http:\/\/ligue-golfgrandest.org\/wp-content\/uploads\/2018\/05\/GOLF-DU-FORT.jpg\" alt=\"\" class=\"wp-image-10977\"\/><\/a><\/figure><\/div><\/div>\n\n\n\n<div class=\"wp-block-column is-layout-flow wp-block-column-is-layout-flow\">\n<h3 class=\"wp-block-heading\" id=\"asso-sportive\">Asso. Sportive<\/h3>\n\n\n\n<p>Route du Fort Uhrich 302<br>67400 ILLKIRCH-GRAFFENSTADEN<br>Pr\u00e9sident AS : Pierre LESTRAT<br><a href=\"mailto:p.lestrat@golfdufort.com\">p.lestrat@golfdufort.com<\/a><br><br>Facebook : <a href=\"https:\/\/www.facebook.com\/GolfduFort\">Golf du Fort<\/a><\/p>\n\n\n\n<p>D\u00e9parts comp\u00e9titions<br><a href=\"https:\/\/pages.ffgolf.org\/resultats\/liste-competitions\/ac1fb12a1266cc0e4cbda9cc0ed203cd\">R\u00e9sultats comp\u00e9titions<\/a><\/p>\n<\/div>\n\n\n\n<div class=\"wp-block-column is-layout-flow wp-block-column-is-layout-flow\">\n<h3 class=\"wp-block-heading\" id=\"le-club\">Le Club<\/h3>\n\n\n\n<p>1 parcours 9 Trous<br>1 practice couvert<br>Directrice : Nathalie LESTRAT<br><a href=\"mailto:information@golfdufort.com\">information@golfdufort.com<\/a><br><a rel=\"noreferrer noopener\" href=\"http:\/\/www.golfdufort.com\" target=\"_blank\">www.golfdufort.com<\/a><br>Facebook : <a href=\"https:\/\/www.facebook.com\/GolfduFort\/\">Golf du Fort<\/a><br>03 90 40 06 70<\/p>\n<\/div>\n<\/div>\n\n\n\n<figure class=\"wp-block-gallery has-nested-images columns-4 is-cropped wp-block-gallery-1 is-layout-flex wp-block-gallery-is-layout-flex\">\n<figure class=\"wp-block-image size-large\"><a href=\"https:\/\/ligue-golfgrandest.org\/wp-content\/uploads\/2020\/11\/fort.jpeg\"><img loading=\"lazy\" decoding=\"async\" width=\"350\" height=\"263\" data-id=\"30118\" src=\"https:\/\/ligue-golfgrandest.org\/wp-content\/uploads\/2020\/11\/fort.jpeg\" alt=\"\" class=\"wp-image-30118\"\/><\/a><\/figure>\n\n\n\n<figure class=\"wp-block-image size-large\"><a href=\"https:\/\/ligue-golfgrandest.org\/wp-content\/uploads\/2020\/11\/fort..jpg\"><img loading=\"lazy\" decoding=\"async\" width=\"350\" height=\"263\" data-id=\"30117\" src=\"https:\/\/ligue-golfgrandest.org\/wp-content\/uploads\/2020\/11\/fort..jpg\" alt=\"\" class=\"wp-image-30117\"\/><\/a><\/figure>\n\n\n\n<figure class=\"wp-block-image size-large\"><a href=\"https:\/\/ligue-golfgrandest.org\/wp-content\/uploads\/2020\/11\/fort...jpg\"><img loading=\"lazy\" decoding=\"async\" width=\"350\" height=\"263\" data-id=\"30116\" src=\"https:\/\/ligue-golfgrandest.org\/wp-content\/uploads\/2020\/11\/fort...jpg\" alt=\"\" class=\"wp-image-30116\"\/><\/a><\/figure>\n\n\n\n<figure class=\"wp-block-image size-large\"><a href=\"https:\/\/ligue-golfgrandest.org\/wp-content\/uploads\/2019\/06\/GSC-FORT-07-1024x682.jpg\"><img loading=\"lazy\" decoding=\"async\" width=\"1024\" height=\"682\" data-id=\"20539\" src=\"https:\/\/ligue-golfgrandest.org\/wp-content\/uploads\/2019\/06\/GSC-FORT-07-1024x682.jpg\" alt=\"\" class=\"wp-image-20539\" srcset=\"https:\/\/ligue-golfgrandest.org\/wp-content\/uploads\/2019\/06\/GSC-FORT-07-1024x682.jpg 1024w, https:\/\/ligue-golfgrandest.org\/wp-content\/uploads\/2019\/06\/GSC-FORT-07-300x200.jpg 300w, https:\/\/ligue-golfgrandest.org\/wp-content\/uploads\/2019\/06\/GSC-FORT-07-400x266.jpg 400w, https:\/\/ligue-golfgrandest.org\/wp-content\/uploads\/2019\/06\/GSC-FORT-07-768x512.jpg 768w, https:\/\/ligue-golfgrandest.org\/wp-content\/uploads\/2019\/06\/GSC-FORT-07-272x182.jpg 272w, https:\/\/ligue-golfgrandest.org\/wp-content\/uploads\/2019\/06\/GSC-FORT-07.jpg 2048w\" sizes=\"auto, (max-width: 1024px) 100vw, 1024px\" \/><\/a><\/figure>\n\n\n\n<figure class=\"wp-block-image size-large\"><a href=\"https:\/\/ligue-golfgrandest.org\/wp-content\/uploads\/2019\/06\/GSC-FORT-08-1024x682.jpg\"><img loading=\"lazy\" decoding=\"async\" width=\"1024\" height=\"682\" data-id=\"20540\" src=\"https:\/\/ligue-golfgrandest.org\/wp-content\/uploads\/2019\/06\/GSC-FORT-08-1024x682.jpg\" alt=\"\" class=\"wp-image-20540\" srcset=\"https:\/\/ligue-golfgrandest.org\/wp-content\/uploads\/2019\/06\/GSC-FORT-08-1024x682.jpg 1024w, https:\/\/ligue-golfgrandest.org\/wp-content\/uploads\/2019\/06\/GSC-FORT-08-300x200.jpg 300w, https:\/\/ligue-golfgrandest.org\/wp-content\/uploads\/2019\/06\/GSC-FORT-08-400x266.jpg 400w, https:\/\/ligue-golfgrandest.org\/wp-content\/uploads\/2019\/06\/GSC-FORT-08-768x512.jpg 768w, https:\/\/ligue-golfgrandest.org\/wp-content\/uploads\/2019\/06\/GSC-FORT-08-272x182.jpg 272w, https:\/\/ligue-golfgrandest.org\/wp-content\/uploads\/2019\/06\/GSC-FORT-08.jpg 2048w\" sizes=\"auto, (max-width: 1024px) 100vw, 1024px\" \/><\/a><\/figure>\n\n\n\n<figure class=\"wp-block-image size-large\"><a href=\"https:\/\/ligue-golfgrandest.org\/wp-content\/uploads\/2017\/02\/FORT-04-800.jpg\"><img loading=\"lazy\" decoding=\"async\" width=\"800\" height=\"600\" data-id=\"513\" src=\"https:\/\/ligue-golfgrandest.org\/wp-content\/uploads\/2017\/02\/FORT-04-800.jpg\" alt=\"\" class=\"wp-image-513\" srcset=\"https:\/\/ligue-golfgrandest.org\/wp-content\/uploads\/2017\/02\/FORT-04-800.jpg 800w, https:\/\/ligue-golfgrandest.org\/wp-content\/uploads\/2017\/02\/FORT-04-800-350x263.jpg 350w, https:\/\/ligue-golfgrandest.org\/wp-content\/uploads\/2017\/02\/FORT-04-800-768x576.jpg 768w\" sizes=\"auto, (max-width: 800px) 100vw, 800px\" \/><\/a><\/figure>\n\n\n\n<figure class=\"wp-block-image size-large\"><a href=\"https:\/\/ligue-golfgrandest.org\/wp-content\/uploads\/2017\/02\/FORT-01-800.jpg\"><img loading=\"lazy\" decoding=\"async\" width=\"800\" height=\"600\" data-id=\"512\" src=\"https:\/\/ligue-golfgrandest.org\/wp-content\/uploads\/2017\/02\/FORT-01-800.jpg\" alt=\"\" class=\"wp-image-512\" srcset=\"https:\/\/ligue-golfgrandest.org\/wp-content\/uploads\/2017\/02\/FORT-01-800.jpg 800w, https:\/\/ligue-golfgrandest.org\/wp-content\/uploads\/2017\/02\/FORT-01-800-350x263.jpg 350w, https:\/\/ligue-golfgrandest.org\/wp-content\/uploads\/2017\/02\/FORT-01-800-768x576.jpg 768w\" sizes=\"auto, (max-width: 800px) 100vw, 800px\" \/><\/a><\/figure>\n\n\n\n<figure class=\"wp-block-image size-large\"><a href=\"https:\/\/ligue-golfgrandest.org\/wp-content\/uploads\/2017\/02\/FORT-02-800.jpg\"><img loading=\"lazy\" decoding=\"async\" width=\"800\" height=\"600\" data-id=\"511\" src=\"https:\/\/ligue-golfgrandest.org\/wp-content\/uploads\/2017\/02\/FORT-02-800.jpg\" alt=\"\" class=\"wp-image-511\" srcset=\"https:\/\/ligue-golfgrandest.org\/wp-content\/uploads\/2017\/02\/FORT-02-800.jpg 800w, https:\/\/ligue-golfgrandest.org\/wp-content\/uploads\/2017\/02\/FORT-02-800-350x263.jpg 350w, https:\/\/ligue-golfgrandest.org\/wp-content\/uploads\/2017\/02\/FORT-02-800-768x576.jpg 768w\" sizes=\"auto, (max-width: 800px) 100vw, 800px\" \/><\/a><\/figure>\n<\/figure>\n\n\n\n<iframe src=\"https:\/\/www.google.com\/maps\/embed?pb=!1m18!1m12!1m3!1d16071.073215684582!2d7.7149364928445925!3d48.512260324162405!2m3!1f0!2f0!3f0!3m2!1i1024!2i768!4f13.1!3m3!1m2!1s0x4796ca5d34132735%3A0xbb12fe46481eb0e7!2sGolf%20du%20Fort!5e0!3m2!1sfr!2sfr!4v1642597948038!5m2!1sfr!2sfr\" width=\"100%\" height=\"450\" style=\"border:0;\" allowfullscreen=\"\" loading=\"lazy\"><\/iframe>\n","protected":false},"excerpt":{"rendered":"<p>Asso. Sportive Route du Fort Uhrich 30267400 ILLKIRCH-GRAFFENSTADENPr\u00e9sident AS : Pierre LESTRATp.lestrat@golfdufort.com Facebook : Golf du Fort D\u00e9parts comp\u00e9titionsR\u00e9sultats comp\u00e9titions Le Club 1 parcours 9 Trous1 practice couvertDirectrice : Nathalie LESTRATinformation@golfdufort.comwww.golfdufort.comFacebook : Golf du Fort03 90 40 06 70<\/p>\n","protected":false},"author":3,"featured_media":0,"parent":135,"menu_order":3,"comment_status":"closed","ping_status":"closed","template":"page-templates\/page-full-width.php","meta":{"footnotes":""},"class_list":["post-501","page","type-page","status-publish","hentry"],"_links":{"self":[{"href":"https:\/\/ligue-golfgrandest.org\/index.php\/wp-json\/wp\/v2\/pages\/501","targetHints":{"allow":["GET"]}}],"collection":[{"href":"https:\/\/ligue-golfgrandest.org\/index.php\/wp-json\/wp\/v2\/pages"}],"about":[{"href":"https:\/\/ligue-golfgrandest.org\/index.php\/wp-json\/wp\/v2\/types\/page"}],"author":[{"embeddable":true,"href":"https:\/\/ligue-golfgrandest.org\/index.php\/wp-json\/wp\/v2\/users\/3"}],"replies":[{"embeddable":true,"href":"https:\/\/ligue-golfgrandest.org\/index.php\/wp-json\/wp\/v2\/comments?post=501"}],"version-history":[{"count":0,"href":"https:\/\/ligue-golfgrandest.org\/index.php\/wp-json\/wp\/v2\/pages\/501\/revisions"}],"up":[{"embeddable":true,"href":"https:\/\/ligue-golfgrandest.org\/index.php\/wp-json\/wp\/v2\/pages\/135"}],"wp:attachment":[{"href":"https:\/\/ligue-golfgrandest.org\/index.php\/wp-json\/wp\/v2\/media?parent=501"}],"curies":[{"name":"wp","href":"https:\/\/api.w.org\/{rel}","templated":true}]}}