{"id":482,"date":"2017-02-13T13:00:14","date_gmt":"2017-02-13T12:00:14","guid":{"rendered":"http:\/\/ligue-golfgrandest.org\/?page_id=482"},"modified":"2026-03-30T08:53:42","modified_gmt":"2026-03-30T06:53:42","slug":"golf-de-la-wantzenau","status":"publish","type":"page","link":"https:\/\/ligue-golfgrandest.org\/index.php\/clubs\/alsace\/golf-de-la-wantzenau\/","title":{"rendered":"Golf de La Wantzenau"},"content":{"rendered":"\n<div class=\"wp-block-columns is-layout-flex wp-container-core-columns-is-layout-9d6595d7 wp-block-columns-is-layout-flex\">\n<div class=\"wp-block-column is-layout-flow wp-block-column-is-layout-flow\"><div class=\"wp-block-image\">\n<figure class=\"alignleft\"><img loading=\"lazy\" decoding=\"async\" width=\"250\" height=\"160\" src=\"http:\/\/ligue-golfgrandest.org\/wp-content\/uploads\/2017\/02\/CLUB-LOGO-LA-WANTZ-3.jpg\" alt=\"\" class=\"wp-image-474\"\/><\/figure><\/div><\/div>\n\n\n\n<div class=\"wp-block-column is-layout-flow wp-block-column-is-layout-flow\">\n<h3 class=\"wp-block-heading\" id=\"asso-sportive\">Asso. Sportive<\/h3>\n\n\n\n<p>Route du Golf M302<br>67610 LA WANTZENAU<br>Pr\u00e9sidente AS : Agn\u00e8s VIDOT<br><a href=\"mailto:assoc.sportive@orange.fr\" target=\"_blank\" rel=\"noreferrer noopener\">assoc.sportive@orange.fr<\/a><br>03 88 96 35 45<\/p>\n\n\n\n<p><a href=\"https:\/\/golf-wantzenau.fr\/fr\/departs-des-competitions\" target=\"_blank\" rel=\"noreferrer noopener\">D\u00e9parts comp\u00e9titions<\/a><br><a href=\"https:\/\/golf-wantzenau.fr\/fr\/resultats-des-competitions\">R\u00e9sultats comp\u00e9titions<\/a><\/p>\n<\/div>\n\n\n\n<div class=\"wp-block-column is-layout-flow wp-block-column-is-layout-flow\">\n<h3 class=\"wp-block-heading\" id=\"le-club\">Le club<\/h3>\n\n\n\n<p>1 parcours 18 Trous<br>1 parcours 12 Trous<br>1 practice couvert<br>1 restaurant<br>Directeur : Laurent TRESCARTE<br><a href=\"mailto:accueil@golf-wantzenau.fr\">accueil@golf-wantzenau.fr<\/a><br><a href=\"http:\/\/www.golf-wantzenau.fr\" target=\"_blank\" rel=\"noreferrer noopener\">www.golf-wantzenau.fr<\/a><br>Facebook : <a href=\"https:\/\/www.facebook.com\/GolfDeLaWantzenau\/\">Golf de La Wantzenau<\/a><br>03 88 96 37 73<\/p>\n<\/div>\n<\/div>\n\n\n\n<figure class=\"wp-block-gallery has-nested-images columns-4 is-cropped wp-block-gallery-1 is-layout-flex wp-block-gallery-is-layout-flex\">\n<figure class=\"wp-block-image size-full\"><a href=\"https:\/\/ligue-golfgrandest.org\/wp-content\/uploads\/2017\/02\/LA-WANTZ-02-800.jpg\"><img loading=\"lazy\" decoding=\"async\" width=\"800\" height=\"600\" data-id=\"491\" src=\"https:\/\/ligue-golfgrandest.org\/wp-content\/uploads\/2017\/02\/LA-WANTZ-02-800.jpg\" alt=\"\" class=\"wp-image-491\" srcset=\"https:\/\/ligue-golfgrandest.org\/wp-content\/uploads\/2017\/02\/LA-WANTZ-02-800.jpg 800w, https:\/\/ligue-golfgrandest.org\/wp-content\/uploads\/2017\/02\/LA-WANTZ-02-800-350x263.jpg 350w, https:\/\/ligue-golfgrandest.org\/wp-content\/uploads\/2017\/02\/LA-WANTZ-02-800-768x576.jpg 768w\" sizes=\"auto, (max-width: 800px) 100vw, 800px\" \/><\/a><\/figure>\n\n\n\n<figure class=\"wp-block-image size-full\"><a href=\"https:\/\/ligue-golfgrandest.org\/wp-content\/uploads\/2017\/02\/LA-WANTZ-07-800.jpg\"><img loading=\"lazy\" decoding=\"async\" width=\"800\" height=\"600\" data-id=\"489\" src=\"https:\/\/ligue-golfgrandest.org\/wp-content\/uploads\/2017\/02\/LA-WANTZ-07-800.jpg\" alt=\"\" class=\"wp-image-489\" srcset=\"https:\/\/ligue-golfgrandest.org\/wp-content\/uploads\/2017\/02\/LA-WANTZ-07-800.jpg 800w, https:\/\/ligue-golfgrandest.org\/wp-content\/uploads\/2017\/02\/LA-WANTZ-07-800-350x263.jpg 350w, https:\/\/ligue-golfgrandest.org\/wp-content\/uploads\/2017\/02\/LA-WANTZ-07-800-768x576.jpg 768w\" sizes=\"auto, (max-width: 800px) 100vw, 800px\" \/><\/a><\/figure>\n\n\n\n<figure class=\"wp-block-image size-full\"><a href=\"https:\/\/ligue-golfgrandest.org\/wp-content\/uploads\/2018\/05\/rfge-02.jpg\"><img loading=\"lazy\" decoding=\"async\" width=\"1600\" height=\"1067\" data-id=\"11006\" src=\"https:\/\/ligue-golfgrandest.org\/wp-content\/uploads\/2018\/05\/rfge-02.jpg\" alt=\"\" class=\"wp-image-11006\" srcset=\"https:\/\/ligue-golfgrandest.org\/wp-content\/uploads\/2018\/05\/rfge-02.jpg 1600w, https:\/\/ligue-golfgrandest.org\/wp-content\/uploads\/2018\/05\/rfge-02-300x200.jpg 300w, https:\/\/ligue-golfgrandest.org\/wp-content\/uploads\/2018\/05\/rfge-02-400x267.jpg 400w, https:\/\/ligue-golfgrandest.org\/wp-content\/uploads\/2018\/05\/rfge-02-768x512.jpg 768w, https:\/\/ligue-golfgrandest.org\/wp-content\/uploads\/2018\/05\/rfge-02-1024x683.jpg 1024w\" sizes=\"auto, (max-width: 1600px) 100vw, 1600px\" \/><\/a><\/figure>\n\n\n\n<figure class=\"wp-block-image size-full\"><a href=\"https:\/\/ligue-golfgrandest.org\/wp-content\/uploads\/2018\/05\/rfge-01.jpg\"><img loading=\"lazy\" decoding=\"async\" width=\"1600\" height=\"1067\" data-id=\"11005\" src=\"https:\/\/ligue-golfgrandest.org\/wp-content\/uploads\/2018\/05\/rfge-01.jpg\" alt=\"\" class=\"wp-image-11005\" srcset=\"https:\/\/ligue-golfgrandest.org\/wp-content\/uploads\/2018\/05\/rfge-01.jpg 1600w, https:\/\/ligue-golfgrandest.org\/wp-content\/uploads\/2018\/05\/rfge-01-300x200.jpg 300w, https:\/\/ligue-golfgrandest.org\/wp-content\/uploads\/2018\/05\/rfge-01-400x267.jpg 400w, https:\/\/ligue-golfgrandest.org\/wp-content\/uploads\/2018\/05\/rfge-01-768x512.jpg 768w, https:\/\/ligue-golfgrandest.org\/wp-content\/uploads\/2018\/05\/rfge-01-1024x683.jpg 1024w\" sizes=\"auto, (max-width: 1600px) 100vw, 1600px\" \/><\/a><\/figure>\n<\/figure>\n\n\n\n<iframe src=\"https:\/\/www.google.com\/maps\/embed?pb=!1m18!1m12!1m3!1d19186.74736156776!2d7.789058775374448!3d48.67939347479009!2m3!1f0!2f0!3f0!3m2!1i1024!2i768!4f13.1!3m3!1m2!1s0x4796c6eb03911685%3A0xbba025c09dfae41d!2sGolf%20de%20La%20Wantzenau!5e0!3m2!1sfr!2sfr!4v1642597660977!5m2!1sfr!2sfr\" width=\"100%\" height=\"450\" style=\"border:0;\" allowfullscreen=\"\" loading=\"lazy\"><\/iframe>\n","protected":false},"excerpt":{"rendered":"<p>Asso. Sportive Route du Golf M30267610 LA WANTZENAUPr\u00e9sidente AS : Agn\u00e8s VIDOTassoc.sportive@orange.fr03 88 96 35 45 D\u00e9parts comp\u00e9titionsR\u00e9sultats comp\u00e9titions Le club 1 parcours 18 Trous1 parcours 12 Trous1 practice couvert1 restaurantDirecteur : Laurent TRESCARTEaccueil@golf-wantzenau.frwww.golf-wantzenau.frFacebook : Golf de La Wantzenau03 88 96 37 73<\/p>\n","protected":false},"author":3,"featured_media":0,"parent":135,"menu_order":2,"comment_status":"closed","ping_status":"closed","template":"page-templates\/page-full-width.php","meta":{"footnotes":""},"class_list":["post-482","page","type-page","status-publish","hentry"],"_links":{"self":[{"href":"https:\/\/ligue-golfgrandest.org\/index.php\/wp-json\/wp\/v2\/pages\/482","targetHints":{"allow":["GET"]}}],"collection":[{"href":"https:\/\/ligue-golfgrandest.org\/index.php\/wp-json\/wp\/v2\/pages"}],"about":[{"href":"https:\/\/ligue-golfgrandest.org\/index.php\/wp-json\/wp\/v2\/types\/page"}],"author":[{"embeddable":true,"href":"https:\/\/ligue-golfgrandest.org\/index.php\/wp-json\/wp\/v2\/users\/3"}],"replies":[{"embeddable":true,"href":"https:\/\/ligue-golfgrandest.org\/index.php\/wp-json\/wp\/v2\/comments?post=482"}],"version-history":[{"count":1,"href":"https:\/\/ligue-golfgrandest.org\/index.php\/wp-json\/wp\/v2\/pages\/482\/revisions"}],"predecessor-version":[{"id":62136,"href":"https:\/\/ligue-golfgrandest.org\/index.php\/wp-json\/wp\/v2\/pages\/482\/revisions\/62136"}],"up":[{"embeddable":true,"href":"https:\/\/ligue-golfgrandest.org\/index.php\/wp-json\/wp\/v2\/pages\/135"}],"wp:attachment":[{"href":"https:\/\/ligue-golfgrandest.org\/index.php\/wp-json\/wp\/v2\/media?parent=482"}],"curies":[{"name":"wp","href":"https:\/\/api.w.org\/{rel}","templated":true}]}}