{"id":454,"date":"2017-02-12T15:07:57","date_gmt":"2017-02-12T14:07:57","guid":{"rendered":"http:\/\/ligue-golfgrandest.org\/?page_id=454"},"modified":"2023-08-31T16:50:51","modified_gmt":"2023-08-31T14:50:51","slug":"golf-de-soufflenheim-baden-baden","status":"publish","type":"page","link":"https:\/\/ligue-golfgrandest.org\/index.php\/clubs\/alsace\/golf-de-soufflenheim-baden-baden\/","title":{"rendered":"Golf Club de Soufflenheim Baden Baden"},"content":{"rendered":"\n<div class=\"wp-block-columns is-layout-flex wp-container-core-columns-is-layout-9d6595d7 wp-block-columns-is-layout-flex\">\n<div class=\"wp-block-column is-layout-flow wp-block-column-is-layout-flow\"><div class=\"wp-block-image\">\n<figure class=\"alignleft\"><a href=\"http:\/\/ligue-golfgrandest.org\/wp-content\/uploads\/2019\/05\/01-soufflenheim.jpg\"><img loading=\"lazy\" decoding=\"async\" width=\"250\" height=\"160\" src=\"http:\/\/ligue-golfgrandest.org\/wp-content\/uploads\/2019\/05\/01-soufflenheim.jpg\" alt=\"\" class=\"wp-image-19633\"\/><\/a><\/figure><\/div><\/div>\n\n\n\n<div class=\"wp-block-column is-layout-flow wp-block-column-is-layout-flow\">\n<h3 class=\"wp-block-heading\">Asso. Sportive<\/h3>\n\n\n\n<p>All\u00e9e du Golf<br>67620 SOUFFLENHEIM<br>Pr\u00e9sident AS : Michel METZGER<br><a href=\"mailto:president@golf-asso.com\">president@golf-asso.com<\/a><br><a href=\"https:\/\/golf-asso.com\/\">www.asso-golf.com<\/a><br>Facebook : <a href=\"https:\/\/www.facebook.com\/Association-Sportive-Golf-Soufflenheim-1970302383058939\/\">Association Sportive Golf Soufflenheim<\/a><\/p>\n\n\n\n<p><a href=\"https:\/\/pages.ffgolf.org\/departs\/golf\/3ce86eca8f91dce72c2aae336191e82d\" data-type=\"link\" data-id=\"https:\/\/pages.ffgolf.org\/departs\/golf\/3ce86eca8f91dce72c2aae336191e82d\">D\u00e9parts comp\u00e9titions<\/a><br><a href=\"https:\/\/pages.ffgolf.org\/resultats\/liste-competitions\/3ce86eca8f91dce72c2aae336191e82d\" data-type=\"link\" data-id=\"https:\/\/pages.ffgolf.org\/resultats\/liste-competitions\/3ce86eca8f91dce72c2aae336191e82d\">R\u00e9sultats comp\u00e9titions<\/a><\/p>\n<\/div>\n\n\n\n<div class=\"wp-block-column is-layout-flow wp-block-column-is-layout-flow\">\n<h3 class=\"wp-block-heading\">Le club<\/h3>\n\n\n\n<p>1 parcours 18 Trous<br>1 parcours 9 Trous<br>1 parcours Ecole&nbsp;6 Trous<br>1 practice couvert<br>1 pro-shop<br>1 restaurant<br>Directeur : Fr\u00e9d\u00e9ric SCHOTT<br><a href=\"mailto:info@golfclub-soufflenheim.com\" target=\"_blank\" rel=\"noreferrer noopener\">info@golfclub-soufflenheim.com<\/a><br><a href=\"http:\/\/www.golfclub-soufflenheim.com\" target=\"_blank\" rel=\"noreferrer noopener\">www.golfclub-soufflenheim.com<\/a><br>Facebook : <a href=\"https:\/\/www.facebook.com\/GolfInternationalSouffenheimBadenBaden\/\">Golf International Soufflenheim Baden-Baden<\/a><br>03 88 05 77 00<\/p>\n<\/div>\n<\/div>\n\n\n\n<figure class=\"wp-block-gallery has-nested-images columns-default is-cropped wp-block-gallery-1 is-layout-flex wp-block-gallery-is-layout-flex\">\n<figure class=\"wp-block-image size-large\"><a href=\"https:\/\/ligue-golfgrandest.org\/wp-content\/uploads\/2017\/02\/SOUFFLENHEIM-03-800.jpg\"><img loading=\"lazy\" decoding=\"async\" width=\"800\" height=\"600\" data-id=\"469\" src=\"https:\/\/ligue-golfgrandest.org\/wp-content\/uploads\/2017\/02\/SOUFFLENHEIM-03-800.jpg\" alt=\"\" class=\"wp-image-469\" srcset=\"https:\/\/ligue-golfgrandest.org\/wp-content\/uploads\/2017\/02\/SOUFFLENHEIM-03-800.jpg 800w, https:\/\/ligue-golfgrandest.org\/wp-content\/uploads\/2017\/02\/SOUFFLENHEIM-03-800-350x263.jpg 350w, https:\/\/ligue-golfgrandest.org\/wp-content\/uploads\/2017\/02\/SOUFFLENHEIM-03-800-768x576.jpg 768w\" sizes=\"auto, (max-width: 800px) 100vw, 800px\" \/><\/a><\/figure>\n\n\n\n<figure class=\"wp-block-image size-large\"><a href=\"https:\/\/ligue-golfgrandest.org\/wp-content\/uploads\/2017\/02\/SOUFFLENHEIM-06-800.jpg\"><img loading=\"lazy\" decoding=\"async\" width=\"800\" height=\"600\" data-id=\"468\" src=\"https:\/\/ligue-golfgrandest.org\/wp-content\/uploads\/2017\/02\/SOUFFLENHEIM-06-800.jpg\" alt=\"\" class=\"wp-image-468\" srcset=\"https:\/\/ligue-golfgrandest.org\/wp-content\/uploads\/2017\/02\/SOUFFLENHEIM-06-800.jpg 800w, https:\/\/ligue-golfgrandest.org\/wp-content\/uploads\/2017\/02\/SOUFFLENHEIM-06-800-350x263.jpg 350w, https:\/\/ligue-golfgrandest.org\/wp-content\/uploads\/2017\/02\/SOUFFLENHEIM-06-800-768x576.jpg 768w\" sizes=\"auto, (max-width: 800px) 100vw, 800px\" \/><\/a><\/figure>\n\n\n\n<figure class=\"wp-block-image size-large\"><a href=\"https:\/\/ligue-golfgrandest.org\/wp-content\/uploads\/2017\/02\/SOUFFLENHEIM-07-800.jpg\"><img loading=\"lazy\" decoding=\"async\" width=\"800\" height=\"600\" data-id=\"467\" src=\"https:\/\/ligue-golfgrandest.org\/wp-content\/uploads\/2017\/02\/SOUFFLENHEIM-07-800.jpg\" alt=\"\" class=\"wp-image-467\" srcset=\"https:\/\/ligue-golfgrandest.org\/wp-content\/uploads\/2017\/02\/SOUFFLENHEIM-07-800.jpg 800w, https:\/\/ligue-golfgrandest.org\/wp-content\/uploads\/2017\/02\/SOUFFLENHEIM-07-800-350x263.jpg 350w, https:\/\/ligue-golfgrandest.org\/wp-content\/uploads\/2017\/02\/SOUFFLENHEIM-07-800-768x576.jpg 768w\" sizes=\"auto, (max-width: 800px) 100vw, 800px\" \/><\/a><\/figure>\n<\/figure>\n\n\n\n<iframe src=\"https:\/\/www.google.com\/maps\/embed?pb=!1m18!1m12!1m3!1d22922.6290982626!2d7.933166797582285!3d48.81017413435866!2m3!1f0!2f0!3f0!3m2!1i1024!2i768!4f13.1!3m3!1m2!1s0x4796e8f52c304861%3A0xdf8783eff88154e4!2sGolfclub%20Soufflenheim%20Baden-Baden!5e0!3m2!1sfr!2sfr!4v1642597483659!5m2!1sfr!2sfr\" width=\"100%\" height=\"450\" style=\"border:0;\" allowfullscreen=\"\" loading=\"lazy\"><\/iframe>\n","protected":false},"excerpt":{"rendered":"<p>Asso. Sportive All\u00e9e du Golf67620 SOUFFLENHEIMPr\u00e9sident AS : Michel METZGERpresident@golf-asso.comwww.asso-golf.comFacebook : Association Sportive Golf Soufflenheim D\u00e9parts comp\u00e9titionsR\u00e9sultats comp\u00e9titions Le club 1 parcours 18 Trous1 parcours 9 Trous1 parcours Ecole&nbsp;6 Trous1 practice couvert1 pro-shop1 restaurantDirecteur : Fr\u00e9d\u00e9ric SCHOTTinfo@golfclub-soufflenheim.comwww.golfclub-soufflenheim.comFacebook : Golf International Soufflenheim Baden-Baden03 88 05 77 00<\/p>\n","protected":false},"author":3,"featured_media":0,"parent":135,"menu_order":1,"comment_status":"closed","ping_status":"closed","template":"page-templates\/page-full-width.php","meta":{"footnotes":""},"class_list":["post-454","page","type-page","status-publish","hentry"],"_links":{"self":[{"href":"https:\/\/ligue-golfgrandest.org\/index.php\/wp-json\/wp\/v2\/pages\/454","targetHints":{"allow":["GET"]}}],"collection":[{"href":"https:\/\/ligue-golfgrandest.org\/index.php\/wp-json\/wp\/v2\/pages"}],"about":[{"href":"https:\/\/ligue-golfgrandest.org\/index.php\/wp-json\/wp\/v2\/types\/page"}],"author":[{"embeddable":true,"href":"https:\/\/ligue-golfgrandest.org\/index.php\/wp-json\/wp\/v2\/users\/3"}],"replies":[{"embeddable":true,"href":"https:\/\/ligue-golfgrandest.org\/index.php\/wp-json\/wp\/v2\/comments?post=454"}],"version-history":[{"count":0,"href":"https:\/\/ligue-golfgrandest.org\/index.php\/wp-json\/wp\/v2\/pages\/454\/revisions"}],"up":[{"embeddable":true,"href":"https:\/\/ligue-golfgrandest.org\/index.php\/wp-json\/wp\/v2\/pages\/135"}],"wp:attachment":[{"href":"https:\/\/ligue-golfgrandest.org\/index.php\/wp-json\/wp\/v2\/media?parent=454"}],"curies":[{"name":"wp","href":"https:\/\/api.w.org\/{rel}","templated":true}]}}