{"id":37511,"date":"2022-01-20T11:35:19","date_gmt":"2022-01-20T10:35:19","guid":{"rendered":"https:\/\/ligue-golfgrandest.org\/?page_id=37511"},"modified":"2026-04-13T15:46:42","modified_gmt":"2026-04-13T13:46:42","slug":"messieurs-seniors2-3-ligue","status":"publish","type":"page","link":"https:\/\/ligue-golfgrandest.org\/index.php\/competitions\/messieurs-seniors2-3-ligue\/","title":{"rendered":"MESSIEURS SENIORS 2-3 | COMPETITION DE LIGUE"},"content":{"rendered":"\n<p>Messieurs seniors 2 : Joueurs de plus de 60 ans la veille de l&rsquo;\u00e9preuve \u00e0 69 ans.<\/p>\n\n\n\n<p>Messieurs seniors 3 : Joueur de 70 ans et plus la veille de l&rsquo;\u00e9preuve.<\/p>\n\n\n\n<hr class=\"wp-block-separator has-alpha-channel-opacity\"\/>\n\n\n\n<div class=\"wp-block-columns is-layout-flex wp-container-core-columns-is-layout-9d6595d7 wp-block-columns-is-layout-flex\">\n<div class=\"wp-block-column is-layout-flow wp-block-column-is-layout-flow\" style=\"flex-basis:33.33%\">\n<figure class=\"wp-block-image size-full wp-duotone-unset-1\"><a href=\"https:\/\/ligue-golfgrandest.org\/wp-content\/uploads\/2026\/01\/CIRCUIT-DES-GRANDS-PRIX.jpg\"><img loading=\"lazy\" decoding=\"async\" width=\"1810\" height=\"2560\" src=\"https:\/\/ligue-golfgrandest.org\/wp-content\/uploads\/2026\/01\/CIRCUIT-DES-GRANDS-PRIX.jpg\" alt=\"\" class=\"wp-image-61279\" srcset=\"https:\/\/ligue-golfgrandest.org\/wp-content\/uploads\/2026\/01\/CIRCUIT-DES-GRANDS-PRIX.jpg 1810w, https:\/\/ligue-golfgrandest.org\/wp-content\/uploads\/2026\/01\/CIRCUIT-DES-GRANDS-PRIX-212x300.jpg 212w, https:\/\/ligue-golfgrandest.org\/wp-content\/uploads\/2026\/01\/CIRCUIT-DES-GRANDS-PRIX-848x1200.jpg 848w, https:\/\/ligue-golfgrandest.org\/wp-content\/uploads\/2026\/01\/CIRCUIT-DES-GRANDS-PRIX-768x1086.jpg 768w, https:\/\/ligue-golfgrandest.org\/wp-content\/uploads\/2026\/01\/CIRCUIT-DES-GRANDS-PRIX-1086x1536.jpg 1086w, https:\/\/ligue-golfgrandest.org\/wp-content\/uploads\/2026\/01\/CIRCUIT-DES-GRANDS-PRIX-1448x2048.jpg 1448w\" sizes=\"auto, (max-width: 1810px) 100vw, 1810px\" \/><\/a><\/figure>\n<\/div>\n\n\n\n<div class=\"wp-block-column is-layout-flow wp-block-column-is-layout-flow\" style=\"flex-basis:66.66%\">\n<h2 class=\"wp-block-heading\">CHAMPIONNAT DE LIGUE INDIVIDUEL SENIORS \u00ab\u00a02\u00a0\u00bb MESSIEURS 2026<\/h2>\n\n\n\n<p><strong>Depuis 2024<\/strong> : les titres de champions de Ligue Messieurs et Dames, Mid-Amateurs Messieurs et Dames, Seniors Messieurs et Dames, sont attribu\u00e9s aux joueurs ayant rapport\u00e9 le plus de points sur les \u00e9preuves f\u00e9d\u00e9rales individuelles de leur cat\u00e9gorie sur la saison, \u00e0 savoir les Grands Prix, les Classic Mid-Amateurs et les Grands Prix Seniors de la Ligue<\/p>\n\n\n\n<p>Le r\u00e8glement complet du circuit des Grands Prix et Championnat Individuel est consultable <strong>ICI<\/strong><\/p>\n\n\n\n<p><a href=\"https:\/\/ligue-golfgrandest.org\/wp-content\/uploads\/2026\/01\/CIRCUIT-DES-GRANDS-PRIX.pdf\">Affiche Circuit des GP 2026<\/a> |<\/p>\n<\/div>\n<\/div>\n\n\n\n<hr class=\"wp-block-separator has-alpha-channel-opacity\"\/>\n\n\n\n<div class=\"wp-block-columns is-layout-flex wp-container-core-columns-is-layout-9d6595d7 wp-block-columns-is-layout-flex\">\n<div class=\"wp-block-column is-layout-flow wp-block-column-is-layout-flow\" style=\"flex-basis:66.66%\">\n<h2 class=\"wp-block-heading\">CHAMPIONNAT DE LIGUE PAR EQUIPE SENIORS \u00ab\u00a02\u00a0\u00bb MESSIEURS 2026<\/h2>\n\n\n\n<p>1\u00e8re et 2\u00e8me Division | 19 et 20 ao\u00fbt 2026 | Golf de la For\u00eat d&rsquo;Orient (10)<\/p>\n\n\n\n<p><mark style=\"background-color:rgba(0, 0, 0, 0)\" class=\"has-inline-color has-vivid-red-color\"><strong>Tableau officiel virtuel<\/strong> <strong>&lt;&lt; Padlet &gt;&gt;<\/strong><\/mark><\/p>\n\n\n\n<p class=\"has-medium-font-size\"><strong>PREMIERE DIVISION<\/strong> <\/p>\n\n\n\n<p class=\"has-black-color has-text-color\">Les \u00e9quipes de 1\u00e8re division |<\/p>\n\n\n\n<p><a href=\"https:\/\/ligue-golfgrandest.org\/wp-content\/uploads\/2026\/02\/Ch-de-Ligue-par-equipes-seniors-2-messieurs-1ere-div.pdf\">R\u00e8glement 1\u00e8re division<\/a> |<\/p>\n\n\n\n<p class=\"has-medium-font-size\"><strong>DEUXIEME DIVISION<\/strong><\/p>\n\n\n\n<p class=\"has-black-color has-text-color\">Les \u00e9quipes de 2e division |<\/p>\n\n\n\n<p><a href=\"https:\/\/ligue-golfgrandest.org\/wp-content\/uploads\/2026\/02\/Ch-de-Ligue-par-equipes-seniors-2-messieurs-2e-div.pdf\">R\u00e8glement 2e division<\/a> |<\/p>\n<\/div>\n<\/div>\n\n\n\n<hr class=\"wp-block-separator has-alpha-channel-opacity\"\/>\n\n\n\n<hr class=\"wp-block-separator has-alpha-channel-opacity\"\/>\n\n\n\n<h2 class=\"wp-block-heading has-cyan-bluish-gray-color has-text-color has-link-color wp-elements-3d71ce4fc076e922a0ee5fb99aee9831\">R\u00e9sultats 2025<\/h2>\n\n\n\n<p>CHAMPIONNAT DE LIGUE INDIVIDUEL SENIORS MESSIEURS | <a href=\"https:\/\/ligue-golfgrandest.org\/wp-content\/uploads\/2024\/11\/MESSIEURS_SENIORS_2024-GRAND-EST_-CIRCUITS-POINTS-au10_11.pdf\">\u00a0<a href=\"https:\/\/ligue-golfgrandest.org\/wp-content\/uploads\/2024\/07\/bareme-points-Seniors-M.png\">Bar\u00e8me des points Seniors Messieurs<\/a>\u00a0|\u00a0<a href=\"https:\/\/ligue-golfgrandest.org\/wp-content\/uploads\/2025\/10\/GP-2025-GRAND-EST_-CIRCUITS-POINTS_SENIORS_MESSIEURS.pdf\">Classement Seniors Messieurs FINAL<\/a><\/a><\/p>\n\n\n\n<p>CHAMPIONNAT DE LIGUE PAR EQUIPE SENIORS \u00ab\u00a02\u00a0\u00bb MESSIEURS | 1\u00e8re Division &#8211; <mark class=\"has-inline-color has-black-color\"><a href=\"https:\/\/ligue-golfgrandest.org\/wp-content\/uploads\/2025\/08\/LGE-2025-EQUIPES-SENIORS-2-GESTION-EXCEL-1RE-DIV-CLASSEMENT-SP.pdf\">Classement SP<\/a> | <a href=\"https:\/\/ligue-golfgrandest.org\/wp-content\/uploads\/2025\/08\/LGE-2025-EQUIPES-SENIORS-2-GESTION-EXCEL-1RE-DIV-SP-Detaille.pdf\">Scores d\u00e9taill\u00e9s<\/a> | <a href=\"https:\/\/ligue-golfgrandest.org\/wp-content\/uploads\/2025\/08\/LGE-2025-EQUIPES-SENIORS-2-GESTION-EXCEL-1RE-DIV-TABLEAU-MP.pdf\">Tableau MP<\/a> | <a href=\"https:\/\/ligue-golfgrandest.org\/wp-content\/uploads\/2025\/08\/LGE-2025-EQUIPES-SENIORS-2-GESTION-EXCEL-1RE-DIV-Barrage-1.pdf\">Barrage 1 <\/a>| <a href=\"https:\/\/ligue-golfgrandest.org\/wp-content\/uploads\/2025\/08\/LGE-2025-EQUIPES-SENIORS-2-GESTION-EXCEL-1RE-DIV-Barrage-2.pdf\">Barrage 2<\/a> | <a href=\"https:\/\/ligue-golfgrandest.org\/wp-content\/uploads\/2025\/08\/LGE-2025-EQUIPES-SENIORS-2-GESTION-EXCEL-1RE-DIV-Barrage-3.pdf\">Barrage 3<\/a> | <a href=\"https:\/\/ligue-golfgrandest.org\/wp-content\/uploads\/2025\/08\/LGE-2025-EQUIPES-SENIORS-2-GESTION-EXCEL-1RE-DIV-Finale.pdf\">Finale<\/a> |<\/mark><br>2\u00e8me Division &#8211; <a href=\"https:\/\/ligue-golfgrandest.org\/wp-content\/uploads\/2025\/08\/LGE-2025-EQUIPES-SENIORS-2-GESTION-EXCEL-2E-DIV-CLASSEMENT.pdf\">Classement 2e div <\/a>| <a href=\"https:\/\/ligue-golfgrandest.org\/wp-content\/uploads\/2025\/08\/LGE-2025-EQUIPES-SENIORS-2-GESTION-EXCEL-2E-DIV-SCORES-DETAILLES.pdf\">Scores d\u00e9taill\u00e9s<\/a> |<\/p>\n\n\n\n<hr class=\"wp-block-separator has-alpha-channel-opacity\"\/>\n\n\n\n<h2 class=\"wp-block-heading has-cyan-bluish-gray-color has-text-color has-link-color wp-elements-db5f94ab874e964708e78b5d6443c216\">R\u00e9sultats 2024<\/h2>\n\n\n\n<p>CHAMPIONNAT DE LIGUE INDIVIDUEL SENIORS MESSIEURS | <a href=\"https:\/\/ligue-golfgrandest.org\/wp-content\/uploads\/2024\/11\/MESSIEURS_SENIORS_2024-GRAND-EST_-CIRCUITS-POINTS-au10_11.pdf\">Classement Seniors Messieurs FINAL<\/a><\/p>\n\n\n\n<p>CHAMPIONNAT DE LIGUE PAR EQUIPE SENIORS \u00ab\u00a02\u00a0\u00bb MESSIEURS | 1\u00e8re Division &#8211; <mark class=\"has-inline-color has-black-color\"><a href=\"https:\/\/ligue-golfgrandest.org\/wp-content\/uploads\/2024\/08\/LGE-2024-EQUIPES-SENIORS-2-1RE-DIV-CLASSEMENT-SP.pdf\">classement SP<\/a> | <a href=\"https:\/\/ligue-golfgrandest.org\/wp-content\/uploads\/2024\/08\/LGE-2024-EQUIPES-SENIORS-2-1RE-DIV-SCORES-DETAILLES.pdf\">scores d\u00e9taill\u00e9s<\/a> | <a href=\"https:\/\/ligue-golfgrandest.org\/wp-content\/uploads\/2024\/08\/LGE-2024-EQUIPES-SENIORS-2-1RE-DIV-TABLEAU-MP.pdf\">tableau MP<\/a> | <a href=\"https:\/\/ligue-golfgrandest.org\/wp-content\/uploads\/2024\/08\/LGE-2024-EQUIPES-SENIORS-2-1RE-FINALE.pdf\">Finale <\/a>| <a href=\"https:\/\/ligue-golfgrandest.org\/wp-content\/uploads\/2024\/08\/LGE-2024-EQUIPES-SENIORS-2-1RE-DIV-BARRAGE-NCY-VTHpdf.pdf\">Barrage <\/a><\/mark><br>2\u00e8me Division &#8211;  <a href=\"https:\/\/ligue-golfgrandest.org\/wp-content\/uploads\/2024\/08\/LGE-2024-EQUIPES-SENIORS-2-2E-DIV-CLASSEMENT.pdf\">classement SP<\/a> | <a href=\"https:\/\/ligue-golfgrandest.org\/wp-content\/uploads\/2024\/08\/LGE-2024-EQUIPES-SENIORS-2-2E-DIV-SCORES-DETAILLES.pdf\">scores d\u00e9taill\u00e9s<\/a><\/p>\n","protected":false},"excerpt":{"rendered":"<p>Messieurs seniors 2 : Joueurs de plus de 60 ans la veille de l&rsquo;\u00e9preuve \u00e0 69 ans. Messieurs seniors 3 : Joueur de 70 ans et plus la veille de l&rsquo;\u00e9preuve. CHAMPIONNAT DE LIGUE INDIVIDUEL SENIORS \u00ab\u00a02\u00a0\u00bb MESSIEURS 2026 Depuis 2024 : les titres de champions de Ligue Messieurs et Dames, Mid-Amateurs Messieurs et Dames, [&hellip;]<\/p>\n","protected":false},"author":3,"featured_media":0,"parent":77,"menu_order":0,"comment_status":"closed","ping_status":"closed","template":"page-templates\/page-full-width.php","meta":{"footnotes":""},"class_list":["post-37511","page","type-page","status-publish","hentry"],"_links":{"self":[{"href":"https:\/\/ligue-golfgrandest.org\/index.php\/wp-json\/wp\/v2\/pages\/37511","targetHints":{"allow":["GET"]}}],"collection":[{"href":"https:\/\/ligue-golfgrandest.org\/index.php\/wp-json\/wp\/v2\/pages"}],"about":[{"href":"https:\/\/ligue-golfgrandest.org\/index.php\/wp-json\/wp\/v2\/types\/page"}],"author":[{"embeddable":true,"href":"https:\/\/ligue-golfgrandest.org\/index.php\/wp-json\/wp\/v2\/users\/3"}],"replies":[{"embeddable":true,"href":"https:\/\/ligue-golfgrandest.org\/index.php\/wp-json\/wp\/v2\/comments?post=37511"}],"version-history":[{"count":20,"href":"https:\/\/ligue-golfgrandest.org\/index.php\/wp-json\/wp\/v2\/pages\/37511\/revisions"}],"predecessor-version":[{"id":62315,"href":"https:\/\/ligue-golfgrandest.org\/index.php\/wp-json\/wp\/v2\/pages\/37511\/revisions\/62315"}],"up":[{"embeddable":true,"href":"https:\/\/ligue-golfgrandest.org\/index.php\/wp-json\/wp\/v2\/pages\/77"}],"wp:attachment":[{"href":"https:\/\/ligue-golfgrandest.org\/index.php\/wp-json\/wp\/v2\/media?parent=37511"}],"curies":[{"name":"wp","href":"https:\/\/api.w.org\/{rel}","templated":true}]}}