{"id":37208,"date":"2022-01-17T17:59:28","date_gmt":"2022-01-17T16:59:28","guid":{"rendered":"https:\/\/ligue-golfgrandest.org\/?page_id=37208"},"modified":"2026-04-13T15:14:50","modified_gmt":"2026-04-13T13:14:50","slug":"pros-de-ligue","status":"publish","type":"page","link":"https:\/\/ligue-golfgrandest.org\/index.php\/la-ligue\/pros-de-ligue\/","title":{"rendered":"E.T.R. PROS"},"content":{"rendered":"\n<p class=\"has-white-color has-text-color has-background has-medium-font-size\" style=\"background-color:#1e2244\"><strong>L&rsquo;\u00c9QUIPE TECHNIQUE R\u00c9GIONALE | E.T.R.<\/strong><\/p>\n\n\n\n<div class=\"wp-block-columns is-layout-flex wp-container-core-columns-is-layout-9d6595d7 wp-block-columns-is-layout-flex\">\n<div class=\"wp-block-column is-layout-flow wp-block-column-is-layout-flow\">\n<div class=\"wp-block-columns is-layout-flex wp-container-core-columns-is-layout-9d6595d7 wp-block-columns-is-layout-flex\">\n<div class=\"wp-block-column is-layout-flow wp-block-column-is-layout-flow\">\n<figure class=\"wp-block-image size-full\"><img loading=\"lazy\" decoding=\"async\" width=\"400\" height=\"600\" src=\"https:\/\/ligue-golfgrandest.org\/wp-content\/uploads\/2024\/12\/Nicolas-SUBRIN_600x400.jpg\" alt=\"\" class=\"wp-image-57454\" srcset=\"https:\/\/ligue-golfgrandest.org\/wp-content\/uploads\/2024\/12\/Nicolas-SUBRIN_600x400.jpg 400w, https:\/\/ligue-golfgrandest.org\/wp-content\/uploads\/2024\/12\/Nicolas-SUBRIN_600x400-200x300.jpg 200w\" sizes=\"auto, (max-width: 400px) 100vw, 400px\" \/><figcaption class=\"wp-element-caption\"><strong>Nicolas SUBRIN<\/strong><br>Responsable E.T.R. &#8211; Conseiller Technique F\u00e9d\u00e9ral<\/figcaption><\/figure>\n<\/div>\n\n\n\n<div class=\"wp-block-column is-layout-flow wp-block-column-is-layout-flow\">\n<figure class=\"wp-block-image size-full\"><img loading=\"lazy\" decoding=\"async\" width=\"400\" height=\"600\" src=\"https:\/\/ligue-golfgrandest.org\/wp-content\/uploads\/2023\/10\/2023_Nicolas-SONGY_600x400.jpg\" alt=\"\" class=\"wp-image-51472\" srcset=\"https:\/\/ligue-golfgrandest.org\/wp-content\/uploads\/2023\/10\/2023_Nicolas-SONGY_600x400.jpg 400w, https:\/\/ligue-golfgrandest.org\/wp-content\/uploads\/2023\/10\/2023_Nicolas-SONGY_600x400-200x300.jpg 200w\" sizes=\"auto, (max-width: 400px) 100vw, 400px\" \/><figcaption class=\"wp-element-caption\"><strong>Nicolas SONGY<\/strong><br>Adjoint CTR | Coach de Ligue U14 et U12<\/figcaption><\/figure>\n<\/div>\n<\/div>\n<\/div>\n\n\n\n<div class=\"wp-block-column is-layout-flow wp-block-column-is-layout-flow\">\n<div class=\"wp-block-columns is-layout-flex wp-container-core-columns-is-layout-9d6595d7 wp-block-columns-is-layout-flex\">\n<div class=\"wp-block-column is-layout-flow wp-block-column-is-layout-flow\">\n<figure class=\"wp-block-image size-full\"><img loading=\"lazy\" decoding=\"async\" width=\"401\" height=\"600\" src=\"https:\/\/ligue-golfgrandest.org\/wp-content\/uploads\/2024\/12\/Olivier-SABOURIN_2024_600x400.jpeg.jpg\" alt=\"\" class=\"wp-image-57446\" srcset=\"https:\/\/ligue-golfgrandest.org\/wp-content\/uploads\/2024\/12\/Olivier-SABOURIN_2024_600x400.jpeg.jpg 401w, https:\/\/ligue-golfgrandest.org\/wp-content\/uploads\/2024\/12\/Olivier-SABOURIN_2024_600x400.jpeg-201x300.jpg 201w\" sizes=\"auto, (max-width: 401px) 100vw, 401px\" \/><figcaption class=\"wp-element-caption\"><strong>Olivier SABOURIN<\/strong><br>Coach de Ligue U10 et U12<\/figcaption><\/figure>\n<\/div>\n\n\n\n<div class=\"wp-block-column is-layout-flow wp-block-column-is-layout-flow\">\n<figure class=\"wp-block-image size-full\"><img loading=\"lazy\" decoding=\"async\" width=\"400\" height=\"600\" src=\"https:\/\/ligue-golfgrandest.org\/wp-content\/uploads\/2024\/12\/Ariane-PROVOT_600x400.jpg\" alt=\"\" class=\"wp-image-57556\" srcset=\"https:\/\/ligue-golfgrandest.org\/wp-content\/uploads\/2024\/12\/Ariane-PROVOT_600x400.jpg 400w, https:\/\/ligue-golfgrandest.org\/wp-content\/uploads\/2024\/12\/Ariane-PROVOT_600x400-200x300.jpg 200w\" sizes=\"auto, (max-width: 400px) 100vw, 400px\" \/><figcaption class=\"wp-element-caption\"><strong>Ariane PROVOT<\/strong><br>Coach de Ligue U12<\/figcaption><\/figure>\n<\/div>\n<\/div>\n<\/div>\n\n\n\n<div class=\"wp-block-column is-layout-flow wp-block-column-is-layout-flow\">\n<div class=\"wp-block-columns is-layout-flex wp-container-core-columns-is-layout-9d6595d7 wp-block-columns-is-layout-flex\">\n<div class=\"wp-block-column is-layout-flow wp-block-column-is-layout-flow\">\n<figure class=\"wp-block-image size-full\"><img loading=\"lazy\" decoding=\"async\" width=\"401\" height=\"600\" src=\"https:\/\/ligue-golfgrandest.org\/wp-content\/uploads\/2025\/01\/2024_Lionel-WEBER_600x400.jpg\" alt=\"\" class=\"wp-image-57623\" srcset=\"https:\/\/ligue-golfgrandest.org\/wp-content\/uploads\/2025\/01\/2024_Lionel-WEBER_600x400.jpg 401w, https:\/\/ligue-golfgrandest.org\/wp-content\/uploads\/2025\/01\/2024_Lionel-WEBER_600x400-201x300.jpg 201w\" sizes=\"auto, (max-width: 401px) 100vw, 401px\" \/><figcaption class=\"wp-element-caption\"><strong>Lionel WEBER<\/strong><br>Coach de Ligue U12<\/figcaption><\/figure>\n<\/div>\n\n\n\n<div class=\"wp-block-column is-layout-flow wp-block-column-is-layout-flow\">\n<figure class=\"wp-block-image size-full\"><img loading=\"lazy\" decoding=\"async\" width=\"400\" height=\"600\" src=\"https:\/\/ligue-golfgrandest.org\/wp-content\/uploads\/2024\/12\/vide-600x400-1.png\" alt=\"\" class=\"wp-image-57449\" srcset=\"https:\/\/ligue-golfgrandest.org\/wp-content\/uploads\/2024\/12\/vide-600x400-1.png 400w, https:\/\/ligue-golfgrandest.org\/wp-content\/uploads\/2024\/12\/vide-600x400-1-200x300.png 200w\" sizes=\"auto, (max-width: 400px) 100vw, 400px\" \/><\/figure>\n<\/div>\n<\/div>\n<\/div>\n<\/div>\n\n\n\n<p class=\"has-white-color has-text-color has-background has-medium-font-size\" style=\"background-color:#1e2244\"><strong>CONF\u00c9RENCE 2025<\/strong><\/p>\n\n\n\n<p>Mardi 25 f\u00e9vrier 2025 | Maison R\u00e9gionale des Sports &#8211; Tomblaine<\/p>\n\n\n\n<p>Conf\u00e9rence r\u00e9serv\u00e9e aux Pros Enseignants des Clubs de la Ligue Grand Est <\/p>\n\n\n\n<p><a href=\"https:\/\/ligue-golfgrandest.org\/wp-content\/uploads\/2025\/02\/AFFICHE.pdf\">&gt;&gt; Programme de la journ\u00e9e &lt;&lt;<\/a><\/p>\n\n\n\n<p>21 pros enseignants \u00e9taient pr\u00e9sents lors de cette journ\u00e9e co-anim\u00e9e par Nicolas SUBRIN et Axel BETTAN <\/p>\n\n\n\n<figure class=\"wp-block-gallery has-nested-images columns-1 is-cropped wp-block-gallery-1 is-layout-flex wp-block-gallery-is-layout-flex\">\n<figure class=\"wp-block-image size-large\"><a href=\"https:\/\/ligue-golfgrandest.org\/wp-content\/uploads\/2025\/02\/IMG_9941.jpg\"><img loading=\"lazy\" decoding=\"async\" width=\"1600\" height=\"801\" data-id=\"57889\" src=\"https:\/\/ligue-golfgrandest.org\/wp-content\/uploads\/2025\/02\/IMG_9941.jpg\" alt=\"\" class=\"wp-image-57889\" srcset=\"https:\/\/ligue-golfgrandest.org\/wp-content\/uploads\/2025\/02\/IMG_9941.jpg 1600w, https:\/\/ligue-golfgrandest.org\/wp-content\/uploads\/2025\/02\/IMG_9941-530x265.jpg 530w, https:\/\/ligue-golfgrandest.org\/wp-content\/uploads\/2025\/02\/IMG_9941-768x384.jpg 768w, https:\/\/ligue-golfgrandest.org\/wp-content\/uploads\/2025\/02\/IMG_9941-1536x769.jpg 1536w\" sizes=\"auto, (max-width: 1600px) 100vw, 1600px\" \/><\/a><\/figure>\n<\/figure>\n\n\n\n<figure class=\"wp-block-image size-full\"><img loading=\"lazy\" decoding=\"async\" width=\"1810\" height=\"2560\" src=\"https:\/\/ligue-golfgrandest.org\/wp-content\/uploads\/2025\/02\/AFFICHE-scaled.jpg\" alt=\"\" class=\"wp-image-57890\" style=\"aspect-ratio:2\/3;object-fit:cover\" srcset=\"https:\/\/ligue-golfgrandest.org\/wp-content\/uploads\/2025\/02\/AFFICHE-scaled.jpg 1810w, https:\/\/ligue-golfgrandest.org\/wp-content\/uploads\/2025\/02\/AFFICHE-212x300.jpg 212w, https:\/\/ligue-golfgrandest.org\/wp-content\/uploads\/2025\/02\/AFFICHE-849x1200.jpg 849w, https:\/\/ligue-golfgrandest.org\/wp-content\/uploads\/2025\/02\/AFFICHE-768x1086.jpg 768w, https:\/\/ligue-golfgrandest.org\/wp-content\/uploads\/2025\/02\/AFFICHE-1086x1536.jpg 1086w, https:\/\/ligue-golfgrandest.org\/wp-content\/uploads\/2025\/02\/AFFICHE-1448x2048.jpg 1448w\" sizes=\"auto, (max-width: 1810px) 100vw, 1810px\" \/><\/figure>\n","protected":false},"excerpt":{"rendered":"<p>L&rsquo;\u00c9QUIPE TECHNIQUE R\u00c9GIONALE | E.T.R. CONF\u00c9RENCE 2025 Mardi 25 f\u00e9vrier 2025 | Maison R\u00e9gionale des Sports &#8211; Tomblaine Conf\u00e9rence r\u00e9serv\u00e9e aux Pros Enseignants des Clubs de la Ligue Grand Est &gt;&gt; Programme de la journ\u00e9e &lt;&lt; 21 pros enseignants \u00e9taient pr\u00e9sents lors de cette journ\u00e9e co-anim\u00e9e par Nicolas SUBRIN et Axel BETTAN<\/p>\n","protected":false},"author":3,"featured_media":0,"parent":150,"menu_order":0,"comment_status":"closed","ping_status":"closed","template":"page-templates\/page-full-width.php","meta":{"footnotes":""},"class_list":["post-37208","page","type-page","status-publish","hentry"],"_links":{"self":[{"href":"https:\/\/ligue-golfgrandest.org\/index.php\/wp-json\/wp\/v2\/pages\/37208","targetHints":{"allow":["GET"]}}],"collection":[{"href":"https:\/\/ligue-golfgrandest.org\/index.php\/wp-json\/wp\/v2\/pages"}],"about":[{"href":"https:\/\/ligue-golfgrandest.org\/index.php\/wp-json\/wp\/v2\/types\/page"}],"author":[{"embeddable":true,"href":"https:\/\/ligue-golfgrandest.org\/index.php\/wp-json\/wp\/v2\/users\/3"}],"replies":[{"embeddable":true,"href":"https:\/\/ligue-golfgrandest.org\/index.php\/wp-json\/wp\/v2\/comments?post=37208"}],"version-history":[{"count":1,"href":"https:\/\/ligue-golfgrandest.org\/index.php\/wp-json\/wp\/v2\/pages\/37208\/revisions"}],"predecessor-version":[{"id":62307,"href":"https:\/\/ligue-golfgrandest.org\/index.php\/wp-json\/wp\/v2\/pages\/37208\/revisions\/62307"}],"up":[{"embeddable":true,"href":"https:\/\/ligue-golfgrandest.org\/index.php\/wp-json\/wp\/v2\/pages\/150"}],"wp:attachment":[{"href":"https:\/\/ligue-golfgrandest.org\/index.php\/wp-json\/wp\/v2\/media?parent=37208"}],"curies":[{"name":"wp","href":"https:\/\/api.w.org\/{rel}","templated":true}]}}