{"id":30698,"date":"2021-01-25T12:44:23","date_gmt":"2021-01-25T11:44:23","guid":{"rendered":"https:\/\/ligue-golfgrandest.org\/?page_id=30698"},"modified":"2025-07-07T16:50:53","modified_gmt":"2025-07-07T14:50:53","slug":"golf-de-thionville","status":"publish","type":"page","link":"https:\/\/ligue-golfgrandest.org\/index.php\/clubs\/lorraine\/golf-de-thionville\/","title":{"rendered":"UGolf de Thionville"},"content":{"rendered":"\n<div class=\"wp-block-columns is-layout-flex wp-container-core-columns-is-layout-9d6595d7 wp-block-columns-is-layout-flex\">\n<div class=\"wp-block-column is-layout-flow wp-block-column-is-layout-flow\"><div class=\"wp-block-image\">\n<figure class=\"alignleft\"><a href=\"http:\/\/ligue-golfgrandest.org\/wp-content\/uploads\/2019\/05\/01-soufflenheim.jpg\"><img decoding=\"async\" src=\"https:\/\/ligue-golfgrandest.org\/wp-content\/uploads\/2021\/01\/THIONVILLE.jpg\" alt=\"\" class=\"wp-image-19633\"\/><\/a><\/figure><\/div><\/div>\n\n\n\n<div class=\"wp-block-column is-layout-flow wp-block-column-is-layout-flow\">\n<h3 class=\"wp-block-heading\" id=\"asso-sportive\">Asso. Sportive<\/h3>\n\n\n\n<p>4 rue Denis Papin<br>57970 BASSE HAM<br>Pr\u00e9sident AS :Philippe KARAS<\/p>\n\n\n\n<p><a href=\"mailto:president@asgolfthionvillerd.com\">president@asgolfthionvillerd.com<\/a><br><a href=\"https:\/\/asgolfthionvillerd.com\/\">https:\/\/asgolfthionvillerd.com<\/a><\/p>\n\n\n\n<p><a href=\"https:\/\/pages.ffgolf.org\/departs\/golf\/77b4015044a23c850a19e02c4bcde6ac\" data-type=\"link\" data-id=\"https:\/\/pages.ffgolf.org\/departs\/golf\/77b4015044a23c850a19e02c4bcde6ac\">D\u00e9parts comp\u00e9titions<\/a><br><a href=\"https:\/\/pages.ffgolf.org\/resultats\/liste-competitions\/77b4015044a23c850a19e02c4bcde6ac\" data-type=\"link\" data-id=\"https:\/\/pages.ffgolf.org\/resultats\/liste-competitions\/77b4015044a23c850a19e02c4bcde6ac\">R\u00e9sultats comp\u00e9titions<\/a><\/p>\n<\/div>\n\n\n\n<div class=\"wp-block-column is-layout-flow wp-block-column-is-layout-flow\">\n<h3 class=\"wp-block-heading\" id=\"le-club\">Le club<\/h3>\n\n\n\n<p>1 parcours 9 Trous<br>1 pitch &amp; putt<br>1 practice \u00e9clair\u00e9 int.\/ext.<br>1 salle de r\u00e9union<br>1 restaurant<br>Directeur : Stanislas MASSON<br><a href=\"mailto:contact.thionville@ugolf.eu\" target=\"_blank\" rel=\"noreferrer noopener\">contact.thionville@ugolf.eu<\/a><br><a href=\"mailto:mrichardson@ugolf.eu\">smasson@ugolf.eu<\/a><\/p>\n\n\n\n<p><a href=\"https:\/\/jouer.golf\/golf\/ugolf-thionville-rd\/ \">https:\/\/jouer.golf\/golf\/ugolf-thionville-rd\/ <\/a><br>Facebook : <a href=\"https:\/\/www.facebook.com\/Golf-de-Thionville-RD-109635250519281\">Golf de Thionville<\/a><br>03 82 83 08 81<\/p>\n<\/div>\n<\/div>\n\n\n\n<figure class=\"wp-block-gallery has-nested-images columns-default is-cropped wp-block-gallery-1 is-layout-flex wp-block-gallery-is-layout-flex\">\n<figure class=\"wp-block-image size-large\"><img loading=\"lazy\" decoding=\"async\" width=\"1600\" height=\"825\" data-id=\"38283\" src=\"https:\/\/ligue-golfgrandest.org\/wp-content\/uploads\/2022\/02\/22-GOLF-THIONVILLE-02-1600x825.jpg\" alt=\"\" class=\"wp-image-38283\" srcset=\"https:\/\/ligue-golfgrandest.org\/wp-content\/uploads\/2022\/02\/22-GOLF-THIONVILLE-02-1600x825.jpg 1600w, https:\/\/ligue-golfgrandest.org\/wp-content\/uploads\/2022\/02\/22-GOLF-THIONVILLE-02-530x273.jpg 530w, https:\/\/ligue-golfgrandest.org\/wp-content\/uploads\/2022\/02\/22-GOLF-THIONVILLE-02-768x396.jpg 768w, https:\/\/ligue-golfgrandest.org\/wp-content\/uploads\/2022\/02\/22-GOLF-THIONVILLE-02-1536x792.jpg 1536w, https:\/\/ligue-golfgrandest.org\/wp-content\/uploads\/2022\/02\/22-GOLF-THIONVILLE-02-2048x1056.jpg 2048w\" sizes=\"auto, (max-width: 1600px) 100vw, 1600px\" \/><\/figure>\n\n\n\n<figure class=\"wp-block-image size-large\"><img loading=\"lazy\" decoding=\"async\" width=\"1025\" height=\"749\" data-id=\"38285\" src=\"https:\/\/ligue-golfgrandest.org\/wp-content\/uploads\/2022\/02\/22-GOLF-THIONVILLE-03.JPG.png\" alt=\"\" class=\"wp-image-38285\" srcset=\"https:\/\/ligue-golfgrandest.org\/wp-content\/uploads\/2022\/02\/22-GOLF-THIONVILLE-03.JPG.png 1025w, https:\/\/ligue-golfgrandest.org\/wp-content\/uploads\/2022\/02\/22-GOLF-THIONVILLE-03.JPG-411x300.png 411w, https:\/\/ligue-golfgrandest.org\/wp-content\/uploads\/2022\/02\/22-GOLF-THIONVILLE-03.JPG-768x561.png 768w\" sizes=\"auto, (max-width: 1025px) 100vw, 1025px\" \/><\/figure>\n<\/figure>\n\n\n\n<iframe src=\"https:\/\/www.google.com\/maps\/embed?pb=!1m18!1m12!1m3!1d15911.025734347666!2d6.21145127298223!3d49.372093587885956!2m3!1f0!2f0!3f0!3m2!1i1024!2i768!4f13.1!3m3!1m2!1s0x47953d6410c44f41%3A0xb278618c05095ee3!2sGolf%20Ga%C3%AFa%20Thionville%20rive%20droite!5e0!3m2!1sfr!2sfr!4v1642671483676!5m2!1sfr!2sfr\" width=\"100%\" height=\"450\" style=\"border:0;\" allowfullscreen=\"\" loading=\"lazy\"><\/iframe>\n","protected":false},"excerpt":{"rendered":"<p>Asso. Sportive 4 rue Denis Papin57970 BASSE HAMPr\u00e9sident AS :Philippe KARAS president@asgolfthionvillerd.comhttps:\/\/asgolfthionvillerd.com D\u00e9parts comp\u00e9titionsR\u00e9sultats comp\u00e9titions Le club 1 parcours 9 Trous1 pitch &amp; putt1 practice \u00e9clair\u00e9 int.\/ext.1 salle de r\u00e9union1 restaurantDirecteur : Stanislas MASSONcontact.thionville@ugolf.eusmasson@ugolf.eu https:\/\/jouer.golf\/golf\/ugolf-thionville-rd\/ Facebook : Golf de Thionville03 82 83 08 81<\/p>\n","protected":false},"author":3,"featured_media":0,"parent":137,"menu_order":0,"comment_status":"closed","ping_status":"closed","template":"page-templates\/page-full-width.php","meta":{"footnotes":""},"class_list":["post-30698","page","type-page","status-publish","hentry"],"_links":{"self":[{"href":"https:\/\/ligue-golfgrandest.org\/index.php\/wp-json\/wp\/v2\/pages\/30698","targetHints":{"allow":["GET"]}}],"collection":[{"href":"https:\/\/ligue-golfgrandest.org\/index.php\/wp-json\/wp\/v2\/pages"}],"about":[{"href":"https:\/\/ligue-golfgrandest.org\/index.php\/wp-json\/wp\/v2\/types\/page"}],"author":[{"embeddable":true,"href":"https:\/\/ligue-golfgrandest.org\/index.php\/wp-json\/wp\/v2\/users\/3"}],"replies":[{"embeddable":true,"href":"https:\/\/ligue-golfgrandest.org\/index.php\/wp-json\/wp\/v2\/comments?post=30698"}],"version-history":[{"count":2,"href":"https:\/\/ligue-golfgrandest.org\/index.php\/wp-json\/wp\/v2\/pages\/30698\/revisions"}],"predecessor-version":[{"id":59930,"href":"https:\/\/ligue-golfgrandest.org\/index.php\/wp-json\/wp\/v2\/pages\/30698\/revisions\/59930"}],"up":[{"embeddable":true,"href":"https:\/\/ligue-golfgrandest.org\/index.php\/wp-json\/wp\/v2\/pages\/137"}],"wp:attachment":[{"href":"https:\/\/ligue-golfgrandest.org\/index.php\/wp-json\/wp\/v2\/media?parent=30698"}],"curies":[{"name":"wp","href":"https:\/\/api.w.org\/{rel}","templated":true}]}}