{"id":30530,"date":"2020-12-22T16:28:22","date_gmt":"2020-12-22T15:28:22","guid":{"rendered":"https:\/\/ligue-golfgrandest.org\/?page_id=30530"},"modified":"2022-01-17T17:49:42","modified_gmt":"2022-01-17T16:49:42","slug":"dev-durable","status":"publish","type":"page","link":"https:\/\/ligue-golfgrandest.org\/index.php\/la-ligue\/dev-durable\/","title":{"rendered":"DEV. DURABLE"},"content":{"rendered":"\n<p>L&rsquo;action en mati\u00e8re environnementale vise \u00e0 pr\u00e9server la ressource en eau, \u00e0 maintenir et d\u00e9velopper la biodiversit\u00e9 et \u00e0 tendre vers une activit\u00e9 \u00e9co-responsable, tout en promouvant des activit\u00e9s sportives et physiques de plein air.<\/p>\n\n\n\n<p>Le terrain de jeu d&rsquo;un golf c&rsquo;est la nature, ensemble nous pouvons pratiquer notre sport tout en pr\u00e9servant le milieu naturel.<\/p>\n\n\n\n<p>Le D\u00e9veloppement Durable, est une pr\u00e9occupation de l&rsquo;ensemble des acteurs du golf.<\/p>\n\n\n\n<ul class=\"wp-block-list\"><li>La F\u00e9d\u00e9ration Fran\u00e7aise de Golf <\/li><li>Les Architectes de Golf<\/li><li>Les Intendants des Parcours de Golf<\/li><li>Les Dirigeants des Clubs de Golf<\/li><li>Les Pr\u00e9sidents des Asso. Sportive<\/li><li>La Ligue de Golf Grand Est<\/li><li>Les joueurs de Golf<\/li><\/ul>\n\n\n\n<figure class=\"wp-block-embed is-type-video is-provider-youtube wp-block-embed-youtube wp-embed-aspect-16-9 wp-has-aspect-ratio\"><div class=\"wp-block-embed__wrapper\">\n<iframe loading=\"lazy\" title=\"Green d&#039;Hiver : Golf du Rhin\" width=\"793\" height=\"446\" src=\"https:\/\/www.youtube.com\/embed\/xlvGoMEQuTc?list=UUhIeschfgUcIwez-snnGyqg\" frameborder=\"0\" allow=\"accelerometer; autoplay; clipboard-write; encrypted-media; gyroscope; picture-in-picture\" allowfullscreen><\/iframe>\n<\/div><\/figure>\n\n\n\n<div class=\"wp-block-columns is-layout-flex wp-container-core-columns-is-layout-9d6595d7 wp-block-columns-is-layout-flex\">\n<div class=\"wp-block-column is-layout-flow wp-block-column-is-layout-flow\">\n<iframe loading=\"lazy\" width=\"560\" height=\"315\" src=\"https:\/\/www.youtube.com\/embed\/to94YESREZE\" frameborder=\"0\" allow=\"accelerometer; autoplay; clipboard-write; encrypted-media; gyroscope; picture-in-picture\" allowfullscreen=\"\"><\/iframe>\n\n\n\n<iframe loading=\"lazy\" width=\"560\" height=\"315\" src=\"https:\/\/www.youtube.com\/embed\/cSRbokV4TU4\" frameborder=\"0\" allow=\"accelerometer; autoplay; clipboard-write; encrypted-media; gyroscope; picture-in-picture\" allowfullscreen=\"\"><\/iframe>\n<\/div>\n\n\n\n<div class=\"wp-block-column is-layout-flow wp-block-column-is-layout-flow\">\n<iframe loading=\"lazy\" width=\"560\" height=\"315\" src=\"https:\/\/www.youtube.com\/embed\/ONIw9vvxqng\" frameborder=\"0\" allow=\"accelerometer; autoplay; clipboard-write; encrypted-media; gyroscope; picture-in-picture\" allowfullscreen=\"\"><\/iframe>\n\n\n\n<iframe loading=\"lazy\" width=\"560\" height=\"315\" src=\"https:\/\/www.youtube.com\/embed\/P1I_N1kj1gc\" frameborder=\"0\" allow=\"accelerometer; autoplay; clipboard-write; encrypted-media; gyroscope; picture-in-picture\" allowfullscreen=\"\"><\/iframe>\n<\/div>\n<\/div>\n","protected":false},"excerpt":{"rendered":"<p>L&rsquo;action en mati\u00e8re environnementale vise \u00e0 pr\u00e9server la ressource en eau, \u00e0 maintenir et d\u00e9velopper la biodiversit\u00e9 et \u00e0 tendre vers une activit\u00e9 \u00e9co-responsable, tout en promouvant des activit\u00e9s sportives et physiques de plein air. Le terrain de jeu d&rsquo;un golf c&rsquo;est la nature, ensemble nous pouvons pratiquer notre sport tout en pr\u00e9servant le milieu [&hellip;]<\/p>\n","protected":false},"author":3,"featured_media":0,"parent":150,"menu_order":0,"comment_status":"closed","ping_status":"closed","template":"page-templates\/page-full-width.php","meta":{"footnotes":""},"class_list":["post-30530","page","type-page","status-publish","hentry"],"_links":{"self":[{"href":"https:\/\/ligue-golfgrandest.org\/index.php\/wp-json\/wp\/v2\/pages\/30530","targetHints":{"allow":["GET"]}}],"collection":[{"href":"https:\/\/ligue-golfgrandest.org\/index.php\/wp-json\/wp\/v2\/pages"}],"about":[{"href":"https:\/\/ligue-golfgrandest.org\/index.php\/wp-json\/wp\/v2\/types\/page"}],"author":[{"embeddable":true,"href":"https:\/\/ligue-golfgrandest.org\/index.php\/wp-json\/wp\/v2\/users\/3"}],"replies":[{"embeddable":true,"href":"https:\/\/ligue-golfgrandest.org\/index.php\/wp-json\/wp\/v2\/comments?post=30530"}],"version-history":[{"count":0,"href":"https:\/\/ligue-golfgrandest.org\/index.php\/wp-json\/wp\/v2\/pages\/30530\/revisions"}],"up":[{"embeddable":true,"href":"https:\/\/ligue-golfgrandest.org\/index.php\/wp-json\/wp\/v2\/pages\/150"}],"wp:attachment":[{"href":"https:\/\/ligue-golfgrandest.org\/index.php\/wp-json\/wp\/v2\/media?parent=30530"}],"curies":[{"name":"wp","href":"https:\/\/api.w.org\/{rel}","templated":true}]}}