{"id":28135,"date":"2020-09-09T15:22:11","date_gmt":"2020-09-09T13:22:11","guid":{"rendered":"https:\/\/ligue-golfgrandest.org\/?page_id=28135"},"modified":"2022-02-28T19:32:05","modified_gmt":"2022-02-28T18:32:05","slug":"vote-electronique-2023","status":"publish","type":"page","link":"https:\/\/ligue-golfgrandest.org\/index.php\/vote-electronique-2023\/","title":{"rendered":"VOTE ELECTRONIQUE AG"},"content":{"rendered":"<div id=\"pl-28135\"  class=\"panel-layout\" ><div id=\"pg-28135-0\"  class=\"panel-grid panel-no-style\" ><div id=\"pgc-28135-0-0\"  class=\"panel-grid-cell\" ><div id=\"panel-28135-0-0-0\" class=\"so-panel widget widget_sow-headline panel-first-child widgetopts-SO\" data-index=\"0\" ><div\n\t\t\t\n\t\t\tclass=\"so-widget-sow-headline so-widget-sow-headline-default-176ebc2c3dd8-28135\"\n\t\t\t\n\t\t><div class=\"sow-headline-container \">\n\t\t\t\t\t\t\t<h1 class=\"sow-headline\">\n\t\t\t\t\t\tAssembl\u00e9e G\u00e9n\u00e9rale de la Ligue\t\t\t\t\t\t<\/h1>\n\t\t\t\t\t\t\t\t\t\t\t\t<h2 class=\"sow-sub-headline\">\n\t\t\t\t\t\tdu Samedi 26 f\u00e9vrier 2022  \u00e0 11h00\t\t\t\t\t\t<\/h2>\n\t\t\t\t\t\t\t\t\t\t\t<div class=\"decoration\">\n\t\t\t\t\t\t<div class=\"decoration-inside\"><\/div>\n\t\t\t\t\t<\/div>\n\t\t\t\t\t<\/div>\n<\/div><\/div><div id=\"panel-28135-0-0-1\" class=\"so-panel widget widget_text widgetopts-SO\" data-index=\"1\" ><h3 class=\"widget-title\">Le vote \u00e9lectronique.<\/h3>\t\t\t<div class=\"textwidget\"><p>Cher Pr\u00e9sident,<\/p>\n<p>Apr\u00e8s avoir lu les diff\u00e9rents documents, merci de remplir le formulaire personnel de vote \u00e9lectronique ci-dessous pour votre Association Sportive et de cliquer sur le bouton envoyer.<\/p>\n<p>Votre vote est directement transmis au Secr\u00e9tariat G\u00e9n\u00e9ral de la Ligue pour authentifier votre participation \u00e0 l&rsquo;AG et enregistrer vos votes.<\/p>\n<p>Le formulaire de vote \u00e9lectronique est en ligne jusqu&rsquo;au lundi 28 f\u00e9vrier 18h00.<\/p>\n<\/div>\n\t\t<\/div><div id=\"panel-28135-0-0-2\" class=\"so-panel widget widget_text widgetopts-SO\" data-index=\"2\" ><h3 class=\"widget-title\">Approbation du Proc\u00e8s Verbal AG 2021<\/h3>\t\t\t<div class=\"textwidget\"><p>R1* <a href=\"https:\/\/ligue-golfgrandest.org\/wp-content\/uploads\/2022\/02\/AGO-2021-Proces-verbal-dAssemblee.pdf\">Visualiser le PV de l&rsquo;AG 2021<\/a>\u00a0 |\u00a0Par Raoul GOTTLICH Secr\u00e9taire G\u00e9n\u00e9ral de la Ligue.<\/p>\n<\/div>\n\t\t<\/div><div id=\"panel-28135-0-0-3\" class=\"so-panel widget widget_text widgetopts-SO\" data-index=\"3\" ><h3 class=\"widget-title\">Rapport Moral du Pr\u00e9sident de la Ligue<\/h3>\t\t\t<div class=\"textwidget\"><p>R2-<a href=\"https:\/\/ligue-golfgrandest.org\/wp-content\/uploads\/2022\/02\/RAPPORT-MORAL-SAISON-2021-1.pdf\">Visualiser le Rapport Moral<\/a> | Par Fran\u00e7ois BRUBACH Pr\u00e9sident de la Ligue.<\/p>\n<\/div>\n\t\t<\/div><div id=\"panel-28135-0-0-4\" class=\"so-panel widget widget_text widgetopts-SO\" data-index=\"4\" ><h3 class=\"widget-title\">Le rapport sportif de la Ligue Grand Est.<\/h3>\t\t\t<div class=\"textwidget\"><p><a href=\"https:\/\/ligue-golfgrandest.org\/wp-content\/uploads\/2022\/02\/Retrospective-sportive-2021_definitif.pdf\" target=\"_blank\" rel=\"noopener\">* Visualisez la r\u00e9trospective sportive 2021.<\/a><\/p>\n<\/div>\n\t\t<\/div><div id=\"panel-28135-0-0-5\" class=\"so-panel widget widget_text widgetopts-SO\" data-index=\"5\" ><h3 class=\"widget-title\">Bilan et Rapport financier du Tr\u00e9sorier<\/h3>\t\t\t<div class=\"textwidget\"><p>R3* <a href=\"https:\/\/ligue-golfgrandest.org\/wp-content\/uploads\/2022\/02\/10600-Plaquette-ligue-de-golf-1.pdf\">Visualiser le Bilan financier 2021<\/a> | <a href=\"https:\/\/ligue-golfgrandest.org\/wp-content\/uploads\/2022\/02\/BILAN-2021-RAPPORT-DU-TRESORIER.pdf\">Visualiser le Rapport financier 2021<\/a> | Par Christian RICHETON Tr\u00e9sorier de la Ligue.<\/p>\n<\/div>\n\t\t<\/div><div id=\"panel-28135-0-0-6\" class=\"so-panel widget widget_text widgetopts-SO\" data-index=\"6\" ><h3 class=\"widget-title\">Budget 2022<\/h3>\t\t\t<div class=\"textwidget\"><p>R4* <a href=\"https:\/\/ligue-golfgrandest.org\/wp-content\/uploads\/2022\/02\/BUDGET-2022-1.pdf\">Visualiser le Budget 2022<\/a> \u00a0| <a href=\"https:\/\/ligue-golfgrandest.org\/wp-content\/uploads\/2022\/02\/BUDGET-2022-RAPPORT-DU-TRESORIER-Copie.pdf\">Visualiser le rapport sur le Budget 2022<\/a> | Par Christian RICHETON Tr\u00e9sorier de la Ligue.<\/p>\n<\/div>\n\t\t<\/div><div id=\"panel-28135-0-0-7\" class=\"so-panel widget widget_text widgetopts-SO\" data-index=\"7\" ><h3 class=\"widget-title\">Cotisation 2022<\/h3>\t\t\t<div class=\"textwidget\"><p>R5* Le montant de la Cotisation annuelle 2022 est de 25\u20ac \/ voix \u00e9lective | Par Fran\u00e7ois Brubach Pr\u00e9sident de la Ligue.<\/p>\n<\/div>\n\t\t<\/div><div id=\"panel-28135-0-0-8\" class=\"so-panel widget widget_sow-contact-form panel-last-child widgetopts-SO\" data-index=\"8\" ><div\n\t\t\t\n\t\t\tclass=\"so-widget-sow-contact-form so-widget-sow-contact-form-default-1dceae4ce411-28135\"\n\t\t\t\n\t\t><h3 class=\"widget-title\">Formulaire \u00e9lectronique de vote.<\/h3>\t<form\n\t\taction=\"\/index.php\/wp-json\/wp\/v2\/pages\/28135\"\n\t\tmethod=\"POST\"\n\t\tclass=\"sow-contact-form\"\n\t\tid=\"contact-form-f91d\"\n\t>\n\n\t\t\n\t\t\t\t\t<div class=\"sow-form-field sow-form-field-name\">\n\t\t\t\t<label class=\"sow-form-field-label-above\" for=\"sow-contact-form-field-votre-nom-et-prenom-1\">\n\t\t\t\t<strong>\n\t\t\t\t\tVotre nom et Pr\u00e9nom\t\t\t\t\t\t\t\t\t<\/strong>\n\t\t\t<\/label>\n\t\t\t\t\t\t\t<div class=\"sow-field-container\">\n\t\t\t\t\t\t\t<input\n\t\t\ttype=\"text\"\n\t\t\tname=\"votre-nom-et-prenom-1\"\n\t\t\tid=\"sow-contact-form-field-votre-nom-et-prenom-1\"\n\t\t\tvalue=\"\"\n\t\t\tclass=\"sow-text-field\"\n\t\t\t\t\t\t\t\t\/>\n\t\t\t\t\t\t<\/div>\n\t\t\t\t\t\t\t<\/div>\n\t\t\t\t\t\t<div class=\"sow-form-field sow-form-field-email\">\n\t\t\t\t<label class=\"sow-form-field-label-above\" for=\"sow-contact-form-field-votre-adresse-de-messagerie-1\">\n\t\t\t\t<strong>\n\t\t\t\t\tVotre adresse de messagerie\t\t\t\t\t\t\t\t\t<\/strong>\n\t\t\t<\/label>\n\t\t\t\t\t\t\t<div class=\"sow-field-container\">\n\t\t\t\t\t\t\t<input\n\t\t\ttype=\"email\"\n\t\t\tname=\"votre-adresse-de-messagerie-1\"\n\t\t\tid=\"sow-contact-form-field-votre-adresse-de-messagerie-1\"\n\t\t\tvalue=\"\"\n\t\t\tclass=\"sow-text-field\"\t\t\t\t\t\t\t\t\/>\n\t\t\t\t\t\t<\/div>\n\t\t\t\t\t\t\t<\/div>\n\t\t\t\t\t\t<div class=\"sow-form-field sow-form-field-text\">\n\t\t\t\t<label class=\"sow-form-field-label-above\" for=\"sow-contact-form-field-president-du-club-de-1\">\n\t\t\t\t<strong>\n\t\t\t\t\tPr\u00e9sident du Club de :\t\t\t\t\t\t\t\t\t<\/strong>\n\t\t\t<\/label>\n\t\t\t\t\t\t\t<div class=\"sow-field-container\">\n\t\t\t\t\t\t\t<input\n\t\t\ttype=\"text\"\n\t\t\tname=\"president-du-club-de-1\"\n\t\t\tid=\"sow-contact-form-field-president-du-club-de-1\"\n\t\t\tvalue=\"\"\n\t\t\tclass=\"sow-text-field\"\t\t\taria-describedby=\"sow-contact-form-field-president-du-club-de-1-description\" \t\t\t\t\t\/>\n\t\t\t\t\t\t\t\t<div\n\t\t\t\t\t\t\tclass=\"sow-form-field-description\"\n\t\t\t\t\t\t\tid=\"sow-contact-form-field-president-du-club-de-1-description\"\n\t\t\t\t\t\t>\n\t\t\t\t\t\t\tindiquer le nom de votre Association Sportive\t\t\t\t\t\t<\/div>\n\t\t\t\t\t\t\t\t\t\t<\/div>\n\t\t\t\t\t\t\t<\/div>\n\t\t\t\t\t\t<div class=\"sow-form-field sow-form-field-text\">\n\t\t\t\t<label class=\"sow-form-field-label-above\" for=\"sow-contact-form-field-numero-dasso-sportive-1\">\n\t\t\t\t<strong>\n\t\t\t\t\tNum\u00e9ro d&#039;Asso. Sportive\t\t\t\t\t\t\t\t\t<\/strong>\n\t\t\t<\/label>\n\t\t\t\t\t\t\t<div class=\"sow-field-container\">\n\t\t\t\t\t\t\t<input\n\t\t\ttype=\"text\"\n\t\t\tname=\"numero-dasso-sportive-1\"\n\t\t\tid=\"sow-contact-form-field-numero-dasso-sportive-1\"\n\t\t\tvalue=\"\"\n\t\t\tclass=\"sow-text-field\"\t\t\taria-describedby=\"sow-contact-form-field-numero-dasso-sportive-1-description\" \t\t\t\t\t\/>\n\t\t\t\t\t\t\t\t<div\n\t\t\t\t\t\t\tclass=\"sow-form-field-description\"\n\t\t\t\t\t\t\tid=\"sow-contact-form-field-numero-dasso-sportive-1-description\"\n\t\t\t\t\t\t>\n\t\t\t\t\t\t\tindiquez le num\u00e9ro d'enregistrement de votre Asso. Sportive\t\t\t\t\t\t<\/div>\n\t\t\t\t\t\t\t\t\t\t<\/div>\n\t\t\t\t\t\t\t<\/div>\n\t\t\t\t\t\t<div class=\"sow-form-field sow-form-field-checkboxes\">\n\t\t\t\t<label class=\"sow-form-field-label-above\" for=\"sow-contact-form-field-resolution-numero-1-approbation-du-proces-verbal-de-lag-2021-1\">\n\t\t\t\t<strong>\n\t\t\t\t\tR\u00e9solution num\u00e9ro 1 : Approbation du Proc\u00e8s Verbal de l&#039;AG 2021\t\t\t\t\t\t\t\t\t<\/strong>\n\t\t\t<\/label>\n\t\t\t\t\t\t\t<div class=\"sow-field-container\">\n\t\t\t\t\t\t\t\t<ul>\n\t\t\t\t\t\t\t\t\t\t\t\t\t\t<li>\n\t\t\t\t\t\t<input\n\t\t\t\t\t\t\ttype=\"checkbox\"\n\t\t\t\t\t\t\tvalue=\"Pour\"\n\t\t\t\t\t\t\tname=\"resolution-numero-1-approbation-du-proces-verbal-de-lag-2021-1[]\"\n\t\t\t\t\t\t\tid=\"sow-contact-form-field-resolution-numero-1-approbation-du-proces-verbal-de-lag-2021-1-0\"\n\t\t\t\t\t\t\t\t\t\t\t\t\t\taria-describedby=\"sow-contact-form-field-resolution-numero-1-approbation-du-proces-verbal-de-lag-2021-1-description\" \t\t\t\t\t\t\/>\n\t\t\t\t\t\t<label for=\"sow-contact-form-field-resolution-numero-1-approbation-du-proces-verbal-de-lag-2021-1-0\">\n\t\t\t\t\t\t\tPour\t\t\t\t\t\t<\/label>\n\t\t\t\t\t<\/li>\n\t\t\t\t\t\t\t\t\t\t\t\t\t\t<li>\n\t\t\t\t\t\t<input\n\t\t\t\t\t\t\ttype=\"checkbox\"\n\t\t\t\t\t\t\tvalue=\"Abstention\"\n\t\t\t\t\t\t\tname=\"resolution-numero-1-approbation-du-proces-verbal-de-lag-2021-1[]\"\n\t\t\t\t\t\t\tid=\"sow-contact-form-field-resolution-numero-1-approbation-du-proces-verbal-de-lag-2021-1-1\"\n\t\t\t\t\t\t\t\t\t\t\t\t\t\taria-describedby=\"sow-contact-form-field-resolution-numero-1-approbation-du-proces-verbal-de-lag-2021-1-description\" \t\t\t\t\t\t\/>\n\t\t\t\t\t\t<label for=\"sow-contact-form-field-resolution-numero-1-approbation-du-proces-verbal-de-lag-2021-1-1\">\n\t\t\t\t\t\t\tAbstention\t\t\t\t\t\t<\/label>\n\t\t\t\t\t<\/li>\n\t\t\t\t\t\t\t\t\t\t\t\t\t\t<li>\n\t\t\t\t\t\t<input\n\t\t\t\t\t\t\ttype=\"checkbox\"\n\t\t\t\t\t\t\tvalue=\"Contre\"\n\t\t\t\t\t\t\tname=\"resolution-numero-1-approbation-du-proces-verbal-de-lag-2021-1[]\"\n\t\t\t\t\t\t\tid=\"sow-contact-form-field-resolution-numero-1-approbation-du-proces-verbal-de-lag-2021-1-2\"\n\t\t\t\t\t\t\t\t\t\t\t\t\t\taria-describedby=\"sow-contact-form-field-resolution-numero-1-approbation-du-proces-verbal-de-lag-2021-1-description\" \t\t\t\t\t\t\/>\n\t\t\t\t\t\t<label for=\"sow-contact-form-field-resolution-numero-1-approbation-du-proces-verbal-de-lag-2021-1-2\">\n\t\t\t\t\t\t\tContre\t\t\t\t\t\t<\/label>\n\t\t\t\t\t<\/li>\n\t\t\t\t\t\t\t<\/ul>\n\t\t\t\t\t\t\t\t<div\n\t\t\t\t\t\t\tclass=\"sow-form-field-description\"\n\t\t\t\t\t\t\tid=\"sow-contact-form-field-resolution-numero-1-approbation-du-proces-verbal-de-lag-2021-1-description\"\n\t\t\t\t\t\t>\n\t\t\t\t\t\t\tAccord sur le PV d'AG 2021\t\t\t\t\t\t<\/div>\n\t\t\t\t\t\t\t\t\t\t<\/div>\n\t\t\t\t\t\t\t<\/div>\n\t\t\t\t\t\t<div class=\"sow-form-field sow-form-field-checkboxes\">\n\t\t\t\t<label class=\"sow-form-field-label-above\" for=\"sow-contact-form-field-resolution-numero-2-rapport-moral-du-president-1\">\n\t\t\t\t<strong>\n\t\t\t\t\tR\u00e9solution num\u00e9ro 2 : Rapport Moral du Pr\u00e9sident\t\t\t\t\t\t\t\t\t<\/strong>\n\t\t\t<\/label>\n\t\t\t\t\t\t\t<div class=\"sow-field-container\">\n\t\t\t\t\t\t\t\t<ul>\n\t\t\t\t\t\t\t\t\t\t\t\t\t\t<li>\n\t\t\t\t\t\t<input\n\t\t\t\t\t\t\ttype=\"checkbox\"\n\t\t\t\t\t\t\tvalue=\"Pour\"\n\t\t\t\t\t\t\tname=\"resolution-numero-2-rapport-moral-du-president-1[]\"\n\t\t\t\t\t\t\tid=\"sow-contact-form-field-resolution-numero-2-rapport-moral-du-president-1-0\"\n\t\t\t\t\t\t\t\t\t\t\t\t\t\taria-describedby=\"sow-contact-form-field-resolution-numero-2-rapport-moral-du-president-1-description\" \t\t\t\t\t\t\/>\n\t\t\t\t\t\t<label for=\"sow-contact-form-field-resolution-numero-2-rapport-moral-du-president-1-0\">\n\t\t\t\t\t\t\tPour\t\t\t\t\t\t<\/label>\n\t\t\t\t\t<\/li>\n\t\t\t\t\t\t\t\t\t\t\t\t\t\t<li>\n\t\t\t\t\t\t<input\n\t\t\t\t\t\t\ttype=\"checkbox\"\n\t\t\t\t\t\t\tvalue=\"Abstention\"\n\t\t\t\t\t\t\tname=\"resolution-numero-2-rapport-moral-du-president-1[]\"\n\t\t\t\t\t\t\tid=\"sow-contact-form-field-resolution-numero-2-rapport-moral-du-president-1-1\"\n\t\t\t\t\t\t\t\t\t\t\t\t\t\taria-describedby=\"sow-contact-form-field-resolution-numero-2-rapport-moral-du-president-1-description\" \t\t\t\t\t\t\/>\n\t\t\t\t\t\t<label for=\"sow-contact-form-field-resolution-numero-2-rapport-moral-du-president-1-1\">\n\t\t\t\t\t\t\tAbstention\t\t\t\t\t\t<\/label>\n\t\t\t\t\t<\/li>\n\t\t\t\t\t\t\t\t\t\t\t\t\t\t<li>\n\t\t\t\t\t\t<input\n\t\t\t\t\t\t\ttype=\"checkbox\"\n\t\t\t\t\t\t\tvalue=\"Contre\"\n\t\t\t\t\t\t\tname=\"resolution-numero-2-rapport-moral-du-president-1[]\"\n\t\t\t\t\t\t\tid=\"sow-contact-form-field-resolution-numero-2-rapport-moral-du-president-1-2\"\n\t\t\t\t\t\t\t\t\t\t\t\t\t\taria-describedby=\"sow-contact-form-field-resolution-numero-2-rapport-moral-du-president-1-description\" \t\t\t\t\t\t\/>\n\t\t\t\t\t\t<label for=\"sow-contact-form-field-resolution-numero-2-rapport-moral-du-president-1-2\">\n\t\t\t\t\t\t\tContre\t\t\t\t\t\t<\/label>\n\t\t\t\t\t<\/li>\n\t\t\t\t\t\t\t<\/ul>\n\t\t\t\t\t\t\t\t<div\n\t\t\t\t\t\t\tclass=\"sow-form-field-description\"\n\t\t\t\t\t\t\tid=\"sow-contact-form-field-resolution-numero-2-rapport-moral-du-president-1-description\"\n\t\t\t\t\t\t>\n\t\t\t\t\t\t\tVoter pour le Rapport Moral \t\t\t\t\t\t<\/div>\n\t\t\t\t\t\t\t\t\t\t<\/div>\n\t\t\t\t\t\t\t<\/div>\n\t\t\t\t\t\t<div class=\"sow-form-field sow-form-field-checkboxes\">\n\t\t\t\t<label class=\"sow-form-field-label-above\" for=\"sow-contact-form-field-resolution-numero-3-rapport-financier-2021-1\">\n\t\t\t\t<strong>\n\t\t\t\t\tR\u00e9solution num\u00e9ro 3 : Rapport Financier 2021\t\t\t\t\t\t\t\t\t<\/strong>\n\t\t\t<\/label>\n\t\t\t\t\t\t\t<div class=\"sow-field-container\">\n\t\t\t\t\t\t\t\t<ul>\n\t\t\t\t\t\t\t\t\t\t\t\t\t\t<li>\n\t\t\t\t\t\t<input\n\t\t\t\t\t\t\ttype=\"checkbox\"\n\t\t\t\t\t\t\tvalue=\"Pour\"\n\t\t\t\t\t\t\tname=\"resolution-numero-3-rapport-financier-2021-1[]\"\n\t\t\t\t\t\t\tid=\"sow-contact-form-field-resolution-numero-3-rapport-financier-2021-1-0\"\n\t\t\t\t\t\t\t\t\t\t\t\t\t\taria-describedby=\"sow-contact-form-field-resolution-numero-3-rapport-financier-2021-1-description\" \t\t\t\t\t\t\/>\n\t\t\t\t\t\t<label for=\"sow-contact-form-field-resolution-numero-3-rapport-financier-2021-1-0\">\n\t\t\t\t\t\t\tPour\t\t\t\t\t\t<\/label>\n\t\t\t\t\t<\/li>\n\t\t\t\t\t\t\t\t\t\t\t\t\t\t<li>\n\t\t\t\t\t\t<input\n\t\t\t\t\t\t\ttype=\"checkbox\"\n\t\t\t\t\t\t\tvalue=\"Abstention\"\n\t\t\t\t\t\t\tname=\"resolution-numero-3-rapport-financier-2021-1[]\"\n\t\t\t\t\t\t\tid=\"sow-contact-form-field-resolution-numero-3-rapport-financier-2021-1-1\"\n\t\t\t\t\t\t\t\t\t\t\t\t\t\taria-describedby=\"sow-contact-form-field-resolution-numero-3-rapport-financier-2021-1-description\" \t\t\t\t\t\t\/>\n\t\t\t\t\t\t<label for=\"sow-contact-form-field-resolution-numero-3-rapport-financier-2021-1-1\">\n\t\t\t\t\t\t\tAbstention\t\t\t\t\t\t<\/label>\n\t\t\t\t\t<\/li>\n\t\t\t\t\t\t\t\t\t\t\t\t\t\t<li>\n\t\t\t\t\t\t<input\n\t\t\t\t\t\t\ttype=\"checkbox\"\n\t\t\t\t\t\t\tvalue=\"Contre\"\n\t\t\t\t\t\t\tname=\"resolution-numero-3-rapport-financier-2021-1[]\"\n\t\t\t\t\t\t\tid=\"sow-contact-form-field-resolution-numero-3-rapport-financier-2021-1-2\"\n\t\t\t\t\t\t\t\t\t\t\t\t\t\taria-describedby=\"sow-contact-form-field-resolution-numero-3-rapport-financier-2021-1-description\" \t\t\t\t\t\t\/>\n\t\t\t\t\t\t<label for=\"sow-contact-form-field-resolution-numero-3-rapport-financier-2021-1-2\">\n\t\t\t\t\t\t\tContre\t\t\t\t\t\t<\/label>\n\t\t\t\t\t<\/li>\n\t\t\t\t\t\t\t<\/ul>\n\t\t\t\t\t\t\t\t<div\n\t\t\t\t\t\t\tclass=\"sow-form-field-description\"\n\t\t\t\t\t\t\tid=\"sow-contact-form-field-resolution-numero-3-rapport-financier-2021-1-description\"\n\t\t\t\t\t\t>\n\t\t\t\t\t\t\tVoter pour le Rapport Financier\t\t\t\t\t\t<\/div>\n\t\t\t\t\t\t\t\t\t\t<\/div>\n\t\t\t\t\t\t\t<\/div>\n\t\t\t\t\t\t<div class=\"sow-form-field sow-form-field-checkboxes\">\n\t\t\t\t<label class=\"sow-form-field-label-above\" for=\"sow-contact-form-field-resolution-numero-4-budget-2022-1\">\n\t\t\t\t<strong>\n\t\t\t\t\tR\u00e9solution num\u00e9ro 4 : Budget 2022\t\t\t\t\t\t\t\t\t<\/strong>\n\t\t\t<\/label>\n\t\t\t\t\t\t\t<div class=\"sow-field-container\">\n\t\t\t\t\t\t\t\t<ul>\n\t\t\t\t\t\t\t\t\t\t\t\t\t\t<li>\n\t\t\t\t\t\t<input\n\t\t\t\t\t\t\ttype=\"checkbox\"\n\t\t\t\t\t\t\tvalue=\"Pour\"\n\t\t\t\t\t\t\tname=\"resolution-numero-4-budget-2022-1[]\"\n\t\t\t\t\t\t\tid=\"sow-contact-form-field-resolution-numero-4-budget-2022-1-0\"\n\t\t\t\t\t\t\t\t\t\t\t\t\t\taria-describedby=\"sow-contact-form-field-resolution-numero-4-budget-2022-1-description\" \t\t\t\t\t\t\/>\n\t\t\t\t\t\t<label for=\"sow-contact-form-field-resolution-numero-4-budget-2022-1-0\">\n\t\t\t\t\t\t\tPour\t\t\t\t\t\t<\/label>\n\t\t\t\t\t<\/li>\n\t\t\t\t\t\t\t\t\t\t\t\t\t\t<li>\n\t\t\t\t\t\t<input\n\t\t\t\t\t\t\ttype=\"checkbox\"\n\t\t\t\t\t\t\tvalue=\"Abstention\"\n\t\t\t\t\t\t\tname=\"resolution-numero-4-budget-2022-1[]\"\n\t\t\t\t\t\t\tid=\"sow-contact-form-field-resolution-numero-4-budget-2022-1-1\"\n\t\t\t\t\t\t\t\t\t\t\t\t\t\taria-describedby=\"sow-contact-form-field-resolution-numero-4-budget-2022-1-description\" \t\t\t\t\t\t\/>\n\t\t\t\t\t\t<label for=\"sow-contact-form-field-resolution-numero-4-budget-2022-1-1\">\n\t\t\t\t\t\t\tAbstention\t\t\t\t\t\t<\/label>\n\t\t\t\t\t<\/li>\n\t\t\t\t\t\t\t\t\t\t\t\t\t\t<li>\n\t\t\t\t\t\t<input\n\t\t\t\t\t\t\ttype=\"checkbox\"\n\t\t\t\t\t\t\tvalue=\"Contre\"\n\t\t\t\t\t\t\tname=\"resolution-numero-4-budget-2022-1[]\"\n\t\t\t\t\t\t\tid=\"sow-contact-form-field-resolution-numero-4-budget-2022-1-2\"\n\t\t\t\t\t\t\t\t\t\t\t\t\t\taria-describedby=\"sow-contact-form-field-resolution-numero-4-budget-2022-1-description\" \t\t\t\t\t\t\/>\n\t\t\t\t\t\t<label for=\"sow-contact-form-field-resolution-numero-4-budget-2022-1-2\">\n\t\t\t\t\t\t\tContre\t\t\t\t\t\t<\/label>\n\t\t\t\t\t<\/li>\n\t\t\t\t\t\t\t<\/ul>\n\t\t\t\t\t\t\t\t<div\n\t\t\t\t\t\t\tclass=\"sow-form-field-description\"\n\t\t\t\t\t\t\tid=\"sow-contact-form-field-resolution-numero-4-budget-2022-1-description\"\n\t\t\t\t\t\t>\n\t\t\t\t\t\t\tVoter pour le Budget 2022\t\t\t\t\t\t<\/div>\n\t\t\t\t\t\t\t\t\t\t<\/div>\n\t\t\t\t\t\t\t<\/div>\n\t\t\t\t\t\t<div class=\"sow-form-field sow-form-field-checkboxes\">\n\t\t\t\t<label class=\"sow-form-field-label-above\" for=\"sow-contact-form-field-resolution-numero-5-cotisation-2022-1\">\n\t\t\t\t<strong>\n\t\t\t\t\tR\u00e9solution num\u00e9ro 5 : Cotisation 2022\t\t\t\t\t\t\t\t\t<\/strong>\n\t\t\t<\/label>\n\t\t\t\t\t\t\t<div class=\"sow-field-container\">\n\t\t\t\t\t\t\t\t<ul>\n\t\t\t\t\t\t\t\t\t\t\t\t\t\t<li>\n\t\t\t\t\t\t<input\n\t\t\t\t\t\t\ttype=\"checkbox\"\n\t\t\t\t\t\t\tvalue=\"Pour\"\n\t\t\t\t\t\t\tname=\"resolution-numero-5-cotisation-2022-1[]\"\n\t\t\t\t\t\t\tid=\"sow-contact-form-field-resolution-numero-5-cotisation-2022-1-0\"\n\t\t\t\t\t\t\t\t\t\t\t\t\t\taria-describedby=\"sow-contact-form-field-resolution-numero-5-cotisation-2022-1-description\" \t\t\t\t\t\t\/>\n\t\t\t\t\t\t<label for=\"sow-contact-form-field-resolution-numero-5-cotisation-2022-1-0\">\n\t\t\t\t\t\t\tPour\t\t\t\t\t\t<\/label>\n\t\t\t\t\t<\/li>\n\t\t\t\t\t\t\t\t\t\t\t\t\t\t<li>\n\t\t\t\t\t\t<input\n\t\t\t\t\t\t\ttype=\"checkbox\"\n\t\t\t\t\t\t\tvalue=\"Abstention\"\n\t\t\t\t\t\t\tname=\"resolution-numero-5-cotisation-2022-1[]\"\n\t\t\t\t\t\t\tid=\"sow-contact-form-field-resolution-numero-5-cotisation-2022-1-1\"\n\t\t\t\t\t\t\t\t\t\t\t\t\t\taria-describedby=\"sow-contact-form-field-resolution-numero-5-cotisation-2022-1-description\" \t\t\t\t\t\t\/>\n\t\t\t\t\t\t<label for=\"sow-contact-form-field-resolution-numero-5-cotisation-2022-1-1\">\n\t\t\t\t\t\t\tAbstention\t\t\t\t\t\t<\/label>\n\t\t\t\t\t<\/li>\n\t\t\t\t\t\t\t\t\t\t\t\t\t\t<li>\n\t\t\t\t\t\t<input\n\t\t\t\t\t\t\ttype=\"checkbox\"\n\t\t\t\t\t\t\tvalue=\"Contre\"\n\t\t\t\t\t\t\tname=\"resolution-numero-5-cotisation-2022-1[]\"\n\t\t\t\t\t\t\tid=\"sow-contact-form-field-resolution-numero-5-cotisation-2022-1-2\"\n\t\t\t\t\t\t\t\t\t\t\t\t\t\taria-describedby=\"sow-contact-form-field-resolution-numero-5-cotisation-2022-1-description\" \t\t\t\t\t\t\/>\n\t\t\t\t\t\t<label for=\"sow-contact-form-field-resolution-numero-5-cotisation-2022-1-2\">\n\t\t\t\t\t\t\tContre\t\t\t\t\t\t<\/label>\n\t\t\t\t\t<\/li>\n\t\t\t\t\t\t\t<\/ul>\n\t\t\t\t\t\t\t\t<div\n\t\t\t\t\t\t\tclass=\"sow-form-field-description\"\n\t\t\t\t\t\t\tid=\"sow-contact-form-field-resolution-numero-5-cotisation-2022-1-description\"\n\t\t\t\t\t\t>\n\t\t\t\t\t\t\tVoter pour la cotisation 2022\t\t\t\t\t\t<\/div>\n\t\t\t\t\t\t\t\t\t\t<\/div>\n\t\t\t\t\t\t\t<\/div>\n\t\t\t\n\t\t\t\t\t<div class=\"sow-recaptcha\"\n\t\t\t\t\t\t\t\t\tdata-config=\"{&quot;sitekey&quot;:&quot;6LdMGPcUAAAAAJ6tU3zSAHDNYWbbULDIdH3ew7qB&quot;,&quot;theme&quot;:&quot;light&quot;,&quot;type&quot;:&quot;image&quot;,&quot;size&quot;:&quot;normal&quot;}\"\n\t\t\t\t\t\t\t><\/div>\n\t\t\t\n\t\t<div class=\"sow-submit-wrapper \n\t\tsow-submit-styled\t\t\">\n\n\t\t\t<button\n\t\t\t\ttype=\"submit\"\n\t\t\t\tclass=\"sow-submit\n\t\t\t\t\t\t\t\t\"\n\t\t\t\t\t\t\t>\n\t\t\t\tValider et envoyer vos votes.\t\t\t<\/button>\n\t\t<\/div>\n\t\t\t\t<input\n\t\t\ttype=\"hidden\"\n\t\t\tname=\"instance_hash-1\"\n\t\t\tvalue=\"f91d2ea0\"\n\t\t\/>\n\n\t\t<input type=\"hidden\" id=\"_wpnonce\" name=\"_wpnonce\" value=\"ee071ffab3\" \/><input type=\"hidden\" name=\"_wp_http_referer\" value=\"\/index.php\/wp-json\/wp\/v2\/pages\/28135\" \/>\t<\/form>\n\t<\/div><\/div><\/div><\/div><div id=\"pg-28135-1\"  class=\"panel-grid panel-no-style\" ><div id=\"pgc-28135-1-0\"  class=\"panel-grid-cell panel-grid-cell-empty\" ><\/div><\/div><\/div>","protected":false},"excerpt":{"rendered":"<p>Cher Pr\u00e9sident, Apr\u00e8s avoir lu les diff\u00e9rents documents, merci de remplir le formulaire personnel de vote \u00e9lectronique ci-dessous pour votre Association Sportive et de cliquer sur le bouton envoyer. Votre vote est directement transmis au Secr\u00e9tariat G\u00e9n\u00e9ral de la Ligue pour authentifier votre participation \u00e0 l&rsquo;AG et enregistrer vos votes. Le formulaire de vote \u00e9lectronique [&hellip;]<\/p>\n","protected":false},"author":3,"featured_media":0,"parent":0,"menu_order":0,"comment_status":"closed","ping_status":"closed","template":"page-templates\/page-full-width.php","meta":{"footnotes":""},"class_list":["post-28135","page","type-page","status-publish","hentry"],"_links":{"self":[{"href":"https:\/\/ligue-golfgrandest.org\/index.php\/wp-json\/wp\/v2\/pages\/28135","targetHints":{"allow":["GET"]}}],"collection":[{"href":"https:\/\/ligue-golfgrandest.org\/index.php\/wp-json\/wp\/v2\/pages"}],"about":[{"href":"https:\/\/ligue-golfgrandest.org\/index.php\/wp-json\/wp\/v2\/types\/page"}],"author":[{"embeddable":true,"href":"https:\/\/ligue-golfgrandest.org\/index.php\/wp-json\/wp\/v2\/users\/3"}],"replies":[{"embeddable":true,"href":"https:\/\/ligue-golfgrandest.org\/index.php\/wp-json\/wp\/v2\/comments?post=28135"}],"version-history":[{"count":0,"href":"https:\/\/ligue-golfgrandest.org\/index.php\/wp-json\/wp\/v2\/pages\/28135\/revisions"}],"wp:attachment":[{"href":"https:\/\/ligue-golfgrandest.org\/index.php\/wp-json\/wp\/v2\/media?parent=28135"}],"curies":[{"name":"wp","href":"https:\/\/api.w.org\/{rel}","templated":true}]}}