{"id":27557,"date":"2020-08-23T11:55:30","date_gmt":"2020-08-23T09:55:30","guid":{"rendered":"https:\/\/ligue-golfgrandest.org\/?page_id=27557"},"modified":"2023-11-18T14:18:06","modified_gmt":"2023-11-18T13:18:06","slug":"golf-academie-57","status":"publish","type":"page","link":"https:\/\/ligue-golfgrandest.org\/index.php\/clubs\/lorraine\/golf-academie-57\/","title":{"rendered":"Golf Acad\u00e9mie 57"},"content":{"rendered":"\n<p><\/p>\n\n\n\n<div class=\"wp-block-columns is-layout-flex wp-container-core-columns-is-layout-9d6595d7 wp-block-columns-is-layout-flex\">\n<div class=\"wp-block-column is-layout-flow wp-block-column-is-layout-flow\">\n<figure class=\"wp-block-image size-large\"><img loading=\"lazy\" decoding=\"async\" width=\"250\" height=\"160\" src=\"https:\/\/ligue-golfgrandest.org\/wp-content\/uploads\/2020\/08\/99-GOLF-ACADEMIE.jpg\" alt=\"\" class=\"wp-image-27565\"\/><\/figure>\n<\/div>\n\n\n\n<div class=\"wp-block-column is-layout-flow wp-block-column-is-layout-flow\">\n<h3 class=\"wp-block-heading\"><strong>Association Sportive<\/strong><\/h3>\n\n\n\n<p>512 Promenade de la goulotte <br>57050 Longeville-l\u00e8s-Metz<\/p>\n\n\n\n<p>Pr\u00e9sident : Romain KNOB<\/p>\n\n\n\n<p><a href=\"mailto:r.knob@fidu-ck.fr\">r.knob@fidu-ck.fr<\/a><\/p>\n<\/div>\n\n\n\n<div class=\"wp-block-column is-layout-flow wp-block-column-is-layout-flow\">\n<h3 class=\"wp-block-heading\"><strong>Le Club<\/strong><\/h3>\n\n\n\n<p>1 parcours 6 Trous pitch &amp; putt<br>1 Practice de 300m avec 8 Greens Cible<br>1 Putting green et 1 green d&rsquo;approche<br>1 centre fitting Callaway et espace pr\u00e9paration physique<br>1 restaurant (en construction)<br> <\/p>\n\n\n\n<p>Propri\u00e9taires et g\u00e9rants : Charles-Edouard STIEFVATER et Christophe ESTERMANN<br><a href=\"mailto:contact@golfacademie57.fr\">contact@golfacademie57.fr<\/a><br> <a rel=\"noreferrer noopener\" href=\"https:\/\/www.golfacademie57.fr\/\" target=\"_blank\">www.golfacademie57.fr<\/a><br> Facebook : <a href=\"https:\/\/www.facebook.com\/golfacademie57\" data-type=\"link\" data-id=\"https:\/\/www.facebook.com\/golfacademie57\">Golf Acad\u00e9mie 57<\/a><br> 03 87 68 50 43 <\/p>\n<\/div>\n<\/div>\n\n\n\n<figure class=\"wp-block-gallery has-nested-images columns-default is-cropped wp-block-gallery-1 is-layout-flex wp-block-gallery-is-layout-flex\">\n<figure class=\"wp-block-image size-full\"><a href=\"https:\/\/ligue-golfgrandest.org\/wp-content\/uploads\/2020\/08\/99-GOLF-ACADEMIE-01.jpg\"><img loading=\"lazy\" decoding=\"async\" width=\"1600\" height=\"1200\" data-id=\"27568\" src=\"https:\/\/ligue-golfgrandest.org\/wp-content\/uploads\/2020\/08\/99-GOLF-ACADEMIE-01.jpg\" alt=\"\" class=\"wp-image-27568\" srcset=\"https:\/\/ligue-golfgrandest.org\/wp-content\/uploads\/2020\/08\/99-GOLF-ACADEMIE-01.jpg 1600w, https:\/\/ligue-golfgrandest.org\/wp-content\/uploads\/2020\/08\/99-GOLF-ACADEMIE-01-400x300.jpg 400w, https:\/\/ligue-golfgrandest.org\/wp-content\/uploads\/2020\/08\/99-GOLF-ACADEMIE-01-1024x768.jpg 1024w, https:\/\/ligue-golfgrandest.org\/wp-content\/uploads\/2020\/08\/99-GOLF-ACADEMIE-01-768x576.jpg 768w, https:\/\/ligue-golfgrandest.org\/wp-content\/uploads\/2020\/08\/99-GOLF-ACADEMIE-01-1536x1152.jpg 1536w\" sizes=\"auto, (max-width: 1600px) 100vw, 1600px\" \/><\/a><\/figure>\n\n\n\n<figure class=\"wp-block-image size-full\"><a href=\"https:\/\/ligue-golfgrandest.org\/wp-content\/uploads\/2020\/08\/99-GOLF-ACADEMIE-02.jpg\"><img loading=\"lazy\" decoding=\"async\" width=\"1600\" height=\"1200\" data-id=\"27569\" src=\"https:\/\/ligue-golfgrandest.org\/wp-content\/uploads\/2020\/08\/99-GOLF-ACADEMIE-02.jpg\" alt=\"\" class=\"wp-image-27569\" srcset=\"https:\/\/ligue-golfgrandest.org\/wp-content\/uploads\/2020\/08\/99-GOLF-ACADEMIE-02.jpg 1600w, https:\/\/ligue-golfgrandest.org\/wp-content\/uploads\/2020\/08\/99-GOLF-ACADEMIE-02-400x300.jpg 400w, https:\/\/ligue-golfgrandest.org\/wp-content\/uploads\/2020\/08\/99-GOLF-ACADEMIE-02-1024x768.jpg 1024w, https:\/\/ligue-golfgrandest.org\/wp-content\/uploads\/2020\/08\/99-GOLF-ACADEMIE-02-768x576.jpg 768w, https:\/\/ligue-golfgrandest.org\/wp-content\/uploads\/2020\/08\/99-GOLF-ACADEMIE-02-1536x1152.jpg 1536w\" sizes=\"auto, (max-width: 1600px) 100vw, 1600px\" \/><\/a><\/figure>\n\n\n\n<figure class=\"wp-block-image size-full\"><a href=\"https:\/\/ligue-golfgrandest.org\/wp-content\/uploads\/2020\/08\/99-GOLF-ACADEMIE-07.jpg\"><img loading=\"lazy\" decoding=\"async\" width=\"1600\" height=\"1200\" data-id=\"27571\" src=\"https:\/\/ligue-golfgrandest.org\/wp-content\/uploads\/2020\/08\/99-GOLF-ACADEMIE-07.jpg\" alt=\"\" class=\"wp-image-27571\" srcset=\"https:\/\/ligue-golfgrandest.org\/wp-content\/uploads\/2020\/08\/99-GOLF-ACADEMIE-07.jpg 1600w, https:\/\/ligue-golfgrandest.org\/wp-content\/uploads\/2020\/08\/99-GOLF-ACADEMIE-07-400x300.jpg 400w, https:\/\/ligue-golfgrandest.org\/wp-content\/uploads\/2020\/08\/99-GOLF-ACADEMIE-07-1024x768.jpg 1024w, https:\/\/ligue-golfgrandest.org\/wp-content\/uploads\/2020\/08\/99-GOLF-ACADEMIE-07-768x576.jpg 768w, https:\/\/ligue-golfgrandest.org\/wp-content\/uploads\/2020\/08\/99-GOLF-ACADEMIE-07-1536x1152.jpg 1536w\" sizes=\"auto, (max-width: 1600px) 100vw, 1600px\" \/><\/a><\/figure>\n<\/figure>\n\n\n\n<iframe loading=\"lazy\" src=\"https:\/\/www.google.com\/maps\/embed?pb=!1m18!1m12!1m3!1d22784.885655049213!2d6.12288136999466!3d49.110783820691594!2m3!1f0!2f0!3f0!3m2!1i1024!2i768!4f13.1!3m3!1m2!1s0x4794dbe696401a27%3A0x6c9eb53903f2086b!2sGolf%20Acad%C3%A9mie%2057!5e0!3m2!1sfr!2sfr!4v1598177786402!5m2!1sfr!2sfr\" width=\"100%\" height=\"450\" frameborder=\"0\" style=\"border:0;\" allowfullscreen=\"\" aria-hidden=\"false\" tabindex=\"0\"><\/iframe>\n\n\n\n<p><\/p>\n","protected":false},"excerpt":{"rendered":"<p>Association Sportive 512 Promenade de la goulotte 57050 Longeville-l\u00e8s-Metz Pr\u00e9sident : Romain KNOB r.knob@fidu-ck.fr Le Club 1 parcours 6 Trous pitch &amp; putt1 Practice de 300m avec 8 Greens Cible1 Putting green et 1 green d&rsquo;approche1 centre fitting Callaway et espace pr\u00e9paration physique1 restaurant (en construction) Propri\u00e9taires et g\u00e9rants : Charles-Edouard STIEFVATER et Christophe ESTERMANNcontact@golfacademie57.fr [&hellip;]<\/p>\n","protected":false},"author":3,"featured_media":0,"parent":137,"menu_order":0,"comment_status":"closed","ping_status":"closed","template":"page-templates\/page-full-width.php","meta":{"footnotes":""},"class_list":["post-27557","page","type-page","status-publish","hentry"],"_links":{"self":[{"href":"https:\/\/ligue-golfgrandest.org\/index.php\/wp-json\/wp\/v2\/pages\/27557","targetHints":{"allow":["GET"]}}],"collection":[{"href":"https:\/\/ligue-golfgrandest.org\/index.php\/wp-json\/wp\/v2\/pages"}],"about":[{"href":"https:\/\/ligue-golfgrandest.org\/index.php\/wp-json\/wp\/v2\/types\/page"}],"author":[{"embeddable":true,"href":"https:\/\/ligue-golfgrandest.org\/index.php\/wp-json\/wp\/v2\/users\/3"}],"replies":[{"embeddable":true,"href":"https:\/\/ligue-golfgrandest.org\/index.php\/wp-json\/wp\/v2\/comments?post=27557"}],"version-history":[{"count":0,"href":"https:\/\/ligue-golfgrandest.org\/index.php\/wp-json\/wp\/v2\/pages\/27557\/revisions"}],"up":[{"embeddable":true,"href":"https:\/\/ligue-golfgrandest.org\/index.php\/wp-json\/wp\/v2\/pages\/137"}],"wp:attachment":[{"href":"https:\/\/ligue-golfgrandest.org\/index.php\/wp-json\/wp\/v2\/media?parent=27557"}],"curies":[{"name":"wp","href":"https:\/\/api.w.org\/{rel}","templated":true}]}}