{"id":270,"date":"2017-01-24T11:26:01","date_gmt":"2017-01-24T10:26:01","guid":{"rendered":"http:\/\/ligue-golfgrandest.org\/?page_id=270"},"modified":"2024-09-03T16:08:05","modified_gmt":"2024-09-03T14:08:05","slug":"golf-club-de-strasbourg","status":"publish","type":"page","link":"https:\/\/ligue-golfgrandest.org\/index.php\/clubs\/alsace\/golf-club-de-strasbourg\/","title":{"rendered":"Golf Club de Strasbourg"},"content":{"rendered":"\n<div class=\"wp-block-columns is-layout-flex wp-container-core-columns-is-layout-9d6595d7 wp-block-columns-is-layout-flex\">\n<div class=\"wp-block-column is-layout-flow wp-block-column-is-layout-flow\">\n<h3 class=\"wp-block-heading\"><img loading=\"lazy\" decoding=\"async\" src=\"http:\/\/ligue-golfgrandest.org\/wp-content\/uploads\/2017\/01\/CLUB-LOGO-STRASBOURG.jpg\" alt=\"\" width=\"250\" height=\"160\"><\/h3>\n<\/div>\n\n\n\n<div class=\"wp-block-column is-layout-flow wp-block-column-is-layout-flow\">\n<h3 class=\"wp-block-heading\">Asso. Sportive<\/h3>\n\n\n\n<p>Route du Rhin<br>67400 ILLKIRCH GRAFFENSTADEN<br>Pr\u00e9sident : Philippe DOLFI<\/p>\n\n\n\n<p>D\u00e9parts comp\u00e9titions<br>R\u00e9sultats comp\u00e9titions<\/p>\n<\/div>\n\n\n\n<div class=\"wp-block-column is-layout-flow wp-block-column-is-layout-flow\">\n<h3 class=\"wp-block-heading\">Le Club<\/h3>\n\n\n\n<p>3 parcours 9 Trous<br>1 practice couvert<br>1 compact 4 Trous<br>1 pro-shop<br>1 restaurant<br>Directeur : Laurent BLASCO<\/p>\n\n\n\n<p><a href=\"mailto:contact@golf-strasbourg.com\">contact@golf-strasbourg.com<\/a><br><a href=\"http:\/\/www.golf-strasbourg.com\" target=\"_blank\" rel=\"noreferrer noopener\">www.golf-strasbourg.com<\/a><br>03 88 66 17 22<\/p>\n\n\n\n<p>Facebook :&nbsp;<a href=\"https:\/\/www.facebook.com\/golfclubStrasbourg\/\">Golf Club Strasbourg<\/a><\/p>\n<\/div>\n<\/div>\n\n\n\n<figure class=\"wp-block-gallery has-nested-images columns-4 is-cropped wp-block-gallery-1 is-layout-flex wp-block-gallery-is-layout-flex\">\n<figure class=\"wp-block-image size-large\"><a href=\"https:\/\/ligue-golfgrandest.org\/wp-content\/uploads\/2020\/11\/strasbourg.jpg\"><img loading=\"lazy\" decoding=\"async\" width=\"351\" height=\"263\" data-id=\"30120\" src=\"https:\/\/ligue-golfgrandest.org\/wp-content\/uploads\/2020\/11\/strasbourg.jpg\" alt=\"\" class=\"wp-image-30120\"\/><\/a><\/figure>\n\n\n\n<figure class=\"wp-block-image size-large\"><a href=\"https:\/\/ligue-golfgrandest.org\/wp-content\/uploads\/2017\/02\/STRASBOURG-5800.jpg\"><img loading=\"lazy\" decoding=\"async\" width=\"800\" height=\"600\" data-id=\"412\" src=\"https:\/\/ligue-golfgrandest.org\/wp-content\/uploads\/2017\/02\/STRASBOURG-5800.jpg\" alt=\"\" class=\"wp-image-412\" srcset=\"https:\/\/ligue-golfgrandest.org\/wp-content\/uploads\/2017\/02\/STRASBOURG-5800.jpg 800w, https:\/\/ligue-golfgrandest.org\/wp-content\/uploads\/2017\/02\/STRASBOURG-5800-350x263.jpg 350w, https:\/\/ligue-golfgrandest.org\/wp-content\/uploads\/2017\/02\/STRASBOURG-5800-768x576.jpg 768w\" sizes=\"auto, (max-width: 800px) 100vw, 800px\" \/><\/a><\/figure>\n\n\n\n<figure class=\"wp-block-image size-large\"><a href=\"https:\/\/ligue-golfgrandest.org\/wp-content\/uploads\/2017\/02\/STRASBOURG-7800.jpg\"><img loading=\"lazy\" decoding=\"async\" width=\"800\" height=\"600\" data-id=\"411\" src=\"https:\/\/ligue-golfgrandest.org\/wp-content\/uploads\/2017\/02\/STRASBOURG-7800.jpg\" alt=\"\" class=\"wp-image-411\" srcset=\"https:\/\/ligue-golfgrandest.org\/wp-content\/uploads\/2017\/02\/STRASBOURG-7800.jpg 800w, https:\/\/ligue-golfgrandest.org\/wp-content\/uploads\/2017\/02\/STRASBOURG-7800-350x263.jpg 350w, https:\/\/ligue-golfgrandest.org\/wp-content\/uploads\/2017\/02\/STRASBOURG-7800-768x576.jpg 768w\" sizes=\"auto, (max-width: 800px) 100vw, 800px\" \/><\/a><\/figure>\n\n\n\n<figure class=\"wp-block-image size-large\"><a href=\"https:\/\/ligue-golfgrandest.org\/wp-content\/uploads\/2017\/02\/STRASBOURG-1800.jpg\"><img loading=\"lazy\" decoding=\"async\" width=\"800\" height=\"600\" data-id=\"413\" src=\"https:\/\/ligue-golfgrandest.org\/wp-content\/uploads\/2017\/02\/STRASBOURG-1800.jpg\" alt=\"\" class=\"wp-image-413\" srcset=\"https:\/\/ligue-golfgrandest.org\/wp-content\/uploads\/2017\/02\/STRASBOURG-1800.jpg 800w, https:\/\/ligue-golfgrandest.org\/wp-content\/uploads\/2017\/02\/STRASBOURG-1800-350x263.jpg 350w, https:\/\/ligue-golfgrandest.org\/wp-content\/uploads\/2017\/02\/STRASBOURG-1800-768x576.jpg 768w\" sizes=\"auto, (max-width: 800px) 100vw, 800px\" \/><\/a><\/figure>\n<\/figure>\n\n\n\n<iframe src=\"https:\/\/www.google.com\/maps\/embed?pb=!1m18!1m12!1m3!1d19251.857110995454!2d7.730561759695759!3d48.50823200828984!2m3!1f0!2f0!3f0!3m2!1i1024!2i768!4f13.1!3m3!1m2!1s0x4796ca53a3924645%3A0x3ec703c9e4f50184!2sGolf%20Club%20de%20Strasbourg!5e0!3m2!1sfr!2sfr!4v1642598298917!5m2!1sfr!2sfr\" width=\"100%\" height=\"450\" style=\"border:0;\" allowfullscreen=\"\" loading=\"lazy\"><\/iframe>\n","protected":false},"excerpt":{"rendered":"<p>Asso. Sportive Route du Rhin67400 ILLKIRCH GRAFFENSTADENPr\u00e9sident : Philippe DOLFI D\u00e9parts comp\u00e9titionsR\u00e9sultats comp\u00e9titions Le Club 3 parcours 9 Trous1 practice couvert1 compact 4 Trous1 pro-shop1 restaurantDirecteur : Laurent BLASCO contact@golf-strasbourg.comwww.golf-strasbourg.com03 88 66 17 22 Facebook :&nbsp;Golf Club Strasbourg<\/p>\n","protected":false},"author":3,"featured_media":0,"parent":135,"menu_order":4,"comment_status":"closed","ping_status":"closed","template":"page-templates\/page-full-width.php","meta":{"footnotes":""},"class_list":["post-270","page","type-page","status-publish","hentry"],"_links":{"self":[{"href":"https:\/\/ligue-golfgrandest.org\/index.php\/wp-json\/wp\/v2\/pages\/270","targetHints":{"allow":["GET"]}}],"collection":[{"href":"https:\/\/ligue-golfgrandest.org\/index.php\/wp-json\/wp\/v2\/pages"}],"about":[{"href":"https:\/\/ligue-golfgrandest.org\/index.php\/wp-json\/wp\/v2\/types\/page"}],"author":[{"embeddable":true,"href":"https:\/\/ligue-golfgrandest.org\/index.php\/wp-json\/wp\/v2\/users\/3"}],"replies":[{"embeddable":true,"href":"https:\/\/ligue-golfgrandest.org\/index.php\/wp-json\/wp\/v2\/comments?post=270"}],"version-history":[{"count":0,"href":"https:\/\/ligue-golfgrandest.org\/index.php\/wp-json\/wp\/v2\/pages\/270\/revisions"}],"up":[{"embeddable":true,"href":"https:\/\/ligue-golfgrandest.org\/index.php\/wp-json\/wp\/v2\/pages\/135"}],"wp:attachment":[{"href":"https:\/\/ligue-golfgrandest.org\/index.php\/wp-json\/wp\/v2\/media?parent=270"}],"curies":[{"name":"wp","href":"https:\/\/api.w.org\/{rel}","templated":true}]}}