{"id":260,"date":"2017-01-23T16:39:16","date_gmt":"2017-01-23T15:39:16","guid":{"rendered":"http:\/\/ligue-golfgrandest.org\/?page_id=260"},"modified":"2026-04-17T09:21:36","modified_gmt":"2026-04-17T07:21:36","slug":"info-sportives","status":"publish","type":"page","link":"https:\/\/ligue-golfgrandest.org\/index.php\/entreprise\/info-sportives\/","title":{"rendered":"INFORMATIONS"},"content":{"rendered":"\n<p class=\"has-very-light-gray-color has-text-color has-background has-medium-font-size\" style=\"background-color:#1e2346\">LE GOLF ENTREPRISE DANS LE GRAND EST<\/p>\n\n\n\n<p>Au 17 avril 2026, la Ligue Grand Est compte <strong>42<\/strong> associations sportives Golf Entreprise et <strong>1<\/strong> Comit\u00e9 d&rsquo;Entreprise : <strong><a href=\"https:\/\/ligue-golfgrandest.org\/wp-content\/uploads\/2026\/04\/2026_GRAND-EST_Associations-Sportives-Golf-Entreprise_maj-17_04_2026.-liste.pdf\">liste des AS<\/a><\/strong> |<\/p>\n\n\n\n<p>Responsable commission Golf Entreprise Grand Est :  <strong>Elbachir GUEMOURI<\/strong> <\/p>\n\n\n\n<p>Les D\u00e9l\u00e9gu\u00e9s Golf Entreprise dans le Grand Est :<\/p>\n\n\n\n<ul class=\"wp-block-list\">\n<li>Alsace | Elbachir GUEMOURI &#8211; bguemouri@hotmail.fr<\/li>\n\n\n\n<li>Champagne-Ardenne | Erwan GOLOMER &#8211; erwan.golomer@gmail.com<\/li>\n\n\n\n<li>Lorraine | Jean-Lou VALLEE &#8211; jean-lou.vallee@batt.eu&nbsp;<\/li>\n<\/ul>\n\n\n\n<p>Des r\u00e9unions d&rsquo;information sont organis\u00e9es chaque d\u00e9but d&rsquo;ann\u00e9e sur les 3 territoires<\/p>\n\n\n\n<ul class=\"wp-block-list\">\n<li>Lorraine | 10\/02\/2026 \u00e0 18h30 (visio conf\u00e9rence)<\/li>\n\n\n\n<li>Champagne-Ardenne | 11\/02\/2026 \u00e0 18h30 (visio conf\u00e9rence)<\/li>\n\n\n\n<li>Alsacee | 12\/02\/2026 \u00e0 18h30 (visio conf\u00e9rence)<\/li>\n<\/ul>\n\n\n\n<p class=\"has-very-light-gray-color has-text-color has-background has-medium-font-size\" style=\"background-color:#1e2346\">JOUER AU GOLF AVEC MON ENTREPRISE<\/p>\n\n\n<h4><a href=\"http:\/\/ligue-golfgrandest.org\/wp-content\/uploads\/2018\/06\/Depliant-proc\u00e9dure-pour-une-adh\u00e9sion.pdf\">DECOUVREZ LE GOLF ENTRE COLLEGUES<\/a><\/h4>\n<p><a href=\"https:\/\/www.ffgolf.org\/Jouer\/Entreprise-municipalites-affinitaires\/Le-golf-d-Entreprise\/Comment-ca-marche\">COMMENT CA MARCHE ?<\/a><\/p>\n<p>DEMANDE DE RENSEIGNEMENTS OU DE DOSSIER D&rsquo;AFFILIATION<br \/>Contacter la Ligue de Golf Grand Est au 03 83 18 95 34 ou par mail \u00e0 contact@ligue-golfgrandest.org et contact.strasbourg@ligue-golfgrandest.org<br \/>Renseigner votre adresse postale pour recevoir votre dossier d&rsquo;affiliation<br \/>Le dossier compl\u00e9t\u00e9, remont\u00e9 \u00e0 la ffgolf par la ligue, doit imp\u00e9rativement comporter ces <a href=\"https:\/\/www.ffgolf.org\/golf-amateur\/golf-entreprise\/dossier-d-affiliation\">ELEMENTS<\/a>.<\/p>\n<p><a href=\"https:\/\/www.ffgolf.org\/Jouer\/Entreprise-municipalites-affinitaires\/Le-golf-d-Entreprise\/Rejoindre-une-AS\">REJOINDRE UNE AS<\/a><\/p>\n\n\n<p class=\"has-very-light-gray-color has-text-color has-background has-medium-font-size\" style=\"background-color:#1e2346\">QUELQUES DOCUMENTS UTILES<\/p>\n\n\n<p><span style=\"color: #000080;\"><strong>Attestations employeur :<\/strong><\/span><\/p>\n<p><a href=\"https:\/\/ligue-golfgrandest.org\/wp-content\/uploads\/2026\/02\/Attestation_Employeur_Equipe.pdf\">Attestation employeur \u00e9quipe<\/a> |<br \/><a href=\"https:\/\/ligue-golfgrandest.org\/wp-content\/uploads\/2026\/02\/Attestation_Employeur_Individuelle.pdf\">Attestation employeur individuelle<\/a> |<br \/><a href=\"https:\/\/ligue-golfgrandest.org\/wp-content\/uploads\/2024\/02\/Attestation-Employeur-indiv-AGJSEP-2024.pdf\">Attestation employeur individuel sp\u00e9cifique AGJSEP<\/a> |<br \/><a href=\"https:\/\/ligue-golfgrandest.org\/wp-content\/uploads\/2024\/02\/Attestation-Employeur-indiv-2FOpen-2024.pdf\">Attestation employeur individuel sp\u00e9cifique 2FOpen<\/a> |<\/p>\n\n\n<p><\/p>\n","protected":false},"excerpt":{"rendered":"<p>LE GOLF ENTREPRISE DANS LE GRAND EST Au 17 avril 2026, la Ligue Grand Est compte 42 associations sportives Golf Entreprise et 1 Comit\u00e9 d&rsquo;Entreprise : liste des AS | Responsable commission Golf Entreprise Grand Est : Elbachir GUEMOURI Les D\u00e9l\u00e9gu\u00e9s Golf Entreprise dans le Grand Est : Des r\u00e9unions d&rsquo;information sont organis\u00e9es chaque d\u00e9but [&hellip;]<\/p>\n","protected":false},"author":3,"featured_media":0,"parent":108,"menu_order":0,"comment_status":"closed","ping_status":"closed","template":"page-templates\/page-full-width.php","meta":{"footnotes":""},"class_list":["post-260","page","type-page","status-publish","hentry"],"_links":{"self":[{"href":"https:\/\/ligue-golfgrandest.org\/index.php\/wp-json\/wp\/v2\/pages\/260","targetHints":{"allow":["GET"]}}],"collection":[{"href":"https:\/\/ligue-golfgrandest.org\/index.php\/wp-json\/wp\/v2\/pages"}],"about":[{"href":"https:\/\/ligue-golfgrandest.org\/index.php\/wp-json\/wp\/v2\/types\/page"}],"author":[{"embeddable":true,"href":"https:\/\/ligue-golfgrandest.org\/index.php\/wp-json\/wp\/v2\/users\/3"}],"replies":[{"embeddable":true,"href":"https:\/\/ligue-golfgrandest.org\/index.php\/wp-json\/wp\/v2\/comments?post=260"}],"version-history":[{"count":10,"href":"https:\/\/ligue-golfgrandest.org\/index.php\/wp-json\/wp\/v2\/pages\/260\/revisions"}],"predecessor-version":[{"id":62427,"href":"https:\/\/ligue-golfgrandest.org\/index.php\/wp-json\/wp\/v2\/pages\/260\/revisions\/62427"}],"up":[{"embeddable":true,"href":"https:\/\/ligue-golfgrandest.org\/index.php\/wp-json\/wp\/v2\/pages\/108"}],"wp:attachment":[{"href":"https:\/\/ligue-golfgrandest.org\/index.php\/wp-json\/wp\/v2\/media?parent=260"}],"curies":[{"name":"wp","href":"https:\/\/api.w.org\/{rel}","templated":true}]}}