{"id":248,"date":"2017-01-23T15:57:54","date_gmt":"2017-01-23T14:57:54","guid":{"rendered":"http:\/\/ligue-golfgrandest.org\/?page_id=248"},"modified":"2026-05-15T09:21:35","modified_gmt":"2026-05-15T07:21:35","slug":"national","status":"publish","type":"page","link":"https:\/\/ligue-golfgrandest.org\/index.php\/jeunes\/national\/","title":{"rendered":"COMPETITIONS FEDERALES NATIONALES"},"content":{"rendered":"\n<h2 class=\"wp-block-heading\">CHAMPIONNAT DE FRANCE U16 GARCONS PAR EQUIPE 2026<\/h2>\n\n\n\n<p><strong>DEUXIEME DIVISION POULE B<\/strong><\/p>\n\n\n\n<p>11-14 juillet 2026 | Le Golf National<\/p>\n\n\n\n<p>Les \u00e9quipes du Grand Est engag\u00e9es :<br><strong>GOLF ACAD\u00c9MIE 57<\/strong> <br><strong>STRASBOURG<\/strong> <\/p>\n\n\n\n<p>Infos et r\u00e9sultats |<\/p>\n\n\n\n<hr class=\"wp-block-separator has-alpha-channel-opacity\"\/>\n\n\n\n<h2 class=\"wp-block-heading\">CHAMPIONNAT DE FRANCE U16 GARCONS PAR EQUIPE 2026<\/h2>\n\n\n\n<p><strong>TROISIEME DIVISION POULE B<\/strong><\/p>\n\n\n\n<p>11-14 juillet 2026 | Golf de Roissy<\/p>\n\n\n\n<p>Les \u00e9quipes du Grand Est engag\u00e9es :<br><strong>GRANGE-AUX-ORMES<\/strong><br><strong>KEMPFERHOF<\/strong>&nbsp;<br><strong>REIMS<\/strong><br><strong>LA WANTZENAU<\/strong><\/p>\n\n\n\n<p>Infos et r\u00e9sultats |<\/p>\n\n\n\n<hr class=\"wp-block-separator has-alpha-channel-opacity\"\/>\n\n\n\n<h2 class=\"wp-block-heading\">CHAMPIONNAT DE FRANCE U16 GARCONS PAR EQUIPE 2026<\/h2>\n\n\n\n<p><strong>PROMOTION INTERREGIONALE<\/strong><\/p>\n\n\n\n<p>11-12 juillet 2026 | Golf de Chassagne<\/p>\n\n\n\n<p>Les \u00e9quipes du Grand Est engag\u00e9es :<br><strong>Extranet &#8211; Inscription des Clubs avant le 11\/06<\/strong><br><strong>Extranet &#8211; Inscription des \u00c9quipiers avant le 02\/07<\/strong><\/p>\n\n\n\n<p class=\"has-black-color has-text-color has-link-color wp-elements-a145a0cbc0ea8aaff1a7e0495cd6465b\">Infos et r\u00e9sultats |<\/p>\n\n\n\n<hr class=\"wp-block-separator has-alpha-channel-opacity\"\/>\n\n\n\n<h2 class=\"wp-block-heading\">CHAMPIONNAT DE FRANCE U16 FILLES PAR EQUIPE 2026<\/h2>\n\n\n\n<p><strong>PREMIERE DIVISION <\/strong>| <\/p>\n\n\n\n<p>11-14 juillet 2026 | Golf Club de Toulouse<\/p>\n\n\n\n<p>L&rsquo;\u00e9quipe du Grand Est engag\u00e9e :<br><strong>GOLF ACAD\u00c9MIE 57<\/strong>&nbsp;<\/p>\n\n\n\n<p>Infos et r\u00e9sultats |<\/p>\n\n\n\n<hr class=\"wp-block-separator has-alpha-channel-opacity\"\/>\n\n\n\n<h2 class=\"wp-block-heading\">CHAMPIONNAT DE FRANCE U16 FILLES PAR EQUIPE 2026<\/h2>\n\n\n\n<p><strong>PROMOTION NATIONALE<\/strong><\/p>\n\n\n\n<p>11-13 juillet 2026 |<\/p>\n\n\n\n<p>Promotion A : Golf d&rsquo;Isabella | Promotion B : Golf d&rsquo;Albret<\/p>\n\n\n\n<p>Les \u00e9quipes du Grand Est engag\u00e9es :<br><strong>Extranet &#8211; Inscription des Clubs avant le 11\/06<\/strong><br><strong>Extranet &#8211; Inscription des \u00c9quipiers avant le 02\/07<\/strong><\/p>\n\n\n\n<p>Infos et r\u00e9sultats |<\/p>\n\n\n\n<hr class=\"wp-block-separator has-alpha-channel-opacity\"\/>\n\n\n\n<h2 class=\"wp-block-heading\">CHAMPIONNAT DE FRANCE JEUNES U12 ET U14 EN INDIVIDUEL 2026<\/h2>\n\n\n\n<p>20-25 juillet 2026 | Golf du Gouverneur<\/p>\n\n\n\n<p>Infos et r\u00e9sultats |<\/p>\n\n\n\n<hr class=\"wp-block-separator has-alpha-channel-opacity\"\/>\n\n\n\n<h2 class=\"wp-block-heading\">CHAMPIONNAT DE FRANCE MINIMES U16 FILLES EN INDIVIDUEL 2026<\/h2>\n\n\n\n<p>17-20 octobre 2026 | Golf de Biarritz<\/p>\n\n\n\n<p>Infos et r\u00e9sultats |<\/p>\n\n\n\n<hr class=\"wp-block-separator has-alpha-channel-opacity\"\/>\n\n\n\n<h2 class=\"wp-block-heading\">CHAMPIONNAT DE FRANCE MINIMES U16 GARCONS EN INDIVIDUEL 2026<\/h2>\n\n\n\n<p>17-20 octobre 2026 | Grand Saint Emilionnais<\/p>\n\n\n\n<p>Infos et r\u00e9sultats |<\/p>\n\n\n\n<hr class=\"wp-block-separator has-alpha-channel-opacity\"\/>\n\n\n\n<h2 class=\"wp-block-heading\">INTERLIGUES U12 PAR \u00c9QUIPE 2026<\/h2>\n\n\n\n<p>21-24 octobre 2026 | Le Golf National<\/p>\n\n\n\n<p>Coaching : Lionel WEBER, Nicolas SONGY.<\/p>\n\n\n\n<p>Soutien et logistique : H\u00e9l\u00e8ne JAGER<\/p>\n\n\n\n<p>Infos et r\u00e9sultats |<\/p>\n\n\n\n<p><a href=\"https:\/\/www.facebook.com\/share\/v\/17rsK3kJi1\/\">Vid\u00e9o souvenir de 2025<\/a> |<\/p>\n\n\n\n<p><\/p>\n","protected":false},"excerpt":{"rendered":"<p>CHAMPIONNAT DE FRANCE U16 GARCONS PAR EQUIPE 2026 DEUXIEME DIVISION POULE B 11-14 juillet 2026 | Le Golf National Les \u00e9quipes du Grand Est engag\u00e9es :GOLF ACAD\u00c9MIE 57 STRASBOURG Infos et r\u00e9sultats | CHAMPIONNAT DE FRANCE U16 GARCONS PAR EQUIPE 2026 TROISIEME DIVISION POULE B 11-14 juillet 2026 | Golf de Roissy Les \u00e9quipes du [&hellip;]<\/p>\n","protected":false},"author":3,"featured_media":0,"parent":130,"menu_order":0,"comment_status":"closed","ping_status":"closed","template":"page-templates\/page-full-width.php","meta":{"footnotes":""},"class_list":["post-248","page","type-page","status-publish","hentry"],"_links":{"self":[{"href":"https:\/\/ligue-golfgrandest.org\/index.php\/wp-json\/wp\/v2\/pages\/248","targetHints":{"allow":["GET"]}}],"collection":[{"href":"https:\/\/ligue-golfgrandest.org\/index.php\/wp-json\/wp\/v2\/pages"}],"about":[{"href":"https:\/\/ligue-golfgrandest.org\/index.php\/wp-json\/wp\/v2\/types\/page"}],"author":[{"embeddable":true,"href":"https:\/\/ligue-golfgrandest.org\/index.php\/wp-json\/wp\/v2\/users\/3"}],"replies":[{"embeddable":true,"href":"https:\/\/ligue-golfgrandest.org\/index.php\/wp-json\/wp\/v2\/comments?post=248"}],"version-history":[{"count":81,"href":"https:\/\/ligue-golfgrandest.org\/index.php\/wp-json\/wp\/v2\/pages\/248\/revisions"}],"predecessor-version":[{"id":63124,"href":"https:\/\/ligue-golfgrandest.org\/index.php\/wp-json\/wp\/v2\/pages\/248\/revisions\/63124"}],"up":[{"embeddable":true,"href":"https:\/\/ligue-golfgrandest.org\/index.php\/wp-json\/wp\/v2\/pages\/130"}],"wp:attachment":[{"href":"https:\/\/ligue-golfgrandest.org\/index.php\/wp-json\/wp\/v2\/media?parent=248"}],"curies":[{"name":"wp","href":"https:\/\/api.w.org\/{rel}","templated":true}]}}