{"id":237,"date":"2017-01-23T15:38:38","date_gmt":"2017-01-23T14:38:38","guid":{"rendered":"http:\/\/ligue-golfgrandest.org\/?page_id=237"},"modified":"2026-04-28T15:35:29","modified_gmt":"2026-04-28T13:35:29","slug":"ligue","status":"publish","type":"page","link":"https:\/\/ligue-golfgrandest.org\/index.php\/jeunes\/ligue\/","title":{"rendered":"COMPETITION DE LA LIGUE DE GOLF GRAND EST et Inter-R\u00e9gions Est"},"content":{"rendered":"\n<hr class=\"wp-block-separator has-alpha-channel-opacity\"\/>\n\n\n\n<h2 class=\"wp-block-heading\">PQ1 | QUALIFICATION R\u00c9GIONALE CHAMPIONNAT DE FRANCE JEUNES U12 ET U14 | INDIVIDUEL<\/h2>\n\n\n\n<p><strong>Phase de qualification 1 &#8211; ZONE EST<\/strong><\/p>\n\n\n\n<p>8 mai 2026 | Golf de Soufflenheim | <\/p>\n\n\n\n<p>Compte pour le M\u00e9rite Jeunes (droit de jeu f\u00e9d\u00e9ral non obligatoire)<\/p>\n\n\n\n<p><a href=\"https:\/\/ligue-golfgrandest.org\/wp-content\/uploads\/2026\/04\/reglement-QUALIFS-JEUNES-2.pdf\">R\u00e8glement <\/a>| | <a href=\"https:\/\/ligue-golfgrandest.org\/wp-content\/uploads\/2026\/04\/quotas-2.jpg\">R\u00e9partition des quotas <\/a>| <a href=\"https:\/\/ligue-golfgrandest.org\/wp-content\/uploads\/2026\/04\/PQ1_EST_CHAMP-JOUEURS.pdf\">Champ des joueurs Zone EST<\/a> |<\/p>\n\n\n\n<figure class=\"wp-block-image size-medium\"><a href=\"https:\/\/ligue-golfgrandest.org\/wp-content\/uploads\/2024\/04\/repartition-ESt-Ouest.png\"><img loading=\"lazy\" decoding=\"async\" width=\"530\" height=\"254\" src=\"https:\/\/ligue-golfgrandest.org\/wp-content\/uploads\/2024\/04\/repartition-ESt-Ouest-530x254.png\" alt=\"\" class=\"wp-image-53750\" srcset=\"https:\/\/ligue-golfgrandest.org\/wp-content\/uploads\/2024\/04\/repartition-ESt-Ouest-530x254.png 530w, https:\/\/ligue-golfgrandest.org\/wp-content\/uploads\/2024\/04\/repartition-ESt-Ouest-768x368.png 768w, https:\/\/ligue-golfgrandest.org\/wp-content\/uploads\/2024\/04\/repartition-ESt-Ouest.png 949w\" sizes=\"auto, (max-width: 530px) 100vw, 530px\" \/><\/a><\/figure>\n\n\n\n<hr class=\"wp-block-separator has-alpha-channel-opacity\"\/>\n\n\n\n<h2 class=\"wp-block-heading\">PQ1 | QUALIFICATION R\u00c9GIONALE CHAMPIONNAT DE FRANCE JEUNES U12 ET U14 | INDIVIDUEL<\/h2>\n\n\n\n<p><strong>Phase de qualification 1 &#8211; ZONE OUEST<\/strong><\/p>\n\n\n\n<p>8 mai 2026 | Golf de Ch\u00e2lons-en-Champagne | <\/p>\n\n\n\n<p>Compte pour le M\u00e9rite Jeunes (droit de jeu f\u00e9d\u00e9ral non obligatoire)<\/p>\n\n\n\n<p><a href=\"https:\/\/ligue-golfgrandest.org\/wp-content\/uploads\/2026\/04\/reglement-QUALIFS-JEUNES-1.pdf\">R\u00e8glement<\/a>  | <a href=\"https:\/\/ligue-golfgrandest.org\/wp-content\/uploads\/2026\/04\/quotas-2.jpg\">R\u00e9partition des quotas<\/a> | <a href=\"https:\/\/ligue-golfgrandest.org\/wp-content\/uploads\/2026\/04\/PQ1_OUEST_CHAMP-JOUEURS.pdf\">Champ des joueurs zone OUEST<\/a> |<\/p>\n\n\n\n<figure class=\"wp-block-image size-medium\"><a href=\"https:\/\/ligue-golfgrandest.org\/wp-content\/uploads\/2024\/04\/repartition-ESt-Ouest.png\"><img loading=\"lazy\" decoding=\"async\" width=\"530\" height=\"254\" src=\"https:\/\/ligue-golfgrandest.org\/wp-content\/uploads\/2024\/04\/repartition-ESt-Ouest-530x254.png\" alt=\"\" class=\"wp-image-53750\" srcset=\"https:\/\/ligue-golfgrandest.org\/wp-content\/uploads\/2024\/04\/repartition-ESt-Ouest-530x254.png 530w, https:\/\/ligue-golfgrandest.org\/wp-content\/uploads\/2024\/04\/repartition-ESt-Ouest-768x368.png 768w, https:\/\/ligue-golfgrandest.org\/wp-content\/uploads\/2024\/04\/repartition-ESt-Ouest.png 949w\" sizes=\"auto, (max-width: 530px) 100vw, 530px\" \/><\/a><\/figure>\n\n\n\n<hr class=\"wp-block-separator has-alpha-channel-opacity\"\/>\n\n\n\n<h2 class=\"wp-block-heading\">PQ2 | QUALIFICATION R\u00c9GIONALE CHAMPIONNAT DE FRANCE JEUNES U12 ET U14 | INDIVIDUEL<\/h2>\n\n\n\n<p><strong>Phase de qualification 2 &#8211; GRAND EST<\/strong><\/p>\n\n\n\n<p>13-14 juin 2026 | Golf de Faulquemont | <a href=\"https:\/\/ligue-golfgrandest.org\/wp-content\/uploads\/2026\/04\/reglement-QUALIFS-JEUNES.pdf\">R\u00e8glement <\/a>|<\/p>\n\n\n\n<p>Compte pour le M\u00e9rite Jeunes (Droit de Jeu F\u00e9d\u00e9ral <strong>OBLIGATOIRE<\/strong>)<\/p>\n\n\n\n<p>R\u00e8glement de l&rsquo;\u00e9preuve | <\/p>\n\n\n\n<hr class=\"wp-block-separator has-alpha-channel-opacity\"\/>\n\n\n\n<h2 class=\"wp-block-heading\">CHALLENGE NATIONAL DES \u00c9COLES DE GOLF (Challenge Acadomia \u00c9coles de Golf)<\/h2>\n\n\n\n<p><strong>Finale R\u00e9gionale LIGUE GRAND EST<\/strong><\/p>\n\n\n\n<p>Comp\u00e9tition en \u00e9quipe<\/p>\n\n\n\n<p>3 octobre 2026 | Golf Acad\u00e9mie 57<\/p>\n\n\n\n<p>Affiche | Classement | <\/p>\n\n\n\n<p>R\u00e8glement de l&rsquo;\u00e9preuve |<\/p>\n\n\n\n<hr class=\"wp-block-separator has-alpha-channel-opacity\"\/>\n\n\n\n<h2 class=\"wp-block-heading\">MASTERS U10<\/h2>\n\n\n\n<p>11 octobre 2026 | Golf d&rsquo;Avrainville<\/p>\n\n\n\n<p>Affiche | <\/p>\n\n\n\n<p>R\u00e8glement de l&rsquo;\u00e9preuve |<\/p>\n\n\n\n<hr class=\"wp-block-separator has-alpha-channel-opacity\"\/>\n\n\n\n<hr class=\"wp-block-separator has-alpha-channel-opacity\"\/>\n\n\n\n<h2 class=\"wp-block-heading has-cyan-bluish-gray-color has-text-color has-link-color wp-elements-3d71ce4fc076e922a0ee5fb99aee9831\">R\u00e9sultats 2025<\/h2>\n\n\n\n<p class=\"has-cyan-bluish-gray-color has-text-color has-link-color wp-elements-80031192e4a96e7672f15156eb7104e4\"><strong>CHAMPIONS DE LIGUE 2025<\/strong> : U10F : Anne-Charlotte MAUPIN (Ch\u00e2lons-en-Champagne) | U10G : Pablo JACQUOT (Kempferhof) | U12F : Anne-Sophie ALLEZOT (Combles-en-Barrois) | U12G : Eliel JEUCH (Kempferhof) | U14F : Lily Rose KOSTELNIK (Kempferhof) |  U14G : Anatole BEUVELET (Reims).<\/p>\n\n\n\n<p class=\"has-cyan-bluish-gray-color has-text-color has-link-color wp-elements-4f3650ee9f9deeb09e4491c43c49d99b\"><strong>QUALIFICATION R\u00c9GIONALE CHAMPIONNAT DE FRANCE JEUNES<\/strong> | <a href=\"https:\/\/ligue-golfgrandest.org\/wp-content\/uploads\/2025\/06\/RESULTATS-PQ2.pdf\">R\u00e9sultats<\/a> | <\/p>\n\n\n\n<p class=\"has-cyan-bluish-gray-color has-text-color has-link-color wp-elements-6ab7950848fbd9d70da0c39de97173dd\"><strong>CHALLENGE NATIONAL DES \u00c9COLES DES GOLF &#8211; FINALE R\u00c9GIONALE<\/strong> | <a href=\"https:\/\/ligue-golfgrandest.org\/wp-content\/uploads\/2025\/10\/2025-CNEDG-FINALE-RESULTATS-MP.pdf\">R\u00e9sultats<\/a> |<\/p>\n\n\n\n<p class=\"has-cyan-bluish-gray-color has-text-color has-link-color wp-elements-5da3dcef251c1caa06ca66cca3bfe795\"><strong>MASTERS U10<\/strong> | <a href=\"https:\/\/ligue-golfgrandest.org\/wp-content\/uploads\/2025\/10\/251012-RESULTATS-MASTERS-U10.pdf\">R\u00e9sultats<\/a> |<\/p>\n\n\n\n<hr class=\"wp-block-separator has-alpha-channel-opacity\"\/>\n\n\n\n<p><\/p>\n","protected":false},"excerpt":{"rendered":"<p>PQ1 | QUALIFICATION R\u00c9GIONALE CHAMPIONNAT DE FRANCE JEUNES U12 ET U14 | INDIVIDUEL Phase de qualification 1 &#8211; ZONE EST 8 mai 2026 | Golf de Soufflenheim | Compte pour le M\u00e9rite Jeunes (droit de jeu f\u00e9d\u00e9ral non obligatoire) R\u00e8glement | | R\u00e9partition des quotas | Champ des joueurs Zone EST | PQ1 | QUALIFICATION [&hellip;]<\/p>\n","protected":false},"author":3,"featured_media":0,"parent":130,"menu_order":0,"comment_status":"closed","ping_status":"closed","template":"page-templates\/page-full-width.php","meta":{"footnotes":""},"class_list":["post-237","page","type-page","status-publish","hentry"],"_links":{"self":[{"href":"https:\/\/ligue-golfgrandest.org\/index.php\/wp-json\/wp\/v2\/pages\/237","targetHints":{"allow":["GET"]}}],"collection":[{"href":"https:\/\/ligue-golfgrandest.org\/index.php\/wp-json\/wp\/v2\/pages"}],"about":[{"href":"https:\/\/ligue-golfgrandest.org\/index.php\/wp-json\/wp\/v2\/types\/page"}],"author":[{"embeddable":true,"href":"https:\/\/ligue-golfgrandest.org\/index.php\/wp-json\/wp\/v2\/users\/3"}],"replies":[{"embeddable":true,"href":"https:\/\/ligue-golfgrandest.org\/index.php\/wp-json\/wp\/v2\/comments?post=237"}],"version-history":[{"count":45,"href":"https:\/\/ligue-golfgrandest.org\/index.php\/wp-json\/wp\/v2\/pages\/237\/revisions"}],"predecessor-version":[{"id":62684,"href":"https:\/\/ligue-golfgrandest.org\/index.php\/wp-json\/wp\/v2\/pages\/237\/revisions\/62684"}],"up":[{"embeddable":true,"href":"https:\/\/ligue-golfgrandest.org\/index.php\/wp-json\/wp\/v2\/pages\/130"}],"wp:attachment":[{"href":"https:\/\/ligue-golfgrandest.org\/index.php\/wp-json\/wp\/v2\/media?parent=237"}],"curies":[{"name":"wp","href":"https:\/\/api.w.org\/{rel}","templated":true}]}}