{"id":23562,"date":"2020-02-10T13:20:40","date_gmt":"2020-02-10T12:20:40","guid":{"rendered":"http:\/\/ligue-golfgrandest.org\/?page_id=23562"},"modified":"2026-04-17T12:25:32","modified_gmt":"2026-04-17T10:25:32","slug":"comp-dep-54-55-88","status":"publish","type":"page","link":"https:\/\/ligue-golfgrandest.org\/index.php\/jeunes\/departement\/comp-dep-54-55-88\/","title":{"rendered":"COMPETITIONS DE DEPARTEMENT | 54-55-88"},"content":{"rendered":"\n<div class=\"wp-block-columns is-layout-flex wp-container-core-columns-is-layout-9d6595d7 wp-block-columns-is-layout-flex\">\n<div class=\"wp-block-column is-layout-flow wp-block-column-is-layout-flow\" style=\"flex-basis:33.33%\">\n<figure class=\"wp-block-image size-full\"><a href=\"https:\/\/ligue-golfgrandest.org\/wp-content\/uploads\/2026\/03\/1_affiche-portrait.jpg\"><img loading=\"lazy\" decoding=\"async\" width=\"992\" height=\"1370\" src=\"https:\/\/ligue-golfgrandest.org\/wp-content\/uploads\/2026\/03\/1_affiche-portrait.jpg\" alt=\"\" class=\"wp-image-62120\" srcset=\"https:\/\/ligue-golfgrandest.org\/wp-content\/uploads\/2026\/03\/1_affiche-portrait.jpg 992w, https:\/\/ligue-golfgrandest.org\/wp-content\/uploads\/2026\/03\/1_affiche-portrait-217x300.jpg 217w, https:\/\/ligue-golfgrandest.org\/wp-content\/uploads\/2026\/03\/1_affiche-portrait-869x1200.jpg 869w, https:\/\/ligue-golfgrandest.org\/wp-content\/uploads\/2026\/03\/1_affiche-portrait-768x1061.jpg 768w\" sizes=\"auto, (max-width: 992px) 100vw, 992px\" \/><\/a><\/figure>\n<\/div>\n\n\n\n<div class=\"wp-block-column is-layout-flow wp-block-column-is-layout-flow\" style=\"flex-basis:66.66%\">\n<h1 class=\"wp-block-heading\">TOUR D\u00c9PARTEMENTAL 2026 (54-55-88)<\/h1>\n\n\n\n<p><strong>U10 &#8211; U12 &#8211; U14 <\/strong><\/p>\n\n\n\n<p><a href=\"https:\/\/ligue-golfgrandest.org\/wp-content\/uploads\/2026\/03\/1_affiche-portrait.jpg\">Affiche 2026<\/a> |<\/p>\n\n\n\n<p><em><a href=\"https:\/\/ligue-golfgrandest.org\/wp-content\/uploads\/2026\/03\/Les-Tours-Departementaux-U10-U12-U14.pdf\">R\u00e8glement dans le Vademecum de la Ligue en page 35<\/a>&nbsp;<\/em>|<\/p>\n\n\n\n<p>Inscription sur Extranet 7 jours avant chaque \u00e9preuve<\/p>\n\n\n\n<h3 class=\"wp-block-heading\"><strong>Samedi 18 avril <\/strong>| <strong>Nancy Aingeray (54)<\/strong><\/h3>\n\n\n\n<p><a href=\"https:\/\/ligue-golfgrandest.org\/wp-content\/uploads\/2026\/03\/1_-rencontre-18-Avril_v2.jpg\">Affiche<\/a> | <a href=\"https:\/\/ligue-golfgrandest.org\/wp-content\/uploads\/2026\/04\/Depart_18T.pdf\">D\u00e9parts 18T <\/a>| <a href=\"https:\/\/ligue-golfgrandest.org\/wp-content\/uploads\/2026\/04\/Depart_9T_index_sup40.pdf\">D\u00e9parts 9T sup 40 <\/a>| <a href=\"https:\/\/ligue-golfgrandest.org\/wp-content\/uploads\/2026\/04\/Depart_9T_non_classes.pdf\">D\u00e9parts 9T NC<\/a> |<\/p>\n\n\n\n<h3 class=\"wp-block-heading\"><strong>Samedi 2 mai | Nancy Pulnoy (54)<\/strong> &#8211; Compte pour le M\u00e9rite Jeunes<\/h3>\n\n\n\n<p><a href=\"https:\/\/ligue-golfgrandest.org\/wp-content\/uploads\/2026\/03\/3_-rencontre-2-mai.jpg\">Affiche<\/a> |<\/p>\n\n\n\n<h3 class=\"wp-block-heading\"><strong>Samedi 16 mai<\/strong> | <strong>Combles-en-Barrois  (55)<\/strong> <\/h3>\n\n\n\n<p><a href=\"https:\/\/ligue-golfgrandest.org\/wp-content\/uploads\/2026\/03\/4_-rencontre-16-mai.jpg\">Affiche<\/a> |<\/p>\n\n\n\n<h3 class=\"wp-block-heading\"><strong>Samedi 27 juin | Epinal (88) <\/strong><\/h3>\n\n\n\n<p><a href=\"https:\/\/ligue-golfgrandest.org\/wp-content\/uploads\/2026\/03\/5_-rencontre-27-juin.jpg\">Affiche<\/a> |<\/p>\n\n\n\n<h3 class=\"wp-block-heading\"><strong>Samedi 5 septembre | Vittel Hazeau (88) <\/strong><\/h3>\n\n\n\n<p><a href=\"https:\/\/ligue-golfgrandest.org\/wp-content\/uploads\/2026\/03\/6_-rencontre-5-SEPTEMBRE.jpg\">Affiche<\/a> |<\/p>\n\n\n\n<h3 class=\"wp-block-heading\"><strong>Samedi 26 septembre<\/strong> | <strong>Longwy (54) <\/strong><\/h3>\n\n\n\n<p><a href=\"https:\/\/ligue-golfgrandest.org\/wp-content\/uploads\/2026\/03\/7_-rencontre-26-SEPTEMBRE.jpg\">Affiche<\/a> |<\/p>\n<\/div>\n<\/div>\n","protected":false},"excerpt":{"rendered":"<p>TOUR D\u00c9PARTEMENTAL 2026 (54-55-88) U10 &#8211; U12 &#8211; U14 Affiche 2026 | R\u00e8glement dans le Vademecum de la Ligue en page 35&nbsp;| Inscription sur Extranet 7 jours avant chaque \u00e9preuve Samedi 18 avril | Nancy Aingeray (54) Affiche | D\u00e9parts 18T | D\u00e9parts 9T sup 40 | D\u00e9parts 9T NC | Samedi 2 mai | [&hellip;]<\/p>\n","protected":false},"author":3,"featured_media":0,"parent":233,"menu_order":0,"comment_status":"closed","ping_status":"closed","template":"page-templates\/page-full-width.php","meta":{"footnotes":""},"class_list":["post-23562","page","type-page","status-publish","hentry"],"_links":{"self":[{"href":"https:\/\/ligue-golfgrandest.org\/index.php\/wp-json\/wp\/v2\/pages\/23562","targetHints":{"allow":["GET"]}}],"collection":[{"href":"https:\/\/ligue-golfgrandest.org\/index.php\/wp-json\/wp\/v2\/pages"}],"about":[{"href":"https:\/\/ligue-golfgrandest.org\/index.php\/wp-json\/wp\/v2\/types\/page"}],"author":[{"embeddable":true,"href":"https:\/\/ligue-golfgrandest.org\/index.php\/wp-json\/wp\/v2\/users\/3"}],"replies":[{"embeddable":true,"href":"https:\/\/ligue-golfgrandest.org\/index.php\/wp-json\/wp\/v2\/comments?post=23562"}],"version-history":[{"count":25,"href":"https:\/\/ligue-golfgrandest.org\/index.php\/wp-json\/wp\/v2\/pages\/23562\/revisions"}],"predecessor-version":[{"id":62461,"href":"https:\/\/ligue-golfgrandest.org\/index.php\/wp-json\/wp\/v2\/pages\/23562\/revisions\/62461"}],"up":[{"embeddable":true,"href":"https:\/\/ligue-golfgrandest.org\/index.php\/wp-json\/wp\/v2\/pages\/233"}],"wp:attachment":[{"href":"https:\/\/ligue-golfgrandest.org\/index.php\/wp-json\/wp\/v2\/media?parent=23562"}],"curies":[{"name":"wp","href":"https:\/\/api.w.org\/{rel}","templated":true}]}}