{"id":23560,"date":"2020-02-10T13:20:05","date_gmt":"2020-02-10T12:20:05","guid":{"rendered":"http:\/\/ligue-golfgrandest.org\/?page_id=23560"},"modified":"2026-04-13T12:25:43","modified_gmt":"2026-04-13T10:25:43","slug":"comp-dep-57","status":"publish","type":"page","link":"https:\/\/ligue-golfgrandest.org\/index.php\/jeunes\/departement\/comp-dep-57\/","title":{"rendered":"COMPETITIONS DE DEPARTEMENT |57"},"content":{"rendered":"\n<div class=\"wp-block-columns is-layout-flex wp-container-core-columns-is-layout-9d6595d7 wp-block-columns-is-layout-flex\">\n<div class=\"wp-block-column is-layout-flow wp-block-column-is-layout-flow\" style=\"flex-basis:33.33%\">\n<figure class=\"wp-block-image size-full\"><a href=\"https:\/\/ligue-golfgrandest.org\/wp-content\/uploads\/2026\/02\/MOSELLE-TOUR-2026-VF-HD-part-1.jpg\"><img loading=\"lazy\" decoding=\"async\" width=\"1755\" height=\"2480\" src=\"https:\/\/ligue-golfgrandest.org\/wp-content\/uploads\/2026\/02\/MOSELLE-TOUR-2026-VF-HD-part-1.jpg\" alt=\"\" class=\"wp-image-61758\" srcset=\"https:\/\/ligue-golfgrandest.org\/wp-content\/uploads\/2026\/02\/MOSELLE-TOUR-2026-VF-HD-part-1.jpg 1755w, https:\/\/ligue-golfgrandest.org\/wp-content\/uploads\/2026\/02\/MOSELLE-TOUR-2026-VF-HD-part-1-212x300.jpg 212w, https:\/\/ligue-golfgrandest.org\/wp-content\/uploads\/2026\/02\/MOSELLE-TOUR-2026-VF-HD-part-1-849x1200.jpg 849w, https:\/\/ligue-golfgrandest.org\/wp-content\/uploads\/2026\/02\/MOSELLE-TOUR-2026-VF-HD-part-1-768x1085.jpg 768w, https:\/\/ligue-golfgrandest.org\/wp-content\/uploads\/2026\/02\/MOSELLE-TOUR-2026-VF-HD-part-1-1087x1536.jpg 1087w, https:\/\/ligue-golfgrandest.org\/wp-content\/uploads\/2026\/02\/MOSELLE-TOUR-2026-VF-HD-part-1-1449x2048.jpg 1449w\" sizes=\"auto, (max-width: 1755px) 100vw, 1755px\" \/><\/a><\/figure>\n<\/div>\n\n\n\n<div class=\"wp-block-column is-layout-flow wp-block-column-is-layout-flow\"><\/div>\n\n\n\n<div class=\"wp-block-column is-layout-flow wp-block-column-is-layout-flow\" style=\"flex-basis:66.66%\">\n<h1 class=\"wp-block-heading\">MOSELLE TOUR 2026 (57)<\/h1>\n\n\n\n<p><strong>U10 &#8211; U12 &#8211; U14 <\/strong><\/p>\n\n\n\n<p><a href=\"https:\/\/ligue-golfgrandest.org\/wp-content\/uploads\/2026\/02\/MOSELLE-TOUR-2026-VF-HD-part-1.pdf\">Affiche 2026<\/a> |<\/p>\n\n\n\n<p><\/p>\n\n\n\n<h3 class=\"wp-block-heading\"><strong>Samedi 14 mars <\/strong>| <strong>La Grange-aux-Ormes<\/strong><\/h3>\n\n\n\n<p><a href=\"https:\/\/ligue-golfgrandest.org\/wp-content\/uploads\/2026\/03\/1a.-Resultats-MOSELLE-TOUR-18T-Index-INF-ou-EGAL-40.pdf\">R\u00e9sultats 18T<\/a> | <a href=\"https:\/\/ligue-golfgrandest.org\/wp-content\/uploads\/2026\/03\/1a.-Resultats-MOSELLE-TOUR-9T-Index-SUP-40.pdf\">R\u00e9sultats 9T sup 40 <\/a>| <a href=\"https:\/\/ligue-golfgrandest.org\/wp-content\/uploads\/2026\/03\/1a.-Resultats-MOSELLE-TOUR-U10-U12-NON-CLASSES.pdf\">R\u00e9sultats 9T non class\u00e9s U10U12<\/a> |<\/p>\n\n\n\n<h3 class=\"wp-block-heading\"><strong>Samedi 11 avril | Faulquemont<\/strong><\/h3>\n\n\n\n<p><a href=\"https:\/\/ligue-golfgrandest.org\/wp-content\/uploads\/2026\/04\/Scan-26041116140.pdf\">R\u00e9sultats 18T<\/a> | <a href=\"https:\/\/ligue-golfgrandest.org\/wp-content\/uploads\/2026\/04\/1b.-Resultats-sans-nouveaux-index-62.pdf\">R\u00e9sultats Moselle Avenir<\/a> |<\/p>\n\n\n\n<h3 class=\"wp-block-heading\"><strong>Samedi 23 mai | Metz Ch\u00e9risey \u2013&nbsp;<em><strong>M\u00e9rite Jeunes<\/strong><\/em><\/strong> <strong><em>(18T)<\/em><\/strong><\/h3>\n\n\n\n<h3 class=\"wp-block-heading\"><strong>Samedi 20 juin<\/strong> | <strong>Sarrebourg<\/strong><\/h3>\n\n\n\n<h3 class=\"wp-block-heading\"><strong>Samedi 19 septembre | Metz Technop\u00f4le<\/strong><\/h3>\n\n\n\n<h3 class=\"wp-block-heading\"><strong>Samedi 10 octobre<\/strong> | <strong>Preisch<\/strong><\/h3>\n<\/div>\n<\/div>\n\n\n\n<figure class=\"wp-block-gallery has-nested-images columns-default is-cropped wp-block-gallery-1 is-layout-flex wp-block-gallery-is-layout-flex\">\n<figure class=\"wp-block-image size-large\"><a href=\"https:\/\/ligue-golfgrandest.org\/wp-content\/uploads\/2026\/04\/649599920_929192866189339_6101830970533017047_n.jpg\"><img loading=\"lazy\" decoding=\"async\" width=\"1600\" height=\"760\" data-id=\"62295\" src=\"https:\/\/ligue-golfgrandest.org\/wp-content\/uploads\/2026\/04\/649599920_929192866189339_6101830970533017047_n-1600x760.jpg\" alt=\"Tour 1\" class=\"wp-image-62295\" srcset=\"https:\/\/ligue-golfgrandest.org\/wp-content\/uploads\/2026\/04\/649599920_929192866189339_6101830970533017047_n-1600x760.jpg 1600w, https:\/\/ligue-golfgrandest.org\/wp-content\/uploads\/2026\/04\/649599920_929192866189339_6101830970533017047_n-530x252.jpg 530w, https:\/\/ligue-golfgrandest.org\/wp-content\/uploads\/2026\/04\/649599920_929192866189339_6101830970533017047_n-768x365.jpg 768w, https:\/\/ligue-golfgrandest.org\/wp-content\/uploads\/2026\/04\/649599920_929192866189339_6101830970533017047_n-1536x730.jpg 1536w, https:\/\/ligue-golfgrandest.org\/wp-content\/uploads\/2026\/04\/649599920_929192866189339_6101830970533017047_n-2048x973.jpg 2048w\" sizes=\"auto, (max-width: 1600px) 100vw, 1600px\" \/><\/a><figcaption class=\"wp-element-caption\">Tour 1<\/figcaption><\/figure>\n\n\n\n<figure class=\"wp-block-image size-large\"><a href=\"https:\/\/ligue-golfgrandest.org\/wp-content\/uploads\/2026\/04\/IMG_20260411_164654-1.jpg\"><img loading=\"lazy\" decoding=\"async\" width=\"1600\" height=\"1200\" data-id=\"62296\" src=\"https:\/\/ligue-golfgrandest.org\/wp-content\/uploads\/2026\/04\/IMG_20260411_164654-1-1600x1200.jpg\" alt=\"Tour 2\" class=\"wp-image-62296\" srcset=\"https:\/\/ligue-golfgrandest.org\/wp-content\/uploads\/2026\/04\/IMG_20260411_164654-1-1600x1200.jpg 1600w, https:\/\/ligue-golfgrandest.org\/wp-content\/uploads\/2026\/04\/IMG_20260411_164654-1-400x300.jpg 400w, https:\/\/ligue-golfgrandest.org\/wp-content\/uploads\/2026\/04\/IMG_20260411_164654-1-768x576.jpg 768w, https:\/\/ligue-golfgrandest.org\/wp-content\/uploads\/2026\/04\/IMG_20260411_164654-1-1536x1152.jpg 1536w, https:\/\/ligue-golfgrandest.org\/wp-content\/uploads\/2026\/04\/IMG_20260411_164654-1-2048x1536.jpg 2048w\" sizes=\"auto, (max-width: 1600px) 100vw, 1600px\" \/><\/a><figcaption class=\"wp-element-caption\">Tour 2<\/figcaption><\/figure>\n<\/figure>\n\n\n\n<p><\/p>\n","protected":false},"excerpt":{"rendered":"<p>MOSELLE TOUR 2026 (57) U10 &#8211; U12 &#8211; U14 Affiche 2026 | Samedi 14 mars | La Grange-aux-Ormes R\u00e9sultats 18T | R\u00e9sultats 9T sup 40 | R\u00e9sultats 9T non class\u00e9s U10U12 | Samedi 11 avril | Faulquemont R\u00e9sultats 18T | R\u00e9sultats Moselle Avenir | Samedi 23 mai | Metz Ch\u00e9risey \u2013&nbsp;M\u00e9rite Jeunes (18T) Samedi 20 [&hellip;]<\/p>\n","protected":false},"author":3,"featured_media":0,"parent":233,"menu_order":0,"comment_status":"closed","ping_status":"closed","template":"page-templates\/page-full-width.php","meta":{"footnotes":""},"class_list":["post-23560","page","type-page","status-publish","hentry"],"_links":{"self":[{"href":"https:\/\/ligue-golfgrandest.org\/index.php\/wp-json\/wp\/v2\/pages\/23560","targetHints":{"allow":["GET"]}}],"collection":[{"href":"https:\/\/ligue-golfgrandest.org\/index.php\/wp-json\/wp\/v2\/pages"}],"about":[{"href":"https:\/\/ligue-golfgrandest.org\/index.php\/wp-json\/wp\/v2\/types\/page"}],"author":[{"embeddable":true,"href":"https:\/\/ligue-golfgrandest.org\/index.php\/wp-json\/wp\/v2\/users\/3"}],"replies":[{"embeddable":true,"href":"https:\/\/ligue-golfgrandest.org\/index.php\/wp-json\/wp\/v2\/comments?post=23560"}],"version-history":[{"count":25,"href":"https:\/\/ligue-golfgrandest.org\/index.php\/wp-json\/wp\/v2\/pages\/23560\/revisions"}],"predecessor-version":[{"id":62302,"href":"https:\/\/ligue-golfgrandest.org\/index.php\/wp-json\/wp\/v2\/pages\/23560\/revisions\/62302"}],"up":[{"embeddable":true,"href":"https:\/\/ligue-golfgrandest.org\/index.php\/wp-json\/wp\/v2\/pages\/233"}],"wp:attachment":[{"href":"https:\/\/ligue-golfgrandest.org\/index.php\/wp-json\/wp\/v2\/media?parent=23560"}],"curies":[{"name":"wp","href":"https:\/\/api.w.org\/{rel}","templated":true}]}}