{"id":23556,"date":"2020-02-10T13:18:08","date_gmt":"2020-02-10T12:18:08","guid":{"rendered":"http:\/\/ligue-golfgrandest.org\/?page_id=23556"},"modified":"2026-04-20T08:35:27","modified_gmt":"2026-04-20T06:35:27","slug":"comp-dep-67-68","status":"publish","type":"page","link":"https:\/\/ligue-golfgrandest.org\/index.php\/jeunes\/departement\/comp-dep-67-68\/","title":{"rendered":"COMPETITIONS DE DEPARTEMENT | 67-68"},"content":{"rendered":"\n<div class=\"wp-block-columns is-layout-flex wp-container-core-columns-is-layout-9d6595d7 wp-block-columns-is-layout-flex\">\n<div class=\"wp-block-column is-layout-flow wp-block-column-is-layout-flow\" style=\"flex-basis:33.33%\">\n<figure class=\"wp-block-image size-full\"><a href=\"https:\/\/ligue-golfgrandest.org\/wp-content\/uploads\/2026\/02\/Alsace-Tour.jpg\"><img loading=\"lazy\" decoding=\"async\" width=\"905\" height=\"1280\" src=\"https:\/\/ligue-golfgrandest.org\/wp-content\/uploads\/2026\/02\/Alsace-Tour.jpg\" alt=\"\" class=\"wp-image-61620\" srcset=\"https:\/\/ligue-golfgrandest.org\/wp-content\/uploads\/2026\/02\/Alsace-Tour.jpg 905w, https:\/\/ligue-golfgrandest.org\/wp-content\/uploads\/2026\/02\/Alsace-Tour-212x300.jpg 212w, https:\/\/ligue-golfgrandest.org\/wp-content\/uploads\/2026\/02\/Alsace-Tour-848x1200.jpg 848w, https:\/\/ligue-golfgrandest.org\/wp-content\/uploads\/2026\/02\/Alsace-Tour-768x1086.jpg 768w\" sizes=\"auto, (max-width: 905px) 100vw, 905px\" \/><\/a><\/figure>\n<\/div>\n\n\n\n<div class=\"wp-block-column is-layout-flow wp-block-column-is-layout-flow\" style=\"flex-basis:66.66%\">\n<h1 class=\"wp-block-heading\">ALSACE TOUR 2026 (67 &amp; 68)<\/h1>\n\n\n\n<p><strong>U10 &#8211; U12 &#8211; U14 <\/strong><\/p>\n\n\n\n<p><a href=\"https:\/\/ligue-golfgrandest.org\/wp-content\/uploads\/2026\/02\/Alsace-Tour.jpg\">Affiche 2026<\/a> |<\/p>\n\n\n\n<p>Inscription sur Extranet 7 jours avant chaque \u00e9preuve<\/p>\n\n\n\n<h3 class=\"wp-block-heading\"><strong>Samedi 14 mars <\/strong>| <strong>La Wantzenau<\/strong> <strong>(67)<\/strong> &#8211; <em><strong>M\u00e9rite Jeunes<\/strong><\/em> <em><strong>(18T)<\/strong><\/em><\/h3>\n\n\n\n<p><a href=\"https:\/\/ligue-golfgrandest.org\/wp-content\/uploads\/2026\/03\/resultats-18T-inf-40.pdf\">R\u00e9sultats 18T<\/a> | <a href=\"https:\/\/ligue-golfgrandest.org\/wp-content\/uploads\/2026\/03\/resultats-9T-sup-40.pdf\">R\u00e9sultats 9T Sup 40<\/a> | <a href=\"https:\/\/ligue-golfgrandest.org\/wp-content\/uploads\/2026\/03\/resultats-9T-non-classes.pdf\">R\u00e9sultats NC U10U12<\/a> |<\/p>\n\n\n\n<figure class=\"wp-block-gallery has-nested-images columns-7 is-cropped wp-block-gallery-1 is-layout-flex wp-block-gallery-is-layout-flex\">\n<figure class=\"wp-block-image size-large\"><a href=\"https:\/\/ligue-golfgrandest.org\/wp-content\/uploads\/2026\/03\/IMG_7252.jpeg\"><img loading=\"lazy\" decoding=\"async\" width=\"1280\" height=\"960\" data-id=\"62084\" src=\"https:\/\/ligue-golfgrandest.org\/wp-content\/uploads\/2026\/03\/IMG_7252.jpeg\" alt=\"\" class=\"wp-image-62084\" srcset=\"https:\/\/ligue-golfgrandest.org\/wp-content\/uploads\/2026\/03\/IMG_7252.jpeg 1280w, https:\/\/ligue-golfgrandest.org\/wp-content\/uploads\/2026\/03\/IMG_7252-400x300.jpeg 400w, https:\/\/ligue-golfgrandest.org\/wp-content\/uploads\/2026\/03\/IMG_7252-768x576.jpeg 768w\" sizes=\"auto, (max-width: 1280px) 100vw, 1280px\" \/><\/a><\/figure>\n\n\n\n<figure class=\"wp-block-image size-large\"><a href=\"https:\/\/ligue-golfgrandest.org\/wp-content\/uploads\/2026\/03\/IMG_7254.jpeg\"><img loading=\"lazy\" decoding=\"async\" width=\"1280\" height=\"960\" data-id=\"62085\" src=\"https:\/\/ligue-golfgrandest.org\/wp-content\/uploads\/2026\/03\/IMG_7254.jpeg\" alt=\"\" class=\"wp-image-62085\" srcset=\"https:\/\/ligue-golfgrandest.org\/wp-content\/uploads\/2026\/03\/IMG_7254.jpeg 1280w, https:\/\/ligue-golfgrandest.org\/wp-content\/uploads\/2026\/03\/IMG_7254-400x300.jpeg 400w, https:\/\/ligue-golfgrandest.org\/wp-content\/uploads\/2026\/03\/IMG_7254-768x576.jpeg 768w\" sizes=\"auto, (max-width: 1280px) 100vw, 1280px\" \/><\/a><\/figure>\n\n\n\n<figure class=\"wp-block-image size-large\"><a href=\"https:\/\/ligue-golfgrandest.org\/wp-content\/uploads\/2026\/03\/IMG_7255.jpeg\"><img loading=\"lazy\" decoding=\"async\" width=\"1280\" height=\"960\" data-id=\"62088\" src=\"https:\/\/ligue-golfgrandest.org\/wp-content\/uploads\/2026\/03\/IMG_7255.jpeg\" alt=\"\" class=\"wp-image-62088\" srcset=\"https:\/\/ligue-golfgrandest.org\/wp-content\/uploads\/2026\/03\/IMG_7255.jpeg 1280w, https:\/\/ligue-golfgrandest.org\/wp-content\/uploads\/2026\/03\/IMG_7255-400x300.jpeg 400w, https:\/\/ligue-golfgrandest.org\/wp-content\/uploads\/2026\/03\/IMG_7255-768x576.jpeg 768w\" sizes=\"auto, (max-width: 1280px) 100vw, 1280px\" \/><\/a><\/figure>\n\n\n\n<figure class=\"wp-block-image size-large\"><a href=\"https:\/\/ligue-golfgrandest.org\/wp-content\/uploads\/2026\/03\/IMG_7256.jpeg\"><img loading=\"lazy\" decoding=\"async\" width=\"1280\" height=\"960\" data-id=\"62086\" src=\"https:\/\/ligue-golfgrandest.org\/wp-content\/uploads\/2026\/03\/IMG_7256.jpeg\" alt=\"\" class=\"wp-image-62086\" srcset=\"https:\/\/ligue-golfgrandest.org\/wp-content\/uploads\/2026\/03\/IMG_7256.jpeg 1280w, https:\/\/ligue-golfgrandest.org\/wp-content\/uploads\/2026\/03\/IMG_7256-400x300.jpeg 400w, https:\/\/ligue-golfgrandest.org\/wp-content\/uploads\/2026\/03\/IMG_7256-768x576.jpeg 768w\" sizes=\"auto, (max-width: 1280px) 100vw, 1280px\" \/><\/a><\/figure>\n\n\n\n<figure class=\"wp-block-image size-large\"><a href=\"https:\/\/ligue-golfgrandest.org\/wp-content\/uploads\/2026\/03\/IMG_7257.jpeg\"><img loading=\"lazy\" decoding=\"async\" width=\"1280\" height=\"960\" data-id=\"62089\" src=\"https:\/\/ligue-golfgrandest.org\/wp-content\/uploads\/2026\/03\/IMG_7257.jpeg\" alt=\"\" class=\"wp-image-62089\" srcset=\"https:\/\/ligue-golfgrandest.org\/wp-content\/uploads\/2026\/03\/IMG_7257.jpeg 1280w, https:\/\/ligue-golfgrandest.org\/wp-content\/uploads\/2026\/03\/IMG_7257-400x300.jpeg 400w, https:\/\/ligue-golfgrandest.org\/wp-content\/uploads\/2026\/03\/IMG_7257-768x576.jpeg 768w\" sizes=\"auto, (max-width: 1280px) 100vw, 1280px\" \/><\/a><\/figure>\n\n\n\n<figure class=\"wp-block-image size-large\"><a href=\"https:\/\/ligue-golfgrandest.org\/wp-content\/uploads\/2026\/03\/IMG_7258.jpeg\"><img loading=\"lazy\" decoding=\"async\" width=\"1280\" height=\"960\" data-id=\"62087\" src=\"https:\/\/ligue-golfgrandest.org\/wp-content\/uploads\/2026\/03\/IMG_7258.jpeg\" alt=\"\" class=\"wp-image-62087\" srcset=\"https:\/\/ligue-golfgrandest.org\/wp-content\/uploads\/2026\/03\/IMG_7258.jpeg 1280w, https:\/\/ligue-golfgrandest.org\/wp-content\/uploads\/2026\/03\/IMG_7258-400x300.jpeg 400w, https:\/\/ligue-golfgrandest.org\/wp-content\/uploads\/2026\/03\/IMG_7258-768x576.jpeg 768w\" sizes=\"auto, (max-width: 1280px) 100vw, 1280px\" \/><\/a><\/figure>\n\n\n\n<figure class=\"wp-block-image size-large\"><a href=\"https:\/\/ligue-golfgrandest.org\/wp-content\/uploads\/2026\/03\/IMG_7259.jpeg\"><img loading=\"lazy\" decoding=\"async\" width=\"1280\" height=\"960\" data-id=\"62096\" src=\"https:\/\/ligue-golfgrandest.org\/wp-content\/uploads\/2026\/03\/IMG_7259.jpeg\" alt=\"\" class=\"wp-image-62096\" srcset=\"https:\/\/ligue-golfgrandest.org\/wp-content\/uploads\/2026\/03\/IMG_7259.jpeg 1280w, https:\/\/ligue-golfgrandest.org\/wp-content\/uploads\/2026\/03\/IMG_7259-400x300.jpeg 400w, https:\/\/ligue-golfgrandest.org\/wp-content\/uploads\/2026\/03\/IMG_7259-768x576.jpeg 768w\" sizes=\"auto, (max-width: 1280px) 100vw, 1280px\" \/><\/a><\/figure>\n\n\n\n<figure class=\"wp-block-image size-large\"><a href=\"https:\/\/ligue-golfgrandest.org\/wp-content\/uploads\/2026\/03\/IMG_7260.jpeg\"><img loading=\"lazy\" decoding=\"async\" width=\"1280\" height=\"960\" data-id=\"62094\" src=\"https:\/\/ligue-golfgrandest.org\/wp-content\/uploads\/2026\/03\/IMG_7260.jpeg\" alt=\"\" class=\"wp-image-62094\" srcset=\"https:\/\/ligue-golfgrandest.org\/wp-content\/uploads\/2026\/03\/IMG_7260.jpeg 1280w, https:\/\/ligue-golfgrandest.org\/wp-content\/uploads\/2026\/03\/IMG_7260-400x300.jpeg 400w, https:\/\/ligue-golfgrandest.org\/wp-content\/uploads\/2026\/03\/IMG_7260-768x576.jpeg 768w\" sizes=\"auto, (max-width: 1280px) 100vw, 1280px\" \/><\/a><\/figure>\n\n\n\n<figure class=\"wp-block-image size-large\"><a href=\"https:\/\/ligue-golfgrandest.org\/wp-content\/uploads\/2026\/03\/IMG_7261.jpeg\"><img loading=\"lazy\" decoding=\"async\" width=\"1280\" height=\"960\" data-id=\"62092\" src=\"https:\/\/ligue-golfgrandest.org\/wp-content\/uploads\/2026\/03\/IMG_7261.jpeg\" alt=\"\" class=\"wp-image-62092\" srcset=\"https:\/\/ligue-golfgrandest.org\/wp-content\/uploads\/2026\/03\/IMG_7261.jpeg 1280w, https:\/\/ligue-golfgrandest.org\/wp-content\/uploads\/2026\/03\/IMG_7261-400x300.jpeg 400w, https:\/\/ligue-golfgrandest.org\/wp-content\/uploads\/2026\/03\/IMG_7261-768x576.jpeg 768w\" sizes=\"auto, (max-width: 1280px) 100vw, 1280px\" \/><\/a><\/figure>\n\n\n\n<figure class=\"wp-block-image size-large\"><a href=\"https:\/\/ligue-golfgrandest.org\/wp-content\/uploads\/2026\/03\/IMG_7262.jpeg\"><img loading=\"lazy\" decoding=\"async\" width=\"1280\" height=\"960\" data-id=\"62091\" src=\"https:\/\/ligue-golfgrandest.org\/wp-content\/uploads\/2026\/03\/IMG_7262.jpeg\" alt=\"\" class=\"wp-image-62091\" srcset=\"https:\/\/ligue-golfgrandest.org\/wp-content\/uploads\/2026\/03\/IMG_7262.jpeg 1280w, https:\/\/ligue-golfgrandest.org\/wp-content\/uploads\/2026\/03\/IMG_7262-400x300.jpeg 400w, https:\/\/ligue-golfgrandest.org\/wp-content\/uploads\/2026\/03\/IMG_7262-768x576.jpeg 768w\" sizes=\"auto, (max-width: 1280px) 100vw, 1280px\" \/><\/a><\/figure>\n\n\n\n<figure class=\"wp-block-image size-large\"><a href=\"https:\/\/ligue-golfgrandest.org\/wp-content\/uploads\/2026\/03\/IMG_7263.jpeg\"><img loading=\"lazy\" decoding=\"async\" width=\"1280\" height=\"960\" data-id=\"62097\" src=\"https:\/\/ligue-golfgrandest.org\/wp-content\/uploads\/2026\/03\/IMG_7263.jpeg\" alt=\"\" class=\"wp-image-62097\" srcset=\"https:\/\/ligue-golfgrandest.org\/wp-content\/uploads\/2026\/03\/IMG_7263.jpeg 1280w, https:\/\/ligue-golfgrandest.org\/wp-content\/uploads\/2026\/03\/IMG_7263-400x300.jpeg 400w, https:\/\/ligue-golfgrandest.org\/wp-content\/uploads\/2026\/03\/IMG_7263-768x576.jpeg 768w\" sizes=\"auto, (max-width: 1280px) 100vw, 1280px\" \/><\/a><\/figure>\n\n\n\n<figure class=\"wp-block-image size-large\"><a href=\"https:\/\/ligue-golfgrandest.org\/wp-content\/uploads\/2026\/03\/IMG_7264.jpeg\"><img loading=\"lazy\" decoding=\"async\" width=\"1280\" height=\"960\" data-id=\"62090\" src=\"https:\/\/ligue-golfgrandest.org\/wp-content\/uploads\/2026\/03\/IMG_7264.jpeg\" alt=\"\" class=\"wp-image-62090\" srcset=\"https:\/\/ligue-golfgrandest.org\/wp-content\/uploads\/2026\/03\/IMG_7264.jpeg 1280w, https:\/\/ligue-golfgrandest.org\/wp-content\/uploads\/2026\/03\/IMG_7264-400x300.jpeg 400w, https:\/\/ligue-golfgrandest.org\/wp-content\/uploads\/2026\/03\/IMG_7264-768x576.jpeg 768w\" sizes=\"auto, (max-width: 1280px) 100vw, 1280px\" \/><\/a><\/figure>\n\n\n\n<figure class=\"wp-block-image size-large\"><a href=\"https:\/\/ligue-golfgrandest.org\/wp-content\/uploads\/2026\/03\/IMG_7265.jpeg\"><img loading=\"lazy\" decoding=\"async\" width=\"1280\" height=\"960\" data-id=\"62095\" src=\"https:\/\/ligue-golfgrandest.org\/wp-content\/uploads\/2026\/03\/IMG_7265.jpeg\" alt=\"\" class=\"wp-image-62095\" srcset=\"https:\/\/ligue-golfgrandest.org\/wp-content\/uploads\/2026\/03\/IMG_7265.jpeg 1280w, https:\/\/ligue-golfgrandest.org\/wp-content\/uploads\/2026\/03\/IMG_7265-400x300.jpeg 400w, https:\/\/ligue-golfgrandest.org\/wp-content\/uploads\/2026\/03\/IMG_7265-768x576.jpeg 768w\" sizes=\"auto, (max-width: 1280px) 100vw, 1280px\" \/><\/a><\/figure>\n\n\n\n<figure class=\"wp-block-image size-large\"><a href=\"https:\/\/ligue-golfgrandest.org\/wp-content\/uploads\/2026\/03\/IMG_7266.jpeg\"><img loading=\"lazy\" decoding=\"async\" width=\"1280\" height=\"960\" data-id=\"62093\" src=\"https:\/\/ligue-golfgrandest.org\/wp-content\/uploads\/2026\/03\/IMG_7266.jpeg\" alt=\"\" class=\"wp-image-62093\" srcset=\"https:\/\/ligue-golfgrandest.org\/wp-content\/uploads\/2026\/03\/IMG_7266.jpeg 1280w, https:\/\/ligue-golfgrandest.org\/wp-content\/uploads\/2026\/03\/IMG_7266-400x300.jpeg 400w, https:\/\/ligue-golfgrandest.org\/wp-content\/uploads\/2026\/03\/IMG_7266-768x576.jpeg 768w\" sizes=\"auto, (max-width: 1280px) 100vw, 1280px\" \/><\/a><\/figure>\n<\/figure>\n\n\n\n<h3 class=\"wp-block-heading\"><strong>Samedi 23 mai <\/strong>| <strong>Soufflenheim<\/strong> <strong>(67)<\/strong><\/h3>\n\n\n\n<h3 class=\"wp-block-heading\"><strong>Samedi 6 juin | Rhin (68)<\/strong><\/h3>\n\n\n\n<h3 class=\"wp-block-heading\"><strong>Samedi 27 juin<\/strong> | <strong>Kempferhof (67)<\/strong><\/h3>\n\n\n\n<h3 class=\"wp-block-heading\"><strong>Samedi 26 septembre | Ammerschwihr (68) <\/strong><\/h3>\n\n\n\n<h3 class=\"wp-block-heading\"><strong>Samedi 10 octobre<\/strong> | <strong>Strasbourg (67)<\/strong><\/h3>\n<\/div>\n<\/div>\n\n\n\n<hr class=\"wp-block-separator has-alpha-channel-opacity\"\/>\n\n\n\n<div class=\"wp-block-columns is-layout-flex wp-container-core-columns-is-layout-9d6595d7 wp-block-columns-is-layout-flex\">\n<div class=\"wp-block-column is-layout-flow wp-block-column-is-layout-flow\" style=\"flex-basis:33.33%\">\n<figure class=\"wp-block-image size-full wp-duotone-unset-2\"><a href=\"https:\/\/ligue-golfgrandest.org\/wp-content\/uploads\/2026\/02\/Alsace-Match-Play.jpg\"><img loading=\"lazy\" decoding=\"async\" width=\"905\" height=\"1280\" src=\"https:\/\/ligue-golfgrandest.org\/wp-content\/uploads\/2026\/02\/Alsace-Match-Play.jpg\" alt=\"\" class=\"wp-image-61619\" srcset=\"https:\/\/ligue-golfgrandest.org\/wp-content\/uploads\/2026\/02\/Alsace-Match-Play.jpg 905w, https:\/\/ligue-golfgrandest.org\/wp-content\/uploads\/2026\/02\/Alsace-Match-Play-212x300.jpg 212w, https:\/\/ligue-golfgrandest.org\/wp-content\/uploads\/2026\/02\/Alsace-Match-Play-848x1200.jpg 848w, https:\/\/ligue-golfgrandest.org\/wp-content\/uploads\/2026\/02\/Alsace-Match-Play-768x1086.jpg 768w\" sizes=\"auto, (max-width: 905px) 100vw, 905px\" \/><\/a><\/figure>\n<\/div>\n\n\n\n<div class=\"wp-block-column is-layout-flow wp-block-column-is-layout-flow\" style=\"flex-basis:66.66%\">\n<h1 class=\"wp-block-heading\">ALSACE MATCH PLAY 2026 (67 &amp; 68)<\/h1>\n\n\n\n<p><strong>U10-U12-U14<\/strong><\/p>\n\n\n\n<p><a href=\"https:\/\/ligue-golfgrandest.org\/wp-content\/uploads\/2026\/02\/Alsace-Match-Play.jpg\">Affiche et r\u00e8glement<\/a> |<\/p>\n\n\n\n<h3 class=\"wp-block-heading\"><strong>Samedi 19 septembre 2026 | Strasbourg (67)<\/strong><\/h3>\n\n\n\n<p><\/p>\n<\/div>\n<\/div>\n\n\n\n<hr class=\"wp-block-separator has-alpha-channel-opacity\"\/>\n\n\n\n<div class=\"wp-block-columns is-layout-flex wp-container-core-columns-is-layout-9d6595d7 wp-block-columns-is-layout-flex\">\n<div class=\"wp-block-column is-layout-flow wp-block-column-is-layout-flow\" style=\"flex-basis:33.33%\">\n<figure class=\"wp-block-image size-full wp-duotone-unset-3\"><a href=\"https:\/\/ligue-golfgrandest.org\/wp-content\/uploads\/2026\/02\/La-Saint-Nicolas.jpg\"><img loading=\"lazy\" decoding=\"async\" width=\"905\" height=\"1280\" src=\"https:\/\/ligue-golfgrandest.org\/wp-content\/uploads\/2026\/02\/La-Saint-Nicolas.jpg\" alt=\"\" class=\"wp-image-61621\" srcset=\"https:\/\/ligue-golfgrandest.org\/wp-content\/uploads\/2026\/02\/La-Saint-Nicolas.jpg 905w, https:\/\/ligue-golfgrandest.org\/wp-content\/uploads\/2026\/02\/La-Saint-Nicolas-212x300.jpg 212w, https:\/\/ligue-golfgrandest.org\/wp-content\/uploads\/2026\/02\/La-Saint-Nicolas-848x1200.jpg 848w, https:\/\/ligue-golfgrandest.org\/wp-content\/uploads\/2026\/02\/La-Saint-Nicolas-768x1086.jpg 768w\" sizes=\"auto, (max-width: 905px) 100vw, 905px\" \/><\/a><\/figure>\n<\/div>\n\n\n\n<div class=\"wp-block-column is-layout-flow wp-block-column-is-layout-flow\" style=\"flex-basis:66.66%\">\n<h1 class=\"wp-block-heading\">LE SAINT-NICOLAS (67 &amp; 68)<\/h1>\n\n\n\n<p><strong>U8 &#8211; U10 &#8211; U12 &#8211; U14<\/strong><\/p>\n\n\n\n<p><a href=\"https:\/\/ligue-golfgrandest.org\/wp-content\/uploads\/2026\/02\/La-Saint-Nicolas.jpg\">Affiche<\/a> |<\/p>\n\n\n\n<h3 class=\"wp-block-heading\"><strong>5 d\u00e9cembre 2026 | La Wantzenau (67)<\/strong><\/h3>\n\n\n\n<h3 class=\"wp-block-heading\"><\/h3>\n<\/div>\n<\/div>\n\n\n\n<hr class=\"wp-block-separator has-alpha-channel-opacity\"\/>\n","protected":false},"excerpt":{"rendered":"<p>ALSACE TOUR 2026 (67 &amp; 68) U10 &#8211; U12 &#8211; U14 Affiche 2026 | Inscription sur Extranet 7 jours avant chaque \u00e9preuve Samedi 14 mars | La Wantzenau (67) &#8211; M\u00e9rite Jeunes (18T) R\u00e9sultats 18T | R\u00e9sultats 9T Sup 40 | R\u00e9sultats NC U10U12 | Samedi 23 mai | Soufflenheim (67) Samedi 6 juin | [&hellip;]<\/p>\n","protected":false},"author":3,"featured_media":0,"parent":233,"menu_order":0,"comment_status":"closed","ping_status":"closed","template":"page-templates\/page-full-width.php","meta":{"footnotes":""},"class_list":["post-23556","page","type-page","status-publish","hentry"],"_links":{"self":[{"href":"https:\/\/ligue-golfgrandest.org\/index.php\/wp-json\/wp\/v2\/pages\/23556","targetHints":{"allow":["GET"]}}],"collection":[{"href":"https:\/\/ligue-golfgrandest.org\/index.php\/wp-json\/wp\/v2\/pages"}],"about":[{"href":"https:\/\/ligue-golfgrandest.org\/index.php\/wp-json\/wp\/v2\/types\/page"}],"author":[{"embeddable":true,"href":"https:\/\/ligue-golfgrandest.org\/index.php\/wp-json\/wp\/v2\/users\/3"}],"replies":[{"embeddable":true,"href":"https:\/\/ligue-golfgrandest.org\/index.php\/wp-json\/wp\/v2\/comments?post=23556"}],"version-history":[{"count":36,"href":"https:\/\/ligue-golfgrandest.org\/index.php\/wp-json\/wp\/v2\/pages\/23556\/revisions"}],"predecessor-version":[{"id":62499,"href":"https:\/\/ligue-golfgrandest.org\/index.php\/wp-json\/wp\/v2\/pages\/23556\/revisions\/62499"}],"up":[{"embeddable":true,"href":"https:\/\/ligue-golfgrandest.org\/index.php\/wp-json\/wp\/v2\/pages\/233"}],"wp:attachment":[{"href":"https:\/\/ligue-golfgrandest.org\/index.php\/wp-json\/wp\/v2\/media?parent=23556"}],"curies":[{"name":"wp","href":"https:\/\/api.w.org\/{rel}","templated":true}]}}