{"id":1994,"date":"2017-03-28T10:10:36","date_gmt":"2017-03-28T08:10:36","guid":{"rendered":"http:\/\/ligue-golfgrandest.org\/?page_id=1994"},"modified":"2022-03-02T11:35:42","modified_gmt":"2022-03-02T10:35:42","slug":"golf-chardonnay","status":"publish","type":"page","link":"https:\/\/ligue-golfgrandest.org\/index.php\/clubs\/champagne-ardenne\/golf-chardonnay\/","title":{"rendered":"Golf du Chardonnay"},"content":{"rendered":"\n<div class=\"wp-block-columns is-layout-flex wp-container-core-columns-is-layout-9d6595d7 wp-block-columns-is-layout-flex\">\n<div class=\"wp-block-column is-layout-flow wp-block-column-is-layout-flow\">\n<div class=\"wp-block-image\"><figure class=\"alignleft\"><img decoding=\"async\" src=\"http:\/\/ligue-golfgrandest.org\/wp-content\/uploads\/2020\/04\/CHARDONNAY-NEW.png\" alt=\"\" class=\"wp-image-1996\"\/><\/figure><\/div>\n<\/div>\n\n\n\n<div class=\"wp-block-column is-layout-flow wp-block-column-is-layout-flow\">\n<h3 class=\"wp-block-heading\" id=\"asso-sportive\">Asso. sportive<\/h3>\n\n\n\n<p>63, Avenue de Bammental<br>51130 VERTUS<br>06 33 03 14 24<br><a href=\"mailto:asgolfduchardonnay@gmail.com\">asgolfduchardonnay@gmail.com<\/a><br>Pr\u00e9sident AS : Arnaud DUGIMONT<\/p>\n\n\n\n<p>D\u00e9parts comp\u00e9titions<br>R\u00e9sultats comp\u00e9titions<\/p>\n<\/div>\n\n\n\n<div class=\"wp-block-column is-layout-flow wp-block-column-is-layout-flow\">\n<h3 class=\"wp-block-heading\" id=\"le-club\">Le Club<\/h3>\n\n\n\n<p>1 parcours compact 6 Trous<br>Directeur : Pascal DOYARD<br><a href=\"mailto:contact@golfduchardonnay.com\">contact@golfduchardonnay.com<\/a><br><a href=\"https:\/\/www.golf-du-chardonnay.com\/\">www.golfduchardonnay.com<\/a><br>Facebook : <a href=\"https:\/\/www.facebook.com\/golfduchardonnayvertus\">Golf du Chardonnay<\/a><br>03 26 57 20 27<br>06 10 77 43 52<\/p>\n<\/div>\n<\/div>\n\n\n\n<figure class=\"wp-block-gallery has-nested-images columns-default is-cropped wp-block-gallery-1 is-layout-flex wp-block-gallery-is-layout-flex\">\n<figure class=\"wp-block-image size-full\"><a href=\"https:\/\/ligue-golfgrandest.org\/wp-content\/uploads\/2017\/03\/3-golf-du-chardonnay-4.jpg\"><img loading=\"lazy\" decoding=\"async\" width=\"800\" height=\"600\" data-id=\"1999\" src=\"https:\/\/ligue-golfgrandest.org\/wp-content\/uploads\/2017\/03\/3-golf-du-chardonnay-4.jpg\" alt=\"\" class=\"wp-image-1999\" srcset=\"https:\/\/ligue-golfgrandest.org\/wp-content\/uploads\/2017\/03\/3-golf-du-chardonnay-4.jpg 800w, https:\/\/ligue-golfgrandest.org\/wp-content\/uploads\/2017\/03\/3-golf-du-chardonnay-4-350x263.jpg 350w, https:\/\/ligue-golfgrandest.org\/wp-content\/uploads\/2017\/03\/3-golf-du-chardonnay-4-768x576.jpg 768w\" sizes=\"auto, (max-width: 800px) 100vw, 800px\" \/><\/a><\/figure>\n\n\n\n<figure class=\"wp-block-image size-full\"><a href=\"https:\/\/ligue-golfgrandest.org\/wp-content\/uploads\/2017\/03\/3-golf-du-chardonnay-3.jpg\"><img loading=\"lazy\" decoding=\"async\" width=\"800\" height=\"600\" data-id=\"1998\" src=\"https:\/\/ligue-golfgrandest.org\/wp-content\/uploads\/2017\/03\/3-golf-du-chardonnay-3.jpg\" alt=\"\" class=\"wp-image-1998\" srcset=\"https:\/\/ligue-golfgrandest.org\/wp-content\/uploads\/2017\/03\/3-golf-du-chardonnay-3.jpg 800w, https:\/\/ligue-golfgrandest.org\/wp-content\/uploads\/2017\/03\/3-golf-du-chardonnay-3-350x263.jpg 350w, https:\/\/ligue-golfgrandest.org\/wp-content\/uploads\/2017\/03\/3-golf-du-chardonnay-3-768x576.jpg 768w\" sizes=\"auto, (max-width: 800px) 100vw, 800px\" \/><\/a><\/figure>\n\n\n\n<figure class=\"wp-block-image size-full\"><a href=\"https:\/\/ligue-golfgrandest.org\/wp-content\/uploads\/2017\/03\/3-golf-du-chardonnay-1.jpg\"><img loading=\"lazy\" decoding=\"async\" width=\"800\" height=\"600\" data-id=\"1997\" src=\"https:\/\/ligue-golfgrandest.org\/wp-content\/uploads\/2017\/03\/3-golf-du-chardonnay-1.jpg\" alt=\"\" class=\"wp-image-1997\" srcset=\"https:\/\/ligue-golfgrandest.org\/wp-content\/uploads\/2017\/03\/3-golf-du-chardonnay-1.jpg 800w, https:\/\/ligue-golfgrandest.org\/wp-content\/uploads\/2017\/03\/3-golf-du-chardonnay-1-350x263.jpg 350w, https:\/\/ligue-golfgrandest.org\/wp-content\/uploads\/2017\/03\/3-golf-du-chardonnay-1-768x576.jpg 768w\" sizes=\"auto, (max-width: 800px) 100vw, 800px\" \/><\/a><\/figure>\n<\/figure>\n\n\n\n<iframe src=\"https:\/\/www.google.com\/maps\/embed?pb=!1m18!1m12!1m3!1d410941.7173769437!2d3.7336038029801806!3d48.89960134616138!2m3!1f0!2f0!3f0!3m2!1i1024!2i768!4f13.1!3m3!1m2!1s0x47e9415f6f375191%3A0x6c7e9ce6f5868a08!2sGolf%20du%20Chardonnay!5e0!3m2!1sfr!2sfr!4v1644238724781!5m2!1sfr!2sfr\" width=\"100%\" height=\"450\" style=\"border:0;\" allowfullscreen=\"\" loading=\"lazy\"><\/iframe>\n","protected":false},"excerpt":{"rendered":"<p>Asso. sportive 63, Avenue de Bammental51130 VERTUS06 33 03 14 24asgolfduchardonnay@gmail.comPr\u00e9sident AS : Arnaud DUGIMONT D\u00e9parts comp\u00e9titionsR\u00e9sultats comp\u00e9titions Le Club 1 parcours compact 6 TrousDirecteur : Pascal DOYARDcontact@golfduchardonnay.comwww.golfduchardonnay.comFacebook : Golf du Chardonnay03 26 57 20 2706 10 77 43 52<\/p>\n","protected":false},"author":3,"featured_media":0,"parent":139,"menu_order":3,"comment_status":"closed","ping_status":"closed","template":"page-templates\/page-full-width.php","meta":{"footnotes":""},"class_list":["post-1994","page","type-page","status-publish","hentry"],"_links":{"self":[{"href":"https:\/\/ligue-golfgrandest.org\/index.php\/wp-json\/wp\/v2\/pages\/1994","targetHints":{"allow":["GET"]}}],"collection":[{"href":"https:\/\/ligue-golfgrandest.org\/index.php\/wp-json\/wp\/v2\/pages"}],"about":[{"href":"https:\/\/ligue-golfgrandest.org\/index.php\/wp-json\/wp\/v2\/types\/page"}],"author":[{"embeddable":true,"href":"https:\/\/ligue-golfgrandest.org\/index.php\/wp-json\/wp\/v2\/users\/3"}],"replies":[{"embeddable":true,"href":"https:\/\/ligue-golfgrandest.org\/index.php\/wp-json\/wp\/v2\/comments?post=1994"}],"version-history":[{"count":0,"href":"https:\/\/ligue-golfgrandest.org\/index.php\/wp-json\/wp\/v2\/pages\/1994\/revisions"}],"up":[{"embeddable":true,"href":"https:\/\/ligue-golfgrandest.org\/index.php\/wp-json\/wp\/v2\/pages\/139"}],"wp:attachment":[{"href":"https:\/\/ligue-golfgrandest.org\/index.php\/wp-json\/wp\/v2\/media?parent=1994"}],"curies":[{"name":"wp","href":"https:\/\/api.w.org\/{rel}","templated":true}]}}