{"id":1982,"date":"2017-03-28T09:53:35","date_gmt":"2017-03-28T07:53:35","guid":{"rendered":"http:\/\/ligue-golfgrandest.org\/?page_id=1982"},"modified":"2025-01-09T14:35:07","modified_gmt":"2025-01-09T13:35:07","slug":"golf-nancy-aingeray","status":"publish","type":"page","link":"https:\/\/ligue-golfgrandest.org\/index.php\/clubs\/lorraine\/golf-nancy-aingeray\/","title":{"rendered":"UGolf de Nancy Aingeray"},"content":{"rendered":"\n<div class=\"wp-block-columns is-layout-flex wp-container-core-columns-is-layout-9d6595d7 wp-block-columns-is-layout-flex\">\n<div class=\"wp-block-column is-layout-flow wp-block-column-is-layout-flow\"><div class=\"wp-block-image\">\n<figure class=\"aligncenter\"><a href=\"http:\/\/ligue-golfgrandest.org\/wp-content\/uploads\/2020\/04\/errrrrrrrrrrrrrrrrrr.jpg\"><img decoding=\"async\" src=\"http:\/\/ligue-golfgrandest.org\/wp-content\/uploads\/2020\/04\/errrrrrrrrrrrrrrrrrr.jpg\" alt=\"\" class=\"wp-image-10750\"\/><\/a><\/figure><\/div><\/div>\n\n\n\n<div class=\"wp-block-column is-layout-flow wp-block-column-is-layout-flow\">\n<h3 class=\"wp-block-heading\">Asso. Sportive<\/h3>\n\n\n\n<p>1 chemin du Golf<br>54460 AINGERAY<br>Pr\u00e9sident AS : Bruno FIORUCCI<\/p>\n\n\n\n<p><a href=\"mailto:as.golf.aingeray@gmail.com\">as.golf.aingeray@gmail.com<\/a><br>Facebook : <a href=\"https:\/\/www.facebook.com\/ASGCNancy\/\" data-type=\"link\" data-id=\"https:\/\/www.facebook.com\/ASGCNancy\/\">Association sportive golf de Nancy-Aingeray<\/a><\/p>\n\n\n\n<p><a href=\"https:\/\/pages.ffgolf.org\/departs\/golf\/c2b2d68d8b65658b2c87ed43171e5178\" data-type=\"link\" data-id=\"https:\/\/pages.ffgolf.org\/departs\/golf\/c2b2d68d8b65658b2c87ed43171e5178\">D\u00e9parts comp\u00e9titions<\/a><br><a href=\"https:\/\/pages.ffgolf.org\/resultats\/liste-competitions\/c2b2d68d8b65658b2c87ed43171e5178\" data-type=\"link\" data-id=\"https:\/\/pages.ffgolf.org\/resultats\/liste-competitions\/c2b2d68d8b65658b2c87ed43171e5178\">R\u00e9sultats comp\u00e9titions<\/a><\/p>\n<\/div>\n\n\n\n<div class=\"wp-block-column is-layout-flow wp-block-column-is-layout-flow\">\n<h3 class=\"wp-block-heading\">Le Club<\/h3>\n\n\n\n<p>1 parcours 18 Trous<br>1 practice<br>1 Pro-shop<br>1 restaurant<br>Directeur : Arnaud LEGRAS<br><a href=\"mailto:contact@exclusivgolf-aingeray.fr\">contact.aingeray@ugolf.eu<\/a><br><a href=\"https:\/\/jouer.golf\/nancy-aingeray\/\" target=\"_blank\" rel=\"noreferrer noopener\">https:\/\/jouer.golf\/nancy-aingeray\/<\/a><br>Facebook : <a href=\"https:\/\/www.facebook.com\/ugolfnancyaingeray\" data-type=\"link\" data-id=\"https:\/\/www.facebook.com\/ugolfnancyaingeray\">UGOLF-Nancy Aingeray<\/a><br>03 83 24 53 87<\/p>\n<\/div>\n<\/div>\n\n\n\n<figure class=\"wp-block-gallery has-nested-images columns-default is-cropped wp-block-gallery-1 is-layout-flex wp-block-gallery-is-layout-flex\">\n<figure class=\"wp-block-image size-full\"><a href=\"https:\/\/ligue-golfgrandest.org\/wp-content\/uploads\/2017\/03\/2-golf-nancy-aingeray-5.jpg\"><img loading=\"lazy\" decoding=\"async\" width=\"800\" height=\"600\" data-id=\"1986\" src=\"https:\/\/ligue-golfgrandest.org\/wp-content\/uploads\/2017\/03\/2-golf-nancy-aingeray-5.jpg\" alt=\"\" class=\"wp-image-1986\" srcset=\"https:\/\/ligue-golfgrandest.org\/wp-content\/uploads\/2017\/03\/2-golf-nancy-aingeray-5.jpg 800w, https:\/\/ligue-golfgrandest.org\/wp-content\/uploads\/2017\/03\/2-golf-nancy-aingeray-5-350x263.jpg 350w, https:\/\/ligue-golfgrandest.org\/wp-content\/uploads\/2017\/03\/2-golf-nancy-aingeray-5-768x576.jpg 768w\" sizes=\"auto, (max-width: 800px) 100vw, 800px\" \/><\/a><\/figure>\n\n\n\n<figure class=\"wp-block-image size-full\"><a href=\"https:\/\/ligue-golfgrandest.org\/wp-content\/uploads\/2017\/03\/2-golf-nancy-aingeray-3.jpg\"><img loading=\"lazy\" decoding=\"async\" width=\"799\" height=\"600\" data-id=\"1985\" src=\"https:\/\/ligue-golfgrandest.org\/wp-content\/uploads\/2017\/03\/2-golf-nancy-aingeray-3.jpg\" alt=\"\" class=\"wp-image-1985\" srcset=\"https:\/\/ligue-golfgrandest.org\/wp-content\/uploads\/2017\/03\/2-golf-nancy-aingeray-3.jpg 799w, https:\/\/ligue-golfgrandest.org\/wp-content\/uploads\/2017\/03\/2-golf-nancy-aingeray-3-350x263.jpg 350w, https:\/\/ligue-golfgrandest.org\/wp-content\/uploads\/2017\/03\/2-golf-nancy-aingeray-3-768x577.jpg 768w\" sizes=\"auto, (max-width: 799px) 100vw, 799px\" \/><\/a><\/figure>\n\n\n\n<figure class=\"wp-block-image size-full\"><a href=\"https:\/\/ligue-golfgrandest.org\/wp-content\/uploads\/2017\/03\/2-golf-nancy-aingeray-1.jpg\"><img loading=\"lazy\" decoding=\"async\" width=\"800\" height=\"600\" data-id=\"1984\" src=\"https:\/\/ligue-golfgrandest.org\/wp-content\/uploads\/2017\/03\/2-golf-nancy-aingeray-1.jpg\" alt=\"\" class=\"wp-image-1984\" srcset=\"https:\/\/ligue-golfgrandest.org\/wp-content\/uploads\/2017\/03\/2-golf-nancy-aingeray-1.jpg 800w, https:\/\/ligue-golfgrandest.org\/wp-content\/uploads\/2017\/03\/2-golf-nancy-aingeray-1-350x263.jpg 350w, https:\/\/ligue-golfgrandest.org\/wp-content\/uploads\/2017\/03\/2-golf-nancy-aingeray-1-768x576.jpg 768w\" sizes=\"auto, (max-width: 800px) 100vw, 800px\" \/><\/a><\/figure>\n<\/figure>\n\n\n\n<iframe src=\"https:\/\/www.google.com\/maps\/embed?pb=!1m18!1m12!1m3!1d67789.57074373396!2d6.030697009678234!3d48.747864270062806!2m3!1f0!2f0!3f0!3m2!1i1024!2i768!4f13.1!3m3!1m2!1s0x4794bb245c2c4351%3A0xbcef65a7d4bc38bc!2sUGOLF%3A%20Golf%20de%20Nancy%20-%20Aingeray%20(Golf%20Nancy%20Lorraine%20Grand%20Est)!5e0!3m2!1sfr!2sfr!4v1642682124410!5m2!1sfr!2sfr\" width=\"100%\" height=\"450\" style=\"border:0;\" allowfullscreen=\"\" loading=\"lazy\"><\/iframe>\n","protected":false},"excerpt":{"rendered":"<p>Asso. Sportive 1 chemin du Golf54460 AINGERAYPr\u00e9sident AS : Bruno FIORUCCI as.golf.aingeray@gmail.comFacebook : Association sportive golf de Nancy-Aingeray D\u00e9parts comp\u00e9titionsR\u00e9sultats comp\u00e9titions Le Club 1 parcours 18 Trous1 practice1 Pro-shop1 restaurantDirecteur : Arnaud LEGRAScontact.aingeray@ugolf.euhttps:\/\/jouer.golf\/nancy-aingeray\/Facebook : UGOLF-Nancy Aingeray03 83 24 53 87<\/p>\n","protected":false},"author":3,"featured_media":0,"parent":137,"menu_order":2,"comment_status":"closed","ping_status":"closed","template":"page-templates\/page-full-width.php","meta":{"footnotes":""},"class_list":["post-1982","page","type-page","status-publish","hentry"],"_links":{"self":[{"href":"https:\/\/ligue-golfgrandest.org\/index.php\/wp-json\/wp\/v2\/pages\/1982","targetHints":{"allow":["GET"]}}],"collection":[{"href":"https:\/\/ligue-golfgrandest.org\/index.php\/wp-json\/wp\/v2\/pages"}],"about":[{"href":"https:\/\/ligue-golfgrandest.org\/index.php\/wp-json\/wp\/v2\/types\/page"}],"author":[{"embeddable":true,"href":"https:\/\/ligue-golfgrandest.org\/index.php\/wp-json\/wp\/v2\/users\/3"}],"replies":[{"embeddable":true,"href":"https:\/\/ligue-golfgrandest.org\/index.php\/wp-json\/wp\/v2\/comments?post=1982"}],"version-history":[{"count":0,"href":"https:\/\/ligue-golfgrandest.org\/index.php\/wp-json\/wp\/v2\/pages\/1982\/revisions"}],"up":[{"embeddable":true,"href":"https:\/\/ligue-golfgrandest.org\/index.php\/wp-json\/wp\/v2\/pages\/137"}],"wp:attachment":[{"href":"https:\/\/ligue-golfgrandest.org\/index.php\/wp-json\/wp\/v2\/media?parent=1982"}],"curies":[{"name":"wp","href":"https:\/\/api.w.org\/{rel}","templated":true}]}}