{"id":1851,"date":"2017-03-21T12:56:10","date_gmt":"2017-03-21T11:56:10","guid":{"rendered":"http:\/\/ligue-golfgrandest.org\/?page_id=1851"},"modified":"2024-01-19T09:18:38","modified_gmt":"2024-01-19T08:18:38","slug":"golf-sarreguemines","status":"publish","type":"page","link":"https:\/\/ligue-golfgrandest.org\/index.php\/clubs\/lorraine\/golf-sarreguemines\/","title":{"rendered":"Golf Sarreguemines"},"content":{"rendered":"\n<div class=\"wp-block-columns is-layout-flex wp-container-core-columns-is-layout-9d6595d7 wp-block-columns-is-layout-flex\">\n<div class=\"wp-block-column is-layout-flow wp-block-column-is-layout-flow\"><div class=\"wp-block-image\">\n<figure class=\"alignleft\"><img decoding=\"async\" src=\"http:\/\/ligue-golfgrandest.org\/wp-content\/uploads\/2020\/04\/sarreguemines.jpg\" alt=\"\" class=\"wp-image-1881\"\/><\/figure><\/div><\/div>\n\n\n\n<div class=\"wp-block-column is-layout-flow wp-block-column-is-layout-flow\">\n<h3 class=\"wp-block-heading\">Asso. Sportive<\/h3>\n\n\n\n<p>1 All\u00e9e du Golf<br>57200 SARREGUEMINES<br>Pr\u00e9sident AS : Pascal STOCK<br><a href=\"mailto:pascal.stock57@gmail.com \">pascal.stock57@gmail.com<\/a><\/p>\n\n\n\n<p><a href=\"https:\/\/www.golf-sarreguemines-confluences.com\/fr\/competitions\/nos-tournois\" data-type=\"link\" data-id=\"https:\/\/www.golf-sarreguemines-confluences.com\/fr\/competitions\/nos-tournois\">D\u00e9parts comp\u00e9titions<\/a><br><a href=\"https:\/\/pages.ffgolf.org\/resultats\/liste-competitions\/18b23ee4c7430ad8c58f5475a9eb785d\" data-type=\"link\" data-id=\"https:\/\/pages.ffgolf.org\/resultats\/liste-competitions\/18b23ee4c7430ad8c58f5475a9eb785d\">R\u00e9sultats comp\u00e9titions<\/a><\/p>\n<\/div>\n\n\n\n<div class=\"wp-block-column is-layout-flow wp-block-column-is-layout-flow\">\n<h3 class=\"wp-block-heading\">Le Club<\/h3>\n\n\n\n<p>1 parcours 18 Trous<br>1 pro-shop<br>1 practice<br>Directeur : No\u00ebl PICHLER<br><a href=\"mailto:noel.pichler@agglo-sarreguemines.fr  \">noel.pichler@agglo-sarreguemines.fr <\/a><br><a rel=\"noreferrer noopener\" href=\"https:\/\/www.golf-sarreguemines-confluences.com\/\" target=\"_blank\">www.golf-sarreguemines-confluences.com\/<\/a><br>Facebook : <a href=\"https:\/\/www.facebook.com\/golfsarreguemines\/\" data-type=\"link\" data-id=\"https:\/\/www.facebook.com\/golfsarreguemines\/\">Golf Sarreguemines Confluence<\/a><br>03 87 27 22 60<\/p>\n<\/div>\n<\/div>\n\n\n\n<figure class=\"wp-block-gallery has-nested-images columns-default is-cropped wp-block-gallery-1 is-layout-flex wp-block-gallery-is-layout-flex\">\n<figure class=\"wp-block-image size-large\"><a href=\"https:\/\/ligue-golfgrandest.org\/wp-content\/uploads\/2017\/03\/16-SARREGUEMINES-1.jpg\"><img loading=\"lazy\" decoding=\"async\" width=\"800\" height=\"600\" data-id=\"1882\" src=\"https:\/\/ligue-golfgrandest.org\/wp-content\/uploads\/2017\/03\/16-SARREGUEMINES-1.jpg\" alt=\"\" class=\"wp-image-1882\" srcset=\"https:\/\/ligue-golfgrandest.org\/wp-content\/uploads\/2017\/03\/16-SARREGUEMINES-1.jpg 800w, https:\/\/ligue-golfgrandest.org\/wp-content\/uploads\/2017\/03\/16-SARREGUEMINES-1-350x263.jpg 350w, https:\/\/ligue-golfgrandest.org\/wp-content\/uploads\/2017\/03\/16-SARREGUEMINES-1-768x576.jpg 768w\" sizes=\"auto, (max-width: 800px) 100vw, 800px\" \/><\/a><\/figure>\n\n\n\n<figure class=\"wp-block-image size-large\"><a href=\"https:\/\/ligue-golfgrandest.org\/wp-content\/uploads\/2017\/03\/16-SarregueminesP.jpg\"><img loading=\"lazy\" decoding=\"async\" width=\"800\" height=\"600\" data-id=\"1853\" src=\"https:\/\/ligue-golfgrandest.org\/wp-content\/uploads\/2017\/03\/16-SarregueminesP.jpg\" alt=\"\" class=\"wp-image-1853\" srcset=\"https:\/\/ligue-golfgrandest.org\/wp-content\/uploads\/2017\/03\/16-SarregueminesP.jpg 800w, https:\/\/ligue-golfgrandest.org\/wp-content\/uploads\/2017\/03\/16-SarregueminesP-350x263.jpg 350w, https:\/\/ligue-golfgrandest.org\/wp-content\/uploads\/2017\/03\/16-SarregueminesP-768x576.jpg 768w\" sizes=\"auto, (max-width: 800px) 100vw, 800px\" \/><\/a><\/figure>\n\n\n\n<figure class=\"wp-block-image size-large\"><a href=\"https:\/\/ligue-golfgrandest.org\/wp-content\/uploads\/2017\/03\/16-Sarreguemines.jpg\"><img loading=\"lazy\" decoding=\"async\" width=\"800\" height=\"600\" data-id=\"1852\" src=\"https:\/\/ligue-golfgrandest.org\/wp-content\/uploads\/2017\/03\/16-Sarreguemines.jpg\" alt=\"\" class=\"wp-image-1852\" srcset=\"https:\/\/ligue-golfgrandest.org\/wp-content\/uploads\/2017\/03\/16-Sarreguemines.jpg 800w, https:\/\/ligue-golfgrandest.org\/wp-content\/uploads\/2017\/03\/16-Sarreguemines-350x263.jpg 350w, https:\/\/ligue-golfgrandest.org\/wp-content\/uploads\/2017\/03\/16-Sarreguemines-768x576.jpg 768w\" sizes=\"auto, (max-width: 800px) 100vw, 800px\" \/><\/a><\/figure>\n<\/figure>\n\n\n\n<iframe src=\"https:\/\/www.google.com\/maps\/embed?pb=!1m18!1m12!1m3!1d46900.100494473176!2d7.001307698385398!3d49.116035966964745!2m3!1f0!2f0!3f0!3m2!1i1024!2i768!4f13.1!3m3!1m2!1s0x47943573faf20bf7%3A0x1710f6caa34967c6!2sGolf%20Sarreguemines%20Confluences!5e0!3m2!1sfr!2sfr!4v1642684528103!5m2!1sfr!2sfr\" width=\"100%\" height=\"450\" style=\"border:0;\" allowfullscreen=\"\" loading=\"lazy\"><\/iframe>\n","protected":false},"excerpt":{"rendered":"<p>Asso. Sportive 1 All\u00e9e du Golf57200 SARREGUEMINESPr\u00e9sident AS : Pascal STOCKpascal.stock57@gmail.com D\u00e9parts comp\u00e9titionsR\u00e9sultats comp\u00e9titions Le Club 1 parcours 18 Trous1 pro-shop1 practiceDirecteur : No\u00ebl PICHLERnoel.pichler@agglo-sarreguemines.fr www.golf-sarreguemines-confluences.com\/Facebook : Golf Sarreguemines Confluence03 87 27 22 60<\/p>\n","protected":false},"author":3,"featured_media":0,"parent":137,"menu_order":16,"comment_status":"closed","ping_status":"closed","template":"page-templates\/page-full-width.php","meta":{"footnotes":""},"class_list":["post-1851","page","type-page","status-publish","hentry"],"_links":{"self":[{"href":"https:\/\/ligue-golfgrandest.org\/index.php\/wp-json\/wp\/v2\/pages\/1851","targetHints":{"allow":["GET"]}}],"collection":[{"href":"https:\/\/ligue-golfgrandest.org\/index.php\/wp-json\/wp\/v2\/pages"}],"about":[{"href":"https:\/\/ligue-golfgrandest.org\/index.php\/wp-json\/wp\/v2\/types\/page"}],"author":[{"embeddable":true,"href":"https:\/\/ligue-golfgrandest.org\/index.php\/wp-json\/wp\/v2\/users\/3"}],"replies":[{"embeddable":true,"href":"https:\/\/ligue-golfgrandest.org\/index.php\/wp-json\/wp\/v2\/comments?post=1851"}],"version-history":[{"count":0,"href":"https:\/\/ligue-golfgrandest.org\/index.php\/wp-json\/wp\/v2\/pages\/1851\/revisions"}],"up":[{"embeddable":true,"href":"https:\/\/ligue-golfgrandest.org\/index.php\/wp-json\/wp\/v2\/pages\/137"}],"wp:attachment":[{"href":"https:\/\/ligue-golfgrandest.org\/index.php\/wp-json\/wp\/v2\/media?parent=1851"}],"curies":[{"name":"wp","href":"https:\/\/api.w.org\/{rel}","templated":true}]}}