{"id":1838,"date":"2017-03-21T11:22:57","date_gmt":"2017-03-21T10:22:57","guid":{"rendered":"http:\/\/ligue-golfgrandest.org\/?page_id=1838"},"modified":"2026-04-17T14:33:57","modified_gmt":"2026-04-17T12:33:57","slug":"golf-pays-sarrebourg","status":"publish","type":"page","link":"https:\/\/ligue-golfgrandest.org\/index.php\/clubs\/lorraine\/golf-pays-sarrebourg\/","title":{"rendered":"Golf Pays de Sarrebourg"},"content":{"rendered":"\n<div class=\"wp-block-columns is-layout-flex wp-container-core-columns-is-layout-9d6595d7 wp-block-columns-is-layout-flex\">\n<div class=\"wp-block-column is-layout-flow wp-block-column-is-layout-flow\"><div class=\"wp-block-image\">\n<figure class=\"alignleft\"><img loading=\"lazy\" decoding=\"async\" width=\"250\" height=\"160\" src=\"http:\/\/ligue-golfgrandest.org\/wp-content\/uploads\/2017\/03\/15-SARREBOURG.jpg\" alt=\"\" class=\"wp-image-1840\"\/><\/figure><\/div><\/div>\n\n\n\n<div class=\"wp-block-column is-layout-flow wp-block-column-is-layout-flow\">\n<h3 class=\"wp-block-heading\">Asso. Sportive<\/h3>\n\n\n\n<p>Ferme du Winkelhof<br>57400 SARREBOURG<br>Pr\u00e9sident AS : Patrick GROS<\/p>\n\n\n\n<p><a href=\"mailto:direction@golf-sarrebourg.fr\">direction@golf-sarrebourg.fr<\/a><\/p>\n\n\n\n<p><a href=\"https:\/\/pages.ffgolf.org\/departs\/golf\/7cf1a572612f6cbad0365b05f7db2e8d\">D\u00e9parts comp\u00e9titions<\/a><br><a href=\"https:\/\/pages.ffgolf.org\/resultats\/liste-competitions\/7cf1a572612f6cbad0365b05f7db2e8d\">R\u00e9sultats comp\u00e9titions<\/a><\/p>\n<\/div>\n\n\n\n<div class=\"wp-block-column is-layout-flow wp-block-column-is-layout-flow\">\n<h3 class=\"wp-block-heading\">Le Club<\/h3>\n\n\n\n<p>1 parcours 18 Trous<br>1 parcours compact<br>1 practice<br>1 restaurant<br>Directeur : <\/p>\n\n\n\n<p><a href=\"mailto:bureau@golf-sarrebourg.fr\">bureau@golf-sarrebourg.fr<\/a><br><a href=\"mailto:info@golf-sarrebourg.fr\">info@golf-sarrebourg.fr<\/a><br><a href=\"http:\/\/www.golf-sarrebourg.fr\" target=\"_blank\" rel=\"noreferrer noopener\">www.golf-sarrebourg.fr<\/a><br>Facebook : <a href=\"https:\/\/www.facebook.com\/GolfDuPaysDeSarrebourg\" data-type=\"link\" data-id=\"https:\/\/www.facebook.com\/GolfDuPaysDeSarrebourg\">Golf Du Pays De Sarrebourg<\/a><br>03 87 23 01 02<\/p>\n<\/div>\n<\/div>\n\n\n\n<figure class=\"wp-block-gallery has-nested-images columns-default is-cropped wp-block-gallery-1 is-layout-flex wp-block-gallery-is-layout-flex\">\n<figure class=\"wp-block-image size-full\"><a href=\"https:\/\/ligue-golfgrandest.org\/wp-content\/uploads\/2018\/10\/IMG_3952.jpg\"><img loading=\"lazy\" decoding=\"async\" width=\"2560\" height=\"1920\" data-id=\"15224\" src=\"https:\/\/ligue-golfgrandest.org\/wp-content\/uploads\/2018\/10\/IMG_3952.jpg\" alt=\"\" class=\"wp-image-15224\" srcset=\"https:\/\/ligue-golfgrandest.org\/wp-content\/uploads\/2018\/10\/IMG_3952.jpg 2560w, https:\/\/ligue-golfgrandest.org\/wp-content\/uploads\/2018\/10\/IMG_3952-400x300.jpg 400w, https:\/\/ligue-golfgrandest.org\/wp-content\/uploads\/2018\/10\/IMG_3952-768x576.jpg 768w, https:\/\/ligue-golfgrandest.org\/wp-content\/uploads\/2018\/10\/IMG_3952-1024x768.jpg 1024w\" sizes=\"auto, (max-width: 2560px) 100vw, 2560px\" \/><\/a><\/figure>\n\n\n\n<figure class=\"wp-block-image size-full\"><a href=\"https:\/\/ligue-golfgrandest.org\/wp-content\/uploads\/2018\/10\/IMG_3953.jpg\"><img loading=\"lazy\" decoding=\"async\" width=\"2560\" height=\"1920\" data-id=\"15223\" src=\"https:\/\/ligue-golfgrandest.org\/wp-content\/uploads\/2018\/10\/IMG_3953.jpg\" alt=\"\" class=\"wp-image-15223\" srcset=\"https:\/\/ligue-golfgrandest.org\/wp-content\/uploads\/2018\/10\/IMG_3953.jpg 2560w, https:\/\/ligue-golfgrandest.org\/wp-content\/uploads\/2018\/10\/IMG_3953-400x300.jpg 400w, https:\/\/ligue-golfgrandest.org\/wp-content\/uploads\/2018\/10\/IMG_3953-768x576.jpg 768w, https:\/\/ligue-golfgrandest.org\/wp-content\/uploads\/2018\/10\/IMG_3953-1024x768.jpg 1024w\" sizes=\"auto, (max-width: 2560px) 100vw, 2560px\" \/><\/a><\/figure>\n\n\n\n<figure class=\"wp-block-image size-full\"><a href=\"https:\/\/ligue-golfgrandest.org\/wp-content\/uploads\/2017\/03\/15-Sarrebourg-3.jpg\"><img loading=\"lazy\" decoding=\"async\" width=\"800\" height=\"600\" data-id=\"1843\" src=\"https:\/\/ligue-golfgrandest.org\/wp-content\/uploads\/2017\/03\/15-Sarrebourg-3.jpg\" alt=\"\" class=\"wp-image-1843\" srcset=\"https:\/\/ligue-golfgrandest.org\/wp-content\/uploads\/2017\/03\/15-Sarrebourg-3.jpg 800w, https:\/\/ligue-golfgrandest.org\/wp-content\/uploads\/2017\/03\/15-Sarrebourg-3-350x263.jpg 350w, https:\/\/ligue-golfgrandest.org\/wp-content\/uploads\/2017\/03\/15-Sarrebourg-3-768x576.jpg 768w\" sizes=\"auto, (max-width: 800px) 100vw, 800px\" \/><\/a><\/figure>\n\n\n\n<figure class=\"wp-block-image size-full\"><a href=\"https:\/\/ligue-golfgrandest.org\/wp-content\/uploads\/2017\/03\/15-Sarrebourg-2.jpg\"><img loading=\"lazy\" decoding=\"async\" width=\"800\" height=\"600\" data-id=\"1842\" src=\"https:\/\/ligue-golfgrandest.org\/wp-content\/uploads\/2017\/03\/15-Sarrebourg-2.jpg\" alt=\"\" class=\"wp-image-1842\" srcset=\"https:\/\/ligue-golfgrandest.org\/wp-content\/uploads\/2017\/03\/15-Sarrebourg-2.jpg 800w, https:\/\/ligue-golfgrandest.org\/wp-content\/uploads\/2017\/03\/15-Sarrebourg-2-350x263.jpg 350w, https:\/\/ligue-golfgrandest.org\/wp-content\/uploads\/2017\/03\/15-Sarrebourg-2-768x576.jpg 768w\" sizes=\"auto, (max-width: 800px) 100vw, 800px\" \/><\/a><\/figure>\n\n\n\n<figure class=\"wp-block-image size-full\"><a href=\"https:\/\/ligue-golfgrandest.org\/wp-content\/uploads\/2017\/03\/15-Sarrebourg-1.jpg\"><img loading=\"lazy\" decoding=\"async\" width=\"800\" height=\"600\" data-id=\"1841\" src=\"https:\/\/ligue-golfgrandest.org\/wp-content\/uploads\/2017\/03\/15-Sarrebourg-1.jpg\" alt=\"\" class=\"wp-image-1841\" srcset=\"https:\/\/ligue-golfgrandest.org\/wp-content\/uploads\/2017\/03\/15-Sarrebourg-1.jpg 800w, https:\/\/ligue-golfgrandest.org\/wp-content\/uploads\/2017\/03\/15-Sarrebourg-1-350x263.jpg 350w, https:\/\/ligue-golfgrandest.org\/wp-content\/uploads\/2017\/03\/15-Sarrebourg-1-768x576.jpg 768w\" sizes=\"auto, (max-width: 800px) 100vw, 800px\" \/><\/a><\/figure>\n<\/figure>\n\n\n\n<iframe src=\"https:\/\/www.google.com\/maps\/embed?pb=!1m18!1m12!1m3!1d67801.31673463903!2d6.996151121234482!3d48.739156660476645!2m3!1f0!2f0!3f0!3m2!1i1024!2i768!4f13.1!3m3!1m2!1s0x4794138d5aacc6b1%3A0xfde1a3befad04e8c!2sGolf%20du%20Pays%20de%20Sarrebourg!5e0!3m2!1sfr!2sfr!4v1642674026215!5m2!1sfr!2sfr\" width=\"100%\" height=\"450\" style=\"border:0;\" allowfullscreen=\"\" loading=\"lazy\"><\/iframe>\n","protected":false},"excerpt":{"rendered":"<p>Asso. Sportive Ferme du Winkelhof57400 SARREBOURGPr\u00e9sident AS : Patrick GROS direction@golf-sarrebourg.fr D\u00e9parts comp\u00e9titionsR\u00e9sultats comp\u00e9titions Le Club 1 parcours 18 Trous1 parcours compact1 practice1 restaurantDirecteur : bureau@golf-sarrebourg.frinfo@golf-sarrebourg.frwww.golf-sarrebourg.frFacebook : Golf Du Pays De Sarrebourg03 87 23 01 02<\/p>\n","protected":false},"author":3,"featured_media":0,"parent":137,"menu_order":15,"comment_status":"closed","ping_status":"closed","template":"page-templates\/page-full-width.php","meta":{"footnotes":""},"class_list":["post-1838","page","type-page","status-publish","hentry"],"_links":{"self":[{"href":"https:\/\/ligue-golfgrandest.org\/index.php\/wp-json\/wp\/v2\/pages\/1838","targetHints":{"allow":["GET"]}}],"collection":[{"href":"https:\/\/ligue-golfgrandest.org\/index.php\/wp-json\/wp\/v2\/pages"}],"about":[{"href":"https:\/\/ligue-golfgrandest.org\/index.php\/wp-json\/wp\/v2\/types\/page"}],"author":[{"embeddable":true,"href":"https:\/\/ligue-golfgrandest.org\/index.php\/wp-json\/wp\/v2\/users\/3"}],"replies":[{"embeddable":true,"href":"https:\/\/ligue-golfgrandest.org\/index.php\/wp-json\/wp\/v2\/comments?post=1838"}],"version-history":[{"count":2,"href":"https:\/\/ligue-golfgrandest.org\/index.php\/wp-json\/wp\/v2\/pages\/1838\/revisions"}],"predecessor-version":[{"id":62465,"href":"https:\/\/ligue-golfgrandest.org\/index.php\/wp-json\/wp\/v2\/pages\/1838\/revisions\/62465"}],"up":[{"embeddable":true,"href":"https:\/\/ligue-golfgrandest.org\/index.php\/wp-json\/wp\/v2\/pages\/137"}],"wp:attachment":[{"href":"https:\/\/ligue-golfgrandest.org\/index.php\/wp-json\/wp\/v2\/media?parent=1838"}],"curies":[{"name":"wp","href":"https:\/\/api.w.org\/{rel}","templated":true}]}}